{"id":50040,"date":"2024-03-25T13:23:13","date_gmt":"2024-03-25T05:23:13","guid":{"rendered":"https:\/\/gretasexylingerie.com\/?post_type=product&#038;p=50040"},"modified":"2024-03-25T22:57:10","modified_gmt":"2024-03-25T14:57:10","slug":"tukkunahkainen-bondage-kaulus-nannilla","status":"publish","type":"product","link":"https:\/\/gretasexylingerie.com\/fi\/products\/wholesale-leather-bondage-collar-with-nipple-clips\/","title":{"rendered":"Tukkunahkainen Bondage-kaulus n\u00e4nnipidikkeill\u00e4"},"content":{"rendered":"<p><strong>Yksiosainen muotoilu<\/strong>: T\u00e4m\u00e4 SM-kaulus ja n\u00e4nnipidikesarja tarjoaa saumattoman yksiosaisen muotoilun, joka varmistaa yhten\u00e4isen ja tehokkaan esteettisen ilmeen. Kauluksen integrointi n\u00e4nnipidikkeisiin metalliketjun kautta tarjoaa katkeamattoman hallinnan ja tuntemuksen, joten se on t\u00e4ydellinen valinta niille, jotka syleilev\u00e4t <strong>naisten alistuva kaulus<\/strong> rooli.<\/p>\n\n\n\n<p><strong>PU-materiaalista kaulus<\/strong>: Valmistettu korkealaatuisesta PU-materiaalista, kaulus tarjoaa ylellisen nahan ulkon\u00e4\u00f6n ja tuntuman samalla kun se on kest\u00e4v\u00e4 ja mukava pidemp\u00e4\u00e4nkin k\u00e4ytt\u00f6\u00f6n. Sen 14,5 cm:n halkaisija varmistaa tiukan istuvuuden useimmille, joten se on sek\u00e4 k\u00e4yt\u00e4nn\u00f6llinen ett\u00e4 tyylik\u00e4s BDSM-pelin lis\u00e4varuste.<\/p>\n\n\n\n<p><strong>Metallinen ketjun n\u00e4nnipidike<\/strong>: 37 cm pitk\u00e4 metalliketju yhdistet\u00e4\u00e4n n\u00e4nnipidikkeisiin tarjoten s\u00e4\u00e4dett\u00e4v\u00e4n paineen monenlaisiin tuntemuksiin. T\u00e4m\u00e4 ominaisuus palvelee harrastajia <strong>pyykkipoika n\u00e4nni<\/strong> leikki\u00e4, mik\u00e4 tarjoaa sek\u00e4 visuaalista vetovoimaa ett\u00e4 toiminnallista monipuolisuutta.<\/p>\n\n\n\n<p><strong>El\u00e4v\u00e4t v\u00e4rivaihtoehdot<\/strong>: Mustan, punaisen ja vaaleanpunaisen vaihtoehdon ansiosta t\u00e4m\u00e4 kaulus- ja n\u00e4nnipidikesarja sopii henkil\u00f6kohtaisiin mieltymyksiin tai pelitilanteisiin, mik\u00e4 mahdollistaa BDSM-kokemuksen mukauttamisen.<\/p>\n\n\n\n<p><strong>T\u00e4ydellinen BDSM-kokoelmiin<\/strong>: Ihanteellinen lis\u00e4m\u00e4\u00e4n reunaa mihin tahansa BDSM-kokoelmaan, t\u00e4m\u00e4 setti vetoaa sek\u00e4 aloittelijoihin ett\u00e4 kokeneisiin harjoittajiin. Sen ainutlaatuinen muotoilu ja toiminnallinen monipuolisuus tekev\u00e4t siit\u00e4 erottuvan lis\u00e4yksen, joka tarjoaa k\u00e4ytt\u00e4jille sekoituksen tyyli\u00e4, hallintaa ja aistien tutkimista.<\/p>\n\n\n\n<p>Nosta BDSM-varusteitasi nahkaisella bondage-kaulus- ja n\u00e4nnipidikesarjallamme. Sen ainutlaatuinen yksiosainen muotoilu, laadukkaat materiaalit ja toiminnalliset ominaisuudet tekev\u00e4t siit\u00e4 v\u00e4ltt\u00e4m\u00e4tt\u00f6m\u00e4n jokaiselle, joka haluaa parantaa alistuvaa tai hallitsevaa leikki\u00e4\u00e4n. Tilaa nyt ja tarjoa asiakkaillesi lis\u00e4varuste, jossa intensiivinen nautinto yhdistyy silmiinpist\u00e4v\u00e4\u00e4n estetiikkaan!<\/p>","protected":false},"excerpt":{"rendered":"<p>Esittelyss\u00e4 meid\u00e4n <strong>nahkainen bondage kaulus<\/strong> integroiduilla metalliketjun n\u00e4nnill\u00e4, rohkea yksiosainen muotoilu takaa \u00e4\u00e4rimm\u00e4isen alistuvan kokemuksen. Saatavana mustana, punaisena ja pinkkin\u00e4, se yhdist\u00e4\u00e4 tyylin intensiiviseen nautintoon.<\/p>","protected":false},"featured_media":50027,"template":"","meta":[],"product_brand":[],"product_cat":[1059,1066,1062],"product_tag":[],"class_list":{"0":"post-50040","1":"product","2":"type-product","3":"status-publish","4":"has-post-thumbnail","6":"product_cat-wholesale-bondage-equipment","7":"product_cat-handcuffs-bondage-collars-ankle-strap","8":"product_cat-wholesale-labia-nipple-clamps","9":"pa_color-black","10":"pa_color-pink-women-sexy-lingerie","11":"pa_color-red-women-sexy-lingerie","12":"pa_size-free","14":"first","15":"instock","16":"taxable","17":"shipping-taxable","18":"purchasable","19":"product-type-variable"},"tiered_pricing_type":"fixed","tiered_pricing_fixed_rules":[],"tiered_pricing_product_settings":{"layout":"table","base_unit_name":{"singular":null,"plural":null},"default_variation":null},"tiered_pricing_minimum_quantity":null,"tiered_pricing_roles_data":[],"tiered_pricing_percentage_rules":[],"tiered_pricing_maximum_quantity":null,"tiered_pricing_quantity_step":null,"_links":{"self":[{"href":"https:\/\/gretasexylingerie.com\/fi\/wp-json\/wp\/v2\/product\/50040","targetHints":{"allow":["GET"]}}],"collection":[{"href":"https:\/\/gretasexylingerie.com\/fi\/wp-json\/wp\/v2\/product"}],"about":[{"href":"https:\/\/gretasexylingerie.com\/fi\/wp-json\/wp\/v2\/types\/product"}],"wp:featuredmedia":[{"embeddable":true,"href":"https:\/\/gretasexylingerie.com\/fi\/wp-json\/wp\/v2\/media\/50027"}],"wp:attachment":[{"href":"https:\/\/gretasexylingerie.com\/fi\/wp-json\/wp\/v2\/media?parent=50040"}],"wp:term":[{"taxonomy":"product_brand","embeddable":true,"href":"https:\/\/gretasexylingerie.com\/fi\/wp-json\/wp\/v2\/product_brand?post=50040"},{"taxonomy":"product_cat","embeddable":true,"href":"https:\/\/gretasexylingerie.com\/fi\/wp-json\/wp\/v2\/product_cat?post=50040"},{"taxonomy":"product_tag","embeddable":true,"href":"https:\/\/gretasexylingerie.com\/fi\/wp-json\/wp\/v2\/product_tag?post=50040"}],"curies":[{"name":"wp","href":"https:\/\/api.w.org\/{rel}","templated":true}]}}