{"id":50008,"date":"2024-03-25T13:21:18","date_gmt":"2024-03-25T05:21:18","guid":{"rendered":"https:\/\/gretasexylingerie.com\/?post_type=product&#038;p=50008"},"modified":"2024-03-25T22:42:51","modified_gmt":"2024-03-25T14:42:51","slug":"tukku-silikoni-avoin-suu-gag-luu","status":"publish","type":"product","link":"https:\/\/gretasexylingerie.com\/fi\/products\/wholesale-silicone-open-mouth-gag-bone\/","title":{"rendered":"Tukku silikoni Open Mouth Gag Bone useissa v\u00e4reiss\u00e4"},"content":{"rendered":"<p><strong>Luun muodon suunnittelu<\/strong>: T\u00e4m\u00e4 erottuva luun muotoinen suuhuuhtelu lis\u00e4\u00e4 hassua mutta rohkeaa silausta SM-peliin. Sen ainutlaatuinen muotoilu ei vain erotu joukosta, vaan tarjoaa my\u00f6s mukavan istuvuuden, mik\u00e4 tekee siit\u00e4 halutun kohteen niille, jotka tutkivat. <strong>bondage gag<\/strong> vaihtoehtoja.<\/p>\n\n\n\n<p><strong>Silikoni Materiaali<\/strong>: Valmistettu korkealaatuisesta silikonista, t\u00e4m\u00e4 suuaukko varmistaa turvallisuuden ja mukavuuden k\u00e4yt\u00f6n aikana. Materiaali on pehme\u00e4\u00e4, myrkyt\u00f6nt\u00e4 ja helposti puhdistettavaa, mik\u00e4 houkuttelee k\u00e4ytt\u00e4ji\u00e4, jotka asettavat hygienian ja materiaalin laadun etusijalle <strong>pallo gag luu<\/strong> valinnat.<\/p>\n\n\n\n<p><strong>El\u00e4v\u00e4t v\u00e4rivaihtoehdot<\/strong>: Valittavana on musta, punainen, vaaleanpunainen ja valkoinen, joten t\u00e4m\u00e4 suuaukko sopii useisiin mieltymyksiin ja tyyleihin. Jokainen v\u00e4ri lis\u00e4\u00e4 gagiin oman luonteensa klassisesta ja tyylikk\u00e4\u00e4st\u00e4 leikkis\u00e4\u00e4n ja rohkeaan.<\/p>\n\n\n\n<p><strong>Optimaalinen koko<\/strong>: Noin 12 cm:n luun pituus ja noin 63 cm:n kokonaispituus tekev\u00e4t t\u00e4st\u00e4 suuttimesta sopivan monenlaisille k\u00e4ytt\u00e4jille. Sen koko varmistaa mukavan mutta turvallisen istuvuuden, mik\u00e4 parantaa yleist\u00e4 kokemusta.<\/p>\n\n\n\n<p><strong>T\u00e4ydellinen monipuoliseen pelaamiseen<\/strong>: Ihanteellinen sek\u00e4 aloittelijoille ett\u00e4 kokeneille k\u00e4ytt\u00e4jille, t\u00e4m\u00e4 silikoninen suuhuuhtelulaite on monipuolinen kappale, joka sopii erilaisiin skenaarioihin kevyest\u00e4 hauskasta intensiivisemp\u00e4\u00e4n bondage-leikkiin.<\/p>\n\n\n\n<p>Lis\u00e4\u00e4 ainutlaatuinen ja leikkis\u00e4 kosketus SM-tarvikkeihisi silikonisella avoimella suullamme. Sen mukavuuden, laadun ja erottuvan muotoilun yhdistelm\u00e4 tekee siit\u00e4 v\u00e4ltt\u00e4m\u00e4tt\u00f6m\u00e4n niille, jotka haluavat parantaa orjuuden kokemuksiaan. Tilaa nyt ja tarjoa asiakkaillesi sekoitus tyyli\u00e4, turvallisuutta ja j\u00e4nnityst\u00e4!<\/p>","protected":false},"excerpt":{"rendered":"<p>Tuo leikkis\u00e4 mutta rohkea elementti kokoelmaasi meid\u00e4n avulla <strong>silikoni suuaukko<\/strong>, suunniteltu ainutlaatuiseen luun muotoon. Saatavana mustana, punaisena, vaaleanpunaisena ja valkoisena, se on monipuolinen lis\u00e4 kaikkiin bondage gear -mallistoon.<\/p>","protected":false},"featured_media":49998,"template":"","meta":[],"product_brand":[],"product_cat":[1059,1064],"product_tag":[],"class_list":{"0":"post-50008","1":"product","2":"type-product","3":"status-publish","4":"has-post-thumbnail","6":"product_cat-wholesale-bondage-equipment","7":"product_cat-wholesale-gag-gifts","8":"pa_color-black","9":"pa_color-pink-women-sexy-lingerie","10":"pa_color-red-women-sexy-lingerie","11":"pa_color-white","12":"pa_size-free","14":"first","15":"instock","16":"taxable","17":"shipping-taxable","18":"purchasable","19":"product-type-variable"},"tiered_pricing_type":"fixed","tiered_pricing_fixed_rules":[],"tiered_pricing_product_settings":{"layout":"table","base_unit_name":{"singular":null,"plural":null},"default_variation":null},"tiered_pricing_minimum_quantity":null,"tiered_pricing_roles_data":[],"tiered_pricing_percentage_rules":[],"tiered_pricing_maximum_quantity":null,"tiered_pricing_quantity_step":null,"_links":{"self":[{"href":"https:\/\/gretasexylingerie.com\/fi\/wp-json\/wp\/v2\/product\/50008","targetHints":{"allow":["GET"]}}],"collection":[{"href":"https:\/\/gretasexylingerie.com\/fi\/wp-json\/wp\/v2\/product"}],"about":[{"href":"https:\/\/gretasexylingerie.com\/fi\/wp-json\/wp\/v2\/types\/product"}],"wp:featuredmedia":[{"embeddable":true,"href":"https:\/\/gretasexylingerie.com\/fi\/wp-json\/wp\/v2\/media\/49998"}],"wp:attachment":[{"href":"https:\/\/gretasexylingerie.com\/fi\/wp-json\/wp\/v2\/media?parent=50008"}],"wp:term":[{"taxonomy":"product_brand","embeddable":true,"href":"https:\/\/gretasexylingerie.com\/fi\/wp-json\/wp\/v2\/product_brand?post=50008"},{"taxonomy":"product_cat","embeddable":true,"href":"https:\/\/gretasexylingerie.com\/fi\/wp-json\/wp\/v2\/product_cat?post=50008"},{"taxonomy":"product_tag","embeddable":true,"href":"https:\/\/gretasexylingerie.com\/fi\/wp-json\/wp\/v2\/product_tag?post=50008"}],"curies":[{"name":"wp","href":"https:\/\/api.w.org\/{rel}","templated":true}]}}