{"id":49742,"date":"2024-02-28T18:13:39","date_gmt":"2024-02-28T10:13:39","guid":{"rendered":"https:\/\/gretasexylingerie.com\/?post_type=product&#038;p=49742"},"modified":"2024-03-01T23:57:41","modified_gmt":"2024-03-01T15:57:41","slug":"tukku-nahka-bondage-mekko","status":"publish","type":"product","link":"https:\/\/gretasexylingerie.com\/fi\/products\/wholesale-leather-bondage-dress\/","title":{"rendered":"Tukkukaupan nahkainen Bondage-mekko persoonalliseen juhlaasuun"},"content":{"rendered":"<p><strong>Laadukas nahkak\u00e4sity\u00f6<\/strong>: T\u00e4m\u00e4 alusvaatesarja on valmistettu ensiluokkaisesta nahasta, ja se tarjoaa sek\u00e4 kest\u00e4vyytt\u00e4 ett\u00e4 ylellist\u00e4 tuntumaa. Materiaalin laatu varmistaa, ett\u00e4 jokainen kappale ei vain n\u00e4yt\u00e4 upealta, vaan my\u00f6s kest\u00e4\u00e4 intohimoisimpien kohtaamistesi intensiivisyyden.<\/p>\n\n\n\n<p><strong>Hapsuinen hamesuunnittelu<\/strong>: Hapsuinen hame lis\u00e4\u00e4 kokonaisuuteen dynaamisen ja kosketeltavan elementin, joka liikkuu kanssasi luoden katseenvangitsijan. T\u00e4m\u00e4 yksityiskohta on t\u00e4ydellinen niille, jotka haluavat lis\u00e4t\u00e4 ripauksen draamaa ja aistillisuutta <strong>nahkaiset dominatrix-asut<\/strong>.<\/p>\n\n\n\n<p><strong>Love Bondage Bra<\/strong>: T\u00e4m\u00e4n setin keskipiste, love bondage -rintaliivit, kiteytt\u00e4\u00e4 hallinnan ja halun olemuksen. Sen muotoilu on sek\u00e4 provosoiva ett\u00e4 voimaannuttava, joten se on keskeinen osa kaikille, jotka haluavat her\u00e4tt\u00e4\u00e4 huomiota <strong>mutkikas juhlaasu<\/strong>.<\/p>\n\n\n\n<p><strong>El\u00e4vi\u00e4 v\u00e4rivaihtoehtoja<\/strong>: Valitse joko mustan klassinen vieh\u00e4tys tai punaisen tulinen intohimo. Jokainen v\u00e4ri luo erilaisen tunnelman ja mahdollistaa henkil\u00f6kohtaisen ilmaisun dominatrix- tai bondage-asussasi.<\/p>\n\n\n\n<p><strong>T\u00e4ydellinen teematapahtumiin<\/strong>: Olipa kyseess\u00e4 yksityistilaisuus tai julkinen kinkyjuhla, t\u00e4m\u00e4 nahkainen bondage-mekko varmistaa, ett\u00e4 olet huomion keskipisteess\u00e4. Se on suunniteltu niille, jotka uskaltavat erottua joukosta ja omaksua voimansa.<\/p>\n\n\n\n<p><strong>Monipuolinen ja s\u00e4\u00e4dett\u00e4v\u00e4<\/strong>: T\u00e4m\u00e4 sarja on suunniteltu sopimaan useille vartalotyypeille, ja se on yht\u00e4 monipuolinen kuin upea. S\u00e4\u00e4dett\u00e4v\u00e4t ominaisuudet takaavat mukavuuden uhraamatta kokonaisuutta m\u00e4\u00e4rittelev\u00e4\u00e4 rohkeaa estetiikkaa.<\/p>\n\n\n\n<p>Syleile hallitsevaa puoltasi nahkaisella bondage-alusasusetill\u00e4mme. Se on enemm\u00e4n kuin vain vaatteita; se on luottamuksen ja houkuttelevuuden panssari. Tilaa nyt ja anna lausunto seuraavassa tapahtumassasi unohtumattomalla asulla<\/p>","protected":false},"excerpt":{"rendered":"<p>Astu valtaan kanssamme <strong>nahkainen bondage mekko<\/strong>, jossa on hapsuinen hame ja love bondage -rintaliivit. Saatavana lihavoituna mustana ja intohimoisena punaisena, t\u00e4m\u00e4 setti on t\u00e4ydellinen ilmaisu mihin tahansa dominatrix-yhtyeeseen.<\/p>","protected":false},"featured_media":49739,"template":"","meta":[],"product_brand":[],"product_cat":[1059,1060],"product_tag":[],"class_list":{"0":"post-49742","1":"product","2":"type-product","3":"status-publish","4":"has-post-thumbnail","6":"product_cat-wholesale-bondage-equipment","7":"product_cat-wholesale-bondage-lingerie","8":"pa_color-black","9":"pa_color-red-women-sexy-lingerie","11":"first","12":"instock","13":"taxable","14":"shipping-taxable","15":"purchasable","16":"product-type-variable"},"tiered_pricing_type":"fixed","tiered_pricing_fixed_rules":[],"tiered_pricing_product_settings":{"layout":"table","base_unit_name":{"singular":null,"plural":null},"default_variation":null},"tiered_pricing_minimum_quantity":null,"tiered_pricing_roles_data":[],"tiered_pricing_percentage_rules":[],"tiered_pricing_maximum_quantity":null,"tiered_pricing_quantity_step":null,"_links":{"self":[{"href":"https:\/\/gretasexylingerie.com\/fi\/wp-json\/wp\/v2\/product\/49742","targetHints":{"allow":["GET"]}}],"collection":[{"href":"https:\/\/gretasexylingerie.com\/fi\/wp-json\/wp\/v2\/product"}],"about":[{"href":"https:\/\/gretasexylingerie.com\/fi\/wp-json\/wp\/v2\/types\/product"}],"wp:featuredmedia":[{"embeddable":true,"href":"https:\/\/gretasexylingerie.com\/fi\/wp-json\/wp\/v2\/media\/49739"}],"wp:attachment":[{"href":"https:\/\/gretasexylingerie.com\/fi\/wp-json\/wp\/v2\/media?parent=49742"}],"wp:term":[{"taxonomy":"product_brand","embeddable":true,"href":"https:\/\/gretasexylingerie.com\/fi\/wp-json\/wp\/v2\/product_brand?post=49742"},{"taxonomy":"product_cat","embeddable":true,"href":"https:\/\/gretasexylingerie.com\/fi\/wp-json\/wp\/v2\/product_cat?post=49742"},{"taxonomy":"product_tag","embeddable":true,"href":"https:\/\/gretasexylingerie.com\/fi\/wp-json\/wp\/v2\/product_tag?post=49742"}],"curies":[{"name":"wp","href":"https:\/\/api.w.org\/{rel}","templated":true}]}}