{"id":49734,"date":"2024-02-28T18:13:13","date_gmt":"2024-02-28T10:13:13","guid":{"rendered":"https:\/\/gretasexylingerie.com\/?post_type=product&#038;p=49734"},"modified":"2024-03-01T23:50:39","modified_gmt":"2024-03-01T15:50:39","slug":"tukku-bondage-rintaliivit-sarja","status":"publish","type":"product","link":"https:\/\/gretasexylingerie.com\/fi\/products\/wholesale-bondage-bra-harness-set\/","title":{"rendered":"Tukkumyynti Bondage-rintaliivit, joissa on h\u00e4m\u00e4h\u00e4kinverkkoleikkauksia"},"content":{"rendered":"<p><strong>Edhyt h\u00e4m\u00e4h\u00e4kkiverkkoleikkaukset<\/strong>: T\u00e4m\u00e4 nahkainen bondage-alusasusetti vie vieh\u00e4tyksen uudelle tasolle h\u00e4m\u00e4h\u00e4kinverkkoleikkauksillaan ja tarjoaa visuaalisesti upean muotoilun, joka on sek\u00e4 provosoiva ett\u00e4 taiteellinen. T\u00e4ydellinen etsiville <strong>orjuuden inspiroimia vaatteita<\/strong> joka antaa lausunnon.<\/p>\n\n\n\n<p><strong>Provokatiivinen haaramuotoilu<\/strong>: Suunniteltu niille, jotka uskaltavat tutkia, rohkea haararakenne lis\u00e4\u00e4 yll\u00e4tyksen ja j\u00e4nnityksen elementin, mik\u00e4 tekee siit\u00e4 erottuvan kappaleen miss\u00e4 tahansa <strong>halpa bondage kuluminen<\/strong> kokoelma. Se on suunniteltu kiehtomaan ja kiehtomaan, ylitt\u00e4en perinteisten alusvaatteiden rajoja.<\/p>\n\n\n\n<p><strong>Ylellist\u00e4 nahkak\u00e4sity\u00f6t\u00e4<\/strong>: Valmistettu korkealaatuisesta nahasta, t\u00e4m\u00e4 setti yhdist\u00e4\u00e4 bondage-estetiikan j\u00e4nnityksen hienojen materiaalien ylellisyyteen. Nahan rakenne ja kest\u00e4vyys varmistavat, ett\u00e4 t\u00e4m\u00e4 setti ei ole vain visuaalisesti houkutteleva, vaan my\u00f6s miellytt\u00e4v\u00e4 k\u00e4ytt\u00e4\u00e4.<\/p>\n\n\n\n<p><strong>El\u00e4vi\u00e4 v\u00e4rivaihtoehtoja<\/strong>: Saatavana sek\u00e4 klassisena mustana ett\u00e4 rohkeana punaisena, t\u00e4m\u00e4 sarja mahdollistaa henkil\u00f6kohtaisen ilmaisun ja monipuolisuuden. Vetoipa sinua mustan ajaton eleganssi tai punaisen intohimoinen vieh\u00e4tys, t\u00e4m\u00e4 setti sopii jokaiseen tunnelmaan ja fantasiaan.<\/p>\n\n\n\n<p><strong>Esteet\u00f6n Bondage-muoti<\/strong>: T\u00e4m\u00e4 alusasusetti juhlistaa bondage-muotia, joten se on saatavilla ja edullinen. Se on t\u00e4ydellinen niille, jotka haluavat kokeilla tyyli\u00e4\u00e4n tai lis\u00e4t\u00e4 rohkean reunan alusvaatemallistoonsa rikkomatta pankkia.<\/p>\n\n\n\n<p>Sukella bondage-muodin maailmaan nahkaisen bondage-alusasusettimme avulla. Sen ainutlaatuinen muotoilu ja edullinen ylellisyys tekev\u00e4t siit\u00e4 v\u00e4ltt\u00e4m\u00e4tt\u00f6m\u00e4n jokaiselle, joka haluaa tutkia rajojaan itsevarmasti ja tyylill\u00e4. Tilaa nyt ja tuo kokoelmaasi j\u00e4nnityst\u00e4 ja vieh\u00e4tyst\u00e4!<\/p>","protected":false},"excerpt":{"rendered":"<p>P\u00e4\u00e4st\u00e4 rohkeat toiveet valloilleen kanssamme <strong>bondage-rintaliivit<\/strong> setti, jossa on rohkeat h\u00e4m\u00e4h\u00e4kinverkkoleikkaukset ja provosoiva haarojen muotoilu silmiinpist\u00e4v\u00e4n mustana ja punaisena.<\/p>","protected":false},"featured_media":49730,"template":"","meta":[],"product_brand":[],"product_cat":[1059,1060],"product_tag":[],"class_list":{"0":"post-49734","1":"product","2":"type-product","3":"status-publish","4":"has-post-thumbnail","6":"product_cat-wholesale-bondage-equipment","7":"product_cat-wholesale-bondage-lingerie","8":"pa_color-black","9":"pa_color-red-women-sexy-lingerie","11":"first","12":"instock","13":"taxable","14":"shipping-taxable","15":"purchasable","16":"product-type-variable"},"tiered_pricing_type":"fixed","tiered_pricing_fixed_rules":[],"tiered_pricing_product_settings":{"layout":"table","base_unit_name":{"singular":null,"plural":null},"default_variation":null},"tiered_pricing_minimum_quantity":null,"tiered_pricing_roles_data":[],"tiered_pricing_percentage_rules":[],"tiered_pricing_maximum_quantity":null,"tiered_pricing_quantity_step":null,"_links":{"self":[{"href":"https:\/\/gretasexylingerie.com\/fi\/wp-json\/wp\/v2\/product\/49734","targetHints":{"allow":["GET"]}}],"collection":[{"href":"https:\/\/gretasexylingerie.com\/fi\/wp-json\/wp\/v2\/product"}],"about":[{"href":"https:\/\/gretasexylingerie.com\/fi\/wp-json\/wp\/v2\/types\/product"}],"wp:featuredmedia":[{"embeddable":true,"href":"https:\/\/gretasexylingerie.com\/fi\/wp-json\/wp\/v2\/media\/49730"}],"wp:attachment":[{"href":"https:\/\/gretasexylingerie.com\/fi\/wp-json\/wp\/v2\/media?parent=49734"}],"wp:term":[{"taxonomy":"product_brand","embeddable":true,"href":"https:\/\/gretasexylingerie.com\/fi\/wp-json\/wp\/v2\/product_brand?post=49734"},{"taxonomy":"product_cat","embeddable":true,"href":"https:\/\/gretasexylingerie.com\/fi\/wp-json\/wp\/v2\/product_cat?post=49734"},{"taxonomy":"product_tag","embeddable":true,"href":"https:\/\/gretasexylingerie.com\/fi\/wp-json\/wp\/v2\/product_tag?post=49734"}],"curies":[{"name":"wp","href":"https:\/\/api.w.org\/{rel}","templated":true}]}}