{"id":49726,"date":"2024-02-28T18:12:42","date_gmt":"2024-02-28T10:12:42","guid":{"rendered":"https:\/\/gretasexylingerie.com\/?post_type=product&#038;p=49726"},"modified":"2024-03-01T23:43:38","modified_gmt":"2024-03-01T15:43:38","slug":"tukku-kinky-juhlavaatteet-nahka-bondage-alusvaatteet","status":"publish","type":"product","link":"https:\/\/gretasexylingerie.com\/fi\/products\/wholesale-kinky-party-wear-leather-bondage-lingerie\/","title":{"rendered":"Tukkumyynti Kinky Party Wear Leather Bondage Alusvaatteet"},"content":{"rendered":"<p><strong>Ylellinen palatsityyli<\/strong>: T\u00e4m\u00e4 nahkainen bondage-alusasu on saanut inspiraationsa palatsin estetiikan loistosta, ja se yhdist\u00e4\u00e4 mysteerin vieh\u00e4tyksen modernin kinkin rohkeuteen. Sen monimutkainen muotoilu ja ylellinen tuntu tekev\u00e4t siit\u00e4 erottuvan kappaleen mihin tahansa <strong>mutkikkaat juhlavaatteet<\/strong> kokoelma.<\/p>\n\n\n\n<p><strong>Metallinen vetoketjullinen rintakeh\u00e4 ja haara<\/strong>: Provokoivasti rinnassa ja haarassa sijoitetut metallivetoketjut tarjoavat paitsi \u00e4rtyis\u00e4n ulkon\u00e4\u00f6n my\u00f6s monipuolisuutta leikkiin. T\u00e4m\u00e4 ominaisuus kutsuu tutkimaan ja kokeilemaan, joten se on t\u00e4ydellinen valinta niille, jotka haluavat lis\u00e4t\u00e4 dynaamisen elementin <strong>muhkeat aikuisten asut<\/strong>.<\/p>\n\n\n\n<p><strong>Ensiluokkainen nahkarakenne<\/strong>: Valmistettu korkealaatuisesta nahasta, t\u00e4m\u00e4 asu lupaa kest\u00e4vyytt\u00e4 ja mukavuutta. Materiaalin rakenne ja kiilto kohottavat yleisilmett\u00e4 ja varmistavat, ett\u00e4 k\u00e4ytt\u00e4j\u00e4t eiv\u00e4t vain tuntevat olonsa voimaantuneeksi, vaan my\u00f6s ylellisesti hemmoteltuiksi.<\/p>\n\n\n\n<p><strong>Saatavana lihavoituina v\u00e4rein\u00e4<\/strong>: Valitse joko mustan klassinen vieh\u00e4tys tai punaisen intohimoinen eloisuus. Jokainen v\u00e4ri lis\u00e4\u00e4 asuun oman luonteensa, jolloin k\u00e4ytt\u00e4j\u00e4t voivat ilmaista tyyli\u00e4\u00e4n ja tunnelmaansa eri tavoilla.<\/p>\n\n\n\n<p><strong>T\u00e4ydellinen teematapahtumiin ja yksityistilaisuuksiin<\/strong>: Olipa kyseess\u00e4 teematapahtuma, yksityistilaisuus tai intiimi ilta, t\u00e4m\u00e4 nahkainen asukokonaisuus luo alustan eleganssin ja j\u00e4nnityksen y\u00f6lle. Se on suunniteltu niille, jotka kiinnitt\u00e4v\u00e4t huomiota ja arvostavat pukeutumisensa hienompia yksityiskohtia.<\/p>\n\n\n\n<p>Astu maailmaan, jossa ylellisyys kohtaa halun perverssill\u00e4 juhlavaatteillamme. Se on enemm\u00e4n kuin pelkk\u00e4 asu; se on ilmaus hienostuneisuudesta, voimasta ja aistillisuudesta. Tilaa nyt ja avaa ovi ennenn\u00e4kem\u00e4tt\u00f6m\u00e4n eleganssin ja j\u00e4nnitt\u00e4vien seikkailujen y\u00f6h\u00f6n!<\/p>","protected":false},"excerpt":{"rendered":"<p>Astu kanssamme runsauden valtakuntaan <strong>nahkainen alistuva asu<\/strong>, ylellisen palatsityylin mestariteos, jossa on rohkeat metallivetoketjut rinnassa ja haarassa, saatavana mustana ja punaisena.<\/p>","protected":false},"featured_media":49722,"template":"","meta":[],"product_brand":[],"product_cat":[1059,1060],"product_tag":[],"class_list":{"0":"post-49726","1":"product","2":"type-product","3":"status-publish","4":"has-post-thumbnail","6":"product_cat-wholesale-bondage-equipment","7":"product_cat-wholesale-bondage-lingerie","8":"pa_color-black","9":"pa_color-red-women-sexy-lingerie","11":"first","12":"instock","13":"taxable","14":"shipping-taxable","15":"purchasable","16":"product-type-variable"},"tiered_pricing_type":"fixed","tiered_pricing_fixed_rules":[],"tiered_pricing_product_settings":{"layout":"table","base_unit_name":{"singular":null,"plural":null},"default_variation":null},"tiered_pricing_minimum_quantity":null,"tiered_pricing_roles_data":[],"tiered_pricing_percentage_rules":[],"tiered_pricing_maximum_quantity":null,"tiered_pricing_quantity_step":null,"_links":{"self":[{"href":"https:\/\/gretasexylingerie.com\/fi\/wp-json\/wp\/v2\/product\/49726","targetHints":{"allow":["GET"]}}],"collection":[{"href":"https:\/\/gretasexylingerie.com\/fi\/wp-json\/wp\/v2\/product"}],"about":[{"href":"https:\/\/gretasexylingerie.com\/fi\/wp-json\/wp\/v2\/types\/product"}],"wp:featuredmedia":[{"embeddable":true,"href":"https:\/\/gretasexylingerie.com\/fi\/wp-json\/wp\/v2\/media\/49722"}],"wp:attachment":[{"href":"https:\/\/gretasexylingerie.com\/fi\/wp-json\/wp\/v2\/media?parent=49726"}],"wp:term":[{"taxonomy":"product_brand","embeddable":true,"href":"https:\/\/gretasexylingerie.com\/fi\/wp-json\/wp\/v2\/product_brand?post=49726"},{"taxonomy":"product_cat","embeddable":true,"href":"https:\/\/gretasexylingerie.com\/fi\/wp-json\/wp\/v2\/product_cat?post=49726"},{"taxonomy":"product_tag","embeddable":true,"href":"https:\/\/gretasexylingerie.com\/fi\/wp-json\/wp\/v2\/product_tag?post=49726"}],"curies":[{"name":"wp","href":"https:\/\/api.w.org\/{rel}","templated":true}]}}