{"id":49715,"date":"2024-02-28T18:11:58","date_gmt":"2024-02-28T10:11:58","guid":{"rendered":"https:\/\/gretasexylingerie.com\/?post_type=product&#038;p=49715"},"modified":"2024-03-01T23:35:16","modified_gmt":"2024-03-01T15:35:16","slug":"tukkumyynti-nahka-bondage-seksikas-asu","status":"publish","type":"product","link":"https:\/\/gretasexylingerie.com\/fi\/products\/wholesale-leather-bondage-sexy-outfit\/","title":{"rendered":"Tukkukaupan nahka Bondage seksik\u00e4s asu ketjutyyliin"},"content":{"rendered":"<p><strong>Rohkea ketjutyyli<\/strong>: T\u00e4m\u00e4 ainutlaatuinen nahkainen bondage-alusasu nostaa aistillisuuden uusiin korkeuksiin monimutkaisilla ketjuyksityiskohtillaan. T\u00e4ydellinen niille, jotka haluavat ilmaista tyyli\u00e4\u00e4n luottavaisesti, se ilment\u00e4\u00e4 sen olemusta <strong>seksikk\u00e4\u00e4t dominatrix-vaatteet<\/strong>, joka tarjoaa unohtumattoman visuaalisen vaikutelman.<\/p>\n\n\n\n<p><strong>Provokatiivinen haaramuotoilu<\/strong>: Seikkailua varten suunniteltu rohkea haarojen muotoilu houkuttelee juonittelua ja tutkimusta, mik\u00e4 tekee t\u00e4st\u00e4 asusta erottuvan valinnan kaikille, jotka haluavat lis\u00e4t\u00e4 intiimi\u00e4 vaatekaappiaan. Se on rohkea lausunto alalla <strong>perverssi\u00e4 seksikk\u00e4it\u00e4 vaatteita<\/strong>, suunniteltu kiusaamaan ja kiusoittelemaan.<\/p>\n\n\n\n<p><strong>Ylellist\u00e4 nahkak\u00e4sity\u00f6t\u00e4<\/strong>: Valmistettu korkealaatuisesta nahasta, t\u00e4m\u00e4 asu ei vain n\u00e4yt\u00e4 upealta, vaan tuntuu uskomattomalta ihoa vasten. Materiaalin kest\u00e4vyys ja mukavuus varmistavat, ett\u00e4 se ei ole vain visuaalisesti houkutteleva, vaan my\u00f6s k\u00e4yt\u00e4nn\u00f6llinen erilaisiin tilaisuuksiin.<\/p>\n\n\n\n<p><strong>El\u00e4vi\u00e4 v\u00e4rivaihtoehtoja<\/strong>: Saatavana sek\u00e4 klassisena mustana ett\u00e4 tulipunaisena, t\u00e4m\u00e4n asun avulla voit valita tunnelmaasi ja ymp\u00e4rist\u00f6\u00f6n parhaiten sopivan s\u00e4vyn. Vetoipa sinua mustan ajaton eleganssi tai punaisen intohimoinen vieh\u00e4tys, t\u00e4m\u00e4 seksik\u00e4s asu vastaa toiveitasi.<\/p>\n\n\n\n<p><strong>Monipuolinen vetoomus<\/strong>: Ihanteellinen niille, jotka haluavat tutkia tyylins\u00e4 rajoja. T\u00e4m\u00e4 asu on t\u00e4ydellinen teemajuhliin, yksityisiin kohtaamisiin tai rohkeaksi muodin ilmaisuksi. Sen monipuolisuus tekee siit\u00e4 v\u00e4ltt\u00e4m\u00e4tt\u00f6m\u00e4n lis\u00e4yksen kaikkiin kokoelmaan, joka juhlii bondage-vaikutteisen muodin kauneutta.<\/p>\n\n\n\n<p>Astu maailmaan, jossa muoti kohtaa fantasia nahkaisten bondage-alusvaatteidemme avulla. Se on enemm\u00e4n kuin vain vaatteita; se on ilmoitus voimasta, itsevarmuudesta ja anteeksiantamattomasta aistillisuudesta. Tilaa nyt ja hy\u00f6dynn\u00e4 vieh\u00e4tysvoimasi asulla, joka on yht\u00e4 rohkea kuin sin\u00e4kin!<\/p>","protected":false},"excerpt":{"rendered":"<p>Vapauta vieh\u00e4tys meid\u00e4n kanssamme <strong>bondage seksik\u00e4s asu<\/strong>, rohkea nahkainen alusvaate, jossa on rohkea ketjutyyli ja provosoiva haarojen muotoilu, saatavana mustana ja punaisena.<\/p>","protected":false},"featured_media":49711,"template":"","meta":[],"product_brand":[],"product_cat":[1059,1060],"product_tag":[],"class_list":{"0":"post-49715","1":"product","2":"type-product","3":"status-publish","4":"has-post-thumbnail","6":"product_cat-wholesale-bondage-equipment","7":"product_cat-wholesale-bondage-lingerie","8":"pa_color-black","9":"pa_color-red-women-sexy-lingerie","11":"first","12":"instock","13":"taxable","14":"shipping-taxable","15":"purchasable","16":"product-type-variable"},"tiered_pricing_type":"fixed","tiered_pricing_fixed_rules":[],"tiered_pricing_product_settings":{"layout":"table","base_unit_name":{"singular":null,"plural":null},"default_variation":null},"tiered_pricing_minimum_quantity":null,"tiered_pricing_roles_data":[],"tiered_pricing_percentage_rules":[],"tiered_pricing_maximum_quantity":null,"tiered_pricing_quantity_step":null,"_links":{"self":[{"href":"https:\/\/gretasexylingerie.com\/fi\/wp-json\/wp\/v2\/product\/49715","targetHints":{"allow":["GET"]}}],"collection":[{"href":"https:\/\/gretasexylingerie.com\/fi\/wp-json\/wp\/v2\/product"}],"about":[{"href":"https:\/\/gretasexylingerie.com\/fi\/wp-json\/wp\/v2\/types\/product"}],"wp:featuredmedia":[{"embeddable":true,"href":"https:\/\/gretasexylingerie.com\/fi\/wp-json\/wp\/v2\/media\/49711"}],"wp:attachment":[{"href":"https:\/\/gretasexylingerie.com\/fi\/wp-json\/wp\/v2\/media?parent=49715"}],"wp:term":[{"taxonomy":"product_brand","embeddable":true,"href":"https:\/\/gretasexylingerie.com\/fi\/wp-json\/wp\/v2\/product_brand?post=49715"},{"taxonomy":"product_cat","embeddable":true,"href":"https:\/\/gretasexylingerie.com\/fi\/wp-json\/wp\/v2\/product_cat?post=49715"},{"taxonomy":"product_tag","embeddable":true,"href":"https:\/\/gretasexylingerie.com\/fi\/wp-json\/wp\/v2\/product_tag?post=49715"}],"curies":[{"name":"wp","href":"https:\/\/api.w.org\/{rel}","templated":true}]}}