{"id":49707,"date":"2024-02-28T18:11:28","date_gmt":"2024-02-28T10:11:28","guid":{"rendered":"https:\/\/gretasexylingerie.com\/?post_type=product&#038;p=49707"},"modified":"2024-03-01T23:26:34","modified_gmt":"2024-03-01T15:26:34","slug":"seksikkaiden-bondage-alusvaatteiden-tukkumyynti","status":"publish","type":"product","link":"https:\/\/gretasexylingerie.com\/fi\/products\/wholesale-sexy-bondage-underwear-set\/","title":{"rendered":"Tukkukaupan seksik\u00e4s Bondage-alusasusetti metallivetoketjulla"},"content":{"rendered":"<p><strong>Metalliset vetoketjun aukot<\/strong>: Lis\u00e4\u00e4 j\u00e4nnityst\u00e4 strategisesti sijoitetuilla metallivetoketjuilla rinnassa ja haarassa, mik\u00e4 tarjoaa sekoituksen vieh\u00e4tyst\u00e4 ja saavutettavuutta. T\u00e4m\u00e4 design-elementti ei vain lis\u00e4\u00e4 visuaalista reunaa, vaan kutsuu my\u00f6s leikkis\u00e4\u00e4n tutkimiseen, mik\u00e4 tekee siit\u00e4 erottuvan ominaisuuden <strong>bondage gear nahkaa<\/strong> kokoelmat.<\/p>\n\n\n\n<p><strong>S\u00e4\u00e4dett\u00e4v\u00e4 t\u00e4ydellinen istuvuus<\/strong>: Hyv\u00e4ksy mukavuus tyylist\u00e4 tinkim\u00e4tt\u00e4. S\u00e4\u00e4dett\u00e4v\u00e4 muotoilu varmistaa tiukan, imartelevan istuvuuden erilaisille vartalotyypeille, jolloin k\u00e4ytt\u00e4j\u00e4t voivat tuntea olonsa itsevarmaksi ja hallitsevaksi, mik\u00e4 on keskeinen n\u00e4k\u00f6kohta <strong>naisten dominatrix-vaatteet<\/strong>.<\/p>\n\n\n\n<p><strong>Valikoima rohkeita v\u00e4rej\u00e4<\/strong>: Saatavana klassisissa viettelyv\u00e4reiss\u00e4 musta ja punainen, t\u00e4m\u00e4 setti puhuu sanaakaan sanomatta. Vetoipa sinua sitten mustan salaper\u00e4inen vieh\u00e4tys tai punaisen intohimoinen eloisuus, t\u00e4m\u00e4 alusasusetti on suunniteltu vastaamaan mielialaasi ja toiveitasi.<\/p>\n\n\n\n<p><strong>Laadukas nahkarakenne<\/strong>: Valmistettu ensiluokkaisesta nahasta, t\u00e4m\u00e4 sarja on yht\u00e4 kest\u00e4v\u00e4 kuin ylellinen. Materiaalin rakenne ja laatu parantavat aistinvaraista kokemusta ja lupaavat visuaalisen nautinnon lis\u00e4ksi my\u00f6s tuntoel\u00e4myksen.<\/p>\n\n\n\n<p><strong>Monipuolinen k\u00e4ytt\u00f6<\/strong>: T\u00e4ydellinen erityisiin iltoihin tai rohkeaksi ilmeeksi iltapuvun alle. T\u00e4m\u00e4 alusasusetti ylitt\u00e4\u00e4 tavallisen. Se sopii monenlaisiin tilanteisiin, yksityisist\u00e4 kohtaamisista teemajuhliin, joten se on monipuolinen lis\u00e4ys kaikkiin seikkailunhaluisiin vaatekaappiin.<\/p>\n\n\n\n<p><strong>Voimaa joka ketjussa<\/strong>: T\u00e4m\u00e4 alusvaatesarja on muutakin kuin vain vaatteita; se on voimaannuttamisty\u00f6kalu. Suunniteltu modernille dominatrixille tai kaikille, jotka haluavat tutkia voimadynamiikkaa, se on voiman, itseluottamuksen ja aistillisuuden juhla.<\/p>\n\n\n\n<p>Astu maailmaan, jossa fantasia ja todellisuus h\u00e4m\u00e4rtyv\u00e4t seksikk\u00e4\u00e4ll\u00e4 bondage-alusvaatesarjallamme. Se tarjoaa sek\u00e4 esteettist\u00e4 vetovoimaa ett\u00e4 toiminnallista muotoilua, ja se on rohkea kutsu tutkia toiveitasi. Tilaa nyt ja hy\u00f6dynn\u00e4 viettelyn voima vertaansa vailla olevalla tyylill\u00e4 ja mukavuudella!<\/p>","protected":false},"excerpt":{"rendered":"<p>P\u00e4\u00e4st\u00e4 rohkeat toiveet valloilleen kanssamme <strong>seksikk\u00e4\u00e4t bondage-alusvaatteet<\/strong> setti, jossa on rohkeat metallivetoketjuaukot rinnassa ja haarassa. T\u00e4m\u00e4 s\u00e4\u00e4dett\u00e4v\u00e4 malli on saatavana mustana ja punaisena, ja se ilment\u00e4\u00e4 voiman ja viettelyn olemusta.<\/p>","protected":false},"featured_media":49704,"template":"","meta":[],"product_brand":[],"product_cat":[1059,1060],"product_tag":[],"class_list":{"0":"post-49707","1":"product","2":"type-product","3":"status-publish","4":"has-post-thumbnail","6":"product_cat-wholesale-bondage-equipment","7":"product_cat-wholesale-bondage-lingerie","8":"pa_color-black","9":"pa_color-red-women-sexy-lingerie","11":"first","12":"instock","13":"taxable","14":"shipping-taxable","15":"purchasable","16":"product-type-variable"},"tiered_pricing_type":"fixed","tiered_pricing_fixed_rules":[],"tiered_pricing_product_settings":{"layout":"table","base_unit_name":{"singular":null,"plural":null},"default_variation":null},"tiered_pricing_minimum_quantity":null,"tiered_pricing_roles_data":[],"tiered_pricing_percentage_rules":[],"tiered_pricing_maximum_quantity":null,"tiered_pricing_quantity_step":null,"_links":{"self":[{"href":"https:\/\/gretasexylingerie.com\/fi\/wp-json\/wp\/v2\/product\/49707","targetHints":{"allow":["GET"]}}],"collection":[{"href":"https:\/\/gretasexylingerie.com\/fi\/wp-json\/wp\/v2\/product"}],"about":[{"href":"https:\/\/gretasexylingerie.com\/fi\/wp-json\/wp\/v2\/types\/product"}],"wp:featuredmedia":[{"embeddable":true,"href":"https:\/\/gretasexylingerie.com\/fi\/wp-json\/wp\/v2\/media\/49704"}],"wp:attachment":[{"href":"https:\/\/gretasexylingerie.com\/fi\/wp-json\/wp\/v2\/media?parent=49707"}],"wp:term":[{"taxonomy":"product_brand","embeddable":true,"href":"https:\/\/gretasexylingerie.com\/fi\/wp-json\/wp\/v2\/product_brand?post=49707"},{"taxonomy":"product_cat","embeddable":true,"href":"https:\/\/gretasexylingerie.com\/fi\/wp-json\/wp\/v2\/product_cat?post=49707"},{"taxonomy":"product_tag","embeddable":true,"href":"https:\/\/gretasexylingerie.com\/fi\/wp-json\/wp\/v2\/product_tag?post=49707"}],"curies":[{"name":"wp","href":"https:\/\/api.w.org\/{rel}","templated":true}]}}