{"id":49690,"date":"2024-02-28T18:10:18","date_gmt":"2024-02-28T10:10:18","guid":{"rendered":"https:\/\/gretasexylingerie.com\/?post_type=product&#038;p=49690"},"modified":"2024-03-01T23:11:07","modified_gmt":"2024-03-01T15:11:07","slug":"tukku-ontto-pitsi-bondage-kit","status":"publish","type":"product","link":"https:\/\/gretasexylingerie.com\/fi\/products\/wholesale-hollow-lace-bondage-kit\/","title":{"rendered":"Tukkukauppa Hollow Lace Bondage Kit"},"content":{"rendered":"<p><strong>Hieno nahkainen pitsisuunnittelu<\/strong>: T\u00e4m\u00e4 setti erottuu ontolla pitsisuunnittelullaan, joka yhdist\u00e4\u00e4 pitsin herk\u00e4n ulkon\u00e4\u00f6n nahan kest\u00e4vyyteen. Se sopii t\u00e4ydellisesti niille, jotka etsiv\u00e4t hienostuneisuutta <strong>kodin orjuuden varusteet<\/strong>, joka tarjoaa sek\u00e4 esteettist\u00e4 vetovoimaa ett\u00e4 toimivuutta.<\/p>\n\n\n\n<p><strong>Kattava Restraint Ensemble<\/strong>: T\u00e4ss\u00e4 sarjassa on talutushihna, k\u00e4siraudat, nilkkahihansuut ja kaulukset, ja se tarjoaa kaiken, mit\u00e4 tarvitset t\u00e4ydelliseen orjuuteen. Olitpa sitten tutkimassa <strong>hogtie bondage kit<\/strong> skenaarioissa tai vain hillitsemisen taiteesta nauttimisessa, t\u00e4m\u00e4 setti palvelee monia mieltymyksi\u00e4.<\/p>\n\n\n\n<p><strong>Tehostettu n\u00f6yrill\u00e4 rajoituksilla<\/strong>: sis\u00e4llytt\u00e4minen <strong>n\u00f6yr\u00e4 nilkkatuilla<\/strong> lis\u00e4\u00e4 ainutlaatuisen ulottuvuuden bondage-leikkiin ja tarjoaa ylim\u00e4\u00e4r\u00e4isen hallinnan ja alistumisen. T\u00e4m\u00e4 ominaisuus on suunniteltu niille, jotka haluavat tutkia tehodynamiikan syvempi\u00e4 puolia turvallisessa ja yksimielisess\u00e4 ymp\u00e4rist\u00f6ss\u00e4.<\/p>\n\n\n\n<p><strong>Tyylik\u00e4s musta viimeistely<\/strong>: Klassinen musta v\u00e4ri ei vain lis\u00e4\u00e4 ripauksen eleganssia, vaan my\u00f6s varmistaa monipuolisuuden, mik\u00e4 tekee siit\u00e4 sopivan lis\u00e4yksen mihin tahansa bondage-varustekokoelmaan. Se on ihanteellinen sek\u00e4 aloittelijoille ett\u00e4 kokeneille harrastajille, jotka haluavat laajentaa ohjelmistoaan.<\/p>\n\n\n\n<p><strong>Kest\u00e4v\u00e4t ja mukavat materiaalit<\/strong>: Valmistettu korkealaatuisista materiaaleista, t\u00e4m\u00e4 setti tasapainottaa kest\u00e4vyyden ja mukavuuden. Nahkanauha on tarpeeksi pehme\u00e4 est\u00e4\u00e4kseen ep\u00e4mukavuuden pidempien istuntojen aikana, mutta silti riitt\u00e4v\u00e4n tukeva varmistaakseen luotettavan pid\u00e4tyksen.<\/p>\n\n\n\n<p><strong>T\u00e4ydellinen erilaisiin peliskenaarioihin<\/strong>: Olipa kyseess\u00e4 teemakuvaus, erikoistilaisuus tai tavallinen leikki, t\u00e4m\u00e4 ontto pitsibondagesarja on tarpeeksi monipuolinen sopimaan erilaisiin skenaarioihin ja lis\u00e4\u00e4 ripauksen eleganssia ja j\u00e4nnityst\u00e4 bondage-leikkiisi.<\/p>\n\n\n\n<p>Astu eleganssin ja pid\u00e4ttyv\u00e4isyyden maailmaan onttojen pitsien bondage-sarjamme avulla. Kyse ei ole vain orjuuden fyysisest\u00e4 puolesta; kyse on luottamuksen, l\u00e4heisyyden ja tutkimisen ilmapiirin luomisesta. Tilaa nyt ja kohota orjuuden kokemustasi kauneuden, hallinnan ja hienostuneisuuden yhdistelm\u00e4ll\u00e4.<\/p>","protected":false},"excerpt":{"rendered":"<p>Tutustu meid\u00e4n vieh\u00e4tysvoimaan <strong>ontot pitsit bondage laitteet<\/strong>, viettelev\u00e4 kokonaisuus nahkapitsi\u00e4, johon kuuluu hihna, k\u00e4siraudat, nilkkahihansuut ja kaulukset, kaikki tyylikk\u00e4\u00e4n mustana.<\/p>","protected":false},"featured_media":49684,"template":"","meta":[],"product_brand":[],"product_cat":[1059,1061],"product_tag":[],"class_list":{"0":"post-49690","1":"product","2":"type-product","3":"status-publish","4":"has-post-thumbnail","6":"product_cat-wholesale-bondage-equipment","7":"product_cat-wholesale-bondage-gear","8":"pa_color-black","10":"first","11":"instock","12":"taxable","13":"shipping-taxable","14":"purchasable","15":"product-type-variable"},"tiered_pricing_type":"fixed","tiered_pricing_fixed_rules":[],"tiered_pricing_product_settings":{"layout":"table","base_unit_name":{"singular":null,"plural":null},"default_variation":null},"tiered_pricing_minimum_quantity":null,"tiered_pricing_roles_data":[],"tiered_pricing_percentage_rules":[],"tiered_pricing_maximum_quantity":null,"tiered_pricing_quantity_step":null,"_links":{"self":[{"href":"https:\/\/gretasexylingerie.com\/fi\/wp-json\/wp\/v2\/product\/49690","targetHints":{"allow":["GET"]}}],"collection":[{"href":"https:\/\/gretasexylingerie.com\/fi\/wp-json\/wp\/v2\/product"}],"about":[{"href":"https:\/\/gretasexylingerie.com\/fi\/wp-json\/wp\/v2\/types\/product"}],"wp:featuredmedia":[{"embeddable":true,"href":"https:\/\/gretasexylingerie.com\/fi\/wp-json\/wp\/v2\/media\/49684"}],"wp:attachment":[{"href":"https:\/\/gretasexylingerie.com\/fi\/wp-json\/wp\/v2\/media?parent=49690"}],"wp:term":[{"taxonomy":"product_brand","embeddable":true,"href":"https:\/\/gretasexylingerie.com\/fi\/wp-json\/wp\/v2\/product_brand?post=49690"},{"taxonomy":"product_cat","embeddable":true,"href":"https:\/\/gretasexylingerie.com\/fi\/wp-json\/wp\/v2\/product_cat?post=49690"},{"taxonomy":"product_tag","embeddable":true,"href":"https:\/\/gretasexylingerie.com\/fi\/wp-json\/wp\/v2\/product_tag?post=49690"}],"curies":[{"name":"wp","href":"https:\/\/api.w.org\/{rel}","templated":true}]}}