{"id":49679,"date":"2024-02-28T18:09:33","date_gmt":"2024-02-28T10:09:33","guid":{"rendered":"https:\/\/gretasexylingerie.com\/?post_type=product&#038;p=49679"},"modified":"2024-03-01T23:03:29","modified_gmt":"2024-03-01T15:03:29","slug":"tukkumyynti-punainen-bondage-sarja-jousella","status":"publish","type":"product","link":"https:\/\/gretasexylingerie.com\/fi\/products\/wholesale-red-bondage-kit-with-bow\/","title":{"rendered":"Tukkumyynti Red Bondage Kit jousella"},"content":{"rendered":"<p><strong>Ylelliset jousen koristeet<\/strong>: Nosta bondage-leikki\u00e4si t\u00e4m\u00e4n setin ainutlaatuisilla jousikoristeilla, jotka lis\u00e4\u00e4v\u00e4t ripauksen eleganssia ja omaper\u00e4isyytt\u00e4. Jouset yhdistettyn\u00e4 kullattuihin metalliketjuihin tarjoavat visuaalisesti upean kontrastin, joka houkuttelee ja kiihottaa.<\/p>\n\n\n\n<p><strong>Monipuolinen setti Enhanced Play -peliin<\/strong>: Sis\u00e4lt\u00e4\u00e4 v\u00e4ltt\u00e4m\u00e4tt\u00f6m\u00e4t osat, kuten talutushihnan, k\u00e4siraudat, nilkkahihansuut ja kaulukset, t\u00e4m\u00e4 sarja tarjoaa kaiken, mit\u00e4 tarvitset <strong>kevyet bondage-laitteet<\/strong> kokea. Se on t\u00e4ydellinen niille, jotka haluavat tutkia rajojaan tyylill\u00e4.<\/p>\n\n\n\n<p><strong>Rich Red ja Classic Black<\/strong>: Saatavana sek\u00e4 t\u00e4ytel\u00e4isen\u00e4 punaisena ett\u00e4 klassisena mustana, t\u00e4m\u00e4 sarja sopii henkil\u00f6kohtaisiin mieltymyksiin ja tunnelmiin. Punainen on rohkea ilmaus intohimosta ja intensiivisyydest\u00e4, kun taas musta huokuu ajatonta vieh\u00e4tyst\u00e4.<\/p>\n\n\n\n<p><strong>Laadukkaat materiaalit mukavuuden takaamiseksi<\/strong>: Valmistettu mukavuutta ja kest\u00e4vyytt\u00e4 ajatellen, jokainen osa t\u00e4ss\u00e4 <strong>seksik\u00e4s orjalelu<\/strong> sarja on suunniteltu turvalliseen ja yksimieliseen pelaamiseen. Laadukkaat materiaalit takaavat mukavan istuvuuden erilaisille vartalotyypeille.<\/p>\n\n\n\n<p><strong>Kullattu metalliketju kest\u00e4vyytt\u00e4 varten<\/strong>: Kullattu metalliketju ei vain lis\u00e4\u00e4 ylellist\u00e4 kosketusta, vaan my\u00f6s varmistaa kest\u00e4vyyden ja lujuuden. Se on rakennettu kest\u00e4m\u00e4\u00e4n leikin ankaruutta ja tarjoaa sek\u00e4 kauneutta ett\u00e4 luotettavuutta.<\/p>\n\n\n\n<p><strong>T\u00e4ydellinen aloittelijoille ja harrastajille<\/strong>: Olitpa uusi bondage-harrastaja tai kokenut harrastaja, t\u00e4m\u00e4 sarja tarjoaa ihastuttavan yhdistelm\u00e4n estetiikkaa ja toimivuutta. Se on ihanteellinen valinta niille, jotka haluavat lis\u00e4t\u00e4 ripaus luksusta tutkimusmatkaansa.<\/p>\n\n\n\n<p>Sukella orjuuden maailmaan sarjalla, jossa yhdistyv\u00e4t kauneus, toimivuus ja mukavuus. Punainen bondage-sarjamme jousella ja kullatulla ketjulla on enemm\u00e4n kuin pelkk\u00e4 varuste; se on kutsu tutkia toiveita ylellisell\u00e4 ja turvallisella tavalla. Tilaa nyt ja avaa nautinnon uusia ulottuvuuksia ja<\/p>","protected":false},"excerpt":{"rendered":"<p>Esittele ylellisen pid\u00e4ttyv\u00e4isyyden elementti meid\u00e4n kanssamme <strong>punainen bondage-sarja<\/strong>, jossa on jousikoristeet ja kullatut metalliketjut. T\u00e4m\u00e4 setti sis\u00e4lt\u00e4\u00e4 talutushihnan, k\u00e4siraudat, nilkkahihansuut ja kaulukset viettelev\u00e4n punaisena ja klassisen mustana.<\/p>","protected":false},"featured_media":49674,"template":"","meta":[],"product_brand":[],"product_cat":[1059,1061],"product_tag":[],"class_list":{"0":"post-49679","1":"product","2":"type-product","3":"status-publish","4":"has-post-thumbnail","6":"product_cat-wholesale-bondage-equipment","7":"product_cat-wholesale-bondage-gear","8":"pa_color-black","9":"pa_color-red-women-sexy-lingerie","11":"first","12":"instock","13":"taxable","14":"shipping-taxable","15":"purchasable","16":"product-type-variable"},"tiered_pricing_type":"fixed","tiered_pricing_fixed_rules":[],"tiered_pricing_product_settings":{"layout":"table","base_unit_name":{"singular":null,"plural":null},"default_variation":null},"tiered_pricing_minimum_quantity":null,"tiered_pricing_roles_data":[],"tiered_pricing_percentage_rules":[],"tiered_pricing_maximum_quantity":null,"tiered_pricing_quantity_step":null,"_links":{"self":[{"href":"https:\/\/gretasexylingerie.com\/fi\/wp-json\/wp\/v2\/product\/49679","targetHints":{"allow":["GET"]}}],"collection":[{"href":"https:\/\/gretasexylingerie.com\/fi\/wp-json\/wp\/v2\/product"}],"about":[{"href":"https:\/\/gretasexylingerie.com\/fi\/wp-json\/wp\/v2\/types\/product"}],"wp:featuredmedia":[{"embeddable":true,"href":"https:\/\/gretasexylingerie.com\/fi\/wp-json\/wp\/v2\/media\/49674"}],"wp:attachment":[{"href":"https:\/\/gretasexylingerie.com\/fi\/wp-json\/wp\/v2\/media?parent=49679"}],"wp:term":[{"taxonomy":"product_brand","embeddable":true,"href":"https:\/\/gretasexylingerie.com\/fi\/wp-json\/wp\/v2\/product_brand?post=49679"},{"taxonomy":"product_cat","embeddable":true,"href":"https:\/\/gretasexylingerie.com\/fi\/wp-json\/wp\/v2\/product_cat?post=49679"},{"taxonomy":"product_tag","embeddable":true,"href":"https:\/\/gretasexylingerie.com\/fi\/wp-json\/wp\/v2\/product_tag?post=49679"}],"curies":[{"name":"wp","href":"https:\/\/api.w.org\/{rel}","templated":true}]}}