{"id":49629,"date":"2024-02-28T18:05:30","date_gmt":"2024-02-28T10:05:30","guid":{"rendered":"https:\/\/gretasexylingerie.com\/?post_type=product&#038;p=49629"},"modified":"2024-03-01T22:06:09","modified_gmt":"2024-03-01T14:06:09","slug":"fox-sarjan-bondage-varusteiden-tukkumyynti","status":"publish","type":"product","link":"https:\/\/gretasexylingerie.com\/fi\/products\/wholesale-fox-series-bondage-gear\/","title":{"rendered":"Tukku Fox Series Bondage Gear kullattu"},"content":{"rendered":"<p><strong>Kullattu kettukoristelu<\/strong>: Jokainen t\u00e4m\u00e4n eksklusiivisen setin pala on koristeltu kullatulla kettukoristeella, joka symboloi viekkautta ja vieh\u00e4tyst\u00e4. T\u00e4m\u00e4 ainutlaatuinen koristelu asettaa meid\u00e4n <strong>hallitsevia alistuvia leluja<\/strong> toisistaan, tarjoten estetiikkaa, joka on sek\u00e4 tyylik\u00e4s ett\u00e4 provosoiva.<\/p>\n\n\n\n<p><strong>Ylellinen violetti ja musta muotoilu<\/strong>: Rikas violetti yhdistettyn\u00e4 rohkeaan mustaan otsakorostukseen luo visuaalisesti upean ulkon\u00e4\u00f6n. T\u00e4m\u00e4 v\u00e4rimaailma ei vain lis\u00e4\u00e4 setin mystiikkaa, vaan vetoaa my\u00f6s niihin, jotka haluavat hienostuneisuutta. <strong>bondage-leikkisarjat<\/strong>.<\/p>\n\n\n\n<p><strong>Kattava Bondage-kokoelma<\/strong>: T\u00e4m\u00e4 sarja tarjoaa t\u00e4ydellisen kirjon hallitsevia ja alistuvia leikkimahdollisuuksia nahkaisen melan tuntoel\u00e4myksest\u00e4 hihnan ja hihansuiden tarjoamaan hallintaan. Se on suunniteltu sek\u00e4 uusille tulokkaille ett\u00e4 kokeneille harjoittajille, jotka haluavat parantaa orjuuskokemustaan.<\/p>\n\n\n\n<p><strong>Ensiluokkaiset materiaalit<\/strong>: Valmistettu korkealaatuisista materiaaleista, jokainen sarjan esine takaa kest\u00e4vyyden, mukavuuden ja turvallisuuden. Nahka on joustavaa mutta tukevaa ja tarjoaa ylellisen tunteen, joka on rakennettu kest\u00e4m\u00e4\u00e4n, kun taas kullatut koristeet s\u00e4ilytt\u00e4v\u00e4t kiiltonsa ajan my\u00f6t\u00e4.<\/p>\n\n\n\n<p><strong>Monipuolinen k\u00e4ytt\u00f6 tehostettuun pelaamiseen<\/strong>: Olipa kyseess\u00e4 kasvonaamion aistinvarainen riist\u00e4minen, k\u00e4sirautojen ja nilkkahihansuiden pid\u00e4tt\u00e4minen tai kauluksen ja talutushihnan symboloima auktoriteetti, t\u00e4m\u00e4 setti sopii monenlaisiin leikkiin. Ristisolki lis\u00e4\u00e4 ylim\u00e4\u00e4r\u00e4isen liit\u00e4nt\u00e4kerroksen, mik\u00e4 mahdollistaa luovat kokoonpanot.<\/p>\n\n\n\n<p><strong>T\u00e4ydellinen teemakokoelmiin<\/strong>: T\u00e4m\u00e4 Fox-sarjan sarja on enemm\u00e4n kuin pelkk\u00e4 orjavaruste; se on temaattinen tutkimus voimasta, oveluudesta ja vieh\u00e4tyksest\u00e4. Se on ihanteellinen niille, jotka haluavat lis\u00e4t\u00e4 n\u00e4ytelm\u00e4\u00e4ns\u00e4 kerronnallisen elementin, jolloin jokainen istunto ei ole vain n\u00e4ytelm\u00e4, vaan my\u00f6s tarina.<\/p>\n\n\n\n<p>Sukella halun syvyyksiin Fox-sarjan bondage-varusteillamme, joissa ylellisyys kohtaa vallan ja alistumisen j\u00e4nnityksen. Tilaa nyt ja muuta n\u00e4ytelm\u00e4si taidemuodoksi kappaleilla, jotka valloittavat mielikuvituksen ja her\u00e4tt\u00e4v\u00e4t<\/p>","protected":false},"excerpt":{"rendered":"<p>P\u00e4\u00e4st\u00e4 meid\u00e4n mystiikka valloilleen <strong>Fox-sarjan bondage-varusteet ja -tarvikkeet<\/strong>, koristeltu kullatuilla kettukoristeilla. T\u00e4m\u00e4 ylellinen setti, jossa on nahkainen mela, kasvonaamio, talutushihna, k\u00e4siraudat, nilkkahihansuut, kaulukset ja ristisolki, on lumoava violetti, jossa on silmiinpist\u00e4v\u00e4 musta otsakuvio.<\/p>","protected":false},"featured_media":49622,"template":"","meta":[],"product_brand":[],"product_cat":[1059,1061],"product_tag":[],"class_list":{"0":"post-49629","1":"product","2":"type-product","3":"status-publish","4":"has-post-thumbnail","6":"product_cat-wholesale-bondage-equipment","7":"product_cat-wholesale-bondage-gear","8":"pa_color-black","9":"pa_color-green","11":"first","12":"instock","13":"taxable","14":"shipping-taxable","15":"purchasable","16":"product-type-variable"},"tiered_pricing_type":"fixed","tiered_pricing_fixed_rules":[],"tiered_pricing_product_settings":{"layout":"table","base_unit_name":{"singular":null,"plural":null},"default_variation":null},"tiered_pricing_minimum_quantity":null,"tiered_pricing_roles_data":[],"tiered_pricing_percentage_rules":[],"tiered_pricing_maximum_quantity":null,"tiered_pricing_quantity_step":null,"_links":{"self":[{"href":"https:\/\/gretasexylingerie.com\/fi\/wp-json\/wp\/v2\/product\/49629","targetHints":{"allow":["GET"]}}],"collection":[{"href":"https:\/\/gretasexylingerie.com\/fi\/wp-json\/wp\/v2\/product"}],"about":[{"href":"https:\/\/gretasexylingerie.com\/fi\/wp-json\/wp\/v2\/types\/product"}],"wp:featuredmedia":[{"embeddable":true,"href":"https:\/\/gretasexylingerie.com\/fi\/wp-json\/wp\/v2\/media\/49622"}],"wp:attachment":[{"href":"https:\/\/gretasexylingerie.com\/fi\/wp-json\/wp\/v2\/media?parent=49629"}],"wp:term":[{"taxonomy":"product_brand","embeddable":true,"href":"https:\/\/gretasexylingerie.com\/fi\/wp-json\/wp\/v2\/product_brand?post=49629"},{"taxonomy":"product_cat","embeddable":true,"href":"https:\/\/gretasexylingerie.com\/fi\/wp-json\/wp\/v2\/product_cat?post=49629"},{"taxonomy":"product_tag","embeddable":true,"href":"https:\/\/gretasexylingerie.com\/fi\/wp-json\/wp\/v2\/product_tag?post=49629"}],"curies":[{"name":"wp","href":"https:\/\/api.w.org\/{rel}","templated":true}]}}