{"id":49605,"date":"2024-02-28T18:03:50","date_gmt":"2024-02-28T10:03:50","guid":{"rendered":"https:\/\/gretasexylingerie.com\/?post_type=product&#038;p=49605"},"modified":"2024-03-01T20:42:24","modified_gmt":"2024-03-01T12:42:24","slug":"tukku-yksivarinen-bondage-varusteet","status":"publish","type":"product","link":"https:\/\/gretasexylingerie.com\/fi\/products\/wholesale-solid-color-bondage-gear\/","title":{"rendered":"Tukkukaupan yksiv\u00e4rinen bondage-varusteet jousikoristeilla"},"content":{"rendered":"<p><strong>Vieh\u00e4tt\u00e4v\u00e4t jousen koristeet<\/strong>: T\u00e4m\u00e4n setin jokaista osaa on parannettu herk\u00e4ll\u00e4 rusettikoristeella, joka lis\u00e4\u00e4 ripauksen oikeita ja eleganssia perinteiseen bondage-estetiikkaan. T\u00e4m\u00e4 ainutlaatuinen ominaisuus tekee meid\u00e4n <strong>bondage-leikkisarjat<\/strong> ei vain ty\u00f6kalu tutkimiseen, vaan my\u00f6s tyylin ilmaus.<\/p>\n\n\n\n<p><strong>Eloisat kiinte\u00e4t v\u00e4rit<\/strong>: Valitse violetista, mustasta tai valkoisesta tunnelmaasi tai sisustukseen sopivaksi. N\u00e4m\u00e4 kiinte\u00e4t v\u00e4rit tarjoavat tyylikk\u00e4\u00e4n, modernin ilmeen, joka on sek\u00e4 silmiinpist\u00e4v\u00e4 ett\u00e4 monipuolinen, joten jokainen istunto ei ole vain rajojen tutkimista, vaan my\u00f6s visuaalista nautintoa.<\/p>\n\n\n\n<p><strong>Kattava setti aloittelijoille ja harrastajille<\/strong>: Olitpa uusi bondage-maailmassa tai haluat laajentaa kokoelmaasi, t\u00e4m\u00e4 setti tarjoaa kaiken, mit\u00e4 tarvitset t\u00e4ydelliseen pelivalikoimaan. Se on ihanteellinen valinta etsiville <strong>bondage varusteet ja tarvikkeet<\/strong> jotka tarjoavat vaihtelua ja mahdollisuudet useisiin skenaarioihin.<\/p>\n\n\n\n<p><strong>Edullinen laatu<\/strong>: Valmistettu korkealaatuisista materiaaleista, t\u00e4m\u00e4 sarja todistaa, ett\u00e4 sinun ei tarvitse tinki\u00e4 laadusta ja hinnasta. Kest\u00e4v\u00e4 rakenne takaa pitk\u00e4ik\u00e4isyyden ja turvallisuuden, mik\u00e4 tekee siit\u00e4 \u00e4lykk\u00e4\u00e4n sijoituksen niille, jotka tutkivat rajojaan rikkomatta pankkia.<\/p>\n\n\n\n<p><strong>Toimiva ja esteettinen muotoilu<\/strong>: Visuaalisen vetovoimansa lis\u00e4ksi jokainen esine on suunniteltu k\u00e4yt\u00e4nn\u00f6lliseen k\u00e4ytt\u00f6\u00f6n. Nahkainen mela tarjoaa tyydytt\u00e4v\u00e4n vaikutuksen, kun taas s\u00e4\u00e4dett\u00e4v\u00e4t k\u00e4siraudat ja nilkkahihansuut varmistavat turvallisen istuvuuden. Side ja talutushihna parantavat ohjausdynamiikkaa, ja kaulus ja ristisolki sitovat setin yhteen sek\u00e4 kirjaimellisesti ett\u00e4 kuvaannollisesti.<\/p>\n\n\n\n<p><strong>T\u00e4ydellinen monipuoliseen pelaamiseen<\/strong>: T\u00e4m\u00e4 setti tarjoaa laajan valikoiman mieltymyksi\u00e4 ja dynamiikkaa kevyest\u00e4 kiusanteosta intensiivisempiin skenaarioihin. Sek\u00e4 pid\u00e4tys- ett\u00e4 iskupelaamisvarusteet mahdollistavat r\u00e4\u00e4t\u00e4l\u00f6idyn kokemuksen, mik\u00e4 tekee jokaisesta harjoituksesta ainutlaatuisen.<\/p>\n\n\n\n<p>Sukella orjuuden maailmaan yksiv\u00e4risell\u00e4 varustesarjallamme, jossa kohtuuhintaisuus kohtaa tyylin ja toimivuuden. Tilaa nyt ja avaa mahdollisuudet loputtomaan tutkimiseen ja nautintoon ja lis\u00e4\u00e4 samalla ripauksen eleganssia seikkailuihisi!<\/p>","protected":false},"excerpt":{"rendered":"<p>Korosta kokoelmaasi meid\u00e4n avullamme <strong>halvat bondage-laitteet<\/strong>, yksiv\u00e4rinen setti, jota koristavat vieh\u00e4tt\u00e4v\u00e4t rusettikoristeet. Saatavana violettina, mustana ja valkoisena, t\u00e4m\u00e4 kattava sarja sis\u00e4lt\u00e4\u00e4 nahkaisen melan, sidoksen, hihnan, k\u00e4siraudat, nilkkahihansuut, kaulukset ja ristin, jotka yhdist\u00e4v\u00e4t kohtuuhintaisuuden tyyliin ja toimivuuteen.<\/p>","protected":false},"featured_media":49595,"template":"","meta":[],"product_brand":[],"product_cat":[1059,1061],"product_tag":[],"class_list":{"0":"post-49605","1":"product","2":"type-product","3":"status-publish","4":"has-post-thumbnail","6":"product_cat-wholesale-bondage-equipment","7":"product_cat-wholesale-bondage-gear","8":"pa_color-black","9":"pa_color-purple-women-sexy-lingerie","10":"pa_color-white","12":"first","13":"instock","14":"taxable","15":"shipping-taxable","16":"purchasable","17":"product-type-variable"},"tiered_pricing_type":"fixed","tiered_pricing_fixed_rules":[],"tiered_pricing_product_settings":{"layout":"table","base_unit_name":{"singular":null,"plural":null},"default_variation":null},"tiered_pricing_minimum_quantity":null,"tiered_pricing_roles_data":[],"tiered_pricing_percentage_rules":[],"tiered_pricing_maximum_quantity":null,"tiered_pricing_quantity_step":null,"_links":{"self":[{"href":"https:\/\/gretasexylingerie.com\/fi\/wp-json\/wp\/v2\/product\/49605","targetHints":{"allow":["GET"]}}],"collection":[{"href":"https:\/\/gretasexylingerie.com\/fi\/wp-json\/wp\/v2\/product"}],"about":[{"href":"https:\/\/gretasexylingerie.com\/fi\/wp-json\/wp\/v2\/types\/product"}],"wp:featuredmedia":[{"embeddable":true,"href":"https:\/\/gretasexylingerie.com\/fi\/wp-json\/wp\/v2\/media\/49595"}],"wp:attachment":[{"href":"https:\/\/gretasexylingerie.com\/fi\/wp-json\/wp\/v2\/media?parent=49605"}],"wp:term":[{"taxonomy":"product_brand","embeddable":true,"href":"https:\/\/gretasexylingerie.com\/fi\/wp-json\/wp\/v2\/product_brand?post=49605"},{"taxonomy":"product_cat","embeddable":true,"href":"https:\/\/gretasexylingerie.com\/fi\/wp-json\/wp\/v2\/product_cat?post=49605"},{"taxonomy":"product_tag","embeddable":true,"href":"https:\/\/gretasexylingerie.com\/fi\/wp-json\/wp\/v2\/product_tag?post=49605"}],"curies":[{"name":"wp","href":"https:\/\/api.w.org\/{rel}","templated":true}]}}