{"id":49577,"date":"2024-02-28T00:50:56","date_gmt":"2024-02-27T16:50:56","guid":{"rendered":"https:\/\/gretasexylingerie.com\/?post_type=product&#038;p=49577"},"modified":"2024-03-01T20:16:26","modified_gmt":"2024-03-01T12:16:26","slug":"tukkumyynnissa-alistuva-aloitussarja-2","status":"publish","type":"product","link":"https:\/\/gretasexylingerie.com\/fi\/products\/wholesale-submissive-starter-kit-2\/","title":{"rendered":"Tukkumyynti alistuva aloituspakkaus kallokirjontalla"},"content":{"rendered":"<p><strong>Ainutlaatuinen p\u00e4\u00e4kallokirjonta<\/strong>: Erotu joukosta, joka on niin rohkea kuin haluat. Jokaisen kappaleen kallokirjonta lis\u00e4\u00e4 kapinallista ja \u00e4rtyis\u00e4\u00e4 kosketusta, joka on t\u00e4ydellinen yksil\u00f6ille tai pariskunnille, jotka haluavat ilmaista tyyli\u00e4\u00e4n ja kiinnostuksen kohteitaan BDSM:n maailmassa. T\u00e4m\u00e4 erottuva muotoilu luo s\u00e4vyn seikkailunhaluiselle ja mielikuvitukselliselle leikille.<\/p>\n\n\n\n<p><strong>Kattava Bondage-kokoelma<\/strong>: T\u00e4m\u00e4 paketti sis\u00e4lt\u00e4\u00e4 kaiken, mit\u00e4 tarvitaan tutkimusmatkalle ja alistumiseen. Nahkaisella melalla, sidoksella silmill\u00e4, talutushihnalla, k\u00e4siraudoilla, nilkkahihansuilla, kauluksilla, ristisoljella ja vaipalla se tarjoaa t\u00e4yden valikoiman mahdollisuuksia niille, jotka ovat vasta alkaneet olla orjuudessa tai jotka haluavat laajentaa kokoelmaansa. <strong>seksikk\u00e4it\u00e4 orjaleluja<\/strong>.<\/p>\n\n\n\n<p><strong>Laadukkaat materiaalit<\/strong>: Valmistettu ensiluokkaisesta PU-nahasta, jota t\u00e4ydent\u00e4v\u00e4t huippuluokan laitteistot, jokainen sarjan esine on suunniteltu kest\u00e4viksi, turvallisiksi ja mukaviksi. Materiaalit on valittu huolella takaamaan tyydytt\u00e4v\u00e4 kokemus yhdist\u00e4en esteettisen vieh\u00e4tyksen toiminnalliseen muotoiluun.<\/p>\n\n\n\n<p><strong>Eloisa musta ja vihre\u00e4 v\u00e4ri<\/strong>: Mustan ja vihre\u00e4n silmiinpist\u00e4v\u00e4 yhdistelm\u00e4 ei vain n\u00e4yt\u00e4 vaikuttavalta, vaan lis\u00e4\u00e4 my\u00f6s visuaalista j\u00e4nnityst\u00e4 n\u00e4ytelm\u00e4\u00e4n. T\u00e4m\u00e4 v\u00e4rimaailma sopii t\u00e4ydellisesti niille, jotka arvostavat ripaus eloisuutta <strong>kevyet bondage-laitteet<\/strong>, mik\u00e4 tekee jokaisesta istunnosta paitsi fyysisen my\u00f6s visuaalisen kokemuksen.<\/p>\n\n\n\n<p><strong>T\u00e4ydellinen aloittelijoille ja harrastajille<\/strong>: Olitpa vasta aloittamassa tai haluat lis\u00e4t\u00e4 ainutlaatuisia kappaleita kokoelmaasi, t\u00e4m\u00e4 sarja palvelee monenlaisia kiinnostuksen kohteita ja kokemusta. Se on ihanteellinen valinta niille, jotka haluavat tutkia rajojaan turvallisesti ja tyylikk\u00e4\u00e4sti.<\/p>\n\n\n\n<p><strong>Huomaamaton ja k\u00e4yt\u00e4nn\u00f6llinen<\/strong>: Jokainen t\u00e4m\u00e4n sarjan osa ei ole vain visuaalisesti houkutteleva, vaan my\u00f6s suunniteltu helppoon s\u00e4ilytykseen, mik\u00e4 varmistaa, ett\u00e4 seikkailunhaluinen puoli voidaan ilmaista tinkim\u00e4tt\u00e4. Sarjan yhten\u00e4isen muotoilun ansiosta se on yht\u00e4 helppo laittaa pois kuin j\u00e4nnitt\u00e4v\u00e4 ottaa esille.<\/p>\n\n\n\n<p>L\u00e4hde tutkimus- ja ilmaisumatkalle kallolla brodeeratulla bondage-sarjallamme. Se on enemm\u00e4n kuin vain joukko rajoituksia; se on portti uusiin kokemuksiin, yhteisiin salaisuuksiin ja j\u00e4nnitt\u00e4v\u00e4\u00e4n pelin reunaan. Tilaa nyt ja avaa maailma, jossa dominointi ja alistuminen kohtaavat tyylin ja hienostuneisuuden<\/p>","protected":false},"excerpt":{"rendered":"<p>Sukella meid\u00e4n pime\u00e4\u00e4n vieh\u00e4tykseen <strong>alistuva aloitussarja<\/strong>, jossa on kallokirjailtu bondage-varusteet. T\u00e4m\u00e4 kattava sarja, joka on valmistettu laadukkaasta PU:sta ja laitteistosta, on vaikuttava musta ja vihre\u00e4 paletti, joka on t\u00e4ydellinen niille, jotka tutkivat kevyen orjuuden maailmoja.<\/p>","protected":false},"featured_media":49572,"template":"","meta":[],"product_brand":[],"product_cat":[1059,1062],"product_tag":[],"class_list":{"0":"post-49577","1":"product","2":"type-product","3":"status-publish","4":"has-post-thumbnail","6":"product_cat-wholesale-bondage-equipment","7":"product_cat-wholesale-labia-nipple-clamps","8":"pa_color-black","9":"pa_color-green","11":"first","12":"instock","13":"taxable","14":"shipping-taxable","15":"purchasable","16":"product-type-variable"},"tiered_pricing_type":"fixed","tiered_pricing_fixed_rules":[],"tiered_pricing_product_settings":{"layout":"table","base_unit_name":{"singular":null,"plural":null},"default_variation":null},"tiered_pricing_minimum_quantity":null,"tiered_pricing_roles_data":[],"tiered_pricing_percentage_rules":[],"tiered_pricing_maximum_quantity":null,"tiered_pricing_quantity_step":null,"_links":{"self":[{"href":"https:\/\/gretasexylingerie.com\/fi\/wp-json\/wp\/v2\/product\/49577","targetHints":{"allow":["GET"]}}],"collection":[{"href":"https:\/\/gretasexylingerie.com\/fi\/wp-json\/wp\/v2\/product"}],"about":[{"href":"https:\/\/gretasexylingerie.com\/fi\/wp-json\/wp\/v2\/types\/product"}],"wp:featuredmedia":[{"embeddable":true,"href":"https:\/\/gretasexylingerie.com\/fi\/wp-json\/wp\/v2\/media\/49572"}],"wp:attachment":[{"href":"https:\/\/gretasexylingerie.com\/fi\/wp-json\/wp\/v2\/media?parent=49577"}],"wp:term":[{"taxonomy":"product_brand","embeddable":true,"href":"https:\/\/gretasexylingerie.com\/fi\/wp-json\/wp\/v2\/product_brand?post=49577"},{"taxonomy":"product_cat","embeddable":true,"href":"https:\/\/gretasexylingerie.com\/fi\/wp-json\/wp\/v2\/product_cat?post=49577"},{"taxonomy":"product_tag","embeddable":true,"href":"https:\/\/gretasexylingerie.com\/fi\/wp-json\/wp\/v2\/product_tag?post=49577"}],"curies":[{"name":"wp","href":"https:\/\/api.w.org\/{rel}","templated":true}]}}