{"id":49564,"date":"2024-02-28T00:50:00","date_gmt":"2024-02-27T16:50:00","guid":{"rendered":"https:\/\/gretasexylingerie.com\/?post_type=product&#038;p=49564"},"modified":"2024-03-01T20:07:19","modified_gmt":"2024-03-01T12:07:19","slug":"tukku-frisky-makuuhuoneen-turvaistuinsarja-2","status":"publish","type":"product","link":"https:\/\/gretasexylingerie.com\/fi\/products\/wholesale-frisky-bedroom-restraint-kit-2\/","title":{"rendered":"Tukkukauppa Frisky Bedroom Restraint Kit -niitill\u00e4"},"content":{"rendered":"<p><strong>Niiteill\u00e4 koristeltu rakkausteema<\/strong>: Sukella halun syvyyksiin piikitt\u00e4v\u00e4ll\u00e4 melalla, joka ei ole vain ty\u00f6kalu, vaan ilmaisu. Niiteill\u00e4 koristeltu ja rakkauden symboliksi muotoiltu se lis\u00e4\u00e4 leikkiisi ripauksen j\u00e4nnitt\u00e4v\u00e4\u00e4 romantiikkaa. T\u00e4m\u00e4 ainutlaatuinen ominaisuus antaa s\u00e4vyn istuntoon, joka on sek\u00e4 intohimoinen ett\u00e4 leikkis\u00e4, ja se sopii t\u00e4ydellisesti niille, jotka haluavat ilmaista kiintymyst\u00e4\u00e4n rohkeammin.<\/p>\n\n\n\n<p><strong>Kattava Bondage-kokoelma<\/strong>: T\u00e4m\u00e4 setti on aarreaitta niin harrastajille kuin aloittelijoillekin, ja siin\u00e4 on nahkainen mela, sidottu silm\u00e4t, talutushihna, k\u00e4siraudat, nilkkahihansuut, kaulukset, ristisolki ja vaippa. Jokainen kappale on suunniteltu parantamaan kokemusta tarjoamalla loputtomia mahdollisuuksia hillittymiseen ja alistumiseen kotonasi.<\/p>\n\n\n\n<p><strong>Laadukkaat materiaalit<\/strong>: Valmistettu ensiluokkaisesta PU:sta ja kest\u00e4v\u00e4st\u00e4 laitteistosta <strong>hogtie bondage kit<\/strong> lupaa kest\u00e4vyytt\u00e4 ja mukavuutta. Materiaalit on valittu huolella turvallisuuden ja houkuttelevan esteettisen vieh\u00e4tyksen takaamiseksi, ja ne sulautuvat saumattomasti rohkeaan mustaan ja punaiseen v\u00e4rimaailmaan.<\/p>\n\n\n\n<p><strong>Monipuolinen k\u00e4ytt\u00f6 kotipeleihin<\/strong>: Tutkitpa suhteesi rajoja tai vain lis\u00e4\u00e4t uutta j\u00e4nnityst\u00e4 intiimeihin hetkiisi, t\u00e4m\u00e4 sarja tarjoaa t\u00e4ydelliset ty\u00f6kalut. Se on riitt\u00e4v\u00e4n monipuolinen erilaisiin skenaarioihin, joten se on v\u00e4ltt\u00e4m\u00e4t\u00f6n lis\u00e4ys <strong>kodin orjuuden varusteet<\/strong>.<\/p>\n\n\n\n<p><strong>Rohkea musta ja punainen muotoilu<\/strong>: Mustan ja punaisen silmiinpist\u00e4v\u00e4 v\u00e4riyhdistelm\u00e4 ei ainoastaan osoita voimaa ja intohimoa, vaan lis\u00e4\u00e4 my\u00f6s visuaalisesti stimuloivan n\u00e4k\u00f6kulman peliisi. Se on suunnitteluvalinta, joka her\u00e4tt\u00e4\u00e4 syv\u00e4n emotionaalisen reaktion ja parantaa fyysist\u00e4 kokemusta visuaalisella ja symbolisella syvyydell\u00e4.<\/p>\n\n\n\n<p><strong>Huomaamaton ja k\u00e4tev\u00e4 s\u00e4ilytys<\/strong>: Kattavasta luonteestaan huolimatta t\u00e4m\u00e4 sarja on suunniteltu huomaamattomasti s\u00e4ilytett\u00e4v\u00e4ksi, jotta voit s\u00e4ilytt\u00e4\u00e4 yksityisyyden ja spontaanisuuden. Se on harkittu harkinta niille, jotka arvostavat harkintaa yht\u00e4 paljon kuin tutkimista.<\/p>\n\n\n\n<p>Astu maailmaan, jossa rakkaus ja pid\u00e4ttyvyys kietoutuvat niiteill\u00e4 koristeltujen bondage-varusteidemme kanssa. T\u00e4m\u00e4 sarja on enemm\u00e4n kuin vain joukko ty\u00f6kaluja; se on kutsu tutkia nautinnon ja intohimon rajoja. Tilaa nyt ja avaa makuuhuoneessa uusi raikkaiden seikkailujen valtakunta!<\/p>","protected":false},"excerpt":{"rendered":"<p>Nosta seikkailunhaluasi meid\u00e4n kanssamme <strong>pirte\u00e4 makuuhuoneen turvaistuinsarja<\/strong>, koristeltu niittikoristeilla ja rakkausteemalla piiskalla, valmistettu korkealaatuisesta PU:sta ja raudoista lihavoituina mustina ja punaisina.<\/p>","protected":false},"featured_media":49560,"template":"","meta":[],"product_brand":[],"product_cat":[1059,1062],"product_tag":[],"class_list":{"0":"post-49564","1":"product","2":"type-product","3":"status-publish","4":"has-post-thumbnail","6":"product_cat-wholesale-bondage-equipment","7":"product_cat-wholesale-labia-nipple-clamps","8":"pa_color-black","9":"pa_color-red-women-sexy-lingerie","11":"first","12":"instock","13":"taxable","14":"shipping-taxable","15":"purchasable","16":"product-type-variable"},"tiered_pricing_type":"fixed","tiered_pricing_fixed_rules":[],"tiered_pricing_product_settings":{"layout":"table","base_unit_name":{"singular":null,"plural":null},"default_variation":null},"tiered_pricing_minimum_quantity":null,"tiered_pricing_roles_data":[],"tiered_pricing_percentage_rules":[],"tiered_pricing_maximum_quantity":null,"tiered_pricing_quantity_step":null,"_links":{"self":[{"href":"https:\/\/gretasexylingerie.com\/fi\/wp-json\/wp\/v2\/product\/49564","targetHints":{"allow":["GET"]}}],"collection":[{"href":"https:\/\/gretasexylingerie.com\/fi\/wp-json\/wp\/v2\/product"}],"about":[{"href":"https:\/\/gretasexylingerie.com\/fi\/wp-json\/wp\/v2\/types\/product"}],"wp:featuredmedia":[{"embeddable":true,"href":"https:\/\/gretasexylingerie.com\/fi\/wp-json\/wp\/v2\/media\/49560"}],"wp:attachment":[{"href":"https:\/\/gretasexylingerie.com\/fi\/wp-json\/wp\/v2\/media?parent=49564"}],"wp:term":[{"taxonomy":"product_brand","embeddable":true,"href":"https:\/\/gretasexylingerie.com\/fi\/wp-json\/wp\/v2\/product_brand?post=49564"},{"taxonomy":"product_cat","embeddable":true,"href":"https:\/\/gretasexylingerie.com\/fi\/wp-json\/wp\/v2\/product_cat?post=49564"},{"taxonomy":"product_tag","embeddable":true,"href":"https:\/\/gretasexylingerie.com\/fi\/wp-json\/wp\/v2\/product_tag?post=49564"}],"curies":[{"name":"wp","href":"https:\/\/api.w.org\/{rel}","templated":true}]}}