{"id":49549,"date":"2024-02-28T00:49:02","date_gmt":"2024-02-27T16:49:02","guid":{"rendered":"https:\/\/gretasexylingerie.com\/?post_type=product&#038;p=49549"},"modified":"2024-03-01T19:30:22","modified_gmt":"2024-03-01T11:30:22","slug":"tukku-domintrix-sarja","status":"publish","type":"product","link":"https:\/\/gretasexylingerie.com\/fi\/products\/wholesale-dominatrix-kit\/","title":{"rendered":"Tukkumyynti Dominatrix Kit Gold Bead Chain Decor"},"content":{"rendered":"<p><strong>Kultahelmiketju Elegance<\/strong>: Lis\u00e4\u00e4 ripauksen luksusta orjuusleikkiisi kultahelmiketjuilla, jotka koristavat t\u00e4m\u00e4n sarjan jokaista osaa. Hohtavat aksentit tuovat hienostuneisuutta ja visuaalista vetovoimaa, mik\u00e4 vahvistaa t\u00e4m\u00e4n <strong>homo sm lelu<\/strong> kokoelma muista lukuun ottamatta.<\/p>\n\n\n\n<p><strong>Kattava Bondage-kokoelma<\/strong>: T\u00e4m\u00e4 setti on aarreaitta niin harrastajille kuin aloittelijoillekin, ja siin\u00e4 on kaikki olennaiset tarvikkeet t\u00e4ydelliseen orjuuteen. Jokainen esine lupaa parantaa pelaamistasi nahkapiikan kosketusnautiosta hihnan ja kaulusten tarjoamaan hallintaan.<\/p>\n\n\n\n<p><strong>Monipuoliset v\u00e4rivaihtoehdot<\/strong>: Saatavana klassisena mustana, intohimoisena punaisena ja el\u00e4v\u00e4isen vihre\u00e4n\u00e4, t\u00e4m\u00e4 sarja sopii t\u00e4ydellisesti kaikkiin mielialoihin tai mieltymyksiin. Jokainen v\u00e4ri lis\u00e4\u00e4 oman luonteensa bondage-kokemukseen, etsitp\u00e4 sitten mustan eleganssia, punaisen voimakkuutta tai vihre\u00e4n ainutlaatuisuutta.<\/p>\n\n\n\n<p><strong>Laadukkaat materiaalit<\/strong>: Valmistettu ensiluokkaisesta PU-nahasta ja vankkaista laitteistosta, t\u00e4m\u00e4 sarja on suunniteltu kest\u00e4viksi ja mukaviksi. Materiaalit on valittu paitsi niiden esteettisen houkuttelevuuden vuoksi, my\u00f6s sen kyvyn vuoksi, ett\u00e4 ne kest\u00e4v\u00e4t leikin rasitusta, mik\u00e4 takaa turvallisen ja nautinnollisen kokemuksen.<\/p>\n\n\n\n<p><strong>T\u00e4ydellinen monipuoliseen pelaamiseen<\/strong>: Tutkitpa voiman ja alistumisen dynamiikkaa, haluat lis\u00e4t\u00e4 roolipeliisi uuden ulottuvuuden tai vain laajentaa kokoelmaasi <strong>bondage talutushihna ja kaulus<\/strong> sarjat, t\u00e4m\u00e4 dominatrix-sarja t\u00e4ytt\u00e4\u00e4 monenlaiset toiveet ja fantasiat.<\/p>\n\n\n\n<p><strong>Huomaamaton ja k\u00e4tev\u00e4 s\u00e4ilytys<\/strong>: Kattavasta luonteestaan huolimatta t\u00e4t\u00e4 setti\u00e4 on helppo s\u00e4ilytt\u00e4\u00e4 ja huoltaa, mik\u00e4 varmistaa, ett\u00e4 pelitilasi pysyy j\u00e4rjestyksess\u00e4 ja varusteesi ovat aina k\u00e4ytt\u00f6valmiina.<\/p>\n\n\n\n<p>Sukella halun syvyyksiin dominatrix-sarjallamme, kokoelmalla, jossa yhdistyv\u00e4t toiminnallisuus ja esteettinen kauneus. Olitpa kokenut harjoittaja tai uusi, t\u00e4m\u00e4 sarja tarjoaa kaiken, mit\u00e4 tarvitset nautinnon ja voiman rajojen tutkimiseen. Tilaa nyt ja avaa uusi valtakunta<\/p>","protected":false},"excerpt":{"rendered":"<p>Korosta kokoelmaasi meid\u00e4n avullamme <strong>dominatrix -sarja<\/strong>, koristeltu kultahelmiketjuilla. T\u00e4m\u00e4 kattava sarja sis\u00e4lt\u00e4\u00e4 nahkaisen ruoskan, sidoksen, hihnan, k\u00e4siraudat, nilkan hihansuut, kaulukset, ristisoljen ja vaipan, jotka kaikki on valmistettu korkealaatuisesta PU:sta ja laitteistosta.<\/p>","protected":false},"featured_media":49538,"template":"","meta":[],"product_brand":[],"product_cat":[1059,1061],"product_tag":[],"class_list":{"0":"post-49549","1":"product","2":"type-product","3":"status-publish","4":"has-post-thumbnail","6":"product_cat-wholesale-bondage-equipment","7":"product_cat-wholesale-bondage-gear","8":"pa_color-black","9":"pa_color-green","10":"pa_color-red-women-sexy-lingerie","12":"first","13":"instock","14":"taxable","15":"shipping-taxable","16":"purchasable","17":"product-type-variable"},"tiered_pricing_type":"fixed","tiered_pricing_fixed_rules":[],"tiered_pricing_product_settings":{"layout":"table","base_unit_name":{"singular":null,"plural":null},"default_variation":null},"tiered_pricing_minimum_quantity":null,"tiered_pricing_roles_data":[],"tiered_pricing_percentage_rules":[],"tiered_pricing_maximum_quantity":null,"tiered_pricing_quantity_step":null,"_links":{"self":[{"href":"https:\/\/gretasexylingerie.com\/fi\/wp-json\/wp\/v2\/product\/49549","targetHints":{"allow":["GET"]}}],"collection":[{"href":"https:\/\/gretasexylingerie.com\/fi\/wp-json\/wp\/v2\/product"}],"about":[{"href":"https:\/\/gretasexylingerie.com\/fi\/wp-json\/wp\/v2\/types\/product"}],"wp:featuredmedia":[{"embeddable":true,"href":"https:\/\/gretasexylingerie.com\/fi\/wp-json\/wp\/v2\/media\/49538"}],"wp:attachment":[{"href":"https:\/\/gretasexylingerie.com\/fi\/wp-json\/wp\/v2\/media?parent=49549"}],"wp:term":[{"taxonomy":"product_brand","embeddable":true,"href":"https:\/\/gretasexylingerie.com\/fi\/wp-json\/wp\/v2\/product_brand?post=49549"},{"taxonomy":"product_cat","embeddable":true,"href":"https:\/\/gretasexylingerie.com\/fi\/wp-json\/wp\/v2\/product_cat?post=49549"},{"taxonomy":"product_tag","embeddable":true,"href":"https:\/\/gretasexylingerie.com\/fi\/wp-json\/wp\/v2\/product_tag?post=49549"}],"curies":[{"name":"wp","href":"https:\/\/api.w.org\/{rel}","templated":true}]}}