{"id":49535,"date":"2024-02-28T00:48:00","date_gmt":"2024-02-27T16:48:00","guid":{"rendered":"https:\/\/gretasexylingerie.com\/?post_type=product&#038;p=49535"},"modified":"2024-03-01T19:20:25","modified_gmt":"2024-03-01T11:20:25","slug":"tukku-punainen-bondage-kit","status":"publish","type":"product","link":"https:\/\/gretasexylingerie.com\/fi\/products\/wholesale-red-bondage-kit\/","title":{"rendered":"Tukkumyynti Red Bondage Kit hollow Equipment"},"content":{"rendered":"<p><strong>Innovatiivinen ontto muotoilu<\/strong>: Bondage-sarjamme ottaa rohkean l\u00e4hestymistavan ontoilla laitteilla, jotka tarjoavat ainutlaatuisen esteettisen ja aistinvaraisen kokemuksen. T\u00e4m\u00e4 muotoilu ei vain lis\u00e4\u00e4 visuaalista juonittelua, vaan my\u00f6s parantaa tuntoaistimuksia sek\u00e4 k\u00e4ytt\u00e4j\u00e4n ett\u00e4 tarkkailijan kannalta, mik\u00e4 tekee siit\u00e4 erottuvan vaihtoehdon niille, jotka haluavat syvent\u00e4\u00e4 tutkivaa leikki\u00e4\u00e4n.<\/p>\n\n\n\n<p><strong>N\u00e4ytt\u00e4v\u00e4 musta ja punainen estetiikka<\/strong>: Klassinen mustan ja punaisen yhdistelm\u00e4 her\u00e4tt\u00e4\u00e4 intohimoa ja intensiivisyytt\u00e4, ja se on t\u00e4ydellinen tunnelman luomiseen. T\u00e4m\u00e4 <strong>punainen bondage-sarja<\/strong> on suunniteltu vangitsemaan ja houkuttelemaan, tehden jokaisesta istunnosta unohtumattoman visuaalisen juhlan.<\/p>\n\n\n\n<p><strong>Kattava setti monipuoliseen leikkiin<\/strong>: T\u00e4m\u00e4 setti sis\u00e4lt\u00e4\u00e4 sidoksen, hihnan, k\u00e4siraudat, nilkkahihansuut, kaulukset, ristisoljen ja vaipan. Se on ihanteellinen sek\u00e4 uusille tulokkaille ett\u00e4 kokeneille harrastajille, jotka haluavat laajentaa toimintaansa <strong>50 s\u00e4vy\u00e4 bondage setti<\/strong> kokoelma monipuolisilla ja visuaalisesti n\u00e4ytt\u00e4vill\u00e4 kappaleilla.<\/p>\n\n\n\n<p><strong>Ensiluokkaiset materiaalit<\/strong>: Valmistettu korkealaatuisesta PU:sta ja koristeltu ensiluokkaisella laitteistolla, jokainen t\u00e4m\u00e4n setin osa on rakennettu kest\u00e4viksi ja mukaviksi. Materiaalit on valittu huolellisesti varmistamaan varma istuvuus ja ylellinen tuntuma, mik\u00e4 parantaa yleist\u00e4 kokemusta turvallisuudesta tinkim\u00e4tt\u00e4.<\/p>\n\n\n\n<p><strong>Monipuoliset Bondage-nilkkarajat<\/strong>: Nilkkatuet on suunniteltu sek\u00e4 estetiikkaa ett\u00e4 toiminnallisuutta ajatellen. Niiden ontto muotoilu ei vain t\u00e4ydenn\u00e4 setin visuaalista teemaa, vaan tarjoaa my\u00f6s mukavan ja turvallisen istuvuuden, mik\u00e4 mahdollistaa pidempi\u00e4 leikkihetki\u00e4 ja laajan liikkeen.<\/p>\n\n\n\n<p><strong>T\u00e4ydellinen teemasessioihin<\/strong>: T\u00e4m\u00e4 sarja ei ole vain kokoelma bondage-laitteita; se on kutsu tutkia fantasioitasi teemaymp\u00e4rist\u00f6ss\u00e4. Olitpa sitten inspiroitunut &quot;50 Shades&quot; -elokuvan ikonisista kohtauksista tai haluat luoda oman tarinasi, t\u00e4m\u00e4 sarja tarjoaa t\u00e4ydellisen taustan seikkailuillesi.<\/p>\n\n\n\n<p>Sukella intohimon ja tutkimisen maailmaan punaisen bondage-sarjamme avulla. Sen ainutlaatuinen ontto muotoilu ja silmiinpist\u00e4v\u00e4 v\u00e4rimaailma tekev\u00e4t siit\u00e4 v\u00e4ltt\u00e4m\u00e4tt\u00f6m\u00e4n niille, jotka haluavat tehostaa orjuuden leikki\u00e4\u00e4n tyylill\u00e4 ja hienostuneella. Tilaa nyt ja avaa uusia nautinnon ja intensiivisyyden ulottuvuuksia intiimeiss\u00e4 kohtaamisissa<\/p>","protected":false},"excerpt":{"rendered":"<p>Uppoudu halun syvyyksiin meid\u00e4n kanssamme <strong>punainen bondage-sarja<\/strong>, jossa on ontot laitteet, jotka lis\u00e4\u00e4v\u00e4t kokemusta. Valmistettu korkealaatuisesta PU:sta ja korkealaatuisesta laitteistosta lihavoituna mustana ja punaisena.<\/p>","protected":false},"featured_media":49529,"template":"","meta":[],"product_brand":[],"product_cat":[1059,1061],"product_tag":[],"class_list":{"0":"post-49535","1":"product","2":"type-product","3":"status-publish","4":"has-post-thumbnail","6":"product_cat-wholesale-bondage-equipment","7":"product_cat-wholesale-bondage-gear","8":"pa_color-black","9":"pa_color-red-women-sexy-lingerie","11":"first","12":"instock","13":"taxable","14":"shipping-taxable","15":"purchasable","16":"product-type-variable"},"tiered_pricing_type":"fixed","tiered_pricing_fixed_rules":[],"tiered_pricing_product_settings":{"layout":"table","base_unit_name":{"singular":null,"plural":null},"default_variation":null},"tiered_pricing_minimum_quantity":null,"tiered_pricing_roles_data":[],"tiered_pricing_percentage_rules":[],"tiered_pricing_maximum_quantity":null,"tiered_pricing_quantity_step":null,"_links":{"self":[{"href":"https:\/\/gretasexylingerie.com\/fi\/wp-json\/wp\/v2\/product\/49535","targetHints":{"allow":["GET"]}}],"collection":[{"href":"https:\/\/gretasexylingerie.com\/fi\/wp-json\/wp\/v2\/product"}],"about":[{"href":"https:\/\/gretasexylingerie.com\/fi\/wp-json\/wp\/v2\/types\/product"}],"wp:featuredmedia":[{"embeddable":true,"href":"https:\/\/gretasexylingerie.com\/fi\/wp-json\/wp\/v2\/media\/49529"}],"wp:attachment":[{"href":"https:\/\/gretasexylingerie.com\/fi\/wp-json\/wp\/v2\/media?parent=49535"}],"wp:term":[{"taxonomy":"product_brand","embeddable":true,"href":"https:\/\/gretasexylingerie.com\/fi\/wp-json\/wp\/v2\/product_brand?post=49535"},{"taxonomy":"product_cat","embeddable":true,"href":"https:\/\/gretasexylingerie.com\/fi\/wp-json\/wp\/v2\/product_cat?post=49535"},{"taxonomy":"product_tag","embeddable":true,"href":"https:\/\/gretasexylingerie.com\/fi\/wp-json\/wp\/v2\/product_tag?post=49535"}],"curies":[{"name":"wp","href":"https:\/\/api.w.org\/{rel}","templated":true}]}}