{"id":49405,"date":"2024-02-27T22:44:05","date_gmt":"2024-02-27T14:44:05","guid":{"rendered":"https:\/\/gretasexylingerie.com\/?post_type=product&#038;p=49405"},"modified":"2024-02-29T17:34:45","modified_gmt":"2024-02-29T09:34:45","slug":"raskaan-kaluston-tukkupakkaus","status":"publish","type":"product","link":"https:\/\/gretasexylingerie.com\/fi\/products\/wholesale-heavy-duty-hogtie-kit\/","title":{"rendered":"Tukkukaupan raskaaseen k\u00e4ytt\u00f6\u00f6n tarkoitettu Hogtie-sarja pitkill\u00e4 niititiedoilla"},"content":{"rendered":"<p><strong>Pitk\u00e4t niittikoristeet<\/strong>: Paranna orjuuskokemustasi pitkien niittien silmiinpist\u00e4v\u00e4ll\u00e4 estetiikalla. N\u00e4m\u00e4 yksityiskohdat eiv\u00e4t vain lis\u00e4\u00e4 visuaalista vetovoimaa, vaan my\u00f6s parantavat kosketustuntumaa tehden jokaisesta teoksesta taideteoksen, joka on yht\u00e4 kaunis kuin se on toimiva.<\/p>\n\n\n\n<p><strong>Monipuolinen v\u00e4rivalikoima<\/strong>: T\u00e4m\u00e4 sarja on saatavana henkil\u00f6kohtaisten mieltymysten ja tyylien mukaan useissa eri v\u00e4reiss\u00e4, mukaan lukien klassinen musta, el\u00e4v\u00e4inen vihre\u00e4, leikkis\u00e4 vaaleanpunainen ja intohimoinen punainen. Jokainen v\u00e4ri lis\u00e4\u00e4 oman luonteensa ja tunnelmansa bondage-kokemukseen, mik\u00e4 mahdollistaa yksil\u00f6llisen kosketuksen.<\/p>\n\n\n\n<p><strong>Kattava Bondage-ratkaisu<\/strong>: T\u00e4m\u00e4 setti on suunniteltu sek\u00e4 harrastajille ett\u00e4 aloittelijoille, ja se tarjoaa t\u00e4ydellisen ratkaisun bondage-leikkiin. Olennaisten esineiden, kuten talutushihnan, k\u00e4siraudat, nilkkahihansuut ja kaulukset, sis\u00e4llytt\u00e4minen varmistaa, ett\u00e4 sinulla on kaikki mit\u00e4 tarvitset t\u00e4ysin mukaansatempaavaan kokemukseen.<\/p>\n\n\n\n<p><strong>Laadukas PU ja laitteisto<\/strong>: Valmistettu korkealaatuisesta PU:sta ja varustettu korkealaatuisella laitteistolla, jokainen t\u00e4m\u00e4n sarjan esine on valmistettu kest\u00e4vyytt\u00e4 ja mukavuutta varten. Materiaalit on valittu huolellisesti kest\u00e4m\u00e4\u00e4n leikin ankaruutta ja varmistaen samalla mukavan istuvuuden, mik\u00e4 tekee siit\u00e4 ihanteellisen pitkiin harjoituksiin.<\/p>\n\n\n\n<p><strong>T\u00e4ydellinen Self Bondage ja Partner Play<\/strong>: Tutkitpa itsesi orjuutta tai kumppanileikki\u00e4, t\u00e4m\u00e4 sarja tarjoaa monipuolisuutta ja luotettavuutta. The <strong>nahkaiset turvahihnat<\/strong> ja raskas muotoilu tekev\u00e4t siit\u00e4 sopivan erilaisiin skenaarioihin kevyest\u00e4 kiusoituksesta intensiivisemp\u00e4\u00e4n kiinnitysasennuksiin.<\/p>\n\n\n\n<p><strong>Huomaamaton ja helppo s\u00e4ilytys<\/strong>: Vankasta rakenteestaan huolimatta t\u00e4m\u00e4 <strong>itseorjatarvikkeita<\/strong> sarja on suunniteltu huomaamattomasti s\u00e4ilytykseen. Jokainen pala voidaan s\u00e4ilytt\u00e4\u00e4 siististi poissa, mik\u00e4 varmistaa yksityisyyden ja mukavuuden k\u00e4ytt\u00e4jille, jotka pit\u00e4v\u00e4t harkintaa etusijalla.<\/p>\n\n\n\n<p>Sukella toiveidesi syvyyksiin pitkill\u00e4 niittivarsillamme. Sen esteettisen vetovoiman, toimivan muotoilun ja kest\u00e4v\u00e4n rakenteen yhdistelm\u00e4 tekee siit\u00e4 pakollisen niille, jotka haluavat tutkia nautinnon ja hillinn\u00e4n rajoja. Tilaa nyt ja avaa uusi taso intensiivisyytt\u00e4 ja tyyli\u00e4<\/p>","protected":false},"excerpt":{"rendered":"<p>Astu intensiiviseen leikkiin meid\u00e4n kanssamme <strong>raskaaseen k\u00e4ytt\u00f6\u00f6n tarkoitettu hogtie-sarja<\/strong>, jossa on pitki\u00e4 niittikoristeita. T\u00e4ss\u00e4 kokoelmassa, joka sis\u00e4lt\u00e4\u00e4 talutushihnan, k\u00e4siraudat, nilkkahihansuut ja kaulukset, yhdistyy korkealaatuinen PU ja ensiluokkaiset varusteet mustassa, vihre\u00e4ss\u00e4, vaaleanpunaisessa ja punaisessa.<\/p>","protected":false},"featured_media":49396,"template":"","meta":[],"product_brand":[],"product_cat":[1059,1061,1066],"product_tag":[],"class_list":{"0":"post-49405","1":"product","2":"type-product","3":"status-publish","4":"has-post-thumbnail","6":"product_cat-wholesale-bondage-equipment","7":"product_cat-wholesale-bondage-gear","8":"product_cat-handcuffs-bondage-collars-ankle-strap","9":"pa_color-black","10":"pa_color-green","11":"pa_color-pink-women-sexy-lingerie","12":"pa_color-red-women-sexy-lingerie","14":"first","15":"instock","16":"taxable","17":"shipping-taxable","18":"purchasable","19":"product-type-variable"},"tiered_pricing_type":"fixed","tiered_pricing_fixed_rules":[],"tiered_pricing_product_settings":{"layout":"table","base_unit_name":{"singular":null,"plural":null},"default_variation":null},"tiered_pricing_minimum_quantity":null,"tiered_pricing_roles_data":[],"tiered_pricing_percentage_rules":[],"tiered_pricing_maximum_quantity":null,"tiered_pricing_quantity_step":null,"_links":{"self":[{"href":"https:\/\/gretasexylingerie.com\/fi\/wp-json\/wp\/v2\/product\/49405","targetHints":{"allow":["GET"]}}],"collection":[{"href":"https:\/\/gretasexylingerie.com\/fi\/wp-json\/wp\/v2\/product"}],"about":[{"href":"https:\/\/gretasexylingerie.com\/fi\/wp-json\/wp\/v2\/types\/product"}],"wp:featuredmedia":[{"embeddable":true,"href":"https:\/\/gretasexylingerie.com\/fi\/wp-json\/wp\/v2\/media\/49396"}],"wp:attachment":[{"href":"https:\/\/gretasexylingerie.com\/fi\/wp-json\/wp\/v2\/media?parent=49405"}],"wp:term":[{"taxonomy":"product_brand","embeddable":true,"href":"https:\/\/gretasexylingerie.com\/fi\/wp-json\/wp\/v2\/product_brand?post=49405"},{"taxonomy":"product_cat","embeddable":true,"href":"https:\/\/gretasexylingerie.com\/fi\/wp-json\/wp\/v2\/product_cat?post=49405"},{"taxonomy":"product_tag","embeddable":true,"href":"https:\/\/gretasexylingerie.com\/fi\/wp-json\/wp\/v2\/product_tag?post=49405"}],"curies":[{"name":"wp","href":"https:\/\/api.w.org\/{rel}","templated":true}]}}