{"id":49288,"date":"2024-02-27T20:12:50","date_gmt":"2024-02-27T12:12:50","guid":{"rendered":"https:\/\/gretasexylingerie.com\/?post_type=product&#038;p=49288"},"modified":"2024-02-29T17:09:01","modified_gmt":"2024-02-29T09:09:01","slug":"tukku-naamiointi-bondage-varusteet","status":"publish","type":"product","link":"https:\/\/gretasexylingerie.com\/fi\/products\/wholesale-camouflage-bondage-equipment\/","title":{"rendered":"Tukkukaupan naamiointi-bondage-varusteet armeijan Cosplay-peliin"},"content":{"rendered":"<p><strong>Armeijan inspiroima naamiointisuunnittelu<\/strong>: Syleile tuntemattoman j\u00e4nnityst\u00e4 bondage-varusteilla, jotka kunnioittavat armeijan cosplaya. Naamiointikuvio ei vain lis\u00e4\u00e4 juonittelua, vaan my\u00f6s luo alustan mielikuvituksellisille skenaarioille, jotka ovat t\u00e4ydellinen niille, jotka haluavat sis\u00e4llytt\u00e4\u00e4 sotilaallisen teeman leikkiins\u00e4.<\/p>\n\n\n\n<p><strong>T\u00e4ydellinen sarja monipuoliseen pelaamiseen<\/strong>: T\u00e4m\u00e4 kattava sarja sis\u00e4lt\u00e4\u00e4 nahkaisen melan, sidoksen, hihnan, k\u00e4siraudat, nilkkahihansuut, kaulukset, ristisoljen ja vaipan. Se on suunniteltu vastaamaan erilaisiin mieltymyksiin ja skenaarioihin kevyest\u00e4 kiusoituksesta intensiivisemp\u00e4\u00e4n hillitsemiseen.<\/p>\n\n\n\n<p><strong>Laadukkaat materiaalit kest\u00e4v\u00e4t<\/strong>: Valmistettu ensiluokkaisesta PU:sta ja varustettu korkealaatuisella laitteistolla, jokainen t\u00e4m\u00e4n setin osa on rakennettu kest\u00e4m\u00e4\u00e4n. Kest\u00e4v\u00e4t materiaalit varmistavat, ett\u00e4 laitteet kest\u00e4v\u00e4t leikin rasitusta, mik\u00e4 takaa sek\u00e4 turvallisuuden ett\u00e4 luotettavuuden.<\/p>\n\n\n\n<p><strong>Esittele uutta dynamiikkaa Humble and Hogtied Toylla<\/strong>: Sis\u00e4lt\u00e4\u00e4 kohteita, kuten a <strong>n\u00f6yr\u00e4 nilkkatuilla<\/strong> ja a <strong>hogtied lelu<\/strong>T\u00e4m\u00e4 sarja mahdollistaa uuden dynamiikan ja asemien tutkimisen. N\u00e4m\u00e4 lis\u00e4ykset sopivat t\u00e4ydellisesti niille, jotka haluavat laajentaa ohjelmistoaan ja tuoda istuntoihinsa n\u00f6yryytt\u00e4 tai liikkumattomuutta.<\/p>\n\n\n\n<p><strong>T\u00e4ydellinen teemapeleihin ja cosplay-peleihin<\/strong>: Olitpa armeijan cosplayn fani tai vain nautit naamioinnin estetiikasta, t\u00e4m\u00e4 bondage-varustesarja tarjoaa ainutlaatuisen tavan parantaa pelaamistasi. Se on ihanteellinen teematapahtumiin, juhliin tai yksityistilaisuuksiin, joissa roolileikit ja puku lis\u00e4\u00e4v\u00e4t j\u00e4nnityst\u00e4.<\/p>\n\n\n\n<p><strong>Seksik\u00e4s orjalelu seikkailunhaluisille pariskunnille<\/strong>: T\u00e4m\u00e4 sarja ei ole vain orjuuden fyysinen puoli; se on my\u00f6s a <strong>seksik\u00e4s orjalelu<\/strong> jotka voivat syvent\u00e4\u00e4 kumppanien v\u00e4list\u00e4 yhteytt\u00e4. Se rohkaisee luottamusta, kommunikointia ja rajojen tutkimista turvallisella ja yksimielisell\u00e4 tavalla.<\/p>\n\n\n\n<p>Astu fantasia- ja hallinnan maailmaan naamiointiv\u00e4linesarjamme avulla. Suunnitteletpa armeijateemaa cosplayta tai haluat vain lis\u00e4t\u00e4 peliisi juonittelua, t\u00e4m\u00e4 sarja tarjoaa t\u00e4ydellisen yhdistelm\u00e4n laatua, monipuolisuutta ja temaattista vetovoimaa. Tilaa nyt ja l\u00e4hde ilon ja<\/p>","protected":false},"excerpt":{"rendered":"<p>Sukella rohkeaan leikkiin meid\u00e4n kanssamme <strong>naamiointi orjuuteen varusteet<\/strong>, t\u00e4ydellinen setti, joka on suunniteltu armeijan cosplay-harrastajille. T\u00e4m\u00e4 sarja sis\u00e4lt\u00e4\u00e4 laadukkaan PU:n ja laitteiston, ja se sis\u00e4lt\u00e4\u00e4 kaiken, mit\u00e4 kiehtovaan kokemukseen tarvitaan.<\/p>","protected":false},"featured_media":49276,"template":"","meta":[],"product_brand":[],"product_cat":[1059,1061],"product_tag":[],"class_list":{"0":"post-49288","1":"product","2":"type-product","3":"status-publish","4":"has-post-thumbnail","6":"product_cat-wholesale-bondage-equipment","7":"product_cat-wholesale-bondage-gear","8":"pa_color-camouflage","10":"first","11":"instock","12":"taxable","13":"shipping-taxable","14":"purchasable","15":"product-type-variable"},"tiered_pricing_type":"fixed","tiered_pricing_fixed_rules":[],"tiered_pricing_product_settings":{"layout":"table","base_unit_name":{"singular":null,"plural":null},"default_variation":null},"tiered_pricing_minimum_quantity":null,"tiered_pricing_roles_data":[],"tiered_pricing_percentage_rules":[],"tiered_pricing_maximum_quantity":null,"tiered_pricing_quantity_step":null,"_links":{"self":[{"href":"https:\/\/gretasexylingerie.com\/fi\/wp-json\/wp\/v2\/product\/49288","targetHints":{"allow":["GET"]}}],"collection":[{"href":"https:\/\/gretasexylingerie.com\/fi\/wp-json\/wp\/v2\/product"}],"about":[{"href":"https:\/\/gretasexylingerie.com\/fi\/wp-json\/wp\/v2\/types\/product"}],"wp:featuredmedia":[{"embeddable":true,"href":"https:\/\/gretasexylingerie.com\/fi\/wp-json\/wp\/v2\/media\/49276"}],"wp:attachment":[{"href":"https:\/\/gretasexylingerie.com\/fi\/wp-json\/wp\/v2\/media?parent=49288"}],"wp:term":[{"taxonomy":"product_brand","embeddable":true,"href":"https:\/\/gretasexylingerie.com\/fi\/wp-json\/wp\/v2\/product_brand?post=49288"},{"taxonomy":"product_cat","embeddable":true,"href":"https:\/\/gretasexylingerie.com\/fi\/wp-json\/wp\/v2\/product_cat?post=49288"},{"taxonomy":"product_tag","embeddable":true,"href":"https:\/\/gretasexylingerie.com\/fi\/wp-json\/wp\/v2\/product_tag?post=49288"}],"curies":[{"name":"wp","href":"https:\/\/api.w.org\/{rel}","templated":true}]}}