{"id":49272,"date":"2024-02-27T20:11:34","date_gmt":"2024-02-27T12:11:34","guid":{"rendered":"https:\/\/gretasexylingerie.com\/?post_type=product&#038;p=49272"},"modified":"2024-02-29T17:01:00","modified_gmt":"2024-02-29T09:01:00","slug":"tukku-kettukuvioinen-pehmea-bondage-gear","status":"publish","type":"product","link":"https:\/\/gretasexylingerie.com\/fi\/products\/wholesale-fox-pattern-soft-bondage-gear\/","title":{"rendered":"Tukku Fox Pattern Pehme\u00e4 Bondage Gear kullattu"},"content":{"rendered":"<p><strong>Lumoava kettukuvio<\/strong>: Sukella kettun, oveluuden ja kauneuden symbolin, vieh\u00e4tykseen orjavarusteillamme. Jokaisen kappaleen kullattu kuvio lis\u00e4\u00e4 ripauksen ylellisyytt\u00e4 ja mystiikkaa kutsuen k\u00e4ytt\u00e4ji\u00e4 ilment\u00e4m\u00e4\u00e4n ketun leikkis\u00e4\u00e4 ja viettelev\u00e4\u00e4 henke\u00e4.<\/p>\n\n\n\n<p><strong>Ylelliset kullatut aksentit<\/strong>: Korosta orjaleikki\u00e4si kullattujen yksityiskohtien runsaudella. N\u00e4m\u00e4 aksentit eiv\u00e4t vain lis\u00e4\u00e4 esteettist\u00e4 vetovoimaa, vaan my\u00f6s merkitsev\u00e4t korkeatasoista ammattitaitoa, mik\u00e4 tekee jokaisesta istunnosta ylellisen kokemuksen.<\/p>\n\n\n\n<p><strong>Kattava sarja tehostettuun pelaamiseen<\/strong>: T\u00e4m\u00e4 setti sis\u00e4lt\u00e4\u00e4 talutushihnan, k\u00e4siraudat ja nilkkaranneke tarjoaa monipuolisen perustan tutkimiseen. Olitpa kokenut harjoittaja tai uusi, sarja tarjoaa tasapainoisen yhdistelm\u00e4n hillint\u00e4\u00e4 ja mukavuutta, joka on ihanteellinen <strong>alistuva kaulus nahkaa<\/strong> kokoelma.<\/p>\n\n\n\n<p><strong>Ensiluokkaiset materiaalit<\/strong>: Valmistettu korkealaatuisesta PU:sta ja koristeltu ensiluokkaisella laitteistolla, jokainen sarjan esine on suunniteltu kest\u00e4m\u00e4\u00e4n, turvallisuuteen ja mukavuuteen. Pehme\u00e4t mutta tukevat materiaalit takaavat miellytt\u00e4v\u00e4n kokemuksen ja sulautuvat saumattomasti mihin tahansa <strong>niskasta ranteeseen -turvasarja<\/strong>.<\/p>\n\n\n\n<p><strong>N\u00e4ytt\u00e4v\u00e4 punainen ja musta muotoilu<\/strong>: Punaisen ja mustan rohkea yhdistelm\u00e4 ei ainoastaan anna visuaalista ilmett\u00e4, vaan my\u00f6s her\u00e4tt\u00e4\u00e4 syv\u00e4n intohimon ja intensiivisyyden tunteen. T\u00e4m\u00e4 v\u00e4rimaailma sopii t\u00e4ydellisesti niille, jotka haluavat lis\u00e4t\u00e4 dramaattista tunnelmaa orjuuteensa.<\/p>\n\n\n\n<p><strong>Monipuolinen ja mielikuvituksellinen k\u00e4ytt\u00f6<\/strong>: Ketun oveluudesta ja vieh\u00e4tyksest\u00e4 inspiroima setti kannustaa mielikuvitukselliseen leikkiin ja tutkimiseen. Se on t\u00e4ydellinen lis\u00e4 mihin tahansa <strong>pehme\u00e4t bondage-varusteet<\/strong> kokoelma, joka tarjoaa loputtomasti mahdollisuuksia luoviin skenaarioihin ja dynaamiseen vuorovaikutukseen.<\/p>\n\n\n\n<p>Ymm\u00e4rr\u00e4 kettukuvioisten bondage-varusteidemme eleganssia ja juonittelua. T\u00e4m\u00e4 sarja on enemm\u00e4n kuin vain lis\u00e4varusteita; se on portti fantasia- ja tutkimusmaailmaan. Tilaa nyt ja muuta orjapelisi upeaksi kokemukseksi, joka kiehtoo ja ilahduttaa.<\/p>","protected":false},"excerpt":{"rendered":"<p>Astu fantasiamaailmaan kanssamme <strong>pehme\u00e4t bondage-varusteet<\/strong>, jota koristaa hieno kettukuvio ja kullatut aksentit. T\u00e4m\u00e4 punainen ja musta setti, joka sis\u00e4lt\u00e4\u00e4 talutushihnan, k\u00e4siraudat ja nilkkamansetin, yhdist\u00e4\u00e4 korkealaatuisen PU:n ensiluokkaiseen laitteistoon lumoavan kokemuksen saamiseksi.<\/p>","protected":false},"featured_media":49267,"template":"","meta":[],"product_brand":[],"product_cat":[1059,1061,1066],"product_tag":[],"class_list":{"0":"post-49272","1":"product","2":"type-product","3":"status-publish","4":"has-post-thumbnail","6":"product_cat-wholesale-bondage-equipment","7":"product_cat-wholesale-bondage-gear","8":"product_cat-handcuffs-bondage-collars-ankle-strap","9":"pa_color-black","10":"pa_color-green","11":"pa_size-anklet-cuff","12":"pa_size-collar","13":"pa_size-handcuff","14":"pa_size-set","16":"first","17":"instock","18":"taxable","19":"shipping-taxable","20":"purchasable","21":"product-type-variable"},"tiered_pricing_type":"fixed","tiered_pricing_fixed_rules":[],"tiered_pricing_product_settings":{"layout":"table","base_unit_name":{"singular":null,"plural":null},"default_variation":null},"tiered_pricing_minimum_quantity":null,"tiered_pricing_roles_data":[],"tiered_pricing_percentage_rules":[],"tiered_pricing_maximum_quantity":null,"tiered_pricing_quantity_step":null,"_links":{"self":[{"href":"https:\/\/gretasexylingerie.com\/fi\/wp-json\/wp\/v2\/product\/49272","targetHints":{"allow":["GET"]}}],"collection":[{"href":"https:\/\/gretasexylingerie.com\/fi\/wp-json\/wp\/v2\/product"}],"about":[{"href":"https:\/\/gretasexylingerie.com\/fi\/wp-json\/wp\/v2\/types\/product"}],"wp:featuredmedia":[{"embeddable":true,"href":"https:\/\/gretasexylingerie.com\/fi\/wp-json\/wp\/v2\/media\/49267"}],"wp:attachment":[{"href":"https:\/\/gretasexylingerie.com\/fi\/wp-json\/wp\/v2\/media?parent=49272"}],"wp:term":[{"taxonomy":"product_brand","embeddable":true,"href":"https:\/\/gretasexylingerie.com\/fi\/wp-json\/wp\/v2\/product_brand?post=49272"},{"taxonomy":"product_cat","embeddable":true,"href":"https:\/\/gretasexylingerie.com\/fi\/wp-json\/wp\/v2\/product_cat?post=49272"},{"taxonomy":"product_tag","embeddable":true,"href":"https:\/\/gretasexylingerie.com\/fi\/wp-json\/wp\/v2\/product_tag?post=49272"}],"curies":[{"name":"wp","href":"https:\/\/api.w.org\/{rel}","templated":true}]}}