{"id":49244,"date":"2024-02-27T20:09:29","date_gmt":"2024-02-27T12:09:29","guid":{"rendered":"https:\/\/gretasexylingerie.com\/?post_type=product&#038;p=49244"},"modified":"2024-02-29T16:53:08","modified_gmt":"2024-02-29T08:53:08","slug":"tukku-kallo-brodeerattu-bondage-varusteet","status":"publish","type":"product","link":"https:\/\/gretasexylingerie.com\/fi\/products\/wholesale-skull-embroidered-bondage-gear\/","title":{"rendered":"Tukkumyynti Skull Brodeerattu Bondage Gear"},"content":{"rendered":"<p><strong>Ainutlaatuinen p\u00e4\u00e4kallokirjonta<\/strong>: Erotu joukosta, joka antaa lausunnon. Jokaisen kappaleen kallokirjonta lis\u00e4\u00e4 rohkeaa, kapinallista kosketusta, joka on t\u00e4ydellinen niille, jotka haluavat ilmaista rohkeaa puoltaan valitsemallaan <strong>k\u00e4sien ja jalkojen rajoitukset<\/strong>. T\u00e4m\u00e4 erottuva muotoilu ei vain n\u00e4yt\u00e4 silmiinpist\u00e4v\u00e4lt\u00e4, vaan my\u00f6s ilment\u00e4\u00e4 seikkailun ja vapauden henke\u00e4.<\/p>\n\n\n\n<p><strong>Laadukas PU ja ensiluokkainen laitteisto<\/strong>: Valmistettu erinomaisesta PU-nahasta, jota t\u00e4ydent\u00e4v\u00e4t huippuluokan laitteistot, t\u00e4m\u00e4 sarja lupaa kest\u00e4vyytt\u00e4 ja mukavuutta. Materiaalit on valittu niiden lujuuden ja joustavuuden perusteella, mik\u00e4 varmistaa, ett\u00e4 orjuuden kokemuksesi on sek\u00e4 turvallinen ett\u00e4 tyydytt\u00e4v\u00e4. Ensiluokkainen laitteisto lis\u00e4\u00e4 ripauksen ylellisyytt\u00e4 ja luotettavuutta, mik\u00e4 tekee jokaisesta istunnosta luksuskokemuksen.<\/p>\n\n\n\n<p><strong>Vihre\u00e4 ja musta v\u00e4rimalli<\/strong>: Eloisa vihre\u00e4 syv\u00e4n mustaa vasten tarjoaa visuaalisesti silmiinpist\u00e4v\u00e4n kontrastin ja lis\u00e4\u00e4 intensiivisyytt\u00e4 ja tyyli\u00e4 bondage-peliisi. T\u00e4m\u00e4 v\u00e4riyhdistelm\u00e4 ei ole vain estetiikkaa; Se symboloi elinvoiman (vihre\u00e4) ja tuntemattoman ja voiman (musta) yhdistelm\u00e4\u00e4, mik\u00e4 parantaa orjuuden tutkimisen psykologista vaikutusta.<\/p>\n\n\n\n<p><strong>Kattava setti hillitsemiseen<\/strong>: T\u00e4m\u00e4 sarja sis\u00e4lt\u00e4\u00e4 talutushihnan, k\u00e4siraudat ja nilkkahihansuut, joten se tarjoaa t\u00e4ydellisen ratkaisun hillitsemiseen. Olitpa aloittelija tai kokenut harrastaja, monipuolisuus <strong>ranteesta nilkkaan k\u00e4siraudat<\/strong> mahdollistaa erilaisia kokoonpanoja, mik\u00e4 rohkaisee luovuutta ja tutkimista istuntojesi aikana.<\/p>\n\n\n\n<p><strong>Monipuolinen k\u00e4ytt\u00f6 eri skenaarioissa<\/strong>: Ihanteellinen teemajuhliin, yksityistilaisuuksiin tai n\u00e4ytt\u00e4v\u00e4n\u00e4 lis\u00e4yksen\u00e4 kokoelmaasi, t\u00e4m\u00e4 kallokirjailtu bondage-varuste on riitt\u00e4v\u00e4n monipuolinen sopimaan erilaisiin tilanteisiin. Sen ainutlaatuinen muotoilu ja v\u00e4rimaailma tekev\u00e4t siit\u00e4 keskustelun aloittajan ja esittelykappaleen, kun taas sen toiminnallisuus varmistaa, ett\u00e4 se t\u00e4ytt\u00e4\u00e4 orjapelin vaatimukset.<\/p>\n\n\n\n<p><strong>Huomaamaton ja k\u00e4tev\u00e4 s\u00e4ilytys<\/strong>: Rohkeasta suunnittelustaan huolimatta t\u00e4m\u00e4 setti on helppo s\u00e4ilytt\u00e4\u00e4 huomaamattomasti, mik\u00e4 varmistaa, ett\u00e4 seikkailunhaluinen puoli on sinun salaisuutesi. Sarjan kompakti ja yhten\u00e4inen luonne tekee siit\u00e4 k\u00e4tev\u00e4n s\u00e4ilytyksen kiinnitt\u00e4m\u00e4tt\u00e4 tarpeetonta huomiota.<\/p>\n\n\n\n<p>Syleile y\u00f6n j\u00e4nnityst\u00e4 kallokirjailtuilla bondage-varustesarjallamme. Se on enemm\u00e4n kuin pelkk\u00e4 varuste; se on rohkeuden ja kauneuden ilmaisu, joka on suunniteltu niille, jotka uskaltavat tutkia halun rajoja. Tilaa nyt ja korosta kokoelmaasi ripauksella tummaa eleganssia ja ylivoimaista toimivuutta!<\/p>","protected":false},"excerpt":{"rendered":"<p>Sukella meid\u00e4n pime\u00e4\u00e4n vieh\u00e4tykseen <strong>bondage gear nahkaa<\/strong> setti, jossa on kallokirjonta, joka lis\u00e4\u00e4 kokoelmaasi rohkeaa reunaa. T\u00e4m\u00e4 vihre\u00e4 ja musta kokonaisuus sis\u00e4lt\u00e4\u00e4 talutushihnan, k\u00e4siraudat ja nilkkahihansuut, jotka kaikki on valmistettu korkealaatuisesta PU:sta ja ensiluokkaisista laitteistoista.<\/p>","protected":false},"featured_media":49235,"template":"","meta":[],"product_brand":[],"product_cat":[1059,1061,1066],"product_tag":[],"class_list":{"0":"post-49244","1":"product","2":"type-product","3":"status-publish","4":"has-post-thumbnail","6":"product_cat-wholesale-bondage-equipment","7":"product_cat-wholesale-bondage-gear","8":"product_cat-handcuffs-bondage-collars-ankle-strap","9":"pa_color-black","10":"pa_color-green","11":"pa_size-anklet-cuff","12":"pa_size-collar","13":"pa_size-handcuff","14":"pa_size-set","16":"first","17":"instock","18":"taxable","19":"shipping-taxable","20":"purchasable","21":"product-type-variable"},"tiered_pricing_type":"fixed","tiered_pricing_fixed_rules":[],"tiered_pricing_product_settings":{"layout":"table","base_unit_name":{"singular":null,"plural":null},"default_variation":null},"tiered_pricing_minimum_quantity":null,"tiered_pricing_roles_data":[],"tiered_pricing_percentage_rules":[],"tiered_pricing_maximum_quantity":null,"tiered_pricing_quantity_step":null,"_links":{"self":[{"href":"https:\/\/gretasexylingerie.com\/fi\/wp-json\/wp\/v2\/product\/49244","targetHints":{"allow":["GET"]}}],"collection":[{"href":"https:\/\/gretasexylingerie.com\/fi\/wp-json\/wp\/v2\/product"}],"about":[{"href":"https:\/\/gretasexylingerie.com\/fi\/wp-json\/wp\/v2\/types\/product"}],"wp:featuredmedia":[{"embeddable":true,"href":"https:\/\/gretasexylingerie.com\/fi\/wp-json\/wp\/v2\/media\/49235"}],"wp:attachment":[{"href":"https:\/\/gretasexylingerie.com\/fi\/wp-json\/wp\/v2\/media?parent=49244"}],"wp:term":[{"taxonomy":"product_brand","embeddable":true,"href":"https:\/\/gretasexylingerie.com\/fi\/wp-json\/wp\/v2\/product_brand?post=49244"},{"taxonomy":"product_cat","embeddable":true,"href":"https:\/\/gretasexylingerie.com\/fi\/wp-json\/wp\/v2\/product_cat?post=49244"},{"taxonomy":"product_tag","embeddable":true,"href":"https:\/\/gretasexylingerie.com\/fi\/wp-json\/wp\/v2\/product_tag?post=49244"}],"curies":[{"name":"wp","href":"https:\/\/api.w.org\/{rel}","templated":true}]}}