{"id":49220,"date":"2024-02-27T20:07:48","date_gmt":"2024-02-27T12:07:48","guid":{"rendered":"https:\/\/gretasexylingerie.com\/?post_type=product&#038;p=49220"},"modified":"2024-02-29T13:46:42","modified_gmt":"2024-02-29T05:46:42","slug":"tukku-inspiroima-bondage-setti","status":"publish","type":"product","link":"https:\/\/gretasexylingerie.com\/fi\/products\/wholesale-inspired-bondage-set\/","title":{"rendered":"Tukkumyynti Fifty Shades of Grey Inspiroitu Bondage Set"},"content":{"rendered":"<p><strong>Lumoava perhonen teema<\/strong>: Astu fantasiamaailmaan kauneuden ja hillityksen yhdist\u00e4vill\u00e4 bondage-sarjalla. Metalliset galvanoidut perhoset lis\u00e4\u00e4v\u00e4t ripauksen oikuutta ja eleganssia, mik\u00e4 luo t\u00e4m\u00e4n <strong>kevyet bondage-varusteet<\/strong> paitsi taideteoksena yht\u00e4 paljon kuin rajoitusten kokoelmana.<\/p>\n\n\n\n<p><strong>Kirkkaat kontrastiv\u00e4rit<\/strong>: Musta-punaisen ja sini-punaisen s\u00e4vyjen silmiinpist\u00e4v\u00e4 kontrasti tuo sarjaan visuaalista vetovoimaa. N\u00e4m\u00e4 v\u00e4rit eiv\u00e4t ainoastaan paranna estetiikkaa, vaan my\u00f6s symboloivat niiden kokemusten intohimoa ja intensiivisyytt\u00e4, jonka ne lupaavat avata.<\/p>\n\n\n\n<p><strong>Kattava kokoelma tutkimista varten<\/strong>: Suunniteltu niille, jotka aloittavat S&amp;M-matkansa, t\u00e4m\u00e4 <strong>s&amp;m aloituspakkaus<\/strong> Sis\u00e4lt\u00e4\u00e4 nahkaisen melan, sidoksen, hihnan, k\u00e4siraudat, nilkkahihansuut, kaulukset, ristisoljen ja vaipan. Se on kuratoitu valikoima oleellisia asioita, joka tarjoaa turvallisen ja tyylikk\u00e4\u00e4n johdannon voimapelin dynamiikkaan.<\/p>\n\n\n\n<p><strong>Ensiluokkaiset materiaalit<\/strong>: Valmistettu korkealaatuisesta PU:sta ja vankkaista laitteistosta, jokainen sarjan osa on rakennettu kest\u00e4viksi ja mukaviksi. Materiaalit on valittu varmistamaan varma istuvuus ja kest\u00e4m\u00e4\u00e4n intohimoisen k\u00e4yt\u00f6n ankaruutta, mik\u00e4 tarjoaa mielenrauhaa ja nautintoa.<\/p>\n\n\n\n<p><strong>Temaattinen koheesio ja monipuolisuus<\/strong>: Ristiperhonen teema kulkee jokaisen kappaleen l\u00e4pi luoden yhten\u00e4isen ja mukaansatempaavan kokemuksen. T\u00e4m\u00e4 setti on tarpeeksi monipuolinen palvelemaan erilaisia mieltymyksi\u00e4, kevyen orjuuden houkuttelemista etsivist\u00e4 harrastajiin, jotka haluavat lis\u00e4t\u00e4 leikkiins\u00e4 temaattisen elementin.<\/p>\n\n\n\n<p><strong>Huomaamaton s\u00e4ilytys ja hoito<\/strong>: Sarjan harkittu muotoilu ulottuu s\u00e4ilytykseen, ja jokainen osa on helppo j\u00e4rjest\u00e4\u00e4 harkinnan mukaan. Se osoittaa yksityisyyden ja sijoituksestasi huolehtimisen t\u00e4rkeyden, mik\u00e4 varmistaa, ett\u00e4 sarja pysyy arvokkaana osana kokoelmaasi.<\/p>\n\n\n\n<p>Sukella halun syvyyksiin perhosaiheisella bondage-sarjallamme, joka on saanut inspiraationsa ikonisesta &quot;Fifty Shades of Greyst\u00e4&quot;. Se on kutsu tutkia nautinnon ja pid\u00e4ttymisen rajoja perhosen muodonmuutoksen kauneudessa. Tilaa nyt ja avaa fantasiasi siivet!<\/p>","protected":false},"excerpt":{"rendered":"<p>Uppoudu herkk\u00e4\u00e4 mutta rohkeaa maailmaamme <strong>viisikymment\u00e4 harmaan s\u00e4vy\u00e4 bondage setti<\/strong>, jossa on ristiperhonen teema, jota koristavat metalliset galvanoidut perhoset. T\u00e4ss\u00e4 kattavassa sarjassa yhdistyv\u00e4t korkealaatuiset PU-laitteistot kiehtovissa musta-punaisen ja sini-punaisen kontrasteissa.<\/p>","protected":false},"featured_media":49214,"template":"","meta":[],"product_brand":[],"product_cat":[1059,1061],"product_tag":[],"class_list":{"0":"post-49220","1":"product","2":"type-product","3":"status-publish","4":"has-post-thumbnail","6":"product_cat-wholesale-bondage-equipment","7":"product_cat-wholesale-bondage-gear","8":"pa_color-black","9":"pa_color-red-women-sexy-lingerie","11":"first","12":"instock","13":"taxable","14":"shipping-taxable","15":"purchasable","16":"product-type-variable"},"tiered_pricing_type":"fixed","tiered_pricing_fixed_rules":[],"tiered_pricing_product_settings":{"layout":"table","base_unit_name":{"singular":null,"plural":null},"default_variation":null},"tiered_pricing_minimum_quantity":null,"tiered_pricing_roles_data":[],"tiered_pricing_percentage_rules":[],"tiered_pricing_maximum_quantity":null,"tiered_pricing_quantity_step":null,"_links":{"self":[{"href":"https:\/\/gretasexylingerie.com\/fi\/wp-json\/wp\/v2\/product\/49220","targetHints":{"allow":["GET"]}}],"collection":[{"href":"https:\/\/gretasexylingerie.com\/fi\/wp-json\/wp\/v2\/product"}],"about":[{"href":"https:\/\/gretasexylingerie.com\/fi\/wp-json\/wp\/v2\/types\/product"}],"wp:featuredmedia":[{"embeddable":true,"href":"https:\/\/gretasexylingerie.com\/fi\/wp-json\/wp\/v2\/media\/49214"}],"wp:attachment":[{"href":"https:\/\/gretasexylingerie.com\/fi\/wp-json\/wp\/v2\/media?parent=49220"}],"wp:term":[{"taxonomy":"product_brand","embeddable":true,"href":"https:\/\/gretasexylingerie.com\/fi\/wp-json\/wp\/v2\/product_brand?post=49220"},{"taxonomy":"product_cat","embeddable":true,"href":"https:\/\/gretasexylingerie.com\/fi\/wp-json\/wp\/v2\/product_cat?post=49220"},{"taxonomy":"product_tag","embeddable":true,"href":"https:\/\/gretasexylingerie.com\/fi\/wp-json\/wp\/v2\/product_tag?post=49220"}],"curies":[{"name":"wp","href":"https:\/\/api.w.org\/{rel}","templated":true}]}}