{"id":49205,"date":"2024-02-27T20:06:44","date_gmt":"2024-02-27T12:06:44","guid":{"rendered":"https:\/\/gretasexylingerie.com\/?post_type=product&#038;p=49205"},"modified":"2024-02-29T13:31:39","modified_gmt":"2024-02-29T05:31:39","slug":"tukku-violetti-bondage-kit","status":"publish","type":"product","link":"https:\/\/gretasexylingerie.com\/fi\/products\/wholesale-purple-bondage-kit\/","title":{"rendered":"Purple Bondage -sarja nahkatarvikkeineen"},"content":{"rendered":"<p><strong>Bat-teemainen estetiikka<\/strong>: Syleile iltaa setill\u00e4, joka on yht\u00e4 salaper\u00e4inen kuin houkuttelevakin. Lepakkoaiheinen muotoilu lis\u00e4\u00e4 ainutlaatuista k\u00e4\u00e4nnett\u00e4 perinteiseen orjuuteen ja tarjoaa mielikuvituksellisen taustan tutkimiseen ja leikkimiseen. T\u00e4m\u00e4 temaattinen l\u00e4hestymistapa sopii t\u00e4ydellisesti pariskunnille, jotka haluavat lis\u00e4t\u00e4 kohtaamisiinsa kerronnallisen elementin.<\/p>\n\n\n\n<p><strong>H\u00e4mm\u00e4stytt\u00e4v\u00e4t v\u00e4rikontrastit<\/strong>: Eloisa musta-punainen ja musta-violetti kontrastisuunnittelunsa ansiosta t\u00e4m\u00e4 sarja erottuu paitsi laadultaan my\u00f6s tyylilt\u00e4\u00e4n. Rohkeat v\u00e4rit her\u00e4tt\u00e4v\u00e4t intohimoa ja syvyytt\u00e4, tehden jokaisesta kappaleesta paitsi sidontaty\u00f6kalun, my\u00f6s halun ilmaisun.<\/p>\n\n\n\n<p><strong>Kattava johdantosarja<\/strong>: Ihanteellinen aloittelijoille, t\u00e4m\u00e4 <strong>johdatteleva bondage-sarja<\/strong> Sis\u00e4lt\u00e4\u00e4 sidekalvon, talutushihnan, k\u00e4siraudat, nilkkahihansuut, kaulukset, ristisoljen ja vaipan. Se tarjoaa kaiken tarvittavan hillittymisen ja alistumisen dynamiikan turvalliseen tutkimiseen, joten se on t\u00e4ydellinen l\u00e4ht\u00f6kohta uteliaille seikkailijoille.<\/p>\n\n\n\n<p><strong>Laadukas PU ja laitteisto<\/strong>: Valmistettu ensiluokkaisesta PU:sta ja vankkaista laitteistosta, jokainen sarjan esine on suunniteltu kest\u00e4viksi ja mukaviksi. Materiaalit on valittu huolellisesti varmistamaan turvallinen mutta mukava istuvuus, mik\u00e4 mahdollistaa pidempi\u00e4 leikkihetki\u00e4 turvallisuudesta tai tunteesta tinkim\u00e4tt\u00e4.<\/p>\n\n\n\n<p><strong>Monipuolinen k\u00e4ytt\u00f6<\/strong>: Kiinnostaapa sinua aistien puutteen aiheuttama psykologinen j\u00e4nnitys, hillitsemisen fyysinen nautinto tai hyvin yhteensovitetun setin esteettinen vieh\u00e4tys, t\u00e4m\u00e4 sarja palvelee monia kiinnostuksen kohteita ja mieltymyksi\u00e4. Se on monipuolinen lis\u00e4ys mihin tahansa <strong>nahkaiset varusteet<\/strong> kokoelma, joka tarjoaa lukuisia tutkimusmahdollisuuksia.<\/p>\n\n\n\n<p><strong>Huomaamaton ja k\u00e4tev\u00e4 s\u00e4ilytys<\/strong>: Sarjan yhten\u00e4inen muotoilu ei ole vain visuaalisesti houkutteleva, vaan my\u00f6s k\u00e4yt\u00e4nn\u00f6llinen, ja jokainen pala on helppo s\u00e4ilytt\u00e4\u00e4 harkinnan mukaan. Se on harkittu harkinta niille, jotka arvostavat yksityisyytt\u00e4 yht\u00e4 paljon kuin nautintoa.<\/p>\n\n\n\n<p>Astu maailmaan, jossa fantasia ja todellisuus h\u00e4m\u00e4rtyv\u00e4t violetin bondage-sarjamme avulla. T\u00e4m\u00e4 sarja on enemm\u00e4n kuin pelkk\u00e4 johdatus orjuuteen; se on kutsu tutkia toiveitasi ymp\u00e4rist\u00f6ss\u00e4, joka on sek\u00e4 turvallinen ett\u00e4 visuaalisesti upea. Tilaa nyt ja anna seikkailu alkaa ripauksella eleganssia ja mysteeri\u00e4!<\/p>","protected":false},"excerpt":{"rendered":"<p>Tutustu meid\u00e4n vieh\u00e4tysvoimaan <strong>violetti bondage kit<\/strong>, lepakoteemainen sidesarja, joka yhdist\u00e4\u00e4 korkealaatuiset PU-laitteistot silmiinpist\u00e4v\u00e4\u00e4 musta-punainen ja musta-violetti kontrastit, suunniteltu niille, jotka uskaltautuvat orjuuden maailmaan.<\/p>","protected":false},"featured_media":49198,"template":"","meta":[],"product_brand":[],"product_cat":[1059,1061],"product_tag":[],"class_list":{"0":"post-49205","1":"product","2":"type-product","3":"status-publish","4":"has-post-thumbnail","6":"product_cat-wholesale-bondage-equipment","7":"product_cat-wholesale-bondage-gear","8":"pa_color-black","9":"pa_color-purple-women-sexy-lingerie","11":"first","12":"instock","13":"taxable","14":"shipping-taxable","15":"purchasable","16":"product-type-variable"},"tiered_pricing_type":"fixed","tiered_pricing_fixed_rules":[],"tiered_pricing_product_settings":{"layout":"table","base_unit_name":{"singular":null,"plural":null},"default_variation":null},"tiered_pricing_minimum_quantity":null,"tiered_pricing_roles_data":[],"tiered_pricing_percentage_rules":[],"tiered_pricing_maximum_quantity":null,"tiered_pricing_quantity_step":null,"_links":{"self":[{"href":"https:\/\/gretasexylingerie.com\/fi\/wp-json\/wp\/v2\/product\/49205","targetHints":{"allow":["GET"]}}],"collection":[{"href":"https:\/\/gretasexylingerie.com\/fi\/wp-json\/wp\/v2\/product"}],"about":[{"href":"https:\/\/gretasexylingerie.com\/fi\/wp-json\/wp\/v2\/types\/product"}],"wp:featuredmedia":[{"embeddable":true,"href":"https:\/\/gretasexylingerie.com\/fi\/wp-json\/wp\/v2\/media\/49198"}],"wp:attachment":[{"href":"https:\/\/gretasexylingerie.com\/fi\/wp-json\/wp\/v2\/media?parent=49205"}],"wp:term":[{"taxonomy":"product_brand","embeddable":true,"href":"https:\/\/gretasexylingerie.com\/fi\/wp-json\/wp\/v2\/product_brand?post=49205"},{"taxonomy":"product_cat","embeddable":true,"href":"https:\/\/gretasexylingerie.com\/fi\/wp-json\/wp\/v2\/product_cat?post=49205"},{"taxonomy":"product_tag","embeddable":true,"href":"https:\/\/gretasexylingerie.com\/fi\/wp-json\/wp\/v2\/product_tag?post=49205"}],"curies":[{"name":"wp","href":"https:\/\/api.w.org\/{rel}","templated":true}]}}