{"id":49194,"date":"2024-02-27T20:06:00","date_gmt":"2024-02-27T12:06:00","guid":{"rendered":"https:\/\/gretasexylingerie.com\/?post_type=product&#038;p=49194"},"modified":"2024-02-29T13:13:34","modified_gmt":"2024-02-29T05:13:34","slug":"tukkumyynti-tarvitset-nahka-bondage-kit","status":"publish","type":"product","link":"https:\/\/gretasexylingerie.com\/fi\/products\/wholesale-you-need-leather-bondage-kit\/","title":{"rendered":"Tukkumyynti kaikki mit\u00e4 tarvitset V\u00e4rik\u00e4s Nahkainen Bondage Kit"},"content":{"rendered":"<p><strong>Timanttijousen koristeet<\/strong>: Paranna orjuuskokemustasi t\u00e4m\u00e4n setin ainutlaatuisilla timanttijousen aksenteilla, jotka lis\u00e4\u00e4v\u00e4t ripauksen eleganssia ja oikuutta <strong>bondage varusteet ja tarvikkeet<\/strong>. N\u00e4m\u00e4 kimaltelevat yksityiskohdat kutsuvat leikkis\u00e4\u00e4n mutta ylelliseen toiveiden tutkimiseen.<\/p>\n\n\n\n<p><strong>El\u00e4v\u00e4 v\u00e4rivalikoima<\/strong>: Saatavana silmiinpist\u00e4v\u00e4n mustana, rehev\u00e4n vihre\u00e4n\u00e4 ja leikkis\u00e4 vaaleanpunaisena, t\u00e4m\u00e4 setti sopii henkil\u00f6kohtaiseen tyyliin ja mieltymyksiin, joten jokainen istunto ei ole vain fyysisten rajojen tutkimista, vaan my\u00f6s henkil\u00f6kohtaista ilmaisua.<\/p>\n\n\n\n<p><strong>Kattava BDSM-kokoelma<\/strong>: T\u00e4m\u00e4 setti sis\u00e4lt\u00e4\u00e4 tarvikkeita, kuten nahkaisen melan, sidoksen, hihnan, k\u00e4siraudat, nilkkahihansuut, kaulukset, ristisolki ja vaippa, joten se on aarreaitta pariskunnille, jotka l\u00e4htev\u00e4t BDSM:n maailmoihin. Se on suunniteltu t\u00e4ytt\u00e4m\u00e4\u00e4n sek\u00e4 aloittelijoiden ett\u00e4 kokeneiden harrastajien monipuoliset tarpeet.<\/p>\n\n\n\n<p><strong>Premium PU ja laitteisto<\/strong>: Valmistettu korkealaatuisesta PU-nahasta, jota t\u00e4ydent\u00e4v\u00e4t huippuluokan laitteistot, jokainen t\u00e4m\u00e4n setin pala lupaa kest\u00e4vyytt\u00e4 ja mukavuutta. Materiaalit on valittu huolellisesti, jotta ne kest\u00e4v\u00e4t kohtaamistenne intensiivisyytt\u00e4 s\u00e4ilytt\u00e4en samalla ylellisen tunnelman.<\/p>\n\n\n\n<p><strong>Koristeellinen ja toimiva<\/strong>: Esteettisen vieh\u00e4tyksens\u00e4 lis\u00e4ksi timanttijouset toimivat ihastuttavana vastakohtana setin luontaiselle dominanssille tarjoten visuaalisen ja tuntoherk\u00e4n muistutuksen BDSM-dynamiikan voiman ja leikkisyyden v\u00e4lisest\u00e4 tasapainosta.<\/p>\n\n\n\n<p><strong>Avaa loputtomat mahdollisuudet<\/strong>: T\u00e4m\u00e4 <strong>kaikki mit\u00e4 tarvitset bondage kit<\/strong> on enemm\u00e4n kuin vain kokoelma esineit\u00e4; se on portti tutkimisen, yhteyksien ja innostavien kokemusten maailmaan. Se kutsuu parit kommunikoimaan, kokeilemaan ja l\u00e4hentym\u00e4\u00e4n yhteisten seikkailujen kautta.<\/p>\n\n\n\n<p>Astu maailmaan, jossa v\u00e4rit, ylellisyys ja halu kietoutuvat eloisaan nahkaiseen bondage-sarjaamme. Halusitpa sitten lis\u00e4t\u00e4 ripaus v\u00e4ri\u00e4 kokoelmaasi tai l\u00e4hte\u00e4 uudelle tutkimusmatkalle, t\u00e4m\u00e4 sarja tarjoaa kaiken tarvitsemasi ja paljon muuta. Tilaa nyt ja avaa valikoima leikkillisi\u00e4 mahdollisuuksia!<\/p>","protected":false},"excerpt":{"rendered":"<p>Esittele pelivalikoimamme kanssamme <strong>kaikki mit\u00e4 tarvitset bondage kit<\/strong>, eloisa nahkapaketti, joka on koristeltu timanttijousilla, yhdist\u00e4en ylellisyyden ja BDSM:n j\u00e4nnityksen.<\/p>","protected":false},"featured_media":49190,"template":"","meta":[],"product_brand":[],"product_cat":[1059,1061],"product_tag":[],"class_list":{"0":"post-49194","1":"product","2":"type-product","3":"status-publish","4":"has-post-thumbnail","6":"product_cat-wholesale-bondage-equipment","7":"product_cat-wholesale-bondage-gear","8":"pa_color-black","9":"pa_color-green","10":"pa_color-pink-women-sexy-lingerie","12":"first","13":"instock","14":"taxable","15":"shipping-taxable","16":"purchasable","17":"product-type-variable"},"tiered_pricing_type":"fixed","tiered_pricing_fixed_rules":[],"tiered_pricing_product_settings":{"layout":"table","base_unit_name":{"singular":null,"plural":null},"default_variation":null},"tiered_pricing_minimum_quantity":null,"tiered_pricing_roles_data":[],"tiered_pricing_percentage_rules":[],"tiered_pricing_maximum_quantity":null,"tiered_pricing_quantity_step":null,"_links":{"self":[{"href":"https:\/\/gretasexylingerie.com\/fi\/wp-json\/wp\/v2\/product\/49194","targetHints":{"allow":["GET"]}}],"collection":[{"href":"https:\/\/gretasexylingerie.com\/fi\/wp-json\/wp\/v2\/product"}],"about":[{"href":"https:\/\/gretasexylingerie.com\/fi\/wp-json\/wp\/v2\/types\/product"}],"wp:featuredmedia":[{"embeddable":true,"href":"https:\/\/gretasexylingerie.com\/fi\/wp-json\/wp\/v2\/media\/49190"}],"wp:attachment":[{"href":"https:\/\/gretasexylingerie.com\/fi\/wp-json\/wp\/v2\/media?parent=49194"}],"wp:term":[{"taxonomy":"product_brand","embeddable":true,"href":"https:\/\/gretasexylingerie.com\/fi\/wp-json\/wp\/v2\/product_brand?post=49194"},{"taxonomy":"product_cat","embeddable":true,"href":"https:\/\/gretasexylingerie.com\/fi\/wp-json\/wp\/v2\/product_cat?post=49194"},{"taxonomy":"product_tag","embeddable":true,"href":"https:\/\/gretasexylingerie.com\/fi\/wp-json\/wp\/v2\/product_tag?post=49194"}],"curies":[{"name":"wp","href":"https:\/\/api.w.org\/{rel}","templated":true}]}}