{"id":49181,"date":"2024-02-27T20:05:01","date_gmt":"2024-02-27T12:05:01","guid":{"rendered":"https:\/\/gretasexylingerie.com\/?post_type=product&#038;p=49181"},"modified":"2024-02-29T12:57:29","modified_gmt":"2024-02-29T04:57:29","slug":"tukku-frisky-makuuhuoneen-turvaistuinsarja-3","status":"publish","type":"product","link":"https:\/\/gretasexylingerie.com\/fi\/products\/wholesale-frisky-bedroom-restraint-kit\/","title":{"rendered":"Tukku Frisky Bedroom Restraint Kit kissankynsill\u00e4"},"content":{"rendered":"<p><strong>Cat Claw nahkainen mela<\/strong>: Lis\u00e4\u00e4 tutkimusmatkallesi leikkis\u00e4 mutta rohkea reuna kissankynsinahkaisella melalla. Sen ainutlaatuinen muotoilu lupaa j\u00e4tt\u00e4\u00e4 pysyv\u00e4n vaikutuksen, mik\u00e4 tekee siit\u00e4 erottuvan kappaleen miss\u00e4 tahansa <strong>varusteet<\/strong> kokoelma.<\/p>\n\n\n\n<p><strong>Kattava Restraint Ensemble<\/strong>: T\u00e4m\u00e4 setti sis\u00e4lt\u00e4\u00e4 nahkaisen melan, sidoksen, hihnan, k\u00e4siraudat, nilkkahihansuut, kaulukset ja ristisoljen, jotka tarjoavat t\u00e4yden valikoiman mahdollisuuksia orjuuteen. Jokainen kappale on suunniteltu t\u00e4ydent\u00e4m\u00e4\u00e4n muita tarjoten yhten\u00e4isen ja mukaansatempaavan kokemuksen.<\/p>\n\n\n\n<p><strong>Premium materiaalit<\/strong>: Valmistettu korkealaatuisesta PU-nahasta ja tukevasta laitteistosta, t\u00e4m\u00e4 setti tasapainottaa mukavuuden ja kest\u00e4vyyden. Materiaalit valitaan paitsi niiden esteettisen vetovoiman vuoksi, my\u00f6s sen vuoksi, ett\u00e4 ne kest\u00e4v\u00e4t intohimoisen k\u00e4yt\u00f6n ankaruutta.<\/p>\n\n\n\n<p><strong>Kontrastiv\u00e4rinen muotoilu<\/strong>: Mustan ja valkoisen sek\u00e4 punaisen ja mustan silmiinpist\u00e4v\u00e4 kontrasti lis\u00e4\u00e4 visuaalista elementti\u00e4 fyysiseen kokemukseen. T\u00e4m\u00e4 rohkea v\u00e4rimaailma ei vain lis\u00e4\u00e4 visuaalista vetovoimaa, vaan my\u00f6s tehostaa aistinvaraista leikkimist\u00e4 tehden jokaisesta kappaleesta aistien juhlaa.<\/p>\n\n\n\n<p><strong>Monipuolinen k\u00e4ytt\u00f6<\/strong>: Haluatpa sitten lis\u00e4t\u00e4 j\u00e4nnityst\u00e4 makuuhuonerutiinisi tai tutkia uutta dynamiikkaa parisuhteessasi, t\u00e4m\u00e4 <strong>varusteet<\/strong> setti sopii monenlaisiin mieltymyksiin ja skenaarioihin. Se sopii sek\u00e4 aloittelijoille ett\u00e4 kokeneille harrastajille.<\/p>\n\n\n\n<p><strong>Huomaamaton s\u00e4ilytysratkaisu<\/strong>: Sarjan harkittuun suunnitteluun kuuluu huomaamaton s\u00e4ilytysratkaisu, jonka avulla voit pit\u00e4\u00e4 tavarasi siististi j\u00e4rjestyksess\u00e4 ja poissa n\u00e4kyvist\u00e4, kun niit\u00e4 ei k\u00e4ytet\u00e4. T\u00e4m\u00e4 k\u00e4yt\u00e4nn\u00f6llinen ominaisuus varmistaa, ett\u00e4 intiimi hetkesi pysyv\u00e4t yksityisin\u00e4 ja valmiina aina kun mieliala iskee.<\/p>\n\n\n\n<p>Astu leikkis\u00e4n dominoinnin ja alistumisen maailmaan pirte\u00e4n makuuhuoneen rajoitinsarjamme avulla. Sen ainutlaatuinen kissankynsimela ja kattava valikoima turvavarusteita tarjoavat j\u00e4nnitt\u00e4v\u00e4n tavan tutkia rajoja ja toiveita. Tilaa nyt ja muuta makuuhuoneesi mielikuvituksen ja nautinnon leikkipaikaksi<\/p>","protected":false},"excerpt":{"rendered":"<p>Vapauta villi puolesi meid\u00e4n kanssamme <strong>pirte\u00e4 makuuhuoneen turvaistuinsarja<\/strong>, jossa on kissankynsinahkainen mela. T\u00e4m\u00e4 sarja, jossa on useita rajoitteita n\u00e4ytt\u00e4v\u00e4ss\u00e4 mustavalko-, puna- ja musta-suunnittelussa, on valmistettu korkealaatuisesta PU:sta ja laitteistosta seikkailunhaluisille pariskunnille.<\/p>","protected":false},"featured_media":49172,"template":"","meta":[],"product_brand":[],"product_cat":[1059,1061],"product_tag":[],"class_list":{"0":"post-49181","1":"product","2":"type-product","3":"status-publish","4":"has-post-thumbnail","6":"product_cat-wholesale-bondage-equipment","7":"product_cat-wholesale-bondage-gear","8":"pa_color-black","9":"pa_color-red-women-sexy-lingerie","11":"first","12":"instock","13":"taxable","14":"shipping-taxable","15":"purchasable","16":"product-type-variable"},"tiered_pricing_type":"fixed","tiered_pricing_fixed_rules":[],"tiered_pricing_product_settings":{"layout":"table","base_unit_name":{"singular":null,"plural":null},"default_variation":null},"tiered_pricing_minimum_quantity":null,"tiered_pricing_roles_data":[],"tiered_pricing_percentage_rules":[],"tiered_pricing_maximum_quantity":null,"tiered_pricing_quantity_step":null,"_links":{"self":[{"href":"https:\/\/gretasexylingerie.com\/fi\/wp-json\/wp\/v2\/product\/49181","targetHints":{"allow":["GET"]}}],"collection":[{"href":"https:\/\/gretasexylingerie.com\/fi\/wp-json\/wp\/v2\/product"}],"about":[{"href":"https:\/\/gretasexylingerie.com\/fi\/wp-json\/wp\/v2\/types\/product"}],"wp:featuredmedia":[{"embeddable":true,"href":"https:\/\/gretasexylingerie.com\/fi\/wp-json\/wp\/v2\/media\/49172"}],"wp:attachment":[{"href":"https:\/\/gretasexylingerie.com\/fi\/wp-json\/wp\/v2\/media?parent=49181"}],"wp:term":[{"taxonomy":"product_brand","embeddable":true,"href":"https:\/\/gretasexylingerie.com\/fi\/wp-json\/wp\/v2\/product_brand?post=49181"},{"taxonomy":"product_cat","embeddable":true,"href":"https:\/\/gretasexylingerie.com\/fi\/wp-json\/wp\/v2\/product_cat?post=49181"},{"taxonomy":"product_tag","embeddable":true,"href":"https:\/\/gretasexylingerie.com\/fi\/wp-json\/wp\/v2\/product_tag?post=49181"}],"curies":[{"name":"wp","href":"https:\/\/api.w.org\/{rel}","templated":true}]}}