{"id":49169,"date":"2024-02-27T20:04:09","date_gmt":"2024-02-27T12:04:09","guid":{"rendered":"https:\/\/gretasexylingerie.com\/?post_type=product&#038;p=49169"},"modified":"2024-02-29T12:35:04","modified_gmt":"2024-02-29T04:35:04","slug":"tukkumyynnissa-alistuva-aloitussarja-3","status":"publish","type":"product","link":"https:\/\/gretasexylingerie.com\/fi\/products\/wholesale-submissive-starter-kit\/","title":{"rendered":"Tukkukaupan alistuva aloituspakkaus niittisuunnittelulla"},"content":{"rendered":"<p><strong>Niittimuotoilu Edgy Appealille<\/strong>: T\u00e4m\u00e4 setti erottuu joukosta erottuvalla niittisuunnittelullaan, joka lis\u00e4\u00e4 s\u00e4rm\u00e4\u00e4v\u00e4n ja rohkean kosketuksen <strong>hallitsevia alistuvia leluja<\/strong> kokoelma. Niitit eiv\u00e4t vain lis\u00e4\u00e4 esteettist\u00e4 vetovoimaa, vaan my\u00f6s her\u00e4tt\u00e4v\u00e4t j\u00e4nnityksen ja odotuksen tunteen.<\/p>\n\n\n\n<p><strong>Kattavat Bondage Essentials<\/strong>: Nahkaisella melalla, silm\u00e4naamarilla, vetok\u00f6ydell\u00e4, k\u00e4siraudoilla, jalkahihansuilla ja ristisoljella varustettu sarja tarjoaa kaiken olennaisen hallinnan ja antautumisen j\u00e4nnitt\u00e4v\u00e4n dynamiikan tutkimiseen, joten se on t\u00e4ydellinen <strong>hogtie bondage kit<\/strong> niin aloittelijoille kuin harrastajille.<\/p>\n\n\n\n<p><strong>Ensiluokkainen PU-nahka ja laitteisto<\/strong>: Valmistettu korkealaatuisesta PU-nahasta, jota t\u00e4ydent\u00e4\u00e4 vankka laitteisto, jokainen sarjan esine lupaa kest\u00e4vyytt\u00e4 ja mukavuutta. Materiaalit on valittu huolellisesti varmistamaan turvallinen ja tyydytt\u00e4v\u00e4 kokemus yhdist\u00e4en vahvuuden ja pehme\u00e4n kosketuksen.<\/p>\n\n\n\n<p><strong>Lihavoitu musta ja punainen teema<\/strong>: Mustan ja punaisen silmiinpist\u00e4v\u00e4 yhdistelm\u00e4 ei ainoastaan ilmaise voimaa ja intohimoa, vaan lis\u00e4\u00e4 my\u00f6s visuaalisesti stimuloivaa kontrastia kokoelmaasi. T\u00e4m\u00e4 v\u00e4rimaailma on suunniteltu luomaan tunnelmaa ja tehostamaan kohtaamistenne.<\/p>\n\n\n\n<p><strong>Monipuolinen k\u00e4ytt\u00f6 ja pelaaminen<\/strong>: Haluatpa kokeilla hogtie-asentoa, aistinvaraisuutta tai lempe\u00e4\u00e4 pid\u00e4tyst\u00e4, t\u00e4m\u00e4 sarja tarjoaa monipuolisuutta tutkia monenlaisia skenaarioita. Se on kutsu p\u00e4\u00e4st\u00e4\u00e4 mielikuvituksesi valloilleen ja l\u00f6yt\u00e4m\u00e4\u00e4n uusia nautintoja.<\/p>\n\n\n\n<p><strong>Huomaamaton s\u00e4ilytys ja siirrett\u00e4vyys<\/strong>: Sarjan harkittuun suunnitteluun kuuluu hienovaraisia s\u00e4ilytysvaihtoehtoja, joiden avulla voit pit\u00e4\u00e4 lelut turvassa ja poissa n\u00e4kyvist\u00e4. Siirrett\u00e4vyys varmistaa, ett\u00e4 seikkailut eiv\u00e4t rajoitu vain yhteen paikkaan; ota fantasiosi mukaan minne menetkin.<\/p>\n\n\n\n<p>Astu maailmaan, jossa voimapelist\u00e4 tulee taidemuoto alistuvan aloitussarjamme avulla. Olitpa uusi alalla tai haluat laajentaa ohjelmistoasi, t\u00e4m\u00e4 setti tarjoaa t\u00e4ydellisen sekoituksen tyyli\u00e4, laatua ja monipuolisuutta. Tilaa nyt ja l\u00e4hde l\u00f6yt\u00f6- ja t\u00e4yttymysmatkalle, joka ylitt\u00e4\u00e4 tavallisen!<\/p>","protected":false},"excerpt":{"rendered":"<p>Sytyt\u00e4 intohimon liekit meid\u00e4n kanssamme <strong>alistuva aloitussarja<\/strong>, niittaus kokoelma, jossa on korkealaatuista PU-nahkaa ja laitteistoa lihavoituina mustina ja punaisina. Se on suunniteltu niille, jotka uskaltavat dominanssin ja alistumisen dynaamiseen maailmaan.<\/p>","protected":false},"featured_media":49162,"template":"","meta":[],"product_brand":[],"product_cat":[1059,1061],"product_tag":[],"class_list":{"0":"post-49169","1":"product","2":"type-product","3":"status-publish","4":"has-post-thumbnail","6":"product_cat-wholesale-bondage-equipment","7":"product_cat-wholesale-bondage-gear","8":"pa_color-black","9":"pa_color-red-women-sexy-lingerie","11":"first","12":"instock","13":"taxable","14":"shipping-taxable","15":"purchasable","16":"product-type-variable"},"tiered_pricing_type":"fixed","tiered_pricing_fixed_rules":[],"tiered_pricing_product_settings":{"layout":"table","base_unit_name":{"singular":null,"plural":null},"default_variation":null},"tiered_pricing_minimum_quantity":null,"tiered_pricing_roles_data":[],"tiered_pricing_percentage_rules":[],"tiered_pricing_maximum_quantity":null,"tiered_pricing_quantity_step":null,"_links":{"self":[{"href":"https:\/\/gretasexylingerie.com\/fi\/wp-json\/wp\/v2\/product\/49169","targetHints":{"allow":["GET"]}}],"collection":[{"href":"https:\/\/gretasexylingerie.com\/fi\/wp-json\/wp\/v2\/product"}],"about":[{"href":"https:\/\/gretasexylingerie.com\/fi\/wp-json\/wp\/v2\/types\/product"}],"wp:featuredmedia":[{"embeddable":true,"href":"https:\/\/gretasexylingerie.com\/fi\/wp-json\/wp\/v2\/media\/49162"}],"wp:attachment":[{"href":"https:\/\/gretasexylingerie.com\/fi\/wp-json\/wp\/v2\/media?parent=49169"}],"wp:term":[{"taxonomy":"product_brand","embeddable":true,"href":"https:\/\/gretasexylingerie.com\/fi\/wp-json\/wp\/v2\/product_brand?post=49169"},{"taxonomy":"product_cat","embeddable":true,"href":"https:\/\/gretasexylingerie.com\/fi\/wp-json\/wp\/v2\/product_cat?post=49169"},{"taxonomy":"product_tag","embeddable":true,"href":"https:\/\/gretasexylingerie.com\/fi\/wp-json\/wp\/v2\/product_tag?post=49169"}],"curies":[{"name":"wp","href":"https:\/\/api.w.org\/{rel}","templated":true}]}}