{"id":49078,"date":"2024-02-26T14:59:16","date_gmt":"2024-02-26T06:59:16","guid":{"rendered":"https:\/\/gretasexylingerie.com\/?post_type=product&#038;p=49078"},"modified":"2024-02-26T16:45:21","modified_gmt":"2024-02-26T08:45:21","slug":"tukkumyynti-musta-sukkamekko-jossa-selkanojaton-leikkaus","status":"publish","type":"product","link":"https:\/\/gretasexylingerie.com\/fi\/products\/wholesale-black-stocking-dress-with-backless-cutout\/","title":{"rendered":"Tukkumyynti musta sukkamekko, jossa on selk\u00e4nojaton leikkaus"},"content":{"rendered":"<p><strong>Selk\u00e4nojaton muotoilu seksikk\u00e4ill\u00e4 leikkauksilla<\/strong>: T\u00e4m\u00e4 bodystocking mekko valloittaa rohkealla selk\u00e4nojattomalla muotoilullaan, jota koristavat strategisesti sijoitetut leikkaukset, jotka lis\u00e4\u00e4v\u00e4t sen vieh\u00e4tyst\u00e4. T\u00e4m\u00e4 ominaisuus on t\u00e4ydellinen niille, jotka etsiv\u00e4t <strong>mesh-peitemekot<\/strong> jotka antavat rohkean lausunnon.<\/p>\n\n\n\n<p><strong>Mustat sukat Elegance<\/strong>: T\u00e4m\u00e4 klassinen musta mekko huokuu hienostuneisuutta ja monipuolisuutta. Sukkamateriaali lis\u00e4\u00e4 kerroksen juonittelua, mik\u00e4 tekee siit\u00e4 erottuvan kappaleen miss\u00e4 tahansa <strong>bodycon mekko verkkoilla<\/strong> kokoelma.<\/p>\n\n\n\n<p><strong>Mesh Coverup Bodycon Appealilla<\/strong>: Mesh-materiaali toimii houkuttelevana peitteen\u00e4, kun taas bodycon-istuvuus korostaa k\u00e4ytt\u00e4j\u00e4n siluettia tarjoten t\u00e4ydellisen sekoituksen vieh\u00e4tyst\u00e4 ja tyyli\u00e4.<\/p>\n\n\n\n<p><strong>Monipuolinen ja muoti eteenp\u00e4in<\/strong>: Ihanteellinen erilaisiin tilaisuuksiin, intiimeist\u00e4 kokoontumisista huippumuotitapahtumiin, t\u00e4m\u00e4 mekko antaa k\u00e4ytt\u00e4jille mahdollisuuden ilmaista ainutlaatuista tyyli\u00e4\u00e4n ja itseluottamusta.<\/p>\n\n\n\n<p><strong>T\u00e4ydellinen erilaisiin kokoelmiin<\/strong>: Olipa kyseess\u00e4 putiikki tai suurempi v\u00e4hitt\u00e4iskauppa, t\u00e4m\u00e4 bodystocking mekko on erinomainen valinta. Se vetoaa asiakkaisiin, jotka etsiv\u00e4t innovatiivisia, rohkeita ja laadukkaita alusvaatteita tai muotiasuja.<\/p>\n\n\n\n<p>Kutsu asiakkaasi omaksumaan rohkean puolensa mustalla sukkamekollamme. Sen ainutlaatuinen muotoilu ja huomiota yksityiskohtiin tekev\u00e4t siit\u00e4 v\u00e4ltt\u00e4m\u00e4tt\u00f6m\u00e4n kokoelman jokaiseen mallistoon, joka haluaa tarjota sekoituksen j\u00e4ykkyytt\u00e4 ja tyyli\u00e4. Tilaa nyt ja lis\u00e4\u00e4 ripaus rohkeaa eleganssia tarjontaasi!<\/p>","protected":false},"excerpt":{"rendered":"<p>Sukella vieh\u00e4tykseen kanssamme <strong>musta sukkamekko<\/strong>, lumoava verkkopeite, jossa yhdistyv\u00e4t bodycon-mekon sulavuus ja verkkojen s\u00e4rm\u00e4ys sek\u00e4 seksikk\u00e4it\u00e4 selk\u00e4nojattomia leikkauksia.<\/p>","protected":false},"featured_media":49077,"template":"","meta":[],"product_brand":[],"product_cat":[405,406,404],"product_tag":[446,453],"class_list":{"0":"post-49078","1":"product","2":"type-product","3":"status-publish","4":"has-post-thumbnail","6":"product_cat-wholesale-bodystocking","7":"product_cat-wholesale-fishnet-dress","8":"product_cat-sexy-stocking","9":"product_tag-wholesale-sexy-see-through-lingerie","10":"product_tag-wholesale-sexy-naughty-lingerie","11":"pa_color-black","12":"pa_size-free","14":"first","15":"instock","16":"taxable","17":"shipping-taxable","18":"purchasable","19":"product-type-variable"},"tiered_pricing_type":"fixed","tiered_pricing_fixed_rules":[],"tiered_pricing_product_settings":{"layout":"table","base_unit_name":{"singular":null,"plural":null},"default_variation":null},"tiered_pricing_minimum_quantity":null,"tiered_pricing_roles_data":[],"tiered_pricing_percentage_rules":[],"tiered_pricing_maximum_quantity":null,"tiered_pricing_quantity_step":null,"_links":{"self":[{"href":"https:\/\/gretasexylingerie.com\/fi\/wp-json\/wp\/v2\/product\/49078","targetHints":{"allow":["GET"]}}],"collection":[{"href":"https:\/\/gretasexylingerie.com\/fi\/wp-json\/wp\/v2\/product"}],"about":[{"href":"https:\/\/gretasexylingerie.com\/fi\/wp-json\/wp\/v2\/types\/product"}],"wp:featuredmedia":[{"embeddable":true,"href":"https:\/\/gretasexylingerie.com\/fi\/wp-json\/wp\/v2\/media\/49077"}],"wp:attachment":[{"href":"https:\/\/gretasexylingerie.com\/fi\/wp-json\/wp\/v2\/media?parent=49078"}],"wp:term":[{"taxonomy":"product_brand","embeddable":true,"href":"https:\/\/gretasexylingerie.com\/fi\/wp-json\/wp\/v2\/product_brand?post=49078"},{"taxonomy":"product_cat","embeddable":true,"href":"https:\/\/gretasexylingerie.com\/fi\/wp-json\/wp\/v2\/product_cat?post=49078"},{"taxonomy":"product_tag","embeddable":true,"href":"https:\/\/gretasexylingerie.com\/fi\/wp-json\/wp\/v2\/product_tag?post=49078"}],"curies":[{"name":"wp","href":"https:\/\/api.w.org\/{rel}","templated":true}]}}