{"id":49064,"date":"2024-02-26T14:56:57","date_gmt":"2024-02-26T06:56:57","guid":{"rendered":"https:\/\/gretasexylingerie.com\/?post_type=product&#038;p=49064"},"modified":"2024-02-26T16:41:51","modified_gmt":"2024-02-26T08:41:51","slug":"tukkukauppa-kimaltelevat-ja-kiiltavat-tekojalokivisukat","status":"publish","type":"product","link":"https:\/\/gretasexylingerie.com\/fi\/products\/wholesale-sparkle-and-shine-rhinestone-bodystocking\/","title":{"rendered":"Tukkukauppa Sparkle and Shine tekojalokivi Bodystocking"},"content":{"rendered":"<p><strong>Pitk\u00e4hihainen eleganssi<\/strong>: T\u00e4m\u00e4n body-sukkahousun pitk\u00e4t hihat lis\u00e4\u00e4v\u00e4t hienostuneisuutta ja tyyli\u00e4, mik\u00e4 tekee siit\u00e4 monipuolisen kappaleen erilaisiin tilaisuuksiin. Suunnittelu on t\u00e4ydellinen niille, jotka etsiv\u00e4t a <strong>vartalosukka pitk\u00e4hihainen<\/strong> jossa yhdistyy eleganssi ja ripaus houkuttelevuutta.<\/p>\n\n\n\n<p><strong>Py\u00f6re\u00e4kaula-mukavuus<\/strong>: Py\u00f6re\u00e4 p\u00e4\u00e4ntie tarjoaa mukavan istuvuuden s\u00e4ilytt\u00e4en samalla tyylikk\u00e4\u00e4n ja muodikkaan siluetin. T\u00e4m\u00e4 ominaisuus varmistaa, ett\u00e4 bodystocking ei ole vain tyylik\u00e4s, vaan my\u00f6s mukava pidemp\u00e4\u00e4nkin k\u00e4ytt\u00f6\u00f6n.<\/p>\n\n\n\n<p><strong>Ontto verkko strassikivill\u00e4<\/strong>: Ontto verkkoyksityiskohta tarjoaa houkuttelevan v\u00e4l\u00e4hdyksen ihosta, jota tehostaa kuumat strassit. T\u00e4m\u00e4 yhdistelm\u00e4 luo upean visuaalisen vaikutelman, mik\u00e4 tekee sukkahousuista erottuvan kappaleen miss\u00e4 tahansa <strong>valjastaa seksikk\u00e4it\u00e4 alusvaatteita<\/strong> kokoelma.<\/p>\n\n\n\n<p><strong>Integroidut henkselit ja jalkalenkit<\/strong>: Sukkahousuissa on integroidut henkselit ja jalkalenkit, jotka lis\u00e4\u00e4v\u00e4t toimivan mutta tyylikk\u00e4\u00e4n elementin. T\u00e4m\u00e4 ominaisuus varmistaa turvallisen istuvuuden ja lis\u00e4\u00e4 muotoiluun ylim\u00e4\u00e4r\u00e4ist\u00e4 hienostuneisuutta.<\/p>\n\n\n\n<p><strong>Esteettinen timanttiverkko<\/strong>: Vartalosukkaan kudottu timanttinen verkkokuvio lis\u00e4\u00e4 tekstuuria ja syvyytt\u00e4 ja kohottaa yleisilmett\u00e4. T\u00e4m\u00e4 yksityiskohta on t\u00e4ydellinen niille, jotka arvostavat monimutkaisia malleja <strong>suunnittelija rintaliivit pikkuhousut setti<\/strong>.<\/p>\n\n\n\n<p><strong>T\u00e4ydellinen erityistilaisuuksiin<\/strong>: Ihanteellinen lis\u00e4\u00e4m\u00e4\u00e4n ripauksen glamouria erityisiin iltoihin tai rohkeaksi muodin ilmaisuksi. T\u00e4m\u00e4 bodystocking on tarpeeksi monipuolinen sopimaan erilaisiin olosuhteisiin, joten se on arvokas lis\u00e4 kaikkiin alusvaatteisiin tai muotimallistoon.<\/p>\n\n\n\n<p>Kutsu asiakkaasi omaksumaan rohkeita ja lumoavia puoliaan strassikivisukkamme avulla. Sen ainutlaatuinen muotoilu ja huomio yksityiskohtiin tekev\u00e4t siit\u00e4 v\u00e4ltt\u00e4m\u00e4tt\u00f6m\u00e4n jokaisessa mallistossa, joka haluaa tarjota sekoituksen hienostuneisuutta, tyyli\u00e4 ja kimaltelua. Tilaa nyt ja lis\u00e4\u00e4 ripaus h\u00e4ik\u00e4isev\u00e4\u00e4 eleganssia tarjontaasi!<\/p>","protected":false},"excerpt":{"rendered":"<p>H\u00e4ik\u00e4ise meiss\u00e4mme <strong>kimaltelevat ja kiilt\u00e4v\u00e4t strassikivisukat<\/strong>, jossa on pitk\u00e4t hihat, py\u00f6re\u00e4 p\u00e4\u00e4ntie ja ontto verkko, jota koristavat kuumat strassit, jotka luovat unohtumattoman ilmeen.<\/p>","protected":false},"featured_media":49059,"template":"","meta":[],"product_brand":[],"product_cat":[405,408,404,409],"product_tag":[448,525],"class_list":{"0":"post-49064","1":"product","2":"type-product","3":"status-publish","4":"has-post-thumbnail","6":"product_cat-wholesale-bodystocking","7":"product_cat-wholesale-rhinestone-bodystocking","8":"product_cat-sexy-stocking","9":"product_cat-wholesale-stocking-bodysuit","10":"product_tag-wholesale-elegant-sexy-lingerie","11":"product_tag-rhinestone-lingerie","13":"first","14":"instock","15":"taxable","16":"shipping-taxable","17":"purchasable","18":"product-type-variable"},"tiered_pricing_type":"fixed","tiered_pricing_fixed_rules":[],"tiered_pricing_product_settings":{"layout":"table","base_unit_name":{"singular":null,"plural":null},"default_variation":null},"tiered_pricing_minimum_quantity":null,"tiered_pricing_roles_data":[],"tiered_pricing_percentage_rules":[],"tiered_pricing_maximum_quantity":null,"tiered_pricing_quantity_step":null,"_links":{"self":[{"href":"https:\/\/gretasexylingerie.com\/fi\/wp-json\/wp\/v2\/product\/49064","targetHints":{"allow":["GET"]}}],"collection":[{"href":"https:\/\/gretasexylingerie.com\/fi\/wp-json\/wp\/v2\/product"}],"about":[{"href":"https:\/\/gretasexylingerie.com\/fi\/wp-json\/wp\/v2\/types\/product"}],"wp:featuredmedia":[{"embeddable":true,"href":"https:\/\/gretasexylingerie.com\/fi\/wp-json\/wp\/v2\/media\/49059"}],"wp:attachment":[{"href":"https:\/\/gretasexylingerie.com\/fi\/wp-json\/wp\/v2\/media?parent=49064"}],"wp:term":[{"taxonomy":"product_brand","embeddable":true,"href":"https:\/\/gretasexylingerie.com\/fi\/wp-json\/wp\/v2\/product_brand?post=49064"},{"taxonomy":"product_cat","embeddable":true,"href":"https:\/\/gretasexylingerie.com\/fi\/wp-json\/wp\/v2\/product_cat?post=49064"},{"taxonomy":"product_tag","embeddable":true,"href":"https:\/\/gretasexylingerie.com\/fi\/wp-json\/wp\/v2\/product_tag?post=49064"}],"curies":[{"name":"wp","href":"https:\/\/api.w.org\/{rel}","templated":true}]}}