{"id":48833,"date":"2024-01-27T21:34:58","date_gmt":"2024-01-27T13:34:58","guid":{"rendered":"https:\/\/gretasexylingerie.com\/?post_type=product&#038;p=48833"},"modified":"2024-04-11T22:34:06","modified_gmt":"2024-04-11T14:34:06","slug":"seksikkaiden-verkkorintaliivien-ja-pikkuhousujen-tukkumyynti","status":"publish","type":"product","link":"https:\/\/gretasexylingerie.com\/fi\/products\/wholesale-sexy-net-bra-and-panty-set\/","title":{"rendered":"Tukkukaupan seksik\u00e4s verkkorintaliivit ja -housut, joissa on Butterfly Design"},"content":{"rendered":"<p><strong>Mukava verkkokangas<\/strong>: Setti on valmistettu pehme\u00e4st\u00e4 ja mukavasta verkkomateriaalista, joka varmistaa sek\u00e4 hengitt\u00e4vyyden ett\u00e4 hell\u00e4varaisen kosketuksen iholle. T\u00e4m\u00e4 ominaisuus on t\u00e4ydellinen niille, jotka asettavat etusijalle mukavuuden tinkim\u00e4tt\u00e4 tyylist\u00e4 alusvaatteiden valinnassa.<\/p>\n\n\n\n<p><strong>Perhosen muotoinen ontto muotoilu<\/strong>: Erottuva perhosen muotoinen ontto muotoilu lis\u00e4\u00e4 leikkis\u00e4\u00e4 ja taiteellista elementti\u00e4 sarjaan. T\u00e4m\u00e4 ainutlaatuinen ominaisuus erottaa sen miss\u00e4 tahansa <strong>uuden designin rintaliivit ja pikkuhousut<\/strong> kokoelma, joka tarjoaa raikkaan ja modernin ilmeen klassisista alusvaatteista.<\/p>\n\n\n\n<p><strong>El\u00e4v\u00e4t v\u00e4rivaihtoehdot<\/strong>: Saatavana useissa eloisissa v\u00e4reiss\u00e4 \u2013 keltainen, sininen, musta ja kuuma pinkki \u2013 t\u00e4m\u00e4 setti palvelee erilaisia makuja ja mieltymyksi\u00e4. Jokainen v\u00e4ri lis\u00e4\u00e4 suunnitteluun oman luonteensa iloisesta kirkkaudesta rohkeaan hienostuneisuuteen.<\/p>\n\n\n\n<p><strong>Seksik\u00e4s ja tyylik\u00e4s<\/strong>: Verkkokankaan ja perhoskuvion yhdistelm\u00e4 luo lookin, joka on sek\u00e4 seksik\u00e4s ett\u00e4 tyylik\u00e4s. T\u00e4m\u00e4 setti on t\u00e4ydellinen asiakkaille, jotka haluavat alusvaatteita, jotka ovat sek\u00e4 visuaalisesti houkuttelevia ett\u00e4 trendikk\u00e4it\u00e4.<\/p>\n\n\n\n<p><strong>Monipuolinen ja muoti eteenp\u00e4in<\/strong>: Ihanteellinen useisiin tilanteisiin, t\u00e4m\u00e4 <strong>butterfly rintaliivit ja pikkuhousut<\/strong> Setti on tarpeeksi monipuolinen sopimaan erilaisiin olosuhteisiin, joten se on arvokas lis\u00e4 kaikkiin alusvaatteisiin tai muotimallistoon.<\/p>\n\n\n\n<p><strong>T\u00e4ydellinen erilaisiin kokoelmiin<\/strong>: Olipa kyseess\u00e4 putiikki tai suurempi v\u00e4hitt\u00e4iskauppa, t\u00e4m\u00e4 sarja on erinomainen valinta. Se vetoaa asiakkaisiin, jotka etsiv\u00e4t innovatiivisia, muodikkaita ja korkealaatuisia alusvaatteita.<\/p>\n\n\n\n<p>Kutsu asiakkaasi tutustumaan seksikk\u00e4iden verkkorintaliivien ja pikkuhousujen leikkis\u00e4\u00e4n eleganssiin. Sen ainutlaatuinen muotoilu ja eloisat v\u00e4rit tekev\u00e4t siit\u00e4 v\u00e4ltt\u00e4m\u00e4tt\u00f6m\u00e4n jokaisessa mallistossa, joka haluaa tarjota sekoituksen mukavuutta, tyyli\u00e4 ja modernia tunnelmaa. Tilaa nyt ja lis\u00e4\u00e4 ripauksen taiteellista kauneutta tarjontaasi!<\/p>\n\n\n\n<figure class=\"wp-block-table\"><table><tbody><tr><td class=\"has-text-align-center\" data-align=\"center\" colspan=\"5\"><strong>Kokotaulukko (CM)<\/strong><\/td><\/tr><tr><td class=\"has-text-align-center\" data-align=\"center\"><strong>Koko<\/strong><\/td><td class=\"has-text-align-center\" data-align=\"center\"><strong>Rinnan alla (cm)<\/strong><\/td><td class=\"has-text-align-center\" data-align=\"center\"><strong>Alushousut vy\u00f6t\u00e4r\u00f6 (cm)<\/strong><\/td><td class=\"has-text-align-center\" data-align=\"center\"><strong>Vy\u00f6t\u00e4r\u00f6nauha (cm)<\/strong><\/td><td class=\"has-text-align-center\" data-align=\"center\"><strong>Pituus (cm)<\/strong><\/td><\/tr><tr><td class=\"has-text-align-center\" data-align=\"center\">S<\/td><td class=\"has-text-align-center\" data-align=\"center\">68<\/td><td class=\"has-text-align-center\" data-align=\"center\">64<\/td><td class=\"has-text-align-center\" data-align=\"center\">60<\/td><td class=\"has-text-align-center\" data-align=\"center\">31<\/td><\/tr><tr><td class=\"has-text-align-center\" data-align=\"center\">M<\/td><td class=\"has-text-align-center\" data-align=\"center\">72<\/td><td class=\"has-text-align-center\" data-align=\"center\">68<\/td><td class=\"has-text-align-center\" data-align=\"center\">64<\/td><td class=\"has-text-align-center\" data-align=\"center\">32<\/td><\/tr><tr><td class=\"has-text-align-center\" data-align=\"center\">L<\/td><td class=\"has-text-align-center\" data-align=\"center\">76<\/td><td class=\"has-text-align-center\" data-align=\"center\">72<\/td><td class=\"has-text-align-center\" data-align=\"center\">68<\/td><td class=\"has-text-align-center\" data-align=\"center\">33<\/td><\/tr><tr><td class=\"has-text-align-center\" data-align=\"center\">XL<\/td><td class=\"has-text-align-center\" data-align=\"center\">80<\/td><td class=\"has-text-align-center\" data-align=\"center\">76<\/td><td class=\"has-text-align-center\" data-align=\"center\">72<\/td><td class=\"has-text-align-center\" data-align=\"center\">34<\/td><\/tr><tr><td class=\"has-text-align-center\" data-align=\"center\" colspan=\"5\"><strong>Kokotaulukko (TUUMA)<\/strong><\/td><\/tr><tr><td class=\"has-text-align-center\" data-align=\"center\"><strong>Koko<\/strong><\/td><td class=\"has-text-align-center\" data-align=\"center\"><strong>Rinnan alla (sis\u00e4\u00e4n)<\/strong><\/td><td class=\"has-text-align-center\" data-align=\"center\"><strong>Alushousut vy\u00f6t\u00e4r\u00f6ll\u00e4 (sis\u00e4\u00e4n)<\/strong><\/td><td class=\"has-text-align-center\" data-align=\"center\"><strong>Vy\u00f6t\u00e4r\u00f6nauha (sis\u00e4\u00e4n)<\/strong><\/td><td class=\"has-text-align-center\" data-align=\"center\"><strong>Pituus (in)<\/strong><\/td><\/tr><tr><td class=\"has-text-align-center\" data-align=\"center\">S<\/td><td class=\"has-text-align-center\" data-align=\"center\">26.77<\/td><td class=\"has-text-align-center\" data-align=\"center\">25.20<\/td><td class=\"has-text-align-center\" data-align=\"center\">23.62<\/td><td class=\"has-text-align-center\" data-align=\"center\">12.20<\/td><\/tr><tr><td class=\"has-text-align-center\" data-align=\"center\">M<\/td><td class=\"has-text-align-center\" data-align=\"center\">28.35<\/td><td class=\"has-text-align-center\" data-align=\"center\">26.77<\/td><td class=\"has-text-align-center\" data-align=\"center\">25.20<\/td><td class=\"has-text-align-center\" data-align=\"center\">12.60<\/td><\/tr><tr><td class=\"has-text-align-center\" data-align=\"center\">L<\/td><td class=\"has-text-align-center\" data-align=\"center\">29.92<\/td><td class=\"has-text-align-center\" data-align=\"center\">28.35<\/td><td class=\"has-text-align-center\" data-align=\"center\">26.77<\/td><td class=\"has-text-align-center\" data-align=\"center\">12.99<\/td><\/tr><tr><td class=\"has-text-align-center\" data-align=\"center\">XL<\/td><td class=\"has-text-align-center\" data-align=\"center\">31.50<\/td><td class=\"has-text-align-center\" data-align=\"center\">29.92<\/td><td class=\"has-text-align-center\" data-align=\"center\">28.35<\/td><td class=\"has-text-align-center\" data-align=\"center\">13.39<\/td><\/tr><\/tbody><\/table><\/figure>","protected":false},"excerpt":{"rendered":"<p>Omaksu ainutlaatuinen tyyli meid\u00e4n kanssamme <strong>seksikk\u00e4\u00e4t verkkorintaliivit<\/strong> setti, jossa on mukava verkko ja katseenvangitsija perhosen muotoinen ontto muotoilu. Saatavana keltaisena, sinisen\u00e4, mustana ja kuumana pinkkin\u00e4.<\/p>","protected":false},"featured_media":48810,"template":"","meta":[],"product_brand":[],"product_cat":[368,367,375],"product_tag":[452,448,446,453],"class_list":{"0":"post-48833","1":"product","2":"type-product","3":"status-publish","4":"has-post-thumbnail","6":"product_cat-bra-panty-set","7":"product_cat-sexy-lingerie","8":"product_cat-whoelsale-sheer-bra-and-panty-sets","9":"product_tag-wholesale-boudoir-lingerie","10":"product_tag-wholesale-elegant-sexy-lingerie","11":"product_tag-wholesale-sexy-see-through-lingerie","12":"product_tag-wholesale-sexy-naughty-lingerie","13":"pa_color-black","14":"pa_color-blue-women-sexy-lingerie","15":"pa_color-hot-pink-women-sexy-lingerie","16":"pa_color-yellow","17":"pa_size-wholesale-large-size-women-sexy-lingerie","18":"pa_size-wholesale-medium-size-women-sexy-lingerie","19":"pa_size-wholesale-small-size-sexy-lingerie","20":"pa_size-wholesale-extra-large-sexy-lingerie","22":"first","23":"instock","24":"taxable","25":"shipping-taxable","26":"purchasable","27":"product-type-variable"},"tiered_pricing_type":"fixed","tiered_pricing_fixed_rules":[],"tiered_pricing_product_settings":{"layout":"table","base_unit_name":{"singular":null,"plural":null},"default_variation":null},"tiered_pricing_minimum_quantity":null,"tiered_pricing_roles_data":[],"tiered_pricing_percentage_rules":[],"tiered_pricing_maximum_quantity":null,"tiered_pricing_quantity_step":null,"_links":{"self":[{"href":"https:\/\/gretasexylingerie.com\/fi\/wp-json\/wp\/v2\/product\/48833","targetHints":{"allow":["GET"]}}],"collection":[{"href":"https:\/\/gretasexylingerie.com\/fi\/wp-json\/wp\/v2\/product"}],"about":[{"href":"https:\/\/gretasexylingerie.com\/fi\/wp-json\/wp\/v2\/types\/product"}],"wp:featuredmedia":[{"embeddable":true,"href":"https:\/\/gretasexylingerie.com\/fi\/wp-json\/wp\/v2\/media\/48810"}],"wp:attachment":[{"href":"https:\/\/gretasexylingerie.com\/fi\/wp-json\/wp\/v2\/media?parent=48833"}],"wp:term":[{"taxonomy":"product_brand","embeddable":true,"href":"https:\/\/gretasexylingerie.com\/fi\/wp-json\/wp\/v2\/product_brand?post=48833"},{"taxonomy":"product_cat","embeddable":true,"href":"https:\/\/gretasexylingerie.com\/fi\/wp-json\/wp\/v2\/product_cat?post=48833"},{"taxonomy":"product_tag","embeddable":true,"href":"https:\/\/gretasexylingerie.com\/fi\/wp-json\/wp\/v2\/product_tag?post=48833"}],"curies":[{"name":"wp","href":"https:\/\/api.w.org\/{rel}","templated":true}]}}