{"id":48618,"date":"2024-01-26T10:54:06","date_gmt":"2024-01-26T02:54:06","guid":{"rendered":"https:\/\/gretasexylingerie.com\/?post_type=product&#038;p=48618"},"modified":"2024-12-29T17:27:29","modified_gmt":"2024-12-29T09:27:29","slug":"tukkukaupan-tyylikkaat-lapinakyvat-rintaliivihousut","status":"publish","type":"product","link":"https:\/\/gretasexylingerie.com\/fi\/products\/wholesale-stylish-see-through-bra-panty-set\/","title":{"rendered":"Tukkukaupan tyylikk\u00e4\u00e4t l\u00e4pin\u00e4kyv\u00e4t rintaliivihousut, joissa on kirjonta"},"content":{"rendered":"<p><strong>L\u00e4pin\u00e4kyv\u00e4 Mesh Elegance<\/strong>: Sarjan l\u00e4pin\u00e4kyv\u00e4 verkkokangas tarjoaa houkuttelevan mutta hienostuneen ilmeen, joka on t\u00e4ydellinen niille, jotka arvostavat l\u00e4pin\u00e4kyvien mallien houkuttelevuutta. T\u00e4m\u00e4 ominaisuus tekee sarjasta erottuvan valinnan miss\u00e4 tahansa <strong>l\u00e4pin\u00e4kyv\u00e4 rintaliivit ja pikkuhousut<\/strong> kokoelma.<\/p>\n\n\n\n<p><strong>Erinomaiset kirjontayksityiskohdat<\/strong>: Jokainen pala on koristeltu herk\u00e4ll\u00e4 brodeerauksella, joka lis\u00e4\u00e4 ripauksen ylellisyytt\u00e4 ja monimutkaisuutta. T\u00e4m\u00e4 hieno ammattitaito vetoaa asiakkaisiin, jotka arvostavat alusvaatteissaan yksityiskohtaisia ja taiteellisia malleja, jotka tarjoavat ainutlaatuisen ja elegantin kosketuksen.<\/p>\n\n\n\n<p><strong>Riimu kaulan ja olkahihnan muotoilu<\/strong>: Innovatiivinen niska- ja olkahihnojen yhdistelm\u00e4 tarjoaa sek\u00e4 tyyli\u00e4 ett\u00e4 tukea. T\u00e4m\u00e4 design-elementti lis\u00e4\u00e4 sarjaan nykyaikaista v\u00e4\u00e4nt\u00f6\u00e4, mik\u00e4 tekee siit\u00e4 muodikkaan valinnan <strong>rintaliivihousujen uusin muotoilu<\/strong> etsij\u00f6it\u00e4.<\/p>\n\n\n\n<p><strong>T\u00e4ydellinen neliosainen kokonaisuus<\/strong>: Sis\u00e4lt\u00e4\u00e4 rintaliivit, pikkuhousut, sukkanauhat ja legringin, ja t\u00e4m\u00e4 setti tarjoaa koordinoidun ja t\u00e4ydellisen lookin, joka on sek\u00e4 ylellinen ett\u00e4 houkutteleva. Se sopii t\u00e4ydellisesti asiakkaille, jotka etsiv\u00e4t kokonaisvaltaista alusvaateratkaisua.<\/p>\n\n\n\n<p><strong>Monipuolinen ja muoti eteenp\u00e4in<\/strong>: T\u00e4m\u00e4 sarja ei ole vain alusvaatteita; se on muotilause. Sen ainutlaatuinen muotoilu ja huomio yksityiskohtiin tekev\u00e4t siit\u00e4 v\u00e4ltt\u00e4m\u00e4tt\u00f6m\u00e4n jokaisessa mallistossa, joka haluaa tarjota sekoituksen modernia tyyli\u00e4 ja klassista eleganssia.<\/p>\n\n\n\n<p><strong>T\u00e4ydellinen erilaisiin kokoelmiin<\/strong>: Olipa kyseess\u00e4 putiikki tai suurempi v\u00e4hitt\u00e4iskauppa, t\u00e4m\u00e4 sarja on erinomainen valinta. Se vetoaa laajaan joukkoon asiakkaita, jotka etsiv\u00e4t laatua, mukavuutta ja tyyli\u00e4 alusvaatteistaan.<\/p>\n\n\n\n<p>Kutsu asiakkaasi kokemaan tyylikk\u00e4iden rintaliivi- ja pikkuhoususarjamme ylellinen vieh\u00e4tys. Sen hieno muotoilu ja huomiota yksityiskohtiin tekev\u00e4t siit\u00e4 v\u00e4ltt\u00e4m\u00e4tt\u00f6m\u00e4n mink\u00e4 tahansa huippuluokan alusvaatemalliston. Tilaa nyt tarjotaksesi asiakkaillesi ripauksen hienostuneisuutta ja nykyaikaista tyyli\u00e4!<\/p>\n\n\n\n<figure class=\"wp-block-table\"><table><tbody><tr><td class=\"has-text-align-center\" data-align=\"center\" colspan=\"6\"><strong>Kokotaulukko (CM)<\/strong><\/td><\/tr><tr><td class=\"has-text-align-center\" data-align=\"center\"><strong>Koko<\/strong><\/td><td class=\"has-text-align-center\" data-align=\"center\"><strong>Pituus (cm)<\/strong><\/td><td class=\"has-text-align-center\" data-align=\"center\"><strong>Rinnan alta (cm)<\/strong><\/td><td class=\"has-text-align-center\" data-align=\"center\"><strong>Alushousut vy\u00f6t\u00e4r\u00f6 (cm)<\/strong><\/td><td class=\"has-text-align-center\" data-align=\"center\"><strong>Vy\u00f6t\u00e4r\u00f6 (cm)<\/strong><\/td><td class=\"has-text-align-center\" data-align=\"center\"><strong>Alushousujen pituus (cm)<\/strong><\/td><\/tr><tr><td class=\"has-text-align-center\" data-align=\"center\">S<\/td><td class=\"has-text-align-center\" data-align=\"center\">16<\/td><td class=\"has-text-align-center\" data-align=\"center\">70-84<\/td><td class=\"has-text-align-center\" data-align=\"center\">66-94<\/td><td class=\"has-text-align-center\" data-align=\"center\">60<\/td><td class=\"has-text-align-center\" data-align=\"center\">21<\/td><\/tr><tr><td class=\"has-text-align-center\" data-align=\"center\">M<\/td><td class=\"has-text-align-center\" data-align=\"center\">17<\/td><td class=\"has-text-align-center\" data-align=\"center\">74-88<\/td><td class=\"has-text-align-center\" data-align=\"center\">70-98<\/td><td class=\"has-text-align-center\" data-align=\"center\">64<\/td><td class=\"has-text-align-center\" data-align=\"center\">22<\/td><\/tr><tr><td class=\"has-text-align-center\" data-align=\"center\">L<\/td><td class=\"has-text-align-center\" data-align=\"center\">18<\/td><td class=\"has-text-align-center\" data-align=\"center\">78-92<\/td><td class=\"has-text-align-center\" data-align=\"center\">74-102<\/td><td class=\"has-text-align-center\" data-align=\"center\">68<\/td><td class=\"has-text-align-center\" data-align=\"center\">23<\/td><\/tr><tr><td class=\"has-text-align-center\" data-align=\"center\" colspan=\"6\"><strong>Kokotaulukko (TUUMA)<\/strong><\/td><\/tr><tr><td class=\"has-text-align-center\" data-align=\"center\"><strong>Koko<\/strong><\/td><td class=\"has-text-align-center\" data-align=\"center\"><strong>Pituus (in)<\/strong><\/td><td class=\"has-text-align-center\" data-align=\"center\"><strong>Rinnan alla (sis\u00e4\u00e4n)<\/strong><\/td><td class=\"has-text-align-center\" data-align=\"center\"><strong>Alushousut vy\u00f6t\u00e4r\u00f6ll\u00e4 (sis\u00e4\u00e4n)<\/strong><\/td><td class=\"has-text-align-center\" data-align=\"center\"><strong>Vy\u00f6t\u00e4r\u00f6 (sis\u00e4\u00e4n)<\/strong><\/td><td class=\"has-text-align-center\" data-align=\"center\"><strong>Alushousujen pituus (in)<\/strong><\/td><\/tr><tr><td class=\"has-text-align-center\" data-align=\"center\">S<\/td><td class=\"has-text-align-center\" data-align=\"center\">6.30<\/td><td class=\"has-text-align-center\" data-align=\"center\">27.56-33.07<\/td><td class=\"has-text-align-center\" data-align=\"center\">25.98-37.01<\/td><td class=\"has-text-align-center\" data-align=\"center\">23.62<\/td><td class=\"has-text-align-center\" data-align=\"center\">8.27<\/td><\/tr><tr><td class=\"has-text-align-center\" data-align=\"center\">M<\/td><td class=\"has-text-align-center\" data-align=\"center\">6.69<\/td><td class=\"has-text-align-center\" data-align=\"center\">29.13-34.65<\/td><td class=\"has-text-align-center\" data-align=\"center\">27.56-38.58<\/td><td class=\"has-text-align-center\" data-align=\"center\">25.20<\/td><td class=\"has-text-align-center\" data-align=\"center\">8.66<\/td><\/tr><tr><td class=\"has-text-align-center\" data-align=\"center\">L<\/td><td class=\"has-text-align-center\" data-align=\"center\">7.09<\/td><td class=\"has-text-align-center\" data-align=\"center\">30.71-36.22<\/td><td class=\"has-text-align-center\" data-align=\"center\">29.13-40.16<\/td><td class=\"has-text-align-center\" data-align=\"center\">26.77<\/td><td class=\"has-text-align-center\" data-align=\"center\">8.66<\/td><\/tr><\/tbody><\/table><\/figure>","protected":false},"excerpt":{"rendered":"<p>Ymm\u00e4rr\u00e4 modernia eleganssia meid\u00e4n kanssamme <strong>tyylik\u00e4s rintaliivit pikkuhoususetti<\/strong>, jossa on l\u00e4pin\u00e4kyv\u00e4 verkko, upea kirjailu sek\u00e4 ainutlaatuinen riimukaula- ja olkahihna.<\/p>","protected":false},"featured_media":48601,"template":"","meta":[],"product_brand":[],"product_cat":[378,367,375],"product_tag":[507,452,454,522,865],"class_list":{"0":"post-48618","1":"product","2":"type-product","3":"status-publish","4":"has-post-thumbnail","6":"product_cat-wholesale-garter-straps","7":"product_cat-sexy-lingerie","8":"product_cat-whoelsale-sheer-bra-and-panty-sets","9":"product_tag-three-pcs-set","10":"product_tag-wholesale-boudoir-lingerie","11":"product_tag-wholesale-sexy-embroidered-lingerie","12":"product_tag-eyelash-lingerie","13":"product_tag-sexy-skimpy-lingerie","14":"pa_color-blue-women-sexy-lingerie","15":"pa_color-white","16":"pa_size-wholesale-large-size-women-sexy-lingerie","17":"pa_size-wholesale-medium-size-women-sexy-lingerie","18":"pa_size-wholesale-small-size-sexy-lingerie","20":"first","21":"outofstock","22":"taxable","23":"shipping-taxable","24":"purchasable","25":"product-type-variable"},"tiered_pricing_type":"fixed","tiered_pricing_fixed_rules":[],"tiered_pricing_product_settings":{"layout":"table","base_unit_name":{"singular":null,"plural":null},"default_variation":null},"tiered_pricing_minimum_quantity":null,"tiered_pricing_roles_data":[],"tiered_pricing_percentage_rules":[],"tiered_pricing_maximum_quantity":null,"tiered_pricing_quantity_step":null,"_links":{"self":[{"href":"https:\/\/gretasexylingerie.com\/fi\/wp-json\/wp\/v2\/product\/48618","targetHints":{"allow":["GET"]}}],"collection":[{"href":"https:\/\/gretasexylingerie.com\/fi\/wp-json\/wp\/v2\/product"}],"about":[{"href":"https:\/\/gretasexylingerie.com\/fi\/wp-json\/wp\/v2\/types\/product"}],"wp:featuredmedia":[{"embeddable":true,"href":"https:\/\/gretasexylingerie.com\/fi\/wp-json\/wp\/v2\/media\/48601"}],"wp:attachment":[{"href":"https:\/\/gretasexylingerie.com\/fi\/wp-json\/wp\/v2\/media?parent=48618"}],"wp:term":[{"taxonomy":"product_brand","embeddable":true,"href":"https:\/\/gretasexylingerie.com\/fi\/wp-json\/wp\/v2\/product_brand?post=48618"},{"taxonomy":"product_cat","embeddable":true,"href":"https:\/\/gretasexylingerie.com\/fi\/wp-json\/wp\/v2\/product_cat?post=48618"},{"taxonomy":"product_tag","embeddable":true,"href":"https:\/\/gretasexylingerie.com\/fi\/wp-json\/wp\/v2\/product_tag?post=48618"}],"curies":[{"name":"wp","href":"https:\/\/api.w.org\/{rel}","templated":true}]}}