{"id":48452,"date":"2024-01-24T16:01:22","date_gmt":"2024-01-24T08:01:22","guid":{"rendered":"https:\/\/gretasexylingerie.com\/?post_type=product&#038;p=48452"},"modified":"2024-01-24T21:47:14","modified_gmt":"2024-01-24T13:47:14","slug":"tukku-romanttinen-tylli-bustier-toppi","status":"publish","type":"product","link":"https:\/\/gretasexylingerie.com\/fi\/products\/wholesale-romantic-tulle-bustier-top\/","title":{"rendered":"Tukkukauppa romanttinen tylli bustier toppi hamesarjalla"},"content":{"rendered":"<p><strong>Pinkki l\u00e4pin\u00e4kyv\u00e4 verkko<\/strong>: Bustier-puvussa on herkk\u00e4 vaaleanpunainen l\u00e4pin\u00e4kyv\u00e4 verkko, joka tarjoaa pehme\u00e4n, romanttisen vieh\u00e4tyksen. T\u00e4m\u00e4 lempe\u00e4, naisellinen kosketus on t\u00e4ydellinen niille, jotka arvostavat hienovaraisuutta <strong>hienot korsettitopit<\/strong>.<\/p>\n\n\n\n<p><strong>Lonkkaa peitt\u00e4v\u00e4 hamesuunnittelu<\/strong>: Mukana oleva hame, joka on suunniteltu peitt\u00e4m\u00e4\u00e4n sulavasti lantiota, lis\u00e4\u00e4 kerroksen hienostuneisuutta ja charmia. T\u00e4m\u00e4 ominaisuus lis\u00e4\u00e4 setin houkuttelevuutta ja tekee siit\u00e4 halutun valinnan asiakkaille, jotka etsiv\u00e4t yhdistelm\u00e4\u00e4 vaatimattomuutta ja tyyli\u00e4.<\/p>\n\n\n\n<p><strong>Rintarenkaan muotoilu<\/strong>: Bustierin innovatiivinen rintarengasmalli lis\u00e4\u00e4 ainutlaatuista ja modernia ilmett\u00e4. T\u00e4m\u00e4 yksityiskohta ei vain tarjoa tukea, vaan my\u00f6s korostaa rintakeh\u00e4n aluetta ja lis\u00e4\u00e4 setin yleist\u00e4 vieh\u00e4tyst\u00e4.<\/p>\n\n\n\n<p><strong>Cross Hollow pikkuhousujen vy\u00f6t\u00e4r\u00f6nauha<\/strong>: Housujen vy\u00f6t\u00e4r\u00f6nauhassa oleva ristikk\u00e4inen ontto muotoilu tarjoaa nykyaikaisen ja tyylikk\u00e4\u00e4n ilmeen. T\u00e4m\u00e4 silmiinpist\u00e4v\u00e4 yksityiskohta lis\u00e4\u00e4 s\u00e4rm\u00e4yksen mutta elegantin elementin sarjaan ja houkuttelee niit\u00e4, jotka etsiv\u00e4t moderneja k\u00e4\u00e4nteit\u00e4 klassisista alusvaatteista.<\/p>\n\n\n\n<p><strong>T\u00e4ydellinen kolmiosainen kokonaisuus<\/strong>: T\u00e4m\u00e4 setti sis\u00e4lt\u00e4\u00e4 rinnakkaisemman, pikkuhousun ja hameen, jotka tarjoavat koordinoidun ja t\u00e4ydellisen lookin, joka on sek\u00e4 ylellinen ett\u00e4 kiehtova. Se sopii t\u00e4ydellisesti asiakkaille, jotka etsiv\u00e4t kokonaisvaltaista alusvaateratkaisua.<\/p>\n\n\n\n<p><strong>T\u00e4ydellinen romanttisiin tilaisuuksiin<\/strong>: Ihanteellinen erityisiin iltoihin tai ainutlaatuiseksi muoti-ilmeeksi <strong>romanttinen korsetti<\/strong> Setti on tarpeeksi monipuolinen sopimaan erilaisiin tilaisuuksiin, joten se on arvokas lis\u00e4 kaikkiin alusvaatteisiin tai muotikokoelmaan.<\/p>\n\n\n\n<p>Kutsu asiakkaasi nauttimaan tylli bustier -toppisarjamme ylellisest\u00e4 vieh\u00e4tysvoimasta. Sen hieno muotoilu ja huomiota yksityiskohtiin tekev\u00e4t siit\u00e4 v\u00e4ltt\u00e4m\u00e4tt\u00f6m\u00e4n mink\u00e4 tahansa huippuluokan alusvaatemalliston. Tilaa nyt tarjotaksesi asiakkaillesi ripauksen hienostuneisuutta, romantiikkaa ja modernia tyyli\u00e4!<\/p>\n\n\n\n<figure class=\"wp-block-table\"><table><tbody><tr><td class=\"has-text-align-center\" data-align=\"center\" colspan=\"6\"><strong>Kokotaulukko (CM)<\/strong><\/td><\/tr><tr><td class=\"has-text-align-center\" data-align=\"center\"><strong>Koko<\/strong><\/td><td class=\"has-text-align-center\" data-align=\"center\"><strong>Pituus (cm)<\/strong><\/td><td class=\"has-text-align-center\" data-align=\"center\"><strong>Rinnan alta (cm)<\/strong><\/td><td class=\"has-text-align-center\" data-align=\"center\"><strong>Housut vy\u00f6t\u00e4r\u00f6 (cm)<\/strong><\/td><td class=\"has-text-align-center\" data-align=\"center\"><strong>Vy\u00f6t\u00e4r\u00f6 (cm)<\/strong><\/td><td class=\"has-text-align-center\" data-align=\"center\"><strong>Housujen pituus (cm)<\/strong><\/td><\/tr><tr><td class=\"has-text-align-center\" data-align=\"center\">S<\/td><td class=\"has-text-align-center\" data-align=\"center\">20<\/td><td class=\"has-text-align-center\" data-align=\"center\">64-74<\/td><td class=\"has-text-align-center\" data-align=\"center\">62-94<\/td><td class=\"has-text-align-center\" data-align=\"center\">60-70<\/td><td class=\"has-text-align-center\" data-align=\"center\">21<\/td><\/tr><tr><td class=\"has-text-align-center\" data-align=\"center\">M<\/td><td class=\"has-text-align-center\" data-align=\"center\">21<\/td><td class=\"has-text-align-center\" data-align=\"center\">68-78<\/td><td class=\"has-text-align-center\" data-align=\"center\">66-98<\/td><td class=\"has-text-align-center\" data-align=\"center\">64-74<\/td><td class=\"has-text-align-center\" data-align=\"center\">22<\/td><\/tr><tr><td class=\"has-text-align-center\" data-align=\"center\">L<\/td><td class=\"has-text-align-center\" data-align=\"center\">22<\/td><td class=\"has-text-align-center\" data-align=\"center\">72-82<\/td><td class=\"has-text-align-center\" data-align=\"center\">70-102<\/td><td class=\"has-text-align-center\" data-align=\"center\">68-78<\/td><td class=\"has-text-align-center\" data-align=\"center\">23<\/td><\/tr><tr><td class=\"has-text-align-center\" data-align=\"center\" colspan=\"6\"><strong>Kokotaulukko (TUUMA)<\/strong><\/td><\/tr><tr><td class=\"has-text-align-center\" data-align=\"center\"><strong>Koko<\/strong><\/td><td class=\"has-text-align-center\" data-align=\"center\"><strong>Pituus (in)<\/strong><\/td><td class=\"has-text-align-center\" data-align=\"center\"><strong>Rinnan alla (sis\u00e4\u00e4n)<\/strong><\/td><td class=\"has-text-align-center\" data-align=\"center\"><strong>Housut vy\u00f6t\u00e4r\u00f6ll\u00e4 (sis\u00e4\u00e4n)<\/strong><\/td><td class=\"has-text-align-center\" data-align=\"center\"><strong>Vy\u00f6t\u00e4r\u00f6 (sis\u00e4\u00e4n)<\/strong><\/td><td class=\"has-text-align-center\" data-align=\"center\"><strong>Housujen pituus (in)<\/strong><\/td><\/tr><tr><td class=\"has-text-align-center\" data-align=\"center\">S<\/td><td class=\"has-text-align-center\" data-align=\"center\">7.87<\/td><td class=\"has-text-align-center\" data-align=\"center\">25.20-29.13<\/td><td class=\"has-text-align-center\" data-align=\"center\">24.41-37.01<\/td><td class=\"has-text-align-center\" data-align=\"center\">23.62-27.56<\/td><td class=\"has-text-align-center\" data-align=\"center\">8.27<\/td><\/tr><tr><td class=\"has-text-align-center\" data-align=\"center\">M<\/td><td class=\"has-text-align-center\" data-align=\"center\">8.27<\/td><td class=\"has-text-align-center\" data-align=\"center\">26.77-30.71<\/td><td class=\"has-text-align-center\" data-align=\"center\">25.98-38.58<\/td><td class=\"has-text-align-center\" data-align=\"center\">25.20-29.13<\/td><td class=\"has-text-align-center\" data-align=\"center\">8.66<\/td><\/tr><tr><td class=\"has-text-align-center\" data-align=\"center\">L<\/td><td class=\"has-text-align-center\" data-align=\"center\">8.66<\/td><td class=\"has-text-align-center\" data-align=\"center\">28.35-32.28<\/td><td class=\"has-text-align-center\" data-align=\"center\">27.56-40.16<\/td><td class=\"has-text-align-center\" data-align=\"center\">26.77-30.71<\/td><td class=\"has-text-align-center\" data-align=\"center\">9.06<\/td><\/tr><\/tbody><\/table><\/figure>","protected":false},"excerpt":{"rendered":"<p>Yhdistele yhdistelm\u00e4\u00e4mme romantiikkaa ja eleganssia <strong>tylli rintakeh\u00e4 toppi<\/strong> setti, jossa on vaaleanpunainen l\u00e4pin\u00e4kyv\u00e4 verkkorintakuva, lantiota peitt\u00e4v\u00e4 hame ja ristikk\u00e4inen ontto pikkuhousun vy\u00f6t\u00e4r\u00f6nauha.<\/p>","protected":false},"featured_media":48272,"template":"","meta":[],"product_brand":[],"product_cat":[387,386,367],"product_tag":[452,518,446],"class_list":{"0":"post-48452","1":"product","2":"type-product","3":"status-publish","4":"has-post-thumbnail","6":"product_cat-wholesale-bustier-bra-set","7":"product_cat-sexy-bustiers","8":"product_cat-sexy-lingerie","9":"product_tag-wholesale-boudoir-lingerie","10":"product_tag-mesh-lingerie","11":"product_tag-wholesale-sexy-see-through-lingerie","12":"pa_color-pink-women-sexy-lingerie","13":"pa_size-wholesale-large-size-women-sexy-lingerie","14":"pa_size-wholesale-medium-size-women-sexy-lingerie","15":"pa_size-wholesale-small-size-sexy-lingerie","17":"first","18":"instock","19":"taxable","20":"shipping-taxable","21":"purchasable","22":"product-type-variable"},"tiered_pricing_type":"fixed","tiered_pricing_fixed_rules":[],"tiered_pricing_product_settings":{"layout":"table","base_unit_name":{"singular":null,"plural":null},"default_variation":null},"tiered_pricing_minimum_quantity":null,"tiered_pricing_roles_data":[],"tiered_pricing_percentage_rules":[],"tiered_pricing_maximum_quantity":null,"tiered_pricing_quantity_step":null,"_links":{"self":[{"href":"https:\/\/gretasexylingerie.com\/fi\/wp-json\/wp\/v2\/product\/48452","targetHints":{"allow":["GET"]}}],"collection":[{"href":"https:\/\/gretasexylingerie.com\/fi\/wp-json\/wp\/v2\/product"}],"about":[{"href":"https:\/\/gretasexylingerie.com\/fi\/wp-json\/wp\/v2\/types\/product"}],"wp:featuredmedia":[{"embeddable":true,"href":"https:\/\/gretasexylingerie.com\/fi\/wp-json\/wp\/v2\/media\/48272"}],"wp:attachment":[{"href":"https:\/\/gretasexylingerie.com\/fi\/wp-json\/wp\/v2\/media?parent=48452"}],"wp:term":[{"taxonomy":"product_brand","embeddable":true,"href":"https:\/\/gretasexylingerie.com\/fi\/wp-json\/wp\/v2\/product_brand?post=48452"},{"taxonomy":"product_cat","embeddable":true,"href":"https:\/\/gretasexylingerie.com\/fi\/wp-json\/wp\/v2\/product_cat?post=48452"},{"taxonomy":"product_tag","embeddable":true,"href":"https:\/\/gretasexylingerie.com\/fi\/wp-json\/wp\/v2\/product_tag?post=48452"}],"curies":[{"name":"wp","href":"https:\/\/api.w.org\/{rel}","templated":true}]}}