{"id":48417,"date":"2024-01-24T15:11:09","date_gmt":"2024-01-24T07:11:09","guid":{"rendered":"https:\/\/gretasexylingerie.com\/?post_type=product&#038;p=48417"},"modified":"2024-02-20T12:13:59","modified_gmt":"2024-02-20T04:13:59","slug":"tukku-olkaimet-alusasu-setti","status":"publish","type":"product","link":"https:\/\/gretasexylingerie.com\/fi\/products\/wholesale-strappy-lingerie-set\/","title":{"rendered":"Tukku olkaimet alusvaatteet setti Choker valjaat Bralette"},"content":{"rendered":"<p><strong>Y\u00f6kerho Charm Sexy Hollow Design<\/strong>: T\u00e4m\u00e4 valjaat rintaliivit on valmistettu viettelevist\u00e4 ontoista elementeist\u00e4, jotka ovat t\u00e4ydellinen vangitsemaan y\u00f6kerhoglamourin olemuksen. Muotoilu on sek\u00e4 rohkea ett\u00e4 houkutteleva, joten se on erottuva valinta miss\u00e4 tahansa <strong>nauhalliset alusvaatteet setti<\/strong> kokoelma.<\/p>\n\n\n\n<p><strong>Villi ketju ja valjaat hihnat<\/strong>: Villi ketju ja valjaiden hihnat lis\u00e4\u00e4v\u00e4t s\u00e4rm\u00e4yksen, mutta vastustamattoman seksikk\u00e4\u00e4n kosketuksen. T\u00e4m\u00e4 rohkea yksityiskohta sopii t\u00e4ydellisesti niille, jotka rakastavat tehd\u00e4 ilmett\u00e4 alusvaatteillaan tarjoten ainutlaatuisen ja kiehtovan ilmeen.<\/p>\n\n\n\n<p><strong>Seksik\u00e4s jaettu setti<\/strong>: Setin seksik\u00e4s jaettu muotoilu lis\u00e4\u00e4 sen vieh\u00e4tyst\u00e4 ja tarjoaa houkuttelevan v\u00e4l\u00e4hdyksen ihosta. T\u00e4m\u00e4 ominaisuus on ihanteellinen asiakkaille, jotka etsiv\u00e4t sek\u00e4 provosoivia ett\u00e4 tyylikk\u00e4it\u00e4 alusvaatteita.<\/p>\n\n\n\n<p><strong>Avoin ja seikkailunhaluinen tyyli<\/strong>: Braletten avoin tyyli lis\u00e4\u00e4 seikkailua ja rohkeutta. Se on innovatiivinen l\u00e4hestymistapa alusvaatteiden suunnitteluun, ja se houkuttelee niit\u00e4, jotka pyrkiv\u00e4t ylitt\u00e4m\u00e4\u00e4n perinteisten alusvaatteiden tyylien rajoja.<\/p>\n\n\n\n<p><strong>Choker Valjaat Bralette<\/strong>: Choker valjaat bralette on muodikas ja moderni lis\u00e4, joka tarjoaa trendikk\u00e4\u00e4n ja tyylikk\u00e4\u00e4n ilmeen. T\u00e4m\u00e4 yksityiskohta ei vain lis\u00e4\u00e4 setin esteettist\u00e4 vetovoimaa, vaan my\u00f6s varmistaa, ett\u00e4 se erottuu muodikkaana kappaleena.<\/p>\n\n\n\n<p><strong>T\u00e4ydellinen rohkeisiin muotilauseisiin<\/strong>: T\u00e4m\u00e4 alusvaatesarja on enemm\u00e4n kuin vain alusvaatteita; se on muotilause. Se on ihanteellinen niille, jotka haluavat lis\u00e4t\u00e4 rohkean ja seikkailunhaluisen elementin vaatekaappiinsa. Se sopii t\u00e4ydellisesti erityisiin iloihin tai ainutlaatuiseksi muotikappaleeksi.<\/p>\n\n\n\n<p>Kutsu asiakkaasi astumaan rohkean muodin ja viettelev\u00e4n vieh\u00e4tysvoiman maailmaan olkaimen alusasusettimme avulla. Sen ainutlaatuinen muotoilu ja huomiota yksityiskohtiin tekev\u00e4t siit\u00e4 v\u00e4ltt\u00e4m\u00e4tt\u00f6m\u00e4n kokoelman jokaiseen mallistoon, joka haluaa tarjota sekoituksen j\u00e4nnityst\u00e4 ja vieh\u00e4tyst\u00e4. Tilaa nyt ja lis\u00e4\u00e4 ripaus rohkeaa tyyli\u00e4 tarjontaasi!<\/p>","protected":false},"excerpt":{"rendered":"<p>Hyv\u00e4ksy rohkeutemme <strong>olkaimet alusasusetti<\/strong>, kiehtova kokonaisuus, joka on suunniteltu y\u00f6kerhojen houkuttelemiseen, jossa on seksikk\u00e4it\u00e4 onttoja yksityiskohtia ja villi ketjuvaljaat.<\/p>","protected":false},"featured_media":48415,"template":"","meta":[],"product_brand":[],"product_cat":[380,377,367],"product_tag":[448,524,880,449,533],"class_list":{"0":"post-48417","1":"product","2":"type-product","3":"status-publish","4":"has-post-thumbnail","6":"product_cat-wholesale-harness-bra-and-panty-set","7":"product_cat-harness-lingerie","8":"product_cat-sexy-lingerie","9":"product_tag-wholesale-elegant-sexy-lingerie","10":"product_tag-metal-lingerie","11":"product_tag-sexy-2-piece-lingerie","12":"product_tag-wholesale-sexy-crotchless-lingerie","13":"product_tag-sexy-cupless-lingerie","14":"pa_color-black","15":"pa_color-pink-women-sexy-lingerie","16":"pa_color-red-women-sexy-lingerie","17":"pa_color-white","18":"pa_size-free","20":"first","21":"instock","22":"taxable","23":"shipping-taxable","24":"purchasable","25":"product-type-variable"},"tiered_pricing_type":"fixed","tiered_pricing_fixed_rules":[],"tiered_pricing_product_settings":{"layout":"table","base_unit_name":{"singular":null,"plural":null},"default_variation":null},"tiered_pricing_minimum_quantity":null,"tiered_pricing_roles_data":[],"tiered_pricing_percentage_rules":[],"tiered_pricing_maximum_quantity":null,"tiered_pricing_quantity_step":null,"_links":{"self":[{"href":"https:\/\/gretasexylingerie.com\/fi\/wp-json\/wp\/v2\/product\/48417","targetHints":{"allow":["GET"]}}],"collection":[{"href":"https:\/\/gretasexylingerie.com\/fi\/wp-json\/wp\/v2\/product"}],"about":[{"href":"https:\/\/gretasexylingerie.com\/fi\/wp-json\/wp\/v2\/types\/product"}],"wp:featuredmedia":[{"embeddable":true,"href":"https:\/\/gretasexylingerie.com\/fi\/wp-json\/wp\/v2\/media\/48415"}],"wp:attachment":[{"href":"https:\/\/gretasexylingerie.com\/fi\/wp-json\/wp\/v2\/media?parent=48417"}],"wp:term":[{"taxonomy":"product_brand","embeddable":true,"href":"https:\/\/gretasexylingerie.com\/fi\/wp-json\/wp\/v2\/product_brand?post=48417"},{"taxonomy":"product_cat","embeddable":true,"href":"https:\/\/gretasexylingerie.com\/fi\/wp-json\/wp\/v2\/product_cat?post=48417"},{"taxonomy":"product_tag","embeddable":true,"href":"https:\/\/gretasexylingerie.com\/fi\/wp-json\/wp\/v2\/product_tag?post=48417"}],"curies":[{"name":"wp","href":"https:\/\/api.w.org\/{rel}","templated":true}]}}