{"id":48391,"date":"2024-01-24T15:06:40","date_gmt":"2024-01-24T07:06:40","guid":{"rendered":"https:\/\/gretasexylingerie.com\/?post_type=product&#038;p=48391"},"modified":"2024-02-20T12:18:38","modified_gmt":"2024-02-20T04:18:38","slug":"tukku-punainen-valjaat-bralette","status":"publish","type":"product","link":"https:\/\/gretasexylingerie.com\/fi\/products\/wholesale-red-harness-bralette\/","title":{"rendered":"Tukkumyynti Red Harness Bralette seksikk\u00e4ill\u00e4 leikkauksilla"},"content":{"rendered":"<p><strong>Liimattu lankarakenne<\/strong>: N\u00e4iden rintaliivien sidottu lankarakenne tarjoaa sek\u00e4 tukea ett\u00e4 erottuvan siluetin. Se on suunniteltu niille, jotka etsiv\u00e4t mukavuuden ja rohkean muotoilun yhdistelm\u00e4\u00e4 <strong>valjaat bralette<\/strong> valintoja.<\/p>\n\n\n\n<p><strong>Rintoja paljastavat seksikk\u00e4\u00e4t leikkaukset<\/strong>: Rintaliivien rohkeat leikkaukset paljastavat rinnat ja tarjoavat rohkean ja provosoivan ilmeen. T\u00e4m\u00e4 ominaisuus on t\u00e4ydellinen asiakkaille, jotka haluavat alusvaatteita, jotka n\u00e4ytt\u00e4v\u00e4t vahvasti ja itsevarmasti.<\/p>\n\n\n\n<p><strong>Strappy Cage Bralette Design<\/strong>: Monimutkainen hihnah\u00e4kkimuotoilu lis\u00e4\u00e4 rannekkeeseen s\u00e4rm\u00e4ist\u00e4 ja modernia ilmett\u00e4. T\u00e4m\u00e4 yksityiskohta ei ainoastaan lis\u00e4\u00e4 esteettist\u00e4 vetovoimaa, vaan vetoaa my\u00f6s niihin, jotka rakastavat nykyaikaisia ja ainutlaatuisia alusvaatteita.<\/p>\n\n\n\n<p><strong>Eloisa punainen v\u00e4ri<\/strong>: Alusvaatteiden silmiinpist\u00e4v\u00e4 punainen v\u00e4ri lis\u00e4\u00e4 ripauksen intohimoa ja intensiivisyytt\u00e4. Se on ihanteellinen valinta asiakkaille, jotka haluavat lis\u00e4t\u00e4 eloisan ja energisen kappaleen alusvaatekokoelmaansa.<\/p>\n\n\n\n<p><strong>Monipuolinen ja voimaannuttava<\/strong>: T\u00e4m\u00e4 valjaat bralette on riitt\u00e4v\u00e4n monipuolinen erilaisiin tilaisuuksiin erikoisillasta rohkeisiin muoti-ilmi\u00f6ihin. Se on tehokas lis\u00e4 mihin tahansa alusvaatemallistoon ja tarjoaa sekoituksen tyyli\u00e4, mukavuutta ja voimaannuttamista.<\/p>\n\n\n\n<p><strong>T\u00e4ydellinen erilaisiin kokoelmiin<\/strong>: Olipa kyseess\u00e4 putiikki tai isompi v\u00e4hitt\u00e4iskauppa, n\u00e4m\u00e4 punaiset alusvaatteet ovat erinomainen valinta. Se vetoaa laajaan joukkoon asiakkaita, jotka haluavat olla rohkeita alusvaatteillaan.<\/p>\n\n\n\n<p>Kutsu asiakkaasi tutustumaan muodin rohkeaseen puoleen punaisten valjaiden rannekkeen avulla. Sen ainutlaatuinen muotoilu ja huomiota yksityiskohtiin tekev\u00e4t siit\u00e4 v\u00e4ltt\u00e4m\u00e4tt\u00f6m\u00e4n jokaisessa mallistossa, joka haluaa tarjota sekoituksen rohkeutta, tyyli\u00e4 ja aistillisuutta. Tilaa nyt ja lis\u00e4\u00e4 ripaus tulista intohimoa tarjontaasi!<\/p>","protected":false},"excerpt":{"rendered":"<p>Omaksu rohkea aistillisuus kanssamme <strong>punaiset valjaat alusvaatteet<\/strong>, jossa on sidottu lankariivit rohkeilla leikkauksilla. T\u00e4m\u00e4 olkahihnallinen h\u00e4kkiranneke on ilmoitus itsevarmuudesta ja vieh\u00e4tt\u00e4vyydest\u00e4.<\/p>","protected":false},"featured_media":48390,"template":"","meta":[],"product_brand":[],"product_cat":[380,377,367],"product_tag":[533,447,972],"class_list":{"0":"post-48391","1":"product","2":"type-product","3":"status-publish","4":"has-post-thumbnail","6":"product_cat-wholesale-harness-bra-and-panty-set","7":"product_cat-harness-lingerie","8":"product_cat-sexy-lingerie","9":"product_tag-sexy-cupless-lingerie","10":"product_tag-wholesale-strappy-sexy-lingerie","11":"product_tag-valentines-day-lingerie","12":"pa_color-red-women-sexy-lingerie","13":"pa_size-free","15":"first","16":"instock","17":"taxable","18":"shipping-taxable","19":"purchasable","20":"product-type-variable"},"tiered_pricing_type":"fixed","tiered_pricing_fixed_rules":[],"tiered_pricing_product_settings":{"layout":"table","base_unit_name":{"singular":null,"plural":null},"default_variation":null},"tiered_pricing_minimum_quantity":null,"tiered_pricing_roles_data":[],"tiered_pricing_percentage_rules":[],"tiered_pricing_maximum_quantity":null,"tiered_pricing_quantity_step":null,"_links":{"self":[{"href":"https:\/\/gretasexylingerie.com\/fi\/wp-json\/wp\/v2\/product\/48391","targetHints":{"allow":["GET"]}}],"collection":[{"href":"https:\/\/gretasexylingerie.com\/fi\/wp-json\/wp\/v2\/product"}],"about":[{"href":"https:\/\/gretasexylingerie.com\/fi\/wp-json\/wp\/v2\/types\/product"}],"wp:featuredmedia":[{"embeddable":true,"href":"https:\/\/gretasexylingerie.com\/fi\/wp-json\/wp\/v2\/media\/48390"}],"wp:attachment":[{"href":"https:\/\/gretasexylingerie.com\/fi\/wp-json\/wp\/v2\/media?parent=48391"}],"wp:term":[{"taxonomy":"product_brand","embeddable":true,"href":"https:\/\/gretasexylingerie.com\/fi\/wp-json\/wp\/v2\/product_brand?post=48391"},{"taxonomy":"product_cat","embeddable":true,"href":"https:\/\/gretasexylingerie.com\/fi\/wp-json\/wp\/v2\/product_cat?post=48391"},{"taxonomy":"product_tag","embeddable":true,"href":"https:\/\/gretasexylingerie.com\/fi\/wp-json\/wp\/v2\/product_tag?post=48391"}],"curies":[{"name":"wp","href":"https:\/\/api.w.org\/{rel}","templated":true}]}}