{"id":48357,"date":"2024-01-23T22:02:54","date_gmt":"2024-01-23T14:02:54","guid":{"rendered":"https:\/\/gretasexylingerie.com\/?post_type=product&#038;p=48357"},"modified":"2024-02-20T12:20:08","modified_gmt":"2024-02-20T04:20:08","slug":"tukkumyynti-valkoinen-morsiusasu","status":"publish","type":"product","link":"https:\/\/gretasexylingerie.com\/fi\/products\/wholesale-white-bridal-chemise\/","title":{"rendered":"Tukkumyynti valkoinen morsiuspuku seksikk\u00e4\u00e4ll\u00e4 pitsipaneelilla"},"content":{"rendered":"<p><strong>Valkoinen pitsipaneeli<\/strong>: T\u00e4ss\u00e4 asussa on hieno valkoinen pitsipaneeli, joka lis\u00e4\u00e4 ripauksen eleganssia ja romantiikkaa. Monimutkaiset pitsiyksityiskohdat ovat ihanteellisia morsiamille tai kaikille, jotka etsiv\u00e4t a <strong>seksik\u00e4s pitsipusero<\/strong> jossa yhdistyy perinteinen morsiamen kauneus ripauksella modernia aistillisuutta.<\/p>\n\n\n\n<p><strong>Ontto muotoilu<\/strong>: Ontot design-elementit tuovat t\u00e4h\u00e4n asuun rohkean ja houkuttelevan n\u00e4k\u00f6kulman, joka on t\u00e4ydellinen erityisiin iltoihin. Se lis\u00e4\u00e4 juonittelua ja vieh\u00e4tysvoimaa, mik\u00e4 tekee asusta paitsi alusvaatteen, my\u00f6s ilmaisun hienostuneisuudesta ja halusta.<\/p>\n\n\n\n<p><strong>Olkaimeton Elegance<\/strong>: T\u00e4m\u00e4n vaatepussin olkaimeton muotoilu tarjoaa tyylikk\u00e4\u00e4n ja imartelevan siluetin, joka on ihanteellinen olkap\u00e4iden ja kaulan esittelyyn. T\u00e4m\u00e4 ominaisuus on erityisen houkutteleva morsiusvaatteisiin tai niille, jotka haluavat alusvaatteita, jotka tarjoavat esteett\u00f6m\u00e4n ja tyylikk\u00e4\u00e4n p\u00e4\u00e4ntien.<\/p>\n\n\n\n<p><strong>Pehmustetut kupit<\/strong>: Pehmustetuilla kupeilla varustettu lipasto tarjoaa sek\u00e4 mukavuutta ett\u00e4 tukea. Pehmuste vahvistaa rinnan linjaa ja tarjoaa kauniin ja imartelevan muodon, mik\u00e4 tekee siit\u00e4 k\u00e4yt\u00e4nn\u00f6llisen mutta tyylikk\u00e4\u00e4n valinnan mihin tahansa alusvaatemallistoon.<\/p>\n\n\n\n<p><strong>Monipuolinen ja ajaton<\/strong>: Vaikka t\u00e4ydellinen a <strong>valkoinen morsiuspuku<\/strong>, sen ajaton muotoilu ja tyylikk\u00e4\u00e4t ominaisuudet tekev\u00e4t siit\u00e4 monipuolisen lis\u00e4yksen kaikkiin alusvaatteisiin, jotka sopivat moneen tilanteeseen h\u00e4\u00e4y\u00f6n lis\u00e4ksi.<\/p>\n\n\n\n<p><strong>T\u00e4ydellinen morsiuskokoelmiin<\/strong>: T\u00e4m\u00e4 mekko on ihanteellinen lis\u00e4 morsiuskokoelmiin, ja se tarjoaa sekoituksen perinteist\u00e4 eleganssia ja nykyaikaista vieh\u00e4tyst\u00e4. Se on pala, joka vetoaa moderneihin morsiamiin, jotka etsiv\u00e4t sek\u00e4 hienostuneita ett\u00e4 aistillisia alusvaatteita.<\/p>\n\n\n\n<p>Kutsu asiakkaasi kokemaan valkoisen morsiuspukumme eleganssia ja vieh\u00e4tyst\u00e4. Sen hieno muotoilu ja huomiota yksityiskohtiin tekev\u00e4t siit\u00e4 erottuvan lis\u00e4yksen mihin tahansa huippuluokan alusvaatemallistoon. Tilaa nyt ja tarjoa asiakkaillesi ripaus romantiikkaa, eleganssia ja modernia tyyli\u00e4!<\/p>\n\n\n\n<figure class=\"wp-block-table\"><table><tbody><tr><td class=\"has-text-align-center\" data-align=\"center\" colspan=\"4\"><strong>Kokotaulukko (CM)<\/strong><\/td><\/tr><tr><td class=\"has-text-align-center\" data-align=\"center\"><strong>Koko<\/strong><\/td><td class=\"has-text-align-center\" data-align=\"center\"><strong>Pituus (cm)<\/strong><\/td><td class=\"has-text-align-center\" data-align=\"center\"><strong>Rinnan alla (cm)<\/strong><\/td><td class=\"has-text-align-center\" data-align=\"center\"><strong>Vy\u00f6t\u00e4r\u00f6 (cm)<\/strong><\/td><\/tr><tr><td class=\"has-text-align-center\" data-align=\"center\">S<\/td><td class=\"has-text-align-center\" data-align=\"center\">54<\/td><td class=\"has-text-align-center\" data-align=\"center\">66-84<\/td><td class=\"has-text-align-center\" data-align=\"center\">60<\/td><\/tr><tr><td class=\"has-text-align-center\" data-align=\"center\">M<\/td><td class=\"has-text-align-center\" data-align=\"center\">55<\/td><td class=\"has-text-align-center\" data-align=\"center\">70-88<\/td><td class=\"has-text-align-center\" data-align=\"center\">64<\/td><\/tr><tr><td class=\"has-text-align-center\" data-align=\"center\">L<\/td><td class=\"has-text-align-center\" data-align=\"center\">56<\/td><td class=\"has-text-align-center\" data-align=\"center\">74-92<\/td><td class=\"has-text-align-center\" data-align=\"center\">68<\/td><\/tr><tr><td class=\"has-text-align-center\" data-align=\"center\" colspan=\"4\"><strong>Kokotaulukko (TUUMA)<\/strong><\/td><\/tr><tr><td class=\"has-text-align-center\" data-align=\"center\"><strong>Koko<\/strong><\/td><td class=\"has-text-align-center\" data-align=\"center\"><strong>Pituus (in)<\/strong><\/td><td class=\"has-text-align-center\" data-align=\"center\"><strong>Rinnan alla (sis\u00e4\u00e4n)<\/strong><\/td><td class=\"has-text-align-center\" data-align=\"center\"><strong>Vy\u00f6t\u00e4r\u00f6 (sis\u00e4\u00e4n)<\/strong><\/td><\/tr><tr><td class=\"has-text-align-center\" data-align=\"center\">S<\/td><td class=\"has-text-align-center\" data-align=\"center\">21.26<\/td><td class=\"has-text-align-center\" data-align=\"center\">25.98-33.07<\/td><td class=\"has-text-align-center\" data-align=\"center\">23.62<\/td><\/tr><tr><td class=\"has-text-align-center\" data-align=\"center\">M<\/td><td class=\"has-text-align-center\" data-align=\"center\">21.65<\/td><td class=\"has-text-align-center\" data-align=\"center\">27.56-34.65<\/td><td class=\"has-text-align-center\" data-align=\"center\">25.20<\/td><\/tr><tr><td class=\"has-text-align-center\" data-align=\"center\">L<\/td><td class=\"has-text-align-center\" data-align=\"center\">22.05<\/td><td class=\"has-text-align-center\" data-align=\"center\">29.13-36.22<\/td><td class=\"has-text-align-center\" data-align=\"center\">26.77<\/td><\/tr><\/tbody><\/table><\/figure>","protected":false},"excerpt":{"rendered":"<p>Tutustu meid\u00e4n vieh\u00e4tysvoimaan <strong>valkoinen morsiuspuku<\/strong>, valkoinen visio, jossa tyylik\u00e4s pitsipanelointi ja viettelev\u00e4 ontto muotoilu, t\u00e4ydellinen olkaimeton, lumoava look.<\/p>","protected":false},"featured_media":48345,"template":"","meta":[],"product_brand":[],"product_cat":[392,422,367],"product_tag":[867,862,865,972],"class_list":{"0":"post-48357","1":"product","2":"type-product","3":"status-publish","4":"has-post-thumbnail","6":"product_cat-wholesale-lace-chemise","7":"product_cat-sexy-chemise","8":"product_cat-sexy-lingerie","9":"product_tag-sexy-push-up-lingerie","10":"product_tag-sexy-silk-lingerie","11":"product_tag-sexy-skimpy-lingerie","12":"product_tag-valentines-day-lingerie","13":"pa_color-white","14":"pa_size-wholesale-large-size-women-sexy-lingerie","15":"pa_size-wholesale-medium-size-women-sexy-lingerie","16":"pa_size-wholesale-small-size-sexy-lingerie","18":"first","19":"instock","20":"taxable","21":"shipping-taxable","22":"purchasable","23":"product-type-variable"},"tiered_pricing_type":"fixed","tiered_pricing_fixed_rules":[],"tiered_pricing_product_settings":{"layout":"table","base_unit_name":{"singular":null,"plural":null},"default_variation":null},"tiered_pricing_minimum_quantity":null,"tiered_pricing_roles_data":[],"tiered_pricing_percentage_rules":[],"tiered_pricing_maximum_quantity":null,"tiered_pricing_quantity_step":null,"_links":{"self":[{"href":"https:\/\/gretasexylingerie.com\/fi\/wp-json\/wp\/v2\/product\/48357","targetHints":{"allow":["GET"]}}],"collection":[{"href":"https:\/\/gretasexylingerie.com\/fi\/wp-json\/wp\/v2\/product"}],"about":[{"href":"https:\/\/gretasexylingerie.com\/fi\/wp-json\/wp\/v2\/types\/product"}],"wp:featuredmedia":[{"embeddable":true,"href":"https:\/\/gretasexylingerie.com\/fi\/wp-json\/wp\/v2\/media\/48345"}],"wp:attachment":[{"href":"https:\/\/gretasexylingerie.com\/fi\/wp-json\/wp\/v2\/media?parent=48357"}],"wp:term":[{"taxonomy":"product_brand","embeddable":true,"href":"https:\/\/gretasexylingerie.com\/fi\/wp-json\/wp\/v2\/product_brand?post=48357"},{"taxonomy":"product_cat","embeddable":true,"href":"https:\/\/gretasexylingerie.com\/fi\/wp-json\/wp\/v2\/product_cat?post=48357"},{"taxonomy":"product_tag","embeddable":true,"href":"https:\/\/gretasexylingerie.com\/fi\/wp-json\/wp\/v2\/product_tag?post=48357"}],"curies":[{"name":"wp","href":"https:\/\/api.w.org\/{rel}","templated":true}]}}