{"id":48341,"date":"2024-01-23T22:00:35","date_gmt":"2024-01-23T14:00:35","guid":{"rendered":"https:\/\/gretasexylingerie.com\/?post_type=product&#038;p=48341"},"modified":"2024-02-20T12:23:38","modified_gmt":"2024-02-20T04:23:38","slug":"tukku-seepra-rintaliivit-ja-pikkuhousut-setti","status":"publish","type":"product","link":"https:\/\/gretasexylingerie.com\/fi\/products\/wholesale-zebra-bra-and-panty-set\/","title":{"rendered":"Tukkumyynti Zebra-rintaliivit ja -housut, joissa on yhteensopivat tarvikkeet"},"content":{"rendered":"<p><strong>N\u00e4ytt\u00e4v\u00e4 seeprakuvio<\/strong>: T\u00e4m\u00e4n rintaliivipuvun rohkea mustavalkoinen seeprakuvio tarjoaa rohkean ja eksoottisen ilmeen. T\u00e4m\u00e4 katseenvangitsija muotoilu on t\u00e4ydellinen niille, jotka haluavat lis\u00e4t\u00e4 ripauksen villi\u00e4 el\u00e4m\u00e4\u00e4ns\u00e4 <strong>yhteensopivat rintaliivit<\/strong> kokoelma.<\/p>\n\n\n\n<p><strong>L\u00e4pin\u00e4kyv\u00e4 verkkokangas<\/strong>: L\u00e4pin\u00e4kyv\u00e4st\u00e4 verkosta valmistettu sarja tarjoaa houkuttelevan mutta hienostuneen ilmeen, joten se on hienostunut valinta <strong>3 rintaliivit setti<\/strong> jonottaa.<\/p>\n\n\n\n<p><strong>T\u00e4ydellinen viisiosainen kokonaisuus<\/strong>: T\u00e4m\u00e4 kattava sarja sis\u00e4lt\u00e4\u00e4 rintaliivit, pikkuhousut, sukkanauhat, legringin ja kaularenkaan, mik\u00e4 takaa harmonisen ja t\u00e4ydellisen ilmeen mihin tahansa erityiseen tilaisuuteen tai ylelliseen alusvaatemallistoon.<\/p>\n\n\n\n<p><strong>Monipuolinen kokovalikoima<\/strong>: Saatavana S-, M- ja L-kokoisina, t\u00e4m\u00e4 setti palvelee monenlaisia vartalotyyppej\u00e4, mik\u00e4 takaa t\u00e4ydellisen istuvuuden ja mukavuuden asiakkaillesi.<\/p>\n\n\n\n<p><strong>T\u00e4ydellinen erilaisiin tilaisuuksiin<\/strong>: Olipa kyseess\u00e4 illanvietto, erikoistapahtuma tai ainutlaatuinen muodikas, t\u00e4m\u00e4 seeprakuvioinen rintaliivisetti on riitt\u00e4v\u00e4n monipuolinen sopimaan erilaisiin tilaisuuksiin, joten se on arvokas lis\u00e4 kaikkiin alusvaatteisiin tai muotikokoelmaan.<\/p>\n\n\n\n<p>Syleile rohkeutta ja kaunista seeprakuvioisella rintaliivisarjallamme, joka on t\u00e4ydellinen yhdistelm\u00e4 tyyli\u00e4, mukavuutta ja eksoottista tunnelmaa. Sen ainutlaatuinen muotoilu ja huomio yksityiskohtiin tekev\u00e4t siit\u00e4 kokoelmasi v\u00e4ltt\u00e4m\u00e4tt\u00f6m\u00e4n. Tilaa nyt ja tarjoa asiakkaillesi ripaus villi\u00e4 yhdistettyn\u00e4 eleganssiin ja mukavuuteen!<\/p>\n\n\n\n<figure class=\"wp-block-table\"><table><tbody><tr><td class=\"has-text-align-center\" data-align=\"center\" colspan=\"6\"><strong>Kokotaulukko (CM)<\/strong><\/td><\/tr><tr><td class=\"has-text-align-center\" data-align=\"center\"><strong>Koko<\/strong><\/td><td class=\"has-text-align-center\" data-align=\"center\"><strong>Pituus (cm)<\/strong><\/td><td class=\"has-text-align-center\" data-align=\"center\"><strong>Rinnan alla (cm)<\/strong><\/td><td class=\"has-text-align-center\" data-align=\"center\"><strong>Alushousut vy\u00f6t\u00e4r\u00f6 (cm)<\/strong><\/td><td class=\"has-text-align-center\" data-align=\"center\"><strong>Vy\u00f6t\u00e4r\u00f6 (cm)<\/strong><\/td><td class=\"has-text-align-center\" data-align=\"center\"><strong>Pituus (cm)<\/strong><\/td><\/tr><tr><td class=\"has-text-align-center\" data-align=\"center\">S<\/td><td class=\"has-text-align-center\" data-align=\"center\">15<\/td><td class=\"has-text-align-center\" data-align=\"center\">65-86<\/td><td class=\"has-text-align-center\" data-align=\"center\">62-90<\/td><td class=\"has-text-align-center\" data-align=\"center\">62-86<\/td><td class=\"has-text-align-center\" data-align=\"center\">22<\/td><\/tr><tr><td class=\"has-text-align-center\" data-align=\"center\">M<\/td><td class=\"has-text-align-center\" data-align=\"center\">15.8<\/td><td class=\"has-text-align-center\" data-align=\"center\">69-90<\/td><td class=\"has-text-align-center\" data-align=\"center\">66-94<\/td><td class=\"has-text-align-center\" data-align=\"center\">66-90<\/td><td class=\"has-text-align-center\" data-align=\"center\">23<\/td><\/tr><tr><td class=\"has-text-align-center\" data-align=\"center\">L<\/td><td class=\"has-text-align-center\" data-align=\"center\">16.6<\/td><td class=\"has-text-align-center\" data-align=\"center\">73-94<\/td><td class=\"has-text-align-center\" data-align=\"center\">70-98<\/td><td class=\"has-text-align-center\" data-align=\"center\">70-94<\/td><td class=\"has-text-align-center\" data-align=\"center\">24<\/td><\/tr><tr><td class=\"has-text-align-center\" data-align=\"center\" colspan=\"6\"><strong>Kokotaulukko (TUUMA)<\/strong><\/td><\/tr><tr><td class=\"has-text-align-center\" data-align=\"center\"><strong>Koko<\/strong><\/td><td class=\"has-text-align-center\" data-align=\"center\"><strong>Pituus (in)<\/strong><\/td><td class=\"has-text-align-center\" data-align=\"center\"><strong>Rinnan alla (sis\u00e4\u00e4n)<\/strong><\/td><td class=\"has-text-align-center\" data-align=\"center\"><strong>Alushousut vy\u00f6t\u00e4r\u00f6ll\u00e4 (sis\u00e4\u00e4n)<\/strong><\/td><td class=\"has-text-align-center\" data-align=\"center\"><strong>Vy\u00f6t\u00e4r\u00f6 (sis\u00e4\u00e4n)<\/strong><\/td><td class=\"has-text-align-center\" data-align=\"center\"><strong>Pituus (in)<\/strong><\/td><\/tr><tr><td class=\"has-text-align-center\" data-align=\"center\">S<\/td><td class=\"has-text-align-center\" data-align=\"center\">5.91<\/td><td class=\"has-text-align-center\" data-align=\"center\">25.59-33.86<\/td><td class=\"has-text-align-center\" data-align=\"center\">24.41-35.43<\/td><td class=\"has-text-align-center\" data-align=\"center\">24.41-33.86<\/td><td class=\"has-text-align-center\" data-align=\"center\">8.66<\/td><\/tr><tr><td class=\"has-text-align-center\" data-align=\"center\">M<\/td><td class=\"has-text-align-center\" data-align=\"center\">6.22<\/td><td class=\"has-text-align-center\" data-align=\"center\">27.17-35.43<\/td><td class=\"has-text-align-center\" data-align=\"center\">25.98-37.01<\/td><td class=\"has-text-align-center\" data-align=\"center\">25.98-35.43<\/td><td class=\"has-text-align-center\" data-align=\"center\">9.06<\/td><\/tr><tr><td class=\"has-text-align-center\" data-align=\"center\">L<\/td><td class=\"has-text-align-center\" data-align=\"center\">6.54<\/td><td class=\"has-text-align-center\" data-align=\"center\">28.74-37.01<\/td><td class=\"has-text-align-center\" data-align=\"center\">27.56-38.58<\/td><td class=\"has-text-align-center\" data-align=\"center\">27.56-37.01<\/td><td class=\"has-text-align-center\" data-align=\"center\">9.45<\/td><\/tr><\/tbody><\/table><\/figure>","protected":false},"excerpt":{"rendered":"<p>Sukella villille puolelle meid\u00e4n kanssamme <strong>seepra rintaliivit ja pikkuhousut setti<\/strong>, jossa on silmiinpist\u00e4v\u00e4 mustavalkoinen kuvio l\u00e4pin\u00e4kyv\u00e4ll\u00e4 verkkokankaalla. T\u00e4m\u00e4 setti sis\u00e4lt\u00e4\u00e4 rintaliivit, pikkuhousut, sukkanauhat, legringin ja kaularenkaan, jotka tarjoavat t\u00e4ydellisen ja koordinoidun ilmeen.<\/p>","protected":false},"featured_media":48330,"template":"","meta":[],"product_brand":[],"product_cat":[368,374,367],"product_tag":[507,532,869,864,865],"class_list":{"0":"post-48341","1":"product","2":"type-product","3":"status-publish","4":"has-post-thumbnail","6":"product_cat-bra-panty-set","7":"product_cat-wholesale-garter-belt-set","8":"product_cat-sexy-lingerie","9":"product_tag-three-pcs-set","10":"product_tag-lingerie-suspender-set","11":"product_tag-sexy-animal-print-lingerie","12":"product_tag-sexy-petite-lingerie","13":"product_tag-sexy-skimpy-lingerie","14":"pa_color-black","15":"pa_size-wholesale-large-size-women-sexy-lingerie","16":"pa_size-wholesale-medium-size-women-sexy-lingerie","17":"pa_size-wholesale-small-size-sexy-lingerie","19":"first","20":"instock","21":"taxable","22":"shipping-taxable","23":"purchasable","24":"product-type-variable"},"tiered_pricing_type":"fixed","tiered_pricing_fixed_rules":[],"tiered_pricing_product_settings":{"layout":"table","base_unit_name":{"singular":null,"plural":null},"default_variation":null},"tiered_pricing_minimum_quantity":null,"tiered_pricing_roles_data":[],"tiered_pricing_percentage_rules":[],"tiered_pricing_maximum_quantity":null,"tiered_pricing_quantity_step":null,"_links":{"self":[{"href":"https:\/\/gretasexylingerie.com\/fi\/wp-json\/wp\/v2\/product\/48341","targetHints":{"allow":["GET"]}}],"collection":[{"href":"https:\/\/gretasexylingerie.com\/fi\/wp-json\/wp\/v2\/product"}],"about":[{"href":"https:\/\/gretasexylingerie.com\/fi\/wp-json\/wp\/v2\/types\/product"}],"wp:featuredmedia":[{"embeddable":true,"href":"https:\/\/gretasexylingerie.com\/fi\/wp-json\/wp\/v2\/media\/48330"}],"wp:attachment":[{"href":"https:\/\/gretasexylingerie.com\/fi\/wp-json\/wp\/v2\/media?parent=48341"}],"wp:term":[{"taxonomy":"product_brand","embeddable":true,"href":"https:\/\/gretasexylingerie.com\/fi\/wp-json\/wp\/v2\/product_brand?post=48341"},{"taxonomy":"product_cat","embeddable":true,"href":"https:\/\/gretasexylingerie.com\/fi\/wp-json\/wp\/v2\/product_cat?post=48341"},{"taxonomy":"product_tag","embeddable":true,"href":"https:\/\/gretasexylingerie.com\/fi\/wp-json\/wp\/v2\/product_tag?post=48341"}],"curies":[{"name":"wp","href":"https:\/\/api.w.org\/{rel}","templated":true}]}}