{"id":48323,"date":"2024-01-23T21:58:27","date_gmt":"2024-01-23T13:58:27","guid":{"rendered":"https:\/\/gretasexylingerie.com\/?post_type=product&#038;p=48323"},"modified":"2024-02-20T12:27:00","modified_gmt":"2024-02-20T04:27:00","slug":"tukku-seksikas-musta-rintaliivi-pikkuhousu-setti","status":"publish","type":"product","link":"https:\/\/gretasexylingerie.com\/fi\/products\/wholesale-sexy-black-bra-panty-set\/","title":{"rendered":"Tukkukaupan seksik\u00e4s musta rintaliivihoususarja kukkaisella pitsisukkanauhalla"},"content":{"rendered":"<p><strong>Musta pitsi ja verkkoompeleet<\/strong>: T\u00e4ss\u00e4 rintaliivisetiss\u00e4 yhdistyv\u00e4t tyylikk\u00e4\u00e4t mustat pitsit ja herkk\u00e4 verkko, mik\u00e4 luo hienostuneen mutta viettelev\u00e4n ilmeen. Monimutkaiset ompeleet lis\u00e4\u00e4v\u00e4t ripauksen k\u00e4sity\u00f6t\u00e4, mik\u00e4 tekee siit\u00e4 erottuvan valinnan niille, jotka etsiv\u00e4t <strong>seksikk\u00e4\u00e4t mustat rintaliivit<\/strong> ylellisen tuntuisia settej\u00e4.<\/p>\n\n\n\n<p><strong>Seksik\u00e4s l\u00e4pin\u00e4kyv\u00e4 muotoilu<\/strong>: Setin l\u00e4pin\u00e4kyv\u00e4 luonne tarjoaa kiehtovan v\u00e4l\u00e4hdyksen alla olevasta sis\u00e4ll\u00f6st\u00e4 ja l\u00f6yt\u00e4\u00e4 t\u00e4ydellisen tasapainon vieh\u00e4tyksen ja hienostuneisuuden v\u00e4lill\u00e4. Se on ihanteellinen valinta asiakkaille, jotka arvostavat alusvaatteita, jotka ovat sek\u00e4 visuaalisesti n\u00e4ytt\u00e4vi\u00e4 ett\u00e4 tyylikk\u00e4\u00e4sti paljastavia.<\/p>\n\n\n\n<p><strong>Pitsiripset koristellut rintaliivit<\/strong>: T\u00e4m\u00e4n setin rintaliivit on koristeltu pitsisill\u00e4 ripsikoristeilla, jotka lis\u00e4\u00e4v\u00e4t kerroksen romanttista charmia. T\u00e4m\u00e4 upea yksityiskohta korostaa setin naisellista vetovoimaa, mik\u00e4 tekee siit\u00e4 toivottavan valinnan niille, jotka rakastavat pitsien monimutkaista kauneutta alusvaatteissaan.<\/p>\n\n\n\n<p><strong>Minijousen koristelu<\/strong>: Jokainen kappale on korostettu minijousella, joka tarjoaa suloisen ja leikkis\u00e4n kosketuksen. N\u00e4m\u00e4 herk\u00e4t rusetit lis\u00e4\u00e4v\u00e4t oikkua ja vieh\u00e4tysvoimaa ja korostavat setin yleist\u00e4 estetiikkaa.<\/p>\n\n\n\n<p><strong>T\u00e4ydellinen kolmiosainen kokonaisuus<\/strong>: T\u00e4m\u00e4 sarja sis\u00e4lt\u00e4\u00e4 rintakeh\u00e4n, pikkuhousun ja sukkanauhan, ja se tarjoaa koordinoidun ja kattavan alusvaateratkaisun. Se sopii t\u00e4ydellisesti asiakkaille, jotka etsiv\u00e4t t\u00e4ydellist\u00e4 ja harmonista ilmett\u00e4 erityistilaisuuksiin.<\/p>\n\n\n\n<p><strong>Monipuoliset v\u00e4rivaihtoehdot<\/strong>: Saatavana sek\u00e4 klassisena mustana ett\u00e4 puhtaana valkoisena, t\u00e4m\u00e4 sarja sopii erilaisiin tyyleihin ja mieltymyksiin. Jokainen v\u00e4rivaihtoehto lis\u00e4\u00e4 muotoiluun oman luonteensa, rohkeasta ja salaper\u00e4isest\u00e4 puhtaaseen ja eleganttiin.<\/p>\n\n\n\n<p><strong>T\u00e4ydellinen erilaisiin tilaisuuksiin<\/strong>: Olipa kyseess\u00e4 romanttinen ilta, erityistapahtuma tai ainutlaatuinen muoti-ilme, t\u00e4m\u00e4 <strong>kukkainen pitsinen sukkanauha alusasusetti<\/strong> on tarpeeksi monipuolinen sopimaan erilaisiin tilaisuuksiin, joten se on arvokas lis\u00e4 kaikkiin alusvaatteisiin tai muotikokoelmaan.<\/p>\n\n\n\n<p>Kutsu asiakkaasi kokemaan mustien pitsi- ja verkkorintaliivisarjamme ylellinen ja aistillinen maailma. Sen hieno muotoilu ja huomiota yksityiskohtiin tekev\u00e4t siit\u00e4 v\u00e4ltt\u00e4m\u00e4tt\u00f6m\u00e4n mink\u00e4 tahansa huippuluokan alusvaatemalliston. Tilaa nyt ja tarjoa asiakkaillesi ripaus eleganssia, romantiikkaa ja viettelev\u00e4\u00e4 tyyli\u00e4!<\/p>\n\n\n\n<figure class=\"wp-block-table\"><table><tbody><tr><td class=\"has-text-align-center\" data-align=\"center\" colspan=\"6\"><strong>Kokotaulukko (CM)<\/strong><\/td><\/tr><tr><td class=\"has-text-align-center\" data-align=\"center\"><strong>Koko<\/strong><\/td><td class=\"has-text-align-center\" data-align=\"center\"><strong>Kupin korkeus (cm)<\/strong><\/td><td class=\"has-text-align-center\" data-align=\"center\"><strong>Rinnan alla (cm)<\/strong><\/td><td class=\"has-text-align-center\" data-align=\"center\"><strong>Alushousut vy\u00f6t\u00e4r\u00f6 (cm)<\/strong><\/td><td class=\"has-text-align-center\" data-align=\"center\"><strong>Vy\u00f6t\u00e4r\u00f6 (cm)<\/strong><\/td><td class=\"has-text-align-center\" data-align=\"center\"><strong>Pituus (cm)<\/strong><\/td><\/tr><tr><td class=\"has-text-align-center\" data-align=\"center\">S<\/td><td class=\"has-text-align-center\" data-align=\"center\">16<\/td><td class=\"has-text-align-center\" data-align=\"center\">66-84<\/td><td class=\"has-text-align-center\" data-align=\"center\">68-94<\/td><td class=\"has-text-align-center\" data-align=\"center\">64-84<\/td><td class=\"has-text-align-center\" data-align=\"center\">20<\/td><\/tr><tr><td class=\"has-text-align-center\" data-align=\"center\">M<\/td><td class=\"has-text-align-center\" data-align=\"center\">17<\/td><td class=\"has-text-align-center\" data-align=\"center\">70-88<\/td><td class=\"has-text-align-center\" data-align=\"center\">72-98<\/td><td class=\"has-text-align-center\" data-align=\"center\">68-88<\/td><td class=\"has-text-align-center\" data-align=\"center\">21<\/td><\/tr><tr><td class=\"has-text-align-center\" data-align=\"center\">L<\/td><td class=\"has-text-align-center\" data-align=\"center\">18<\/td><td class=\"has-text-align-center\" data-align=\"center\">74-92<\/td><td class=\"has-text-align-center\" data-align=\"center\">76-102<\/td><td class=\"has-text-align-center\" data-align=\"center\">72-92<\/td><td class=\"has-text-align-center\" data-align=\"center\">22<\/td><\/tr><tr><td class=\"has-text-align-center\" data-align=\"center\" colspan=\"6\"><strong>Kokotaulukko (TUUMA)<\/strong><\/td><\/tr><tr><td class=\"has-text-align-center\" data-align=\"center\"><strong>Koko<\/strong><\/td><td class=\"has-text-align-center\" data-align=\"center\"><strong>Kupin korkeus (tuumaa)<\/strong><\/td><td class=\"has-text-align-center\" data-align=\"center\"><strong>Rinnan alla (sis\u00e4\u00e4n)<\/strong><\/td><td class=\"has-text-align-center\" data-align=\"center\"><strong>Alushousut vy\u00f6t\u00e4r\u00f6ll\u00e4 (sis\u00e4\u00e4n)<\/strong><\/td><td class=\"has-text-align-center\" data-align=\"center\"><strong>Vy\u00f6t\u00e4r\u00f6 (sis\u00e4\u00e4n)<\/strong><\/td><td class=\"has-text-align-center\" data-align=\"center\"><strong>Pituus (in)<\/strong><\/td><\/tr><tr><td class=\"has-text-align-center\" data-align=\"center\">S<\/td><td class=\"has-text-align-center\" data-align=\"center\">6.30<\/td><td class=\"has-text-align-center\" data-align=\"center\">25.98-33.07<\/td><td class=\"has-text-align-center\" data-align=\"center\">26.77-37.01<\/td><td class=\"has-text-align-center\" data-align=\"center\">25.20-33.07<\/td><td class=\"has-text-align-center\" data-align=\"center\">7.87<\/td><\/tr><tr><td class=\"has-text-align-center\" data-align=\"center\">M<\/td><td class=\"has-text-align-center\" data-align=\"center\">6.69<\/td><td class=\"has-text-align-center\" data-align=\"center\">27.56-34.65<\/td><td class=\"has-text-align-center\" data-align=\"center\">28.35-38.58<\/td><td class=\"has-text-align-center\" data-align=\"center\">26.77-34.65<\/td><td class=\"has-text-align-center\" data-align=\"center\">8.27<\/td><\/tr><tr><td class=\"has-text-align-center\" data-align=\"center\">L<\/td><td class=\"has-text-align-center\" data-align=\"center\">7.09<\/td><td class=\"has-text-align-center\" data-align=\"center\">29.13-36.22<\/td><td class=\"has-text-align-center\" data-align=\"center\">29.92-40.16<\/td><td class=\"has-text-align-center\" data-align=\"center\">28.35-36.22<\/td><td class=\"has-text-align-center\" data-align=\"center\">8.66<\/td><\/tr><\/tbody><\/table><\/figure>","protected":false},"excerpt":{"rendered":"<p>Nauti meid\u00e4n vieh\u00e4tysvoimasta <strong>kukkainen pitsinen sukkanauha alusasusetti<\/strong>, kiehtova kokonaisuus mustista pitsist\u00e4 ja verkkoompeleesta, jossa on seksik\u00e4s l\u00e4pin\u00e4kyv\u00e4 muotoilu, pitsiripset koristellut rintaliivit ja minirusetit.<\/p>","protected":false},"featured_media":48309,"template":"","meta":[],"product_brand":[],"product_cat":[368,369,367],"product_tag":[507,452,875,865],"class_list":{"0":"post-48323","1":"product","2":"type-product","3":"status-publish","4":"has-post-thumbnail","6":"product_cat-bra-panty-set","7":"product_cat-wholesale-lace-bra-and-panty-sets","8":"product_cat-sexy-lingerie","9":"product_tag-three-pcs-set","10":"product_tag-wholesale-boudoir-lingerie","11":"product_tag-lace-sexy-lingerie","12":"product_tag-sexy-skimpy-lingerie","13":"pa_color-black","14":"pa_color-white","15":"pa_size-wholesale-large-size-women-sexy-lingerie","16":"pa_size-wholesale-medium-size-women-sexy-lingerie","17":"pa_size-wholesale-small-size-sexy-lingerie","19":"first","20":"instock","21":"taxable","22":"shipping-taxable","23":"purchasable","24":"product-type-variable"},"tiered_pricing_type":"fixed","tiered_pricing_fixed_rules":[],"tiered_pricing_product_settings":{"layout":"table","base_unit_name":{"singular":null,"plural":null},"default_variation":null},"tiered_pricing_minimum_quantity":null,"tiered_pricing_roles_data":[],"tiered_pricing_percentage_rules":[],"tiered_pricing_maximum_quantity":null,"tiered_pricing_quantity_step":null,"_links":{"self":[{"href":"https:\/\/gretasexylingerie.com\/fi\/wp-json\/wp\/v2\/product\/48323","targetHints":{"allow":["GET"]}}],"collection":[{"href":"https:\/\/gretasexylingerie.com\/fi\/wp-json\/wp\/v2\/product"}],"about":[{"href":"https:\/\/gretasexylingerie.com\/fi\/wp-json\/wp\/v2\/types\/product"}],"wp:featuredmedia":[{"embeddable":true,"href":"https:\/\/gretasexylingerie.com\/fi\/wp-json\/wp\/v2\/media\/48309"}],"wp:attachment":[{"href":"https:\/\/gretasexylingerie.com\/fi\/wp-json\/wp\/v2\/media?parent=48323"}],"wp:term":[{"taxonomy":"product_brand","embeddable":true,"href":"https:\/\/gretasexylingerie.com\/fi\/wp-json\/wp\/v2\/product_brand?post=48323"},{"taxonomy":"product_cat","embeddable":true,"href":"https:\/\/gretasexylingerie.com\/fi\/wp-json\/wp\/v2\/product_cat?post=48323"},{"taxonomy":"product_tag","embeddable":true,"href":"https:\/\/gretasexylingerie.com\/fi\/wp-json\/wp\/v2\/product_tag?post=48323"}],"curies":[{"name":"wp","href":"https:\/\/api.w.org\/{rel}","templated":true}]}}