{"id":48245,"date":"2024-01-23T21:47:46","date_gmt":"2024-01-23T13:47:46","guid":{"rendered":"https:\/\/gretasexylingerie.com\/?post_type=product&#038;p=48245"},"modified":"2024-03-12T11:30:21","modified_gmt":"2024-03-12T03:30:21","slug":"tukku-helmi-rintaliivit-ja-alusvaatteet-setti","status":"publish","type":"product","link":"https:\/\/gretasexylingerie.com\/fi\/products\/wholesale-pearl-bra-and-underwear-set\/","title":{"rendered":"Tukku Pearl rintaliivit ja alusvaatteet setti Tylliss\u00e4"},"content":{"rendered":"<p><strong>Pearl Chain Elegance<\/strong>: T\u00e4m\u00e4 hieno setti koostuu helmiketjuista, jotka lis\u00e4\u00e4v\u00e4t ripauksen ylellisyytt\u00e4 ja hienostuneisuutta. Helmet tarjoavat ainutlaatuisen estetiikan, joten t\u00e4m\u00e4 setti on ylellinen valinta etsiville <strong>seksikk\u00e4\u00e4t kaksiosaiset alusvaatteet<\/strong> omalaatuisella tyylill\u00e4.<\/p>\n\n\n\n<p><strong>Avaa pikkuhousujen suunnittelu<\/strong>: Avohousutyyli ei ole vain rohkea, vaan se huokuu my\u00f6s houkuttelevuutta ja juonittelua. T\u00e4m\u00e4 malli sopii t\u00e4ydellisesti asiakkaille, jotka etsiv\u00e4t alusvaatteita, joissa rohkeus yhdistyy eleganssiin.<\/p>\n\n\n\n<p><strong>Ontot rintaliivit<\/strong>: Ontot rintaliivit lis\u00e4\u00e4v\u00e4t viettely\u00e4 ja hienostuneisuutta. Se on innovatiivinen l\u00e4hestymistapa alusvaatteisiin, joka tarjoaa tasapainon paljastamisen ja peitt\u00e4vyyden v\u00e4lill\u00e4, mik\u00e4 valloittaa mielikuvituksen.<\/p>\n\n\n\n<p><strong>Super elastinen verkkokehys<\/strong>: Setti on kehystetty eritt\u00e4in joustavalla verkkomateriaalilla, mik\u00e4 varmistaa sek\u00e4 mukavuuden ett\u00e4 imartelevan istuvuuden. T\u00e4m\u00e4 ominaisuus on erityisen houkutteleva sen monipuolisuuden ja mukautuvuuden vuoksi eri vartalotyypeille.<\/p>\n\n\n\n<p><strong>Saatavana kolmessa v\u00e4riss\u00e4<\/strong>: Saatavana mustana, valkoisena ja violettina, t\u00e4m\u00e4 sarja sopii erilaisiin mieltymyksiin ja tyyleihin. Jokainen v\u00e4ri lis\u00e4\u00e4 muotoiluun oman luonteensa, klassisesta eleganssista rohkeaan ja salaper\u00e4iseen.<\/p>\n\n\n\n<p><strong>T\u00e4ydellinen erityistilaisuuksiin<\/strong>: Ihanteellinen niille erityisille hetkille, t\u00e4m\u00e4 helmirintaliivit ja alusvaatteet setti on enemm\u00e4n kuin vain alusvaatteita; se on lausuntopala. Se on t\u00e4ydellinen asiakkaille, jotka haluavat lis\u00e4t\u00e4 ylellisyytt\u00e4 ja aistillisuutta vaatekaappiinsa.<\/p>\n\n\n\n<p>Kutsu asiakkaasi nauttimaan helmirintaliivit ja alusvaatesarjamme ylellisest\u00e4 ja aistillisesta maailmasta. Sen ainutlaatuinen muotoilu ja huomiota yksityiskohtiin tekev\u00e4t siit\u00e4 v\u00e4ltt\u00e4m\u00e4tt\u00f6m\u00e4n mink\u00e4 tahansa huippuluokan alusvaatemalliston. Tilaa nyt ja tarjoa asiakkaillesi ripaus eleganssia, hienostuneisuutta ja rohkeaa tyyli\u00e4!<\/p>","protected":false},"excerpt":{"rendered":"<p>Sukella ylellisyyteen meid\u00e4n kanssamme <strong>helmirintaliivit ja alusvaatteet setti<\/strong>, upea kokonaisuus, jossa on helmiketjut avohousuissa ja ontot rintaliivit, jotka on kehystetty eritt\u00e4in joustavalla verkkomateriaalilla.<\/p>","protected":false},"featured_media":48225,"template":"","meta":[],"product_brand":[],"product_cat":[368,367,376],"product_tag":[973,670,880,449,453,864],"class_list":{"0":"post-48245","1":"product","2":"type-product","3":"status-publish","4":"has-post-thumbnail","6":"product_cat-bra-panty-set","7":"product_cat-sexy-lingerie","8":"product_cat-wholesale-ultra-sexy-bra-panty-set","9":"product_tag-oem","10":"product_tag-pearl-lingerie","11":"product_tag-sexy-2-piece-lingerie","12":"product_tag-wholesale-sexy-crotchless-lingerie","13":"product_tag-wholesale-sexy-naughty-lingerie","14":"product_tag-sexy-petite-lingerie","15":"pa_color-black","16":"pa_color-purple-women-sexy-lingerie","17":"pa_color-white","18":"pa_size-wholesale-large-size-women-sexy-lingerie","19":"pa_size-wholesale-medium-size-women-sexy-lingerie","20":"pa_size-wholesale-small-size-sexy-lingerie","22":"first","23":"outofstock","24":"taxable","25":"shipping-taxable","26":"purchasable","27":"product-type-variable"},"tiered_pricing_type":"fixed","tiered_pricing_fixed_rules":[],"tiered_pricing_product_settings":{"layout":"table","base_unit_name":{"singular":null,"plural":null},"default_variation":null},"tiered_pricing_minimum_quantity":null,"tiered_pricing_roles_data":[],"tiered_pricing_percentage_rules":[],"tiered_pricing_maximum_quantity":null,"tiered_pricing_quantity_step":null,"_links":{"self":[{"href":"https:\/\/gretasexylingerie.com\/fi\/wp-json\/wp\/v2\/product\/48245","targetHints":{"allow":["GET"]}}],"collection":[{"href":"https:\/\/gretasexylingerie.com\/fi\/wp-json\/wp\/v2\/product"}],"about":[{"href":"https:\/\/gretasexylingerie.com\/fi\/wp-json\/wp\/v2\/types\/product"}],"wp:featuredmedia":[{"embeddable":true,"href":"https:\/\/gretasexylingerie.com\/fi\/wp-json\/wp\/v2\/media\/48225"}],"wp:attachment":[{"href":"https:\/\/gretasexylingerie.com\/fi\/wp-json\/wp\/v2\/media?parent=48245"}],"wp:term":[{"taxonomy":"product_brand","embeddable":true,"href":"https:\/\/gretasexylingerie.com\/fi\/wp-json\/wp\/v2\/product_brand?post=48245"},{"taxonomy":"product_cat","embeddable":true,"href":"https:\/\/gretasexylingerie.com\/fi\/wp-json\/wp\/v2\/product_cat?post=48245"},{"taxonomy":"product_tag","embeddable":true,"href":"https:\/\/gretasexylingerie.com\/fi\/wp-json\/wp\/v2\/product_tag?post=48245"}],"curies":[{"name":"wp","href":"https:\/\/api.w.org\/{rel}","templated":true}]}}