{"id":48205,"date":"2024-01-23T21:41:36","date_gmt":"2024-01-23T13:41:36","guid":{"rendered":"https:\/\/gretasexylingerie.com\/?post_type=product&#038;p=48205"},"modified":"2024-04-04T15:03:33","modified_gmt":"2024-04-04T07:03:33","slug":"tukku-violetti-ja-vaaleanpunainen-kukka-pitsi-sukkanauha-alusvaatteita-setti","status":"publish","type":"product","link":"https:\/\/gretasexylingerie.com\/fi\/products\/wholesale-purple-and-pink-floral-lace-garter-lingerie-set\/","title":{"rendered":"Purppuranpunainen ja vaaleanpunainen kukkainen pitsinen sukkanauhaalusvaatesarja"},"content":{"rendered":"<p><strong>Huippuluokan kukkakirjontak\u00e4sity\u00f6<\/strong>: Sarjassa on upea kukkakirjonta, joka esittelee taitavaa k\u00e4sity\u00f6t\u00e4. N\u00e4m\u00e4 monimutkaiset yksityiskohdat lis\u00e4\u00e4v\u00e4t ylellist\u00e4 ilmett\u00e4, mik\u00e4 tekee siit\u00e4 erottuvan kappaleen miss\u00e4 tahansa <strong>kukkainen pitsipohjainen sukkanauha alusasusetti<\/strong> kokoelma.<\/p>\n\n\n\n<p><strong>Silkkir\u00f6yhel\u00f6koristelu<\/strong>: Silkkir\u00f6yhel\u00f6t koristavat setti\u00e4 tyylikk\u00e4\u00e4sti ja lis\u00e4\u00e4v\u00e4t kerroksen hienostuneisuutta ja naisellisuutta. T\u00e4m\u00e4 herkk\u00e4 ominaisuus parantaa yleist\u00e4 estetiikkaa ja houkuttelee niit\u00e4, jotka arvostavat ylellisyyden ja eleganssin yhdistelm\u00e4\u00e4 alusvaatteissaan.<\/p>\n\n\n\n<p><strong>Vaalean violetti ja vaaleanpunainen paletti<\/strong>: Pehme\u00e4 ja romanttinen vaalean violetin ja pinkin v\u00e4rimaailma tarjoaa virkist\u00e4v\u00e4n ja trendikk\u00e4\u00e4n vaihtoehdon perinteisille alusvaatteiden v\u00e4reille. T\u00e4m\u00e4 paletti sopii erinomaisesti asiakkaille, jotka etsiv\u00e4t jotain ainutlaatuista ja muodikasta <strong>pinkki rintaliivit ja housut setti<\/strong> valinnat.<\/p>\n\n\n\n<p><strong>Monipuolinen kokovalikoima<\/strong>: T\u00e4m\u00e4 setti sopii useille vartalotyypeille, ja se on saatavana S-, M-, L-kokoisina, mik\u00e4 takaa t\u00e4ydellisen istuvuuden ja mukavuuden monipuoliselle asiakaskunnalle.<\/p>\n\n\n\n<p><strong>T\u00e4ydellinen erityistilaisuuksiin<\/strong>: T\u00e4m\u00e4 alusasusetti, jossa on yhdistelm\u00e4 huippuluokan kirjontaa ja silkkir\u00f6yhel\u00f6it\u00e4, on erinomainen valinta erityistilaisuuksiin. Se on ihanteellinen niille, jotka haluavat lis\u00e4t\u00e4 ripauksen ylellisyytt\u00e4 ja hienostuneisuutta alusvaatekaappiinsa.<\/p>\n\n\n\n<p>Kutsu asiakkaasi kokemaan purppuranpunaisen ja vaaleanpunaisen kukkakukkaisen pitsiset sukkanauhavaatteemme houkuttelevuus. Sen hieno muotoilu ja huomiota yksityiskohtiin tekev\u00e4t siit\u00e4 v\u00e4ltt\u00e4m\u00e4tt\u00f6m\u00e4n mink\u00e4 tahansa huippuluokan alusvaatemalliston. Tilaa nyt tarjotaksesi asiakkaillesi sekoituksen ylellisyytt\u00e4, tyyli\u00e4 ja mukavuutta!<\/p>\n\n\n\n<figure class=\"wp-block-table\"><table><tbody><tr><td class=\"has-text-align-center\" data-align=\"center\" colspan=\"6\"><strong>Kokotaulukko (CM)<\/strong><\/td><\/tr><tr><td class=\"has-text-align-center\" data-align=\"center\"><strong>Koko<\/strong><\/td><td class=\"has-text-align-center\" data-align=\"center\"><strong>Rinnan alta (cm)<\/strong><\/td><td class=\"has-text-align-center\" data-align=\"center\"><strong>Rinnan alla (sis\u00e4\u00e4n)<\/strong><\/td><td class=\"has-text-align-center\" data-align=\"center\"><strong>Housut vy\u00f6t\u00e4r\u00f6 (cm)<\/strong><\/td><td class=\"has-text-align-center\" data-align=\"center\"><strong>Vy\u00f6t\u00e4r\u00f6 (cm)<\/strong><\/td><td class=\"has-text-align-center\" data-align=\"center\"><strong>Housujen pituus (cm)<\/strong><\/td><\/tr><tr><td class=\"has-text-align-center\" data-align=\"center\">S<\/td><td class=\"has-text-align-center\" data-align=\"center\">20<\/td><td class=\"has-text-align-center\" data-align=\"center\">64-74<\/td><td class=\"has-text-align-center\" data-align=\"center\">62-94<\/td><td class=\"has-text-align-center\" data-align=\"center\">60-70<\/td><td class=\"has-text-align-center\" data-align=\"center\">21<\/td><\/tr><tr><td class=\"has-text-align-center\" data-align=\"center\">M<\/td><td class=\"has-text-align-center\" data-align=\"center\">21<\/td><td class=\"has-text-align-center\" data-align=\"center\">68-78<\/td><td class=\"has-text-align-center\" data-align=\"center\">66-98<\/td><td class=\"has-text-align-center\" data-align=\"center\">64-74<\/td><td class=\"has-text-align-center\" data-align=\"center\">22<\/td><\/tr><tr><td class=\"has-text-align-center\" data-align=\"center\">L<\/td><td class=\"has-text-align-center\" data-align=\"center\">22<\/td><td class=\"has-text-align-center\" data-align=\"center\">72-82<\/td><td class=\"has-text-align-center\" data-align=\"center\">70-102<\/td><td class=\"has-text-align-center\" data-align=\"center\">68-78<\/td><td class=\"has-text-align-center\" data-align=\"center\">23<\/td><\/tr><tr><td class=\"has-text-align-center\" data-align=\"center\" colspan=\"6\"><strong>Kokotaulukko (TUUMA)<\/strong><\/td><\/tr><tr><td class=\"has-text-align-center\" data-align=\"center\"><strong>Koko<\/strong><\/td><td class=\"has-text-align-center\" data-align=\"center\"><strong>Pituus (in)<\/strong><\/td><td class=\"has-text-align-center\" data-align=\"center\"><strong>Rinnan alla (sis\u00e4\u00e4n)<\/strong><\/td><td class=\"has-text-align-center\" data-align=\"center\"><strong>Housut vy\u00f6t\u00e4r\u00f6ll\u00e4 (sis\u00e4\u00e4n)<\/strong><\/td><td class=\"has-text-align-center\" data-align=\"center\"><strong>Vy\u00f6t\u00e4r\u00f6 (sis\u00e4\u00e4n)<\/strong><\/td><td class=\"has-text-align-center\" data-align=\"center\"><strong>Housujen pituus (in)<\/strong><\/td><\/tr><tr><td class=\"has-text-align-center\" data-align=\"center\">S<\/td><td class=\"has-text-align-center\" data-align=\"center\">7.87<\/td><td class=\"has-text-align-center\" data-align=\"center\">25.20-29.13<\/td><td class=\"has-text-align-center\" data-align=\"center\">24.41-37.01<\/td><td class=\"has-text-align-center\" data-align=\"center\">23.62-27.56<\/td><td class=\"has-text-align-center\" data-align=\"center\">8.27<\/td><\/tr><tr><td class=\"has-text-align-center\" data-align=\"center\">M<\/td><td class=\"has-text-align-center\" data-align=\"center\">8.27<\/td><td class=\"has-text-align-center\" data-align=\"center\">26.77-30.71<\/td><td class=\"has-text-align-center\" data-align=\"center\">25.98-38.58<\/td><td class=\"has-text-align-center\" data-align=\"center\">25.20-29.13<\/td><td class=\"has-text-align-center\" data-align=\"center\">8.66<\/td><\/tr><tr><td class=\"has-text-align-center\" data-align=\"center\">L<\/td><td class=\"has-text-align-center\" data-align=\"center\">8.66<\/td><td class=\"has-text-align-center\" data-align=\"center\">28.35-32.28<\/td><td class=\"has-text-align-center\" data-align=\"center\">27.56-40.16<\/td><td class=\"has-text-align-center\" data-align=\"center\">26.77-30.71<\/td><td class=\"has-text-align-center\" data-align=\"center\">9.06<\/td><\/tr><\/tbody><\/table><\/figure>","protected":false},"excerpt":{"rendered":"<p>Nauti tyylikkyydest\u00e4mme <strong>violetin v\u00e4riset rintaliivit pikkuhousut<\/strong> setti, koristeltu huippuluokan kukkakirjonnalla ja silkkir\u00f6yhel\u00f6koristeilla. T\u00e4m\u00e4 vaalean violetin ja vaaleanpunainen setti on osoitus ylellisest\u00e4 tyylist\u00e4.<\/p>","protected":false},"featured_media":48187,"template":"","meta":[],"product_brand":[],"product_cat":[368,369,367],"product_tag":[452,510,880,864],"class_list":{"0":"post-48205","1":"product","2":"type-product","3":"status-publish","4":"has-post-thumbnail","6":"product_cat-bra-panty-set","7":"product_cat-wholesale-lace-bra-and-panty-sets","8":"product_cat-sexy-lingerie","9":"product_tag-wholesale-boudoir-lingerie","10":"product_tag-ruffles-lingerie","11":"product_tag-sexy-2-piece-lingerie","12":"product_tag-sexy-petite-lingerie","13":"pa_color-light-purple","14":"pa_color-pink-women-sexy-lingerie","15":"pa_size-wholesale-large-size-women-sexy-lingerie","16":"pa_size-wholesale-medium-size-women-sexy-lingerie","17":"pa_size-wholesale-small-size-sexy-lingerie","19":"first","20":"instock","21":"taxable","22":"shipping-taxable","23":"purchasable","24":"product-type-variable"},"tiered_pricing_type":"fixed","tiered_pricing_fixed_rules":[],"tiered_pricing_product_settings":{"layout":"table","base_unit_name":{"singular":null,"plural":null},"default_variation":null},"tiered_pricing_minimum_quantity":null,"tiered_pricing_roles_data":[],"tiered_pricing_percentage_rules":[],"tiered_pricing_maximum_quantity":null,"tiered_pricing_quantity_step":null,"_links":{"self":[{"href":"https:\/\/gretasexylingerie.com\/fi\/wp-json\/wp\/v2\/product\/48205","targetHints":{"allow":["GET"]}}],"collection":[{"href":"https:\/\/gretasexylingerie.com\/fi\/wp-json\/wp\/v2\/product"}],"about":[{"href":"https:\/\/gretasexylingerie.com\/fi\/wp-json\/wp\/v2\/types\/product"}],"wp:featuredmedia":[{"embeddable":true,"href":"https:\/\/gretasexylingerie.com\/fi\/wp-json\/wp\/v2\/media\/48187"}],"wp:attachment":[{"href":"https:\/\/gretasexylingerie.com\/fi\/wp-json\/wp\/v2\/media?parent=48205"}],"wp:term":[{"taxonomy":"product_brand","embeddable":true,"href":"https:\/\/gretasexylingerie.com\/fi\/wp-json\/wp\/v2\/product_brand?post=48205"},{"taxonomy":"product_cat","embeddable":true,"href":"https:\/\/gretasexylingerie.com\/fi\/wp-json\/wp\/v2\/product_cat?post=48205"},{"taxonomy":"product_tag","embeddable":true,"href":"https:\/\/gretasexylingerie.com\/fi\/wp-json\/wp\/v2\/product_tag?post=48205"}],"curies":[{"name":"wp","href":"https:\/\/api.w.org\/{rel}","templated":true}]}}