{"id":48119,"date":"2024-01-23T21:29:06","date_gmt":"2024-01-23T13:29:06","guid":{"rendered":"https:\/\/gretasexylingerie.com\/?post_type=product&#038;p=48119"},"modified":"2024-02-20T12:43:37","modified_gmt":"2024-02-20T04:43:37","slug":"tukkumyynti-intiimi-alusasusetti-seksikkailla-ontoilla-pinkeilla-pitsilla","status":"publish","type":"product","link":"https:\/\/gretasexylingerie.com\/fi\/products\/wholesale-intimate-lingerie-set-with-sexy-hollow-lace-in-pink\/","title":{"rendered":"Tukkukaupan intiimi alusasusetti seksikk\u00e4\u00e4ll\u00e4 vaaleanpunaisella pitsill\u00e4"},"content":{"rendered":"<p><strong>Seksik\u00e4s ontto pitsi<\/strong>: T\u00e4m\u00e4n alusvaatesarjan keskipiste on houkutteleva ontto pitsi, joka tarjoaa houkuttelevan v\u00e4l\u00e4hdyksen ihosta. T\u00e4m\u00e4 ominaisuus on t\u00e4ydellinen niille, jotka arvostavat alusvaatteita, jotka tasapainottavat viettelev\u00e4n vieh\u00e4tyksen hienostuneen eleganssin kanssa, mik\u00e4 tekee siit\u00e4 erottuvan valinnan kaikissa vaatteissa. <strong>ylelliset rintaliivit housut<\/strong> kokoelma.<\/p>\n\n\n\n<p><strong>Kontrastiv\u00e4rinen muotoilu<\/strong>: Kontrastinen v\u00e4rimaailma lis\u00e4\u00e4 klassiseen pitsiin modernia k\u00e4\u00e4nnett\u00e4 luoden visuaalisesti n\u00e4ytt\u00e4v\u00e4n ulkon\u00e4\u00f6n. T\u00e4m\u00e4 ainutlaatuinen design-elementti vetoaa muodikkaaseen asiakaskuntaan, joka etsii n\u00e4ytt\u00e4vi\u00e4 alusvaatteita.<\/p>\n\n\n\n<p><strong>Erinomaiset ripsien yksityiskohdat<\/strong>: Herk\u00e4t ripsien pitsiyksityiskohdat lis\u00e4\u00e4v\u00e4t ripauksen hienostuneisuutta ja monimutkaisuutta sarjaan. T\u00e4m\u00e4 hienovarainen mutta kaunis ominaisuus parantaa yleist\u00e4 estetiikkaa ja houkuttelee niit\u00e4, jotka arvostavat huomiota yksityiskohtiin <strong>yhteensopivat bralette ja pikkuhousut<\/strong>.<\/p>\n\n\n\n<p><strong>Monipuolinen kokovalikoima<\/strong>: T\u00e4m\u00e4 setti palvelee monipuolista asiakaskuntaa, ja se on saatavana koossa S, M, L, mik\u00e4 varmistaa mukavan ja imartelevan istuvuuden eri vartalotyypeille.<\/p>\n\n\n\n<p><strong>T\u00e4ydellinen korkealuokkaisiin kokoelmiin<\/strong>: T\u00e4m\u00e4 3-osainen rintaliivisetti, jossa on seksikk\u00e4\u00e4n pitsin ja nykyaikaisen muotoilun yhdistelm\u00e4, on erinomainen lis\u00e4 kaikkiin ylellisiin alusvaatteisiin. Se on ihanteellinen putiikeille ja liikkeille, jotka haluavat tarjota asiakkailleen sekoituksen modernia tyyli\u00e4 ja klassista eleganssia.<\/p>\n\n\n\n<p><strong>Vetooi muotitietoisiin asiakkaisiin<\/strong>: Setin trendik\u00e4s muotoilu ja ylellinen tuntu tekev\u00e4t siit\u00e4 t\u00e4ydellisen asiakkaille, jotka ovat muotitietoisia ja etsiv\u00e4t huippuluokan alusvaatteita. Se on enemm\u00e4n kuin vain alusvaatteita; se on muotilause.<\/p>\n\n\n\n<p>Kutsu asiakkaasi nauttimaan intiimien alusvaatesarjamme ylellisyydest\u00e4 ja tyylist\u00e4. Sen ainutlaatuinen muotoilu ja hienot yksityiskohdat tekev\u00e4t siit\u00e4 v\u00e4ltt\u00e4m\u00e4tt\u00f6m\u00e4n kokoelman, joka haluaa lis\u00e4t\u00e4 ripauksen hienostuneisuutta ja modernia tunnelmaa. Tilaa nyt ja tarjoa asiakkaillesi t\u00e4ydellinen sekoitus eleganssia, mukavuutta ja nykyaikaista tyyli\u00e4!<\/p>\n\n\n\n<figure class=\"wp-block-table\"><table><tbody><tr><td class=\"has-text-align-center\" data-align=\"center\" colspan=\"5\"><strong>Kokotaulukko (CM)<\/strong><\/td><\/tr><tr><td class=\"has-text-align-center\" data-align=\"center\"><strong>Koko<\/strong><\/td><td class=\"has-text-align-center\" data-align=\"center\"><strong>Pituus (cm)<\/strong><\/td><td class=\"has-text-align-center\" data-align=\"center\"><strong>Rinnan alta (cm)<\/strong><\/td><td class=\"has-text-align-center\" data-align=\"center\"><strong>Vy\u00f6t\u00e4r\u00f6 (cm)<\/strong><\/td><td class=\"has-text-align-center\" data-align=\"center\"><strong>Vy\u00f6t\u00e4r\u00f6nauha (cm)<\/strong><\/td><td class=\"has-text-align-center\" data-align=\"center\"><strong>Housujen pituus (cm)<\/strong><\/td><\/tr><tr><td class=\"has-text-align-center\" data-align=\"center\">S<\/td><td class=\"has-text-align-center\" data-align=\"center\">17<\/td><td class=\"has-text-align-center\" data-align=\"center\">64-84<\/td><td class=\"has-text-align-center\" data-align=\"center\">66-94<\/td><td class=\"has-text-align-center\" data-align=\"center\">64<\/td><td class=\"has-text-align-center\" data-align=\"center\">22<\/td><\/tr><tr><td class=\"has-text-align-center\" data-align=\"center\">M<\/td><td class=\"has-text-align-center\" data-align=\"center\">18<\/td><td class=\"has-text-align-center\" data-align=\"center\">68-88<\/td><td class=\"has-text-align-center\" data-align=\"center\">70-98<\/td><td class=\"has-text-align-center\" data-align=\"center\">68<\/td><td class=\"has-text-align-center\" data-align=\"center\">23<\/td><\/tr><tr><td class=\"has-text-align-center\" data-align=\"center\">L<\/td><td class=\"has-text-align-center\" data-align=\"center\">19<\/td><td class=\"has-text-align-center\" data-align=\"center\">72-92<\/td><td class=\"has-text-align-center\" data-align=\"center\">74-102<\/td><td class=\"has-text-align-center\" data-align=\"center\">72<\/td><td class=\"has-text-align-center\" data-align=\"center\">24<\/td><\/tr><tr><td class=\"has-text-align-center\" data-align=\"center\" colspan=\"5\"><strong>Kokotaulukko (TUUMA)<\/strong><\/td><\/tr><tr><td class=\"has-text-align-center\" data-align=\"center\"><strong>Koko<\/strong><\/td><td class=\"has-text-align-center\" data-align=\"center\"><strong>Pituus (in)<\/strong><\/td><td class=\"has-text-align-center\" data-align=\"center\"><strong>Rinnan alla (sis\u00e4\u00e4n)<\/strong><\/td><td class=\"has-text-align-center\" data-align=\"center\"><strong>Vy\u00f6t\u00e4r\u00f6 (sis\u00e4\u00e4n)<\/strong><\/td><td class=\"has-text-align-center\" data-align=\"center\"><strong>Vy\u00f6t\u00e4r\u00f6nauha (sis\u00e4\u00e4n)<\/strong><\/td><td class=\"has-text-align-center\" data-align=\"center\"><strong>Housujen pituus (in)<\/strong><\/td><\/tr><tr><td class=\"has-text-align-center\" data-align=\"center\">S<\/td><td class=\"has-text-align-center\" data-align=\"center\">6.69<\/td><td class=\"has-text-align-center\" data-align=\"center\">25.20-33.07<\/td><td class=\"has-text-align-center\" data-align=\"center\">25.98-37.01<\/td><td class=\"has-text-align-center\" data-align=\"center\">25.20<\/td><td class=\"has-text-align-center\" data-align=\"center\">8.66<\/td><\/tr><tr><td class=\"has-text-align-center\" data-align=\"center\">M<\/td><td class=\"has-text-align-center\" data-align=\"center\">7.09<\/td><td class=\"has-text-align-center\" data-align=\"center\">26.77-34.65<\/td><td class=\"has-text-align-center\" data-align=\"center\">27.56-38.58<\/td><td class=\"has-text-align-center\" data-align=\"center\">26.77<\/td><td class=\"has-text-align-center\" data-align=\"center\">9.06<\/td><\/tr><tr><td class=\"has-text-align-center\" data-align=\"center\">L<\/td><td class=\"has-text-align-center\" data-align=\"center\">7.48<\/td><td class=\"has-text-align-center\" data-align=\"center\">28.35-36.22<\/td><td class=\"has-text-align-center\" data-align=\"center\">29.13-40.16<\/td><td class=\"has-text-align-center\" data-align=\"center\">28.35<\/td><td class=\"has-text-align-center\" data-align=\"center\">9.45<\/td><\/tr><\/tbody><\/table><\/figure>","protected":false},"excerpt":{"rendered":"<p>Ota haltuun meid\u00e4n vieh\u00e4tys <strong>intiimi alusvaatesarja<\/strong>, jossa seksik\u00e4s ontto pitsi, jossa on kontrastiv\u00e4rinen muotoilu ja upeat ripsien yksityiskohdat. T\u00e4m\u00e4 vaaleanpunainen setti sis\u00e4lt\u00e4\u00e4 rintaliivit ja pikkuhousut, jotka sopivat t\u00e4ydellisesti luksuskokoelmiin.<\/p>","protected":false},"featured_media":48110,"template":"","meta":[],"product_brand":[],"product_cat":[368,369,367],"product_tag":[452,880,864],"class_list":{"0":"post-48119","1":"product","2":"type-product","3":"status-publish","4":"has-post-thumbnail","6":"product_cat-bra-panty-set","7":"product_cat-wholesale-lace-bra-and-panty-sets","8":"product_cat-sexy-lingerie","9":"product_tag-wholesale-boudoir-lingerie","10":"product_tag-sexy-2-piece-lingerie","11":"product_tag-sexy-petite-lingerie","12":"pa_color-pink-women-sexy-lingerie","13":"pa_size-wholesale-large-size-women-sexy-lingerie","14":"pa_size-wholesale-medium-size-women-sexy-lingerie","15":"pa_size-wholesale-small-size-sexy-lingerie","17":"first","18":"instock","19":"taxable","20":"shipping-taxable","21":"purchasable","22":"product-type-variable"},"tiered_pricing_type":"fixed","tiered_pricing_fixed_rules":[],"tiered_pricing_product_settings":{"layout":"table","base_unit_name":{"singular":null,"plural":null},"default_variation":null},"tiered_pricing_minimum_quantity":null,"tiered_pricing_roles_data":[],"tiered_pricing_percentage_rules":[],"tiered_pricing_maximum_quantity":null,"tiered_pricing_quantity_step":null,"_links":{"self":[{"href":"https:\/\/gretasexylingerie.com\/fi\/wp-json\/wp\/v2\/product\/48119","targetHints":{"allow":["GET"]}}],"collection":[{"href":"https:\/\/gretasexylingerie.com\/fi\/wp-json\/wp\/v2\/product"}],"about":[{"href":"https:\/\/gretasexylingerie.com\/fi\/wp-json\/wp\/v2\/types\/product"}],"wp:featuredmedia":[{"embeddable":true,"href":"https:\/\/gretasexylingerie.com\/fi\/wp-json\/wp\/v2\/media\/48110"}],"wp:attachment":[{"href":"https:\/\/gretasexylingerie.com\/fi\/wp-json\/wp\/v2\/media?parent=48119"}],"wp:term":[{"taxonomy":"product_brand","embeddable":true,"href":"https:\/\/gretasexylingerie.com\/fi\/wp-json\/wp\/v2\/product_brand?post=48119"},{"taxonomy":"product_cat","embeddable":true,"href":"https:\/\/gretasexylingerie.com\/fi\/wp-json\/wp\/v2\/product_cat?post=48119"},{"taxonomy":"product_tag","embeddable":true,"href":"https:\/\/gretasexylingerie.com\/fi\/wp-json\/wp\/v2\/product_tag?post=48119"}],"curies":[{"name":"wp","href":"https:\/\/api.w.org\/{rel}","templated":true}]}}