{"id":48070,"date":"2024-01-23T11:46:19","date_gmt":"2024-01-23T03:46:19","guid":{"rendered":"https:\/\/gretasexylingerie.com\/?post_type=product&#038;p=48070"},"modified":"2024-01-23T12:16:44","modified_gmt":"2024-01-23T04:16:44","slug":"tukkumyynti-silkkaa-bustier-korsetti-setti-kukka","status":"publish","type":"product","link":"https:\/\/gretasexylingerie.com\/fi\/products\/wholesale-sheer-bustier-corset-set-with-floral\/","title":{"rendered":"Tukkumyynti Sheer Bustier-korsettisarja kukkailla"},"content":{"rendered":"<p><strong>L\u00e4pin\u00e4kyv\u00e4 Mesh Allure<\/strong>: Bustier-sarjassa on herkk\u00e4 l\u00e4pin\u00e4kyv\u00e4 verkko, joka tarjoaa houkuttelevan mutta hienostuneen ilmeen. T\u00e4m\u00e4 l\u00e4pin\u00e4kyv\u00e4 eleganssi sopii t\u00e4ydellisesti niille, jotka etsiv\u00e4t alusvaatteissaan vieh\u00e4tyksen ja ylellisyyden tasapainoa, joten se on erinomainen valinta kaikissa vaatteissa. <strong>korsetti kaksiosainen setti<\/strong> kokoelma.<\/p>\n\n\n\n<p><strong>Hieno kukkakirjonta<\/strong>: T\u00e4m\u00e4 setti on koristeltu monimutkaisilla kukkaisilla pitsikirjongilla, ja se huokuu romanttista ja ylellist\u00e4 tunnelmaa. Yksityiskohtainen ammattitaito esittelee korkeaa taiteellista tasoa ja houkuttelee asiakkaita, jotka arvostavat pitsit\u00f6iden kauneutta ja monimutkaisuutta alusvaatteissaan.<\/p>\n\n\n\n<p><strong>Kultainen kuminauhakorostus<\/strong>: Kultainen kuminauha lis\u00e4\u00e4 ripauksen glamouria ja hienostuneisuutta. T\u00e4m\u00e4 tyylik\u00e4s ominaisuus ei vain lis\u00e4\u00e4 esteettist\u00e4 vetovoimaa, vaan tarjoaa my\u00f6s mukavan, s\u00e4\u00e4dett\u00e4v\u00e4n istuvuuden, mik\u00e4 tekee setist\u00e4 sek\u00e4 kauniin ett\u00e4 k\u00e4yt\u00e4nn\u00f6llisen.<\/p>\n\n\n\n<p><strong>Viisikerroksiset rintanapit<\/strong>: Ainutlaatuinen viisikerroksinen rintanapin muotoilu tarjoaa monipuolisuutta ja mukautettavan istuvuuden. T\u00e4m\u00e4 harkittu yksityiskohta varmistaa, ett\u00e4 rintakeh\u00e4 sopii eri vartalotyypeille ja tarjoaa sek\u00e4 tukea ett\u00e4 imartelevan siluetin.<\/p>\n\n\n\n<p><strong>T\u00e4ydellinen korkealuokkaisiin kokoelmiin<\/strong>: T\u00e4m\u00e4 l\u00e4pin\u00e4kyv\u00e4 bustier-korsettisarja, jossa on yhdistelm\u00e4 eleganssia ja nykyaikaista muotoilua, on ihanteellinen lis\u00e4 mihin tahansa korkealuokkaiseen alusvaatemallistoon. Se on enemm\u00e4n kuin vain alusvaatteita; se on muotilause, joka tarjoaa asiakkaillesi sekoituksen ylellisyytt\u00e4, mukavuutta ja tyyli\u00e4.<\/p>\n\n\n\n<p>Kutsu asiakkaasi kokemaan silkkaa bustier-korsettisarjamme ylellist\u00e4 charmia. Sen hieno muotoilu ja huomiota yksityiskohtiin tekev\u00e4t siit\u00e4 v\u00e4ltt\u00e4m\u00e4tt\u00f6m\u00e4n mink\u00e4 tahansa huippuluokan alusvaatemalliston. Tilaa nyt parantaaksesi tarjontaasi ripauksella hienostuneisuutta ja modernia tyyli\u00e4!<\/p>\n\n\n\n<figure class=\"wp-block-table\"><table><tbody><tr><td class=\"has-text-align-center\" data-align=\"center\" colspan=\"4\"><strong>Kokotaulukko (CM)<\/strong><\/td><\/tr><tr><td class=\"has-text-align-center\" data-align=\"center\"><strong>Koko<\/strong><\/td><td class=\"has-text-align-center\" data-align=\"center\"><strong>Pituus (cm)<\/strong><\/td><td class=\"has-text-align-center\" data-align=\"center\"><strong>Rinnan alta (cm)<\/strong><\/td><td class=\"has-text-align-center\" data-align=\"center\"><strong>Alushousut vy\u00f6t\u00e4r\u00f6 (cm)<\/strong><\/td><td class=\"has-text-align-center\" data-align=\"center\"><strong>Housujen pituus (cm)<\/strong><\/td><\/tr><tr><td class=\"has-text-align-center\" data-align=\"center\">S<\/td><td class=\"has-text-align-center\" data-align=\"center\">22<\/td><td class=\"has-text-align-center\" data-align=\"center\">64-82<\/td><td class=\"has-text-align-center\" data-align=\"center\">64-90<\/td><td class=\"has-text-align-center\" data-align=\"center\">24<\/td><\/tr><tr><td class=\"has-text-align-center\" data-align=\"center\">M<\/td><td class=\"has-text-align-center\" data-align=\"center\">23<\/td><td class=\"has-text-align-center\" data-align=\"center\">68-86<\/td><td class=\"has-text-align-center\" data-align=\"center\">68-94<\/td><td class=\"has-text-align-center\" data-align=\"center\">25<\/td><\/tr><tr><td class=\"has-text-align-center\" data-align=\"center\">L<\/td><td class=\"has-text-align-center\" data-align=\"center\">24<\/td><td class=\"has-text-align-center\" data-align=\"center\">72-90<\/td><td class=\"has-text-align-center\" data-align=\"center\">72-98<\/td><td class=\"has-text-align-center\" data-align=\"center\">26<\/td><\/tr><tr><td class=\"has-text-align-center\" data-align=\"center\" colspan=\"4\"><strong>Kokotaulukko (TUUMA)<\/strong><\/td><\/tr><tr><td class=\"has-text-align-center\" data-align=\"center\"><strong>Koko<\/strong><\/td><td class=\"has-text-align-center\" data-align=\"center\"><strong>Pituus (in)<\/strong><\/td><td class=\"has-text-align-center\" data-align=\"center\"><strong>Rinnan alla (sis\u00e4\u00e4n)<\/strong><\/td><td class=\"has-text-align-center\" data-align=\"center\"><strong>Alushousut vy\u00f6t\u00e4r\u00f6ll\u00e4 (sis\u00e4\u00e4n)<\/strong><\/td><td class=\"has-text-align-center\" data-align=\"center\"><strong>Housujen pituus (in)<\/strong><\/td><\/tr><tr><td class=\"has-text-align-center\" data-align=\"center\">S<\/td><td class=\"has-text-align-center\" data-align=\"center\">8.66<\/td><td class=\"has-text-align-center\" data-align=\"center\">25.20-32.28<\/td><td class=\"has-text-align-center\" data-align=\"center\">25.20-35.43<\/td><td class=\"has-text-align-center\" data-align=\"center\">9.45<\/td><\/tr><tr><td class=\"has-text-align-center\" data-align=\"center\">M<\/td><td class=\"has-text-align-center\" data-align=\"center\">9.06<\/td><td class=\"has-text-align-center\" data-align=\"center\">26.77-33.86<\/td><td class=\"has-text-align-center\" data-align=\"center\">26.77-37.01<\/td><td class=\"has-text-align-center\" data-align=\"center\">9.84<\/td><\/tr><tr><td class=\"has-text-align-center\" data-align=\"center\">L<\/td><td class=\"has-text-align-center\" data-align=\"center\">9.45<\/td><td class=\"has-text-align-center\" data-align=\"center\">28.35-35.43<\/td><td class=\"has-text-align-center\" data-align=\"center\">28.35-38.58<\/td><td class=\"has-text-align-center\" data-align=\"center\">10.24<\/td><\/tr><\/tbody><\/table><\/figure>","protected":false},"excerpt":{"rendered":"<p>Nauti meid\u00e4n hienostuneisuudestamme <strong>kukkainen pitsinen alusasusetti<\/strong>, jossa on kolmikerroksinen taitettu verkko. Saatavana mustana, punaisena, valkoisena ja HotPink-v\u00e4rin\u00e4, t\u00e4m\u00e4 setti on sekoitus eleganssia ja leikkis\u00e4\u00e4 charmia.<\/p>","protected":false},"featured_media":47977,"template":"","meta":[],"product_brand":[],"product_cat":[387,390,367],"product_tag":[452,448,518],"class_list":{"0":"post-48070","1":"product","2":"type-product","3":"status-publish","4":"has-post-thumbnail","6":"product_cat-wholesale-bustier-bra-set","7":"product_cat-wholesale-mesh-bustier","8":"product_cat-sexy-lingerie","9":"product_tag-wholesale-boudoir-lingerie","10":"product_tag-wholesale-elegant-sexy-lingerie","11":"product_tag-mesh-lingerie","12":"pa_color-light-purple","13":"pa_size-wholesale-large-size-women-sexy-lingerie","14":"pa_size-wholesale-medium-size-women-sexy-lingerie","15":"pa_size-wholesale-small-size-sexy-lingerie","17":"first","18":"instock","19":"taxable","20":"shipping-taxable","21":"purchasable","22":"product-type-variable"},"tiered_pricing_type":"fixed","tiered_pricing_fixed_rules":[],"tiered_pricing_product_settings":{"layout":"table","base_unit_name":{"singular":null,"plural":null},"default_variation":null},"tiered_pricing_minimum_quantity":null,"tiered_pricing_roles_data":[],"tiered_pricing_percentage_rules":[],"tiered_pricing_maximum_quantity":null,"tiered_pricing_quantity_step":null,"_links":{"self":[{"href":"https:\/\/gretasexylingerie.com\/fi\/wp-json\/wp\/v2\/product\/48070","targetHints":{"allow":["GET"]}}],"collection":[{"href":"https:\/\/gretasexylingerie.com\/fi\/wp-json\/wp\/v2\/product"}],"about":[{"href":"https:\/\/gretasexylingerie.com\/fi\/wp-json\/wp\/v2\/types\/product"}],"wp:featuredmedia":[{"embeddable":true,"href":"https:\/\/gretasexylingerie.com\/fi\/wp-json\/wp\/v2\/media\/47977"}],"wp:attachment":[{"href":"https:\/\/gretasexylingerie.com\/fi\/wp-json\/wp\/v2\/media?parent=48070"}],"wp:term":[{"taxonomy":"product_brand","embeddable":true,"href":"https:\/\/gretasexylingerie.com\/fi\/wp-json\/wp\/v2\/product_brand?post=48070"},{"taxonomy":"product_cat","embeddable":true,"href":"https:\/\/gretasexylingerie.com\/fi\/wp-json\/wp\/v2\/product_cat?post=48070"},{"taxonomy":"product_tag","embeddable":true,"href":"https:\/\/gretasexylingerie.com\/fi\/wp-json\/wp\/v2\/product_tag?post=48070"}],"curies":[{"name":"wp","href":"https:\/\/api.w.org\/{rel}","templated":true}]}}