{"id":48036,"date":"2024-01-23T10:50:13","date_gmt":"2024-01-23T02:50:13","guid":{"rendered":"https:\/\/gretasexylingerie.com\/?post_type=product&#038;p=48036"},"modified":"2024-02-20T12:50:47","modified_gmt":"2024-02-20T04:50:47","slug":"tukku-kukka-pitsia-alusvaatteita-setti","status":"publish","type":"product","link":"https:\/\/gretasexylingerie.com\/fi\/products\/wholesale-floral-lace-underwire-lingerie-set\/","title":{"rendered":"Tukkukauppa kukkapitsi Underwire Alusvaatteet Set"},"content":{"rendered":"<p><strong>Hieno kukkainen pitsi<\/strong>: T\u00e4m\u00e4n alusvaatesarjan keskipiste on monimutkainen kukkainen pitsisuunnittelu, joka huokuu ylellisyytt\u00e4 ja hienostuneisuutta. N\u00e4m\u00e4 herk\u00e4t yksityiskohdat vetoavat niihin, jotka arvostavat pitsin klassista kauneutta <strong>suunnittelijoiden alusvaatteita<\/strong>, joten se on t\u00e4ydellinen valinta korkeatasoisiin putiikkeihin.<\/p>\n\n\n\n<p><strong>Kolmikerroksinen taitettu verkkotutu<\/strong>: Kolmikerroksinen taitettu verkko tuo sarjaan ainutlaatuisen ja leikkis\u00e4n k\u00e4\u00e4nteen. T\u00e4m\u00e4 ominaisuus ei vain lis\u00e4\u00e4 esteettist\u00e4 vetovoimaa, vaan lis\u00e4\u00e4 my\u00f6s ripauksen luovuutta ja hauskuutta tehden siit\u00e4 erottuvan kaikissa <strong>3 kpl alusvaatteita<\/strong> kokoelma.<\/p>\n\n\n\n<p><strong>El\u00e4v\u00e4t v\u00e4rivaihtoehdot<\/strong>: T\u00e4m\u00e4n sarjan v\u00e4rivalikoima, kuten musta, punainen, valkoinen ja HotPink, sopii erilaisiin makuihin ja mieltymyksiin. Jokainen v\u00e4ri lis\u00e4\u00e4 muotoiluun oman luonteensa, klassisesta eleganssista rohkeaan intohimoon, mik\u00e4 varmistaa, ett\u00e4 jokaiselle asiakkaalle l\u00f6ytyy t\u00e4ydellinen pari.<\/p>\n\n\n\n<p><strong>Underwire tuki<\/strong>: Aluslangalliset rintaliivit tarjoavat sek\u00e4 tukea ett\u00e4 imartelevan muodon, mik\u00e4 tekee setist\u00e4 yht\u00e4 toimivan kuin kauniinkin. T\u00e4t\u00e4 ominaisuutta arvostavat erityisesti asiakkaat, jotka etsiv\u00e4t alusvaatteita, jotka tarjoavat sek\u00e4 mukavuutta ett\u00e4 tyyli\u00e4.<\/p>\n\n\n\n<p><strong>Monipuolinen kokovalikoima<\/strong>: Saatavana koossa S, M, L, sarja on suunniteltu sopimaan erilaisille vartalotyypeille, mik\u00e4 varmistaa t\u00e4ydellisen istuvuuden monipuoliselle asiakaskunnalle.<\/p>\n\n\n\n<p><strong>T\u00e4ydellinen erilaisiin kokoelmiin<\/strong>: T\u00e4m\u00e4 alusasusetti, jossa yhdistyy klassinen pitsi ja moderni tutu-design, on erinomainen lis\u00e4 mihin tahansa mallistoon. Se on ihanteellinen niille, jotka haluavat tarjota asiakkailleen yhdistelm\u00e4n perinteist\u00e4 eleganssia ja nykyaikaista muotia heid\u00e4n alusvaatteissaan.<\/p>\n\n\n\n<p>Kutsu asiakkaasi omaksumaan kukkaisten pitsisten alusasusettimme vieh\u00e4tys. Sen ainutlaatuinen muotoilu ja v\u00e4rivalikoima tekev\u00e4t siit\u00e4 v\u00e4ltt\u00e4m\u00e4tt\u00f6m\u00e4n jokaiseen mallistoon, joka haluaa lis\u00e4t\u00e4 ripauksen hienostuneisuutta ja leikkis\u00e4\u00e4 eleganssia. Tilaa nyt ja tarjoa asiakkaillesi t\u00e4ydellinen sekoitus tyyli\u00e4, mukavuutta ja ylellisyytt\u00e4!<\/p>\n\n\n\n<figure class=\"wp-block-table\"><table><tbody><tr><td class=\"has-text-align-center\" data-align=\"center\" colspan=\"6\"><strong>Kokotaulukko (CM)<\/strong><\/td><\/tr><tr><td class=\"has-text-align-center\" data-align=\"center\"><strong>Koko<\/strong><\/td><td class=\"has-text-align-center\" data-align=\"center\"><strong>Pituus (cm)<\/strong><\/td><td class=\"has-text-align-center\" data-align=\"center\"><strong>Rinnan alla (cm)<\/strong><\/td><td class=\"has-text-align-center\" data-align=\"center\"><strong>Housut Vy\u00f6t\u00e4r\u00f6 I (cm)<\/strong><\/td><td class=\"has-text-align-center\" data-align=\"center\"><strong>Mekon pituus (cm)<\/strong><\/td><td class=\"has-text-align-center\" data-align=\"center\"><strong>Vy\u00f6t\u00e4r\u00f6 (cm)<\/strong><\/td><\/tr><tr><td class=\"has-text-align-center\" data-align=\"center\">S<\/td><td class=\"has-text-align-center\" data-align=\"center\">13<\/td><td class=\"has-text-align-center\" data-align=\"center\">66-84<\/td><td class=\"has-text-align-center\" data-align=\"center\">60<\/td><td class=\"has-text-align-center\" data-align=\"center\">18<\/td><td class=\"has-text-align-center\" data-align=\"center\">62<\/td><\/tr><tr><td class=\"has-text-align-center\" data-align=\"center\">M<\/td><td class=\"has-text-align-center\" data-align=\"center\">13.5<\/td><td class=\"has-text-align-center\" data-align=\"center\">70-88<\/td><td class=\"has-text-align-center\" data-align=\"center\">64<\/td><td class=\"has-text-align-center\" data-align=\"center\">19<\/td><td class=\"has-text-align-center\" data-align=\"center\">66<\/td><\/tr><tr><td class=\"has-text-align-center\" data-align=\"center\">L<\/td><td class=\"has-text-align-center\" data-align=\"center\">14<\/td><td class=\"has-text-align-center\" data-align=\"center\">74-92<\/td><td class=\"has-text-align-center\" data-align=\"center\">68<\/td><td class=\"has-text-align-center\" data-align=\"center\">20<\/td><td class=\"has-text-align-center\" data-align=\"center\">70<\/td><\/tr><tr><td class=\"has-text-align-center\" data-align=\"center\">XL<\/td><td class=\"has-text-align-center\" data-align=\"center\">14.5<\/td><td class=\"has-text-align-center\" data-align=\"center\">78-96<\/td><td class=\"has-text-align-center\" data-align=\"center\">72<\/td><td class=\"has-text-align-center\" data-align=\"center\">21<\/td><td class=\"has-text-align-center\" data-align=\"center\">74<\/td><\/tr><tr><td class=\"has-text-align-center\" data-align=\"center\" colspan=\"6\"><strong>Kokotaulukko (TUUMA)<\/strong><\/td><\/tr><tr><td class=\"has-text-align-center\" data-align=\"center\"><strong>Koko<\/strong><\/td><td class=\"has-text-align-center\" data-align=\"center\"><strong>Pituus (in)<\/strong><\/td><td class=\"has-text-align-center\" data-align=\"center\"><strong>Rinnan alla (sis\u00e4\u00e4n)<\/strong><\/td><td class=\"has-text-align-center\" data-align=\"center\"><strong>Housut vy\u00f6t\u00e4r\u00f6 I (in)<\/strong><\/td><td class=\"has-text-align-center\" data-align=\"center\"><strong>Mekon pituus (in)<\/strong><\/td><td class=\"has-text-align-center\" data-align=\"center\"><strong>Vy\u00f6t\u00e4r\u00f6 (sis\u00e4\u00e4n)<\/strong><\/td><\/tr><tr><td class=\"has-text-align-center\" data-align=\"center\">S<\/td><td class=\"has-text-align-center\" data-align=\"center\">5.12<\/td><td class=\"has-text-align-center\" data-align=\"center\">25.98-33.07<\/td><td class=\"has-text-align-center\" data-align=\"center\">23.62<\/td><td class=\"has-text-align-center\" data-align=\"center\">7.09<\/td><td class=\"has-text-align-center\" data-align=\"center\">24.41<\/td><\/tr><tr><td class=\"has-text-align-center\" data-align=\"center\">M<\/td><td class=\"has-text-align-center\" data-align=\"center\">5.31<\/td><td class=\"has-text-align-center\" data-align=\"center\">27.56-34.65<\/td><td class=\"has-text-align-center\" data-align=\"center\">25.20<\/td><td class=\"has-text-align-center\" data-align=\"center\">7.48<\/td><td class=\"has-text-align-center\" data-align=\"center\">25.98<\/td><\/tr><tr><td class=\"has-text-align-center\" data-align=\"center\">L<\/td><td class=\"has-text-align-center\" data-align=\"center\">5.51<\/td><td class=\"has-text-align-center\" data-align=\"center\">29.13-36.22<\/td><td class=\"has-text-align-center\" data-align=\"center\">26.77<\/td><td class=\"has-text-align-center\" data-align=\"center\">7.87<\/td><td class=\"has-text-align-center\" data-align=\"center\">27.56<\/td><\/tr><tr><td class=\"has-text-align-center\" data-align=\"center\">XL<\/td><td class=\"has-text-align-center\" data-align=\"center\">5.71<\/td><td class=\"has-text-align-center\" data-align=\"center\">30.71-37.80<\/td><td class=\"has-text-align-center\" data-align=\"center\">28.35<\/td><td class=\"has-text-align-center\" data-align=\"center\">8.27<\/td><td class=\"has-text-align-center\" data-align=\"center\">29.13<\/td><\/tr><\/tbody><\/table><\/figure>","protected":false},"excerpt":{"rendered":"<p>Nauti meid\u00e4n hienostuneisuudestamme <strong>kukkainen pitsinen alusasusetti<\/strong>, jossa on kolmikerroksinen taitettu verkko. Saatavana mustana, punaisena, valkoisena ja HotPink-v\u00e4rin\u00e4, t\u00e4m\u00e4 setti on sekoitus eleganssia ja leikkis\u00e4\u00e4 charmia.<\/p>","protected":false},"featured_media":47987,"template":"","meta":[],"product_brand":[],"product_cat":[368,369,367],"product_tag":[507,448,870,864],"class_list":{"0":"post-48036","1":"product","2":"type-product","3":"status-publish","4":"has-post-thumbnail","6":"product_cat-bra-panty-set","7":"product_cat-wholesale-lace-bra-and-panty-sets","8":"product_cat-sexy-lingerie","9":"product_tag-three-pcs-set","10":"product_tag-wholesale-elegant-sexy-lingerie","11":"product_tag-floral-lingerie","12":"product_tag-sexy-petite-lingerie","13":"pa_color-black","14":"pa_color-hot-pink-women-sexy-lingerie","15":"pa_color-red-women-sexy-lingerie","16":"pa_color-white","17":"pa_size-wholesale-large-size-women-sexy-lingerie","18":"pa_size-wholesale-medium-size-women-sexy-lingerie","19":"pa_size-wholesale-small-size-sexy-lingerie","21":"first","22":"instock","23":"taxable","24":"shipping-taxable","25":"purchasable","26":"product-type-variable"},"tiered_pricing_type":"fixed","tiered_pricing_fixed_rules":[],"tiered_pricing_product_settings":{"layout":"table","base_unit_name":{"singular":null,"plural":null},"default_variation":null},"tiered_pricing_minimum_quantity":null,"tiered_pricing_roles_data":[],"tiered_pricing_percentage_rules":[],"tiered_pricing_maximum_quantity":null,"tiered_pricing_quantity_step":null,"_links":{"self":[{"href":"https:\/\/gretasexylingerie.com\/fi\/wp-json\/wp\/v2\/product\/48036","targetHints":{"allow":["GET"]}}],"collection":[{"href":"https:\/\/gretasexylingerie.com\/fi\/wp-json\/wp\/v2\/product"}],"about":[{"href":"https:\/\/gretasexylingerie.com\/fi\/wp-json\/wp\/v2\/types\/product"}],"wp:featuredmedia":[{"embeddable":true,"href":"https:\/\/gretasexylingerie.com\/fi\/wp-json\/wp\/v2\/media\/47987"}],"wp:attachment":[{"href":"https:\/\/gretasexylingerie.com\/fi\/wp-json\/wp\/v2\/media?parent=48036"}],"wp:term":[{"taxonomy":"product_brand","embeddable":true,"href":"https:\/\/gretasexylingerie.com\/fi\/wp-json\/wp\/v2\/product_brand?post=48036"},{"taxonomy":"product_cat","embeddable":true,"href":"https:\/\/gretasexylingerie.com\/fi\/wp-json\/wp\/v2\/product_cat?post=48036"},{"taxonomy":"product_tag","embeddable":true,"href":"https:\/\/gretasexylingerie.com\/fi\/wp-json\/wp\/v2\/product_tag?post=48036"}],"curies":[{"name":"wp","href":"https:\/\/api.w.org\/{rel}","templated":true}]}}