{"id":47971,"date":"2024-01-23T10:39:04","date_gmt":"2024-01-23T02:39:04","guid":{"rendered":"https:\/\/gretasexylingerie.com\/?post_type=product&#038;p=47971"},"modified":"2024-02-20T12:52:14","modified_gmt":"2024-02-20T04:52:14","slug":"tukku-raidallinen-musta-body-jossa-selkanojaton-remmi","status":"publish","type":"product","link":"https:\/\/gretasexylingerie.com\/fi\/products\/wholesale-striped-black-bodysuit-with-backless-thong\/","title":{"rendered":"Raidallinen musta bodi, jossa on selk\u00e4nojaton remmi"},"content":{"rendered":"<p><strong>N\u00e4ytt\u00e4v\u00e4 raidallinen muotoilu<\/strong>: T\u00e4m\u00e4n bodyn raidallinen kuvio tarjoaa rohkean ja modernin ilmeen, joka sopii t\u00e4ydellisesti julkilausumaan. Raidat lis\u00e4\u00e4v\u00e4t syvyytt\u00e4 ja tekstuuria, mik\u00e4 tekee siit\u00e4 erottuvan kappaleen miss\u00e4 tahansa <strong>tavallinen musta body<\/strong> kokoelma.<\/p>\n\n\n\n<p><strong>L\u00e4pin\u00e4kyv\u00e4\u00e4 eleganssia<\/strong>: T\u00e4m\u00e4 body on valmistettu l\u00e4pin\u00e4kyv\u00e4st\u00e4 materiaalista, ja se kiehtoo aavistuksen alla olevaa, ja se l\u00f6yt\u00e4\u00e4 t\u00e4ydellisen tasapainon vieh\u00e4tyksen ja hienostuneisuuden v\u00e4lill\u00e4. Se on ihanteellinen valinta niille, jotka arvostavat yhdistelm\u00e4\u00e4 rohkeutta ja eleganssia alusvaatteissaan.<\/p>\n\n\n\n<p><strong>Half Bust Leikkaus<\/strong>: Puolirintakuvio tarjoaa ainutlaatuisen ja nykyaikaisen ilmeen, joka tarjoaa uudenlaisen ilmeen klassisiin body-tyyleihin. T\u00e4m\u00e4 ominaisuus on erityisen houkutteleva asiakkaille, jotka etsiv\u00e4t alusvaatteita, joissa yhdistyy innovatiivinen muotoilu ja ripaus aistillisuutta.<\/p>\n\n\n\n<p><strong>Avaa selk\u00e4 sukkanauhalla<\/strong>: Avoin selk\u00e4rakenne lis\u00e4\u00e4 yll\u00e4tyst\u00e4 ja viettely\u00e4, kun taas sukkanauhat tuovat t\u00e4h\u00e4n toiminnallisen mutta tyylikk\u00e4\u00e4n n\u00e4k\u00f6kulman <strong>selk\u00e4nojaton bodi<\/strong>. Se on t\u00e4ydellinen asiakkaille, jotka etsiv\u00e4t esinett\u00e4, joka on sek\u00e4 visuaalisesti n\u00e4ytt\u00e4v\u00e4 ett\u00e4 k\u00e4yt\u00e4nn\u00f6llinen.<\/p>\n\n\n\n<p><strong>Monipuolinen kokovalikoima<\/strong>: Saatavana S-, M- ja L-koossa, t\u00e4m\u00e4 body sopii useille eri vartalotyypeille ja varmistaa t\u00e4ydellisen istuvuuden laajalle asiakaskunnalle.<\/p>\n\n\n\n<p><strong>T\u00e4ydellinen erilaisiin tilaisuuksiin<\/strong>: Olipa kyseess\u00e4 erityist\u00e4 iltaa tai rohkeaa muotia, t\u00e4m\u00e4 body on tarpeeksi monipuolinen sopimaan erilaisiin tilaisuuksiin, joten se on arvokas lis\u00e4 kaikkiin alusvaatteisiin tai muotikokoelmaan.<\/p>\n\n\n\n<p>Ihaile mustan raidallisen bodymme vieh\u00e4tyst\u00e4, joka on t\u00e4ydellinen yhdistelm\u00e4 modernia tyyli\u00e4 ja klassista eleganssia. Sen ainutlaatuinen muotoilu ja huomiota yksityiskohtiin tekev\u00e4t siit\u00e4 kokoelmasi v\u00e4ltt\u00e4m\u00e4tt\u00f6m\u00e4n tuotteen. Tilaa nyt ja tarjoa asiakkaillesi ripaus hienostuneisuutta ja rohkeaa tyyli\u00e4!<\/p>\n\n\n\n<figure class=\"wp-block-table\"><table><tbody><tr><td class=\"has-text-align-center\" data-align=\"center\" colspan=\"5\"><strong>Kokotaulukko (CM)<\/strong><\/td><\/tr><tr><td class=\"has-text-align-center\" data-align=\"center\"><strong>Koko<\/strong><\/td><td class=\"has-text-align-center\" data-align=\"center\"><strong>Pituus (cm)<\/strong><\/td><td class=\"has-text-align-center\" data-align=\"center\"><strong>Rinnan alta (cm)<\/strong><\/td><td class=\"has-text-align-center\" data-align=\"center\"><strong>Vy\u00f6t\u00e4r\u00f6 (cm)<\/strong><\/td><td class=\"has-text-align-center\" data-align=\"center\"><strong>Housujen pituus (cm)<\/strong><\/td><\/tr><tr><td class=\"has-text-align-center\" data-align=\"center\">S<\/td><td class=\"has-text-align-center\" data-align=\"center\">63<\/td><td class=\"has-text-align-center\" data-align=\"center\">62-72<\/td><td class=\"has-text-align-center\" data-align=\"center\">60-70<\/td><td class=\"has-text-align-center\" data-align=\"center\">20<\/td><\/tr><tr><td class=\"has-text-align-center\" data-align=\"center\">M<\/td><td class=\"has-text-align-center\" data-align=\"center\">64<\/td><td class=\"has-text-align-center\" data-align=\"center\">66-76<\/td><td class=\"has-text-align-center\" data-align=\"center\">64-74<\/td><td class=\"has-text-align-center\" data-align=\"center\">21<\/td><\/tr><tr><td class=\"has-text-align-center\" data-align=\"center\">L<\/td><td class=\"has-text-align-center\" data-align=\"center\">65<\/td><td class=\"has-text-align-center\" data-align=\"center\">70-80<\/td><td class=\"has-text-align-center\" data-align=\"center\">68-78<\/td><td class=\"has-text-align-center\" data-align=\"center\">22<\/td><\/tr><tr><td class=\"has-text-align-center\" data-align=\"center\" colspan=\"5\"><strong>Kokotaulukko (TUUMA)<\/strong><\/td><\/tr><tr><td class=\"has-text-align-center\" data-align=\"center\"><strong>Koko<\/strong><\/td><td class=\"has-text-align-center\" data-align=\"center\"><strong>Pituus (in)<\/strong><\/td><td class=\"has-text-align-center\" data-align=\"center\"><strong>Rinnan alla (sis\u00e4\u00e4n)<\/strong><\/td><td class=\"has-text-align-center\" data-align=\"center\"><strong>Vy\u00f6t\u00e4r\u00f6 (sis\u00e4\u00e4n)<\/strong><\/td><td class=\"has-text-align-center\" data-align=\"center\"><strong>Housujen pituus (in)<\/strong><\/td><\/tr><tr><td class=\"has-text-align-center\" data-align=\"center\">S<\/td><td class=\"has-text-align-center\" data-align=\"center\">24.80<\/td><td class=\"has-text-align-center\" data-align=\"center\">24.41-28.35<\/td><td class=\"has-text-align-center\" data-align=\"center\">23.62-27.56<\/td><td class=\"has-text-align-center\" data-align=\"center\">7.87<\/td><\/tr><tr><td class=\"has-text-align-center\" data-align=\"center\">M<\/td><td class=\"has-text-align-center\" data-align=\"center\">25.20<\/td><td class=\"has-text-align-center\" data-align=\"center\">25.98-29.92<\/td><td class=\"has-text-align-center\" data-align=\"center\">25.20-29.13<\/td><td class=\"has-text-align-center\" data-align=\"center\">8.27<\/td><\/tr><tr><td class=\"has-text-align-center\" data-align=\"center\">L<\/td><td class=\"has-text-align-center\" data-align=\"center\">25.59<\/td><td class=\"has-text-align-center\" data-align=\"center\">27.56-31.50<\/td><td class=\"has-text-align-center\" data-align=\"center\">26.77-30.71<\/td><td class=\"has-text-align-center\" data-align=\"center\">8.66<\/td><\/tr><\/tbody><\/table><\/figure>","protected":false},"excerpt":{"rendered":"<p>Sukella meid\u00e4n rohkeaan eleganssiin <strong>raidallinen body<\/strong>, kiehtova kokonaisuus, jossa on l\u00e4pin\u00e4kyv\u00e4 puolirintakuvio, avoin selk\u00e4 ja sukkanauhat, tyylikk\u00e4\u00e4ss\u00e4 mustassa.<\/p>","protected":false},"featured_media":47959,"template":"","meta":[],"product_brand":[],"product_cat":[370,367,373],"product_tag":[861,518,446,864,866,863],"class_list":{"0":"post-47971","1":"product","2":"type-product","3":"status-publish","4":"has-post-thumbnail","6":"product_cat-bodysuit","7":"product_cat-sexy-lingerie","8":"product_cat-wholesale-sexy-mesh-bodysuit","9":"product_tag-brunette-lingerie","10":"product_tag-mesh-lingerie","11":"product_tag-wholesale-sexy-see-through-lingerie","12":"product_tag-sexy-petite-lingerie","13":"product_tag-sexy-romper-lingerie","14":"product_tag-sexy-thong-lingerie","15":"pa_color-black","16":"pa_size-wholesale-large-size-women-sexy-lingerie","17":"pa_size-wholesale-medium-size-women-sexy-lingerie","18":"pa_size-wholesale-small-size-sexy-lingerie","20":"first","21":"instock","22":"taxable","23":"shipping-taxable","24":"purchasable","25":"product-type-variable"},"tiered_pricing_type":"fixed","tiered_pricing_fixed_rules":[],"tiered_pricing_product_settings":{"layout":"table","base_unit_name":{"singular":null,"plural":null},"default_variation":null},"tiered_pricing_minimum_quantity":null,"tiered_pricing_roles_data":[],"tiered_pricing_percentage_rules":[],"tiered_pricing_maximum_quantity":null,"tiered_pricing_quantity_step":null,"_links":{"self":[{"href":"https:\/\/gretasexylingerie.com\/fi\/wp-json\/wp\/v2\/product\/47971","targetHints":{"allow":["GET"]}}],"collection":[{"href":"https:\/\/gretasexylingerie.com\/fi\/wp-json\/wp\/v2\/product"}],"about":[{"href":"https:\/\/gretasexylingerie.com\/fi\/wp-json\/wp\/v2\/types\/product"}],"wp:featuredmedia":[{"embeddable":true,"href":"https:\/\/gretasexylingerie.com\/fi\/wp-json\/wp\/v2\/media\/47959"}],"wp:attachment":[{"href":"https:\/\/gretasexylingerie.com\/fi\/wp-json\/wp\/v2\/media?parent=47971"}],"wp:term":[{"taxonomy":"product_brand","embeddable":true,"href":"https:\/\/gretasexylingerie.com\/fi\/wp-json\/wp\/v2\/product_brand?post=47971"},{"taxonomy":"product_cat","embeddable":true,"href":"https:\/\/gretasexylingerie.com\/fi\/wp-json\/wp\/v2\/product_cat?post=47971"},{"taxonomy":"product_tag","embeddable":true,"href":"https:\/\/gretasexylingerie.com\/fi\/wp-json\/wp\/v2\/product_tag?post=47971"}],"curies":[{"name":"wp","href":"https:\/\/api.w.org\/{rel}","templated":true}]}}