{"id":47955,"date":"2024-01-23T10:36:52","date_gmt":"2024-01-23T02:36:52","guid":{"rendered":"https:\/\/gretasexylingerie.com\/?post_type=product&#038;p=47955"},"modified":"2024-02-20T12:54:26","modified_gmt":"2024-02-20T04:54:26","slug":"tukkulila-kukkakirjailtu-alusasusetti","status":"publish","type":"product","link":"https:\/\/gretasexylingerie.com\/fi\/products\/wholesale-lilac-floral-embroidered-lingerie-set\/","title":{"rendered":"Tukkulila kukkakirjailtu alusvaatesarja"},"content":{"rendered":"<p><strong>Lila ja vihre\u00e4 kontrasti<\/strong>: T\u00e4m\u00e4n setin ainutlaatuinen v\u00e4ripaletti yhdist\u00e4\u00e4 pehme\u00e4n lilan ja kirkkaan vihre\u00e4n luoden visuaalisesti upean kontrastin. T\u00e4m\u00e4 silmiinpist\u00e4v\u00e4 yhdistelm\u00e4 ei vain kiinnit\u00e4 huomiota, vaan my\u00f6s luo trendin alusvaatteiden muodissa, joten se on v\u00e4ltt\u00e4m\u00e4t\u00f6n putiikeille ja myym\u00e4l\u00f6ille, jotka haluavat tarjota jotain ainutlaatuisen houkuttelevaa. <strong>kukkainen rintaliivit setti<\/strong> alue.<\/p>\n\n\n\n<p><strong>L\u00e4pin\u00e4kyv\u00e4 verkkokangas<\/strong>: L\u00e4pin\u00e4kyv\u00e4n verkkokankaan k\u00e4ytt\u00f6 t\u00e4ss\u00e4 setiss\u00e4 l\u00f6yt\u00e4\u00e4 t\u00e4ydellisen tasapainon vieh\u00e4tyksen ja hienostuneisuuden v\u00e4lill\u00e4. Se tarjoaa v\u00e4l\u00e4hdyksen alla olevaan ihoon ja lis\u00e4\u00e4 sensuellia kokonaisuutta. T\u00e4m\u00e4 ominaisuus on erityisen houkutteleva asiakkaille, jotka etsiv\u00e4t alusvaatteita, jotka ovat sek\u00e4 elegantteja ett\u00e4 viettelevi\u00e4, joten t\u00e4m\u00e4 setti on paras valinta. <strong>uudet rintaliivit ja pikkuhousut setti<\/strong> kokoelma.<\/p>\n\n\n\n<p><strong>Hieno kukkakirjonta<\/strong>: Jokainen kappale on kirjailtu taidokkaasti herkill\u00e4 kukkakuvioilla, jotka lis\u00e4\u00e4v\u00e4t suunnitteluun syvyytt\u00e4 ja tekstuuria. T\u00e4m\u00e4 yksityiskohtainen ammattitaito puhuu ylellisyydest\u00e4 ja eksklusiivisuudesta, vetoaa asiakkaisiin, jotka arvostavat el\u00e4m\u00e4n hienompia asioita. Kukkakirjonta ei vain korosta setin kauneutta, vaan lis\u00e4\u00e4 my\u00f6s romanttista, naisellista silausta, joka on eritt\u00e4in kysytty\u00e4 huippuluokan alusvaatteissa.<\/p>\n\n\n\n<p><strong>Brodeeratut r\u00f6yhel\u00f6t<\/strong>: Brodeeratut r\u00f6yhel\u00f6t tarjoavat leikkis\u00e4n mutta hienostuneen elementin. N\u00e4m\u00e4 r\u00f6yhel\u00f6t lis\u00e4\u00e4v\u00e4t alusvaatteisiin volyymia ja tuntoajelua tehden niist\u00e4 erottuvan. T\u00e4m\u00e4 yksityiskohta sopii t\u00e4ydellisesti asiakkaille, jotka rakastavat alusvaatteita ainutlaatuisella kierteell\u00e4, tarjoten heille jotain muutakin kuin pelkk\u00e4 alusvaatesarja.<\/p>\n\n\n\n<p><strong>T\u00e4ydellinen uusiin kokoelmiin<\/strong>: T\u00e4m\u00e4 lila alusasusetti nykyaikaisella muotoilullaan ja ainutlaatuisilla ominaisuuksillaan on ihanteellinen lis\u00e4 mihin tahansa uuteen mallistoon. Se ei ole vain alusvaatteita; se on muotilause. Se tarjoaa asiakkaillesi jotain tuoretta ja muodikasta, mik\u00e4 erottaa kokoelmasi kilpailijoista.<\/p>\n\n\n\n<p>Kutsu asiakkaasi nauttimaan lila-alusvaatesarjamme ylellisest\u00e4 ja ainutlaatuisesta vieh\u00e4tt\u00e4vyydest\u00e4. Sen hieno muotoilu ja huomiota yksityiskohtiin tekev\u00e4t siit\u00e4 erottuvan lis\u00e4yksen mihin tahansa huippuluokan alusvaatemallistoon. Tilaa nyt ja tuo ripaus eleganssia ja modernia tyyli\u00e4 tarjontaasi!<\/p>\n\n\n\n<figure class=\"wp-block-table\"><table><tbody><tr><td class=\"has-text-align-center\" data-align=\"center\" colspan=\"6\"><strong>Kokotaulukko (CM)<\/strong><\/td><\/tr><tr><td class=\"has-text-align-center\" data-align=\"center\"><strong>Koko<\/strong><\/td><td class=\"has-text-align-center\" data-align=\"center\"><strong>Kupin korkeus (cm)<\/strong><\/td><td class=\"has-text-align-center\" data-align=\"center\"><strong>Rinnan alla (cm)<\/strong><\/td><td class=\"has-text-align-center\" data-align=\"center\"><strong>Alushousut vy\u00f6t\u00e4r\u00f6 (cm)<\/strong><\/td><td class=\"has-text-align-center\" data-align=\"center\"><strong>Vy\u00f6t\u00e4r\u00f6 (cm)<\/strong><\/td><td class=\"has-text-align-center\" data-align=\"center\"><strong>Housujen pituus (cm)<\/strong><\/td><\/tr><tr><td class=\"has-text-align-center\" data-align=\"center\">S<\/td><td class=\"has-text-align-center\" data-align=\"center\">16<\/td><td class=\"has-text-align-center\" data-align=\"center\">68-88<\/td><td class=\"has-text-align-center\" data-align=\"center\">68-88<\/td><td class=\"has-text-align-center\" data-align=\"center\">62<\/td><td class=\"has-text-align-center\" data-align=\"center\">24<\/td><\/tr><tr><td class=\"has-text-align-center\" data-align=\"center\">M<\/td><td class=\"has-text-align-center\" data-align=\"center\">16.8<\/td><td class=\"has-text-align-center\" data-align=\"center\">73-92<\/td><td class=\"has-text-align-center\" data-align=\"center\">73-92<\/td><td class=\"has-text-align-center\" data-align=\"center\">66<\/td><td class=\"has-text-align-center\" data-align=\"center\">25<\/td><\/tr><tr><td class=\"has-text-align-center\" data-align=\"center\">L<\/td><td class=\"has-text-align-center\" data-align=\"center\">17.6<\/td><td class=\"has-text-align-center\" data-align=\"center\">79-96<\/td><td class=\"has-text-align-center\" data-align=\"center\">79-96<\/td><td class=\"has-text-align-center\" data-align=\"center\">70<\/td><td class=\"has-text-align-center\" data-align=\"center\">26<\/td><\/tr><tr><td class=\"has-text-align-center\" data-align=\"center\" colspan=\"6\"><strong>Kokotaulukko (TUUMA)<\/strong><\/td><\/tr><tr><td class=\"has-text-align-center\" data-align=\"center\"><strong>Koko<\/strong><\/td><td class=\"has-text-align-center\" data-align=\"center\"><strong>Kupin korkeus (tuumaa)<\/strong><\/td><td class=\"has-text-align-center\" data-align=\"center\"><strong>Rinnan alla (sis\u00e4\u00e4n)<\/strong><\/td><td class=\"has-text-align-center\" data-align=\"center\"><strong>Alushousut vy\u00f6t\u00e4r\u00f6ll\u00e4 (sis\u00e4\u00e4n)<\/strong><\/td><td class=\"has-text-align-center\" data-align=\"center\"><strong>Vy\u00f6t\u00e4r\u00f6 (sis\u00e4\u00e4n)<\/strong><\/td><td class=\"has-text-align-center\" data-align=\"center\"><strong>Housujen pituus (in)<\/strong><\/td><\/tr><tr><td class=\"has-text-align-center\" data-align=\"center\">S<\/td><td class=\"has-text-align-center\" data-align=\"center\">6.30<\/td><td class=\"has-text-align-center\" data-align=\"center\">26.77-34.65<\/td><td class=\"has-text-align-center\" data-align=\"center\">26.77-34.65<\/td><td class=\"has-text-align-center\" data-align=\"center\">24.41<\/td><td class=\"has-text-align-center\" data-align=\"center\">9.45<\/td><\/tr><tr><td class=\"has-text-align-center\" data-align=\"center\">M<\/td><td class=\"has-text-align-center\" data-align=\"center\">6.61<\/td><td class=\"has-text-align-center\" data-align=\"center\">28.74-36.22<\/td><td class=\"has-text-align-center\" data-align=\"center\">28.74-36.22<\/td><td class=\"has-text-align-center\" data-align=\"center\">25.98<\/td><td class=\"has-text-align-center\" data-align=\"center\">9.84<\/td><\/tr><tr><td class=\"has-text-align-center\" data-align=\"center\">L<\/td><td class=\"has-text-align-center\" data-align=\"center\">6.93<\/td><td class=\"has-text-align-center\" data-align=\"center\">31.10-37.80<\/td><td class=\"has-text-align-center\" data-align=\"center\">31.10-37.80<\/td><td class=\"has-text-align-center\" data-align=\"center\">27.56<\/td><td class=\"has-text-align-center\" data-align=\"center\">10.24<\/td><\/tr><\/tbody><\/table><\/figure>","protected":false},"excerpt":{"rendered":"<p>Tutustu meid\u00e4n lumoavaan kauneuteen <strong>lila alusasusetti<\/strong>, lilan ja vihre\u00e4n kontrastin mestariteos, joka on valmistettu l\u00e4pin\u00e4kyv\u00e4st\u00e4 verkosta, jota koristaa upea kukkakirjonta.<\/p>","protected":false},"featured_media":47944,"template":"","meta":[],"product_brand":[],"product_cat":[368,367,375],"product_tag":[507,454,870,510,972],"class_list":{"0":"post-47955","1":"product","2":"type-product","3":"status-publish","4":"has-post-thumbnail","6":"product_cat-bra-panty-set","7":"product_cat-sexy-lingerie","8":"product_cat-whoelsale-sheer-bra-and-panty-sets","9":"product_tag-three-pcs-set","10":"product_tag-wholesale-sexy-embroidered-lingerie","11":"product_tag-floral-lingerie","12":"product_tag-ruffles-lingerie","13":"product_tag-valentines-day-lingerie","14":"pa_color-light-purple","15":"pa_size-wholesale-large-size-women-sexy-lingerie","16":"pa_size-wholesale-medium-size-women-sexy-lingerie","17":"pa_size-wholesale-small-size-sexy-lingerie","19":"first","20":"instock","21":"taxable","22":"shipping-taxable","23":"purchasable","24":"product-type-variable"},"tiered_pricing_type":"fixed","tiered_pricing_fixed_rules":[],"tiered_pricing_product_settings":{"layout":"table","base_unit_name":{"singular":null,"plural":null},"default_variation":null},"tiered_pricing_minimum_quantity":null,"tiered_pricing_roles_data":[],"tiered_pricing_percentage_rules":[],"tiered_pricing_maximum_quantity":null,"tiered_pricing_quantity_step":null,"_links":{"self":[{"href":"https:\/\/gretasexylingerie.com\/fi\/wp-json\/wp\/v2\/product\/47955","targetHints":{"allow":["GET"]}}],"collection":[{"href":"https:\/\/gretasexylingerie.com\/fi\/wp-json\/wp\/v2\/product"}],"about":[{"href":"https:\/\/gretasexylingerie.com\/fi\/wp-json\/wp\/v2\/types\/product"}],"wp:featuredmedia":[{"embeddable":true,"href":"https:\/\/gretasexylingerie.com\/fi\/wp-json\/wp\/v2\/media\/47944"}],"wp:attachment":[{"href":"https:\/\/gretasexylingerie.com\/fi\/wp-json\/wp\/v2\/media?parent=47955"}],"wp:term":[{"taxonomy":"product_brand","embeddable":true,"href":"https:\/\/gretasexylingerie.com\/fi\/wp-json\/wp\/v2\/product_brand?post=47955"},{"taxonomy":"product_cat","embeddable":true,"href":"https:\/\/gretasexylingerie.com\/fi\/wp-json\/wp\/v2\/product_cat?post=47955"},{"taxonomy":"product_tag","embeddable":true,"href":"https:\/\/gretasexylingerie.com\/fi\/wp-json\/wp\/v2\/product_tag?post=47955"}],"curies":[{"name":"wp","href":"https:\/\/api.w.org\/{rel}","templated":true}]}}