{"id":47922,"date":"2024-01-23T10:29:02","date_gmt":"2024-01-23T02:29:02","guid":{"rendered":"https:\/\/gretasexylingerie.com\/?post_type=product&#038;p=47922"},"modified":"2024-02-20T12:57:41","modified_gmt":"2024-02-20T04:57:41","slug":"tukkumyynti-lapinakyvat-pitsiset-rintaliivit-ja-pikkuhousut-joissa-on-yhteensopiva-henkselit","status":"publish","type":"product","link":"https:\/\/gretasexylingerie.com\/fi\/products\/wholesale-sheer-lace-bra-and-panty-set-with-matching-suspender\/","title":{"rendered":"Tukkukaupan l\u00e4pin\u00e4kyv\u00e4 pitsirintaliivit ja -housut, joissa on yhteensopiva henkselit"},"content":{"rendered":"<p><strong>L\u00e4pin\u00e4kyv\u00e4\u00e4 eleganssia<\/strong>: Valmistettu l\u00e4pin\u00e4kyv\u00e4st\u00e4 kankaasta, t\u00e4m\u00e4 setti tarjoaa houkuttelevan v\u00e4l\u00e4hdyksen alla olevasta sis\u00e4ll\u00f6st\u00e4. Se on t\u00e4ydellinen lis\u00e4\u00e4m\u00e4\u00e4n ripauksen mysteeri\u00e4 ja vieh\u00e4tyst\u00e4.<\/p>\n\n\n\n<p><strong>Grid kirjonta yksityiskohdat<\/strong>: Hieno ruudukkokirjonta vaalean violetilla ja mustalla lis\u00e4\u00e4 t\u00e4h\u00e4n ainutlaatuisen ja hienostuneen silauksen <strong>violetti ja musta rintaliivit ja pikkuhousut setti<\/strong>.<\/p>\n\n\n\n<p><strong>Jousen koristeet<\/strong>: Vieh\u00e4tt\u00e4v\u00e4t rusetin koristeet rinnassa ja pikkuhousuissa lis\u00e4\u00e4v\u00e4t makean, naisellisen vaikutelman, mik\u00e4 lis\u00e4\u00e4 setin yleist\u00e4 vieh\u00e4tyst\u00e4.<\/p>\n\n\n\n<p><strong>Selk\u00e4nojaton Bustier Design<\/strong>: Bustierin selk\u00e4nojaton muotoilu lis\u00e4\u00e4 yll\u00e4tyksen ja viettelyn elementin, mik\u00e4 tekee t\u00e4st\u00e4 <strong>l\u00e4pin\u00e4kyv\u00e4t pitsiset rintaliivit ja pikkuhousut<\/strong> kiehtova valinta.<\/p>\n\n\n\n<p><strong>T\u00e4ydellinen kolmiosainen kokonaisuus<\/strong>: T\u00e4m\u00e4 setti sis\u00e4lt\u00e4\u00e4 rinnat, pikkuhousut ja sukkanauhat, jotka tarjoavat koordinoidun ja t\u00e4ydellisen ilmeen, joka on sek\u00e4 ylellinen ett\u00e4 houkutteleva.<\/p>\n\n\n\n<p><strong>Monipuolinen kokovalikoima<\/strong>: Saatavana S-, M- ja L-kokoisina, t\u00e4m\u00e4 setti sopii useille vartalotyypeille, mik\u00e4 takaa t\u00e4ydellisen istuvuuden ja mukavuuden asiakaskunnallesi.<\/p>\n\n\n\n<p>Astu hienostuneen aistillisuuden maailmaan upealla l\u00e4pikuultavalla pitsirintaliivit ja pikkuhousut -setill\u00e4mme. Sen ainutlaatuinen muotoilu ja kontrastiv\u00e4rit tekev\u00e4t siit\u00e4 v\u00e4ltt\u00e4m\u00e4tt\u00f6m\u00e4n niille, jotka arvostavat alusvaatteiden hienompia yksityiskohtia. Tilaa nyt ja lis\u00e4\u00e4 ripauksen hienostuneisuutta ja vieh\u00e4tyst\u00e4 kokoelmaasi!<\/p>\n\n\n\n<figure class=\"wp-block-table\"><table><tbody><tr><td class=\"has-text-align-center\" data-align=\"center\" colspan=\"6\"><strong>Kokotaulukko (CM)<\/strong><\/td><\/tr><tr><td class=\"has-text-align-center\" data-align=\"center\"><strong>Koko<\/strong><\/td><td class=\"has-text-align-center\" data-align=\"center\"><strong>Pituus (cm)<\/strong><\/td><td class=\"has-text-align-center\" data-align=\"center\"><strong>rinnan alla (cm)<\/strong><\/td><td class=\"has-text-align-center\" data-align=\"center\"><strong>Vy\u00f6t\u00e4r\u00f6 (cm)<\/strong><\/td><td class=\"has-text-align-center\" data-align=\"center\"><strong>Vy\u00f6t\u00e4r\u00f6 (cm)<\/strong><\/td><td class=\"has-text-align-center\" data-align=\"center\"><strong>Housujen pituus (cm)<\/strong><\/td><\/tr><tr><td class=\"has-text-align-center\" data-align=\"center\">S<\/td><td class=\"has-text-align-center\" data-align=\"center\">14<\/td><td class=\"has-text-align-center\" data-align=\"center\">64-84<\/td><td class=\"has-text-align-center\" data-align=\"center\">64-94<\/td><td class=\"has-text-align-center\" data-align=\"center\">60<\/td><td class=\"has-text-align-center\" data-align=\"center\">20<\/td><\/tr><tr><td class=\"has-text-align-center\" data-align=\"center\">M<\/td><td class=\"has-text-align-center\" data-align=\"center\">15<\/td><td class=\"has-text-align-center\" data-align=\"center\">68-88<\/td><td class=\"has-text-align-center\" data-align=\"center\">68-98<\/td><td class=\"has-text-align-center\" data-align=\"center\">64<\/td><td class=\"has-text-align-center\" data-align=\"center\">21<\/td><\/tr><tr><td class=\"has-text-align-center\" data-align=\"center\">L<\/td><td class=\"has-text-align-center\" data-align=\"center\">16<\/td><td class=\"has-text-align-center\" data-align=\"center\">72-92<\/td><td class=\"has-text-align-center\" data-align=\"center\">72-102<\/td><td class=\"has-text-align-center\" data-align=\"center\">68<\/td><td class=\"has-text-align-center\" data-align=\"center\">22<\/td><\/tr><tr><td class=\"has-text-align-center\" data-align=\"center\" colspan=\"6\"><strong>Kokotaulukko (TUUMA)<\/strong><\/td><\/tr><tr><td class=\"has-text-align-center\" data-align=\"center\"><strong>Koko<\/strong><\/td><td class=\"has-text-align-center\" data-align=\"center\"><strong>Pituus (in)<\/strong><\/td><td class=\"has-text-align-center\" data-align=\"center\"><strong>Rinnan alla (sis\u00e4\u00e4n)<\/strong><\/td><td class=\"has-text-align-center\" data-align=\"center\"><strong>Vy\u00f6t\u00e4r\u00f6 (sis\u00e4\u00e4n)<\/strong><\/td><td class=\"has-text-align-center\" data-align=\"center\"><strong>Vy\u00f6t\u00e4r\u00f6 (sis\u00e4\u00e4n)<\/strong><\/td><td class=\"has-text-align-center\" data-align=\"center\"><strong>Housujen pituus (in)<\/strong><\/td><\/tr><tr><td class=\"has-text-align-center\" data-align=\"center\">S<\/td><td class=\"has-text-align-center\" data-align=\"center\">5.51<\/td><td class=\"has-text-align-center\" data-align=\"center\">25.20-33.07<\/td><td class=\"has-text-align-center\" data-align=\"center\">25.20-37.01<\/td><td class=\"has-text-align-center\" data-align=\"center\">23.62<\/td><td class=\"has-text-align-center\" data-align=\"center\">7.87<\/td><\/tr><tr><td class=\"has-text-align-center\" data-align=\"center\">M<\/td><td class=\"has-text-align-center\" data-align=\"center\">5.91<\/td><td class=\"has-text-align-center\" data-align=\"center\">26.77-34.65<\/td><td class=\"has-text-align-center\" data-align=\"center\">26.77-38.58<\/td><td class=\"has-text-align-center\" data-align=\"center\">25.20<\/td><td class=\"has-text-align-center\" data-align=\"center\">8.27<\/td><\/tr><tr><td class=\"has-text-align-center\" data-align=\"center\">L<\/td><td class=\"has-text-align-center\" data-align=\"center\">6.30<\/td><td class=\"has-text-align-center\" data-align=\"center\">28.35-36.22<\/td><td class=\"has-text-align-center\" data-align=\"center\">28.35-40.16<\/td><td class=\"has-text-align-center\" data-align=\"center\">26.77<\/td><td class=\"has-text-align-center\" data-align=\"center\">8.66<\/td><\/tr><\/tbody><\/table><\/figure>","protected":false},"excerpt":{"rendered":"<p>Nauti meid\u00e4n vieh\u00e4tysvoimasta <strong>yhteensopivat rintaliivihousut ja henkselit<\/strong> setti, jossa on l\u00e4pin\u00e4kyv\u00e4 kangas, jossa on hieno ruudukkokirjonta vaalean violetilla ja mustalla. T\u00e4m\u00e4 setti on osoitus eleganssista ja aistillisuudesta.<\/p>","protected":false},"featured_media":47914,"template":"","meta":[],"product_brand":[],"product_cat":[368,367,375],"product_tag":[507,452,865,972],"class_list":{"0":"post-47922","1":"product","2":"type-product","3":"status-publish","4":"has-post-thumbnail","6":"product_cat-bra-panty-set","7":"product_cat-sexy-lingerie","8":"product_cat-whoelsale-sheer-bra-and-panty-sets","9":"product_tag-three-pcs-set","10":"product_tag-wholesale-boudoir-lingerie","11":"product_tag-sexy-skimpy-lingerie","12":"product_tag-valentines-day-lingerie","13":"pa_color-purple-women-sexy-lingerie","14":"pa_size-wholesale-large-size-women-sexy-lingerie","15":"pa_size-wholesale-medium-size-women-sexy-lingerie","16":"pa_size-wholesale-small-size-sexy-lingerie","18":"first","19":"instock","20":"taxable","21":"shipping-taxable","22":"purchasable","23":"product-type-variable"},"tiered_pricing_type":"fixed","tiered_pricing_fixed_rules":[],"tiered_pricing_product_settings":{"layout":"table","base_unit_name":{"singular":null,"plural":null},"default_variation":null},"tiered_pricing_minimum_quantity":null,"tiered_pricing_roles_data":[],"tiered_pricing_percentage_rules":[],"tiered_pricing_maximum_quantity":null,"tiered_pricing_quantity_step":null,"_links":{"self":[{"href":"https:\/\/gretasexylingerie.com\/fi\/wp-json\/wp\/v2\/product\/47922","targetHints":{"allow":["GET"]}}],"collection":[{"href":"https:\/\/gretasexylingerie.com\/fi\/wp-json\/wp\/v2\/product"}],"about":[{"href":"https:\/\/gretasexylingerie.com\/fi\/wp-json\/wp\/v2\/types\/product"}],"wp:featuredmedia":[{"embeddable":true,"href":"https:\/\/gretasexylingerie.com\/fi\/wp-json\/wp\/v2\/media\/47914"}],"wp:attachment":[{"href":"https:\/\/gretasexylingerie.com\/fi\/wp-json\/wp\/v2\/media?parent=47922"}],"wp:term":[{"taxonomy":"product_brand","embeddable":true,"href":"https:\/\/gretasexylingerie.com\/fi\/wp-json\/wp\/v2\/product_brand?post=47922"},{"taxonomy":"product_cat","embeddable":true,"href":"https:\/\/gretasexylingerie.com\/fi\/wp-json\/wp\/v2\/product_cat?post=47922"},{"taxonomy":"product_tag","embeddable":true,"href":"https:\/\/gretasexylingerie.com\/fi\/wp-json\/wp\/v2\/product_tag?post=47922"}],"curies":[{"name":"wp","href":"https:\/\/api.w.org\/{rel}","templated":true}]}}