{"id":47906,"date":"2024-01-23T10:25:47","date_gmt":"2024-01-23T02:25:47","guid":{"rendered":"https:\/\/gretasexylingerie.com\/?post_type=product&#038;p=47906"},"modified":"2024-02-20T12:59:15","modified_gmt":"2024-02-20T04:59:15","slug":"tukku-pinkki-korsettitoppi-verkkohihoilla","status":"publish","type":"product","link":"https:\/\/gretasexylingerie.com\/fi\/products\/wholesale-pink-corset-top-with-mesh-sleeves\/","title":{"rendered":"Tukkukaupan vaaleanpunainen korsettitoppi verkkohihoilla"},"content":{"rendered":"<p><strong>Pinkki verkkosuunnittelu<\/strong>: Bustier-puvussa on kaunis vaaleanpunainen verkko, joka tarjoaa pehme\u00e4n, naisellisen vieh\u00e4tyksen, joka on sek\u00e4 vieh\u00e4tt\u00e4v\u00e4 ett\u00e4 hienostunut.<\/p>\n\n\n\n<p><strong>Valkoinen reunakoristelu<\/strong>: Korostettu tyylikk\u00e4\u00e4ll\u00e4 valkoisella reunuksella <strong>korsettitoppi verkkohihoilla<\/strong> huokuu hienostunutta eleganssia, t\u00e4ydellinen erottuvaksi vaatekaappikappaleeksi.<\/p>\n\n\n\n<p><strong>Metallinen ketjun kaularengas<\/strong>: Metallinen ketjun kaularengas lis\u00e4\u00e4 ripauksen s\u00e4rm\u00e4\u00e4v\u00e4\u00e4 glamouria, mik\u00e4 tekee t\u00e4st\u00e4 topaasta ainutlaatuisen ja tyylikk\u00e4\u00e4n valinnan muodista kiinnostuneille asiakkaille.<\/p>\n\n\n\n<p><strong>Ruffle Belt Accent<\/strong>: R\u00f6yhel\u00f6vy\u00f6 tarjoaa lis\u00e4kerroksen hienostuneisuutta korostaen korsetin siluettia ja lis\u00e4\u00e4m\u00e4ll\u00e4 leikkis\u00e4n mutta elegantin kosketuksen.<\/p>\n\n\n\n<p><strong>Lace-Up s\u00e4\u00e4dett\u00e4v\u00e4 rintaliivisolki<\/strong>: S\u00e4\u00e4dett\u00e4v\u00e4 rintaliivisolki varmistaa t\u00e4ydellisen istuvuuden ja tarjoaa sek\u00e4 mukavuutta ett\u00e4 tyyli\u00e4, joten se on k\u00e4yt\u00e4nn\u00f6llinen valinta eri vartalotyypeille.<\/p>\n\n\n\n<p>Yhdistele modernin tyylin ja klassisen eleganssin yhdistelm\u00e4\u00e4 upealla vaaleanpunaisella verkkokorsetillamme. Sen ainutlaatuinen muotoilu ja huomiota yksityiskohtiin tekev\u00e4t siit\u00e4 v\u00e4ltt\u00e4m\u00e4tt\u00f6m\u00e4n niille, jotka etsiv\u00e4t muodikasta mutta ajatonta kappaletta. Tilaa nyt ja lis\u00e4\u00e4 t\u00e4m\u00e4 upea toppi kokoelmaasi, tarjoten asiakkaillesi ripauksen hienostunutta kauneutta ja trendej\u00e4 luovaa tyyli\u00e4!<\/p>\n\n\n\n<figure class=\"wp-block-table\"><table><tbody><tr><td class=\"has-text-align-center\" data-align=\"center\" colspan=\"4\"><strong>Kokotaulukko (CM)<\/strong><\/td><\/tr><tr><td class=\"has-text-align-center\" data-align=\"center\"><strong>Koko<\/strong><\/td><td class=\"has-text-align-center\" data-align=\"center\"><strong>Pituus (cm)<\/strong><\/td><td class=\"has-text-align-center\" data-align=\"center\"><strong>rinnan alla (cm)<\/strong><\/td><td class=\"has-text-align-center\" data-align=\"center\"><strong>Vy\u00f6t\u00e4r\u00f6 (cm)<\/strong><\/td><\/tr><tr><td class=\"has-text-align-center\" data-align=\"center\">S<\/td><td class=\"has-text-align-center\" data-align=\"center\">22<\/td><td class=\"has-text-align-center\" data-align=\"center\">54-82<\/td><td class=\"has-text-align-center\" data-align=\"center\">68-98<\/td><\/tr><tr><td class=\"has-text-align-center\" data-align=\"center\">M<\/td><td class=\"has-text-align-center\" data-align=\"center\">23<\/td><td class=\"has-text-align-center\" data-align=\"center\">58-86<\/td><td class=\"has-text-align-center\" data-align=\"center\">70-102<\/td><\/tr><tr><td class=\"has-text-align-center\" data-align=\"center\">L<\/td><td class=\"has-text-align-center\" data-align=\"center\">24<\/td><td class=\"has-text-align-center\" data-align=\"center\">62-90<\/td><td class=\"has-text-align-center\" data-align=\"center\">74-106<\/td><\/tr><tr><td class=\"has-text-align-center\" data-align=\"center\" colspan=\"4\"><strong>Kokotaulukko (TUUMA)<\/strong><\/td><\/tr><tr><td class=\"has-text-align-center\" data-align=\"center\"><strong>Koko<\/strong><\/td><td class=\"has-text-align-center\" data-align=\"center\"><strong>Pituus (in)<\/strong><\/td><td class=\"has-text-align-center\" data-align=\"center\"><strong>Rinnan alla (sis\u00e4\u00e4n)<\/strong><\/td><td class=\"has-text-align-center\" data-align=\"center\"><strong>Vy\u00f6t\u00e4r\u00f6 (sis\u00e4\u00e4n)<\/strong><\/td><\/tr><tr><td class=\"has-text-align-center\" data-align=\"center\">S<\/td><td class=\"has-text-align-center\" data-align=\"center\">8.66<\/td><td class=\"has-text-align-center\" data-align=\"center\">21.26-32.28<\/td><td class=\"has-text-align-center\" data-align=\"center\">26.77-38.58<\/td><\/tr><tr><td class=\"has-text-align-center\" data-align=\"center\">M<\/td><td class=\"has-text-align-center\" data-align=\"center\">9.06<\/td><td class=\"has-text-align-center\" data-align=\"center\">22.83-33.86<\/td><td class=\"has-text-align-center\" data-align=\"center\">27.56-40.16<\/td><\/tr><tr><td class=\"has-text-align-center\" data-align=\"center\">L<\/td><td class=\"has-text-align-center\" data-align=\"center\">9.45<\/td><td class=\"has-text-align-center\" data-align=\"center\">24.41-35.43<\/td><td class=\"has-text-align-center\" data-align=\"center\">29.13-41.73<\/td><\/tr><\/tbody><\/table><\/figure>","protected":false},"excerpt":{"rendered":"<p>Astu herk\u00e4n charmin maailmaan meid\u00e4n kanssamme <strong>pinkki korsettitoppi<\/strong>, koristeltu vaaleanpunaisella verkkokankaalla ja tyylikk\u00e4\u00e4ll\u00e4 valkoisella reunakoristeella. T\u00e4m\u00e4 <strong>verkkokorsetin yl\u00e4osa<\/strong> on yhdistelm\u00e4 ylellisyytt\u00e4 ja nykyaikaista tyyli\u00e4.<\/p>","protected":false},"featured_media":47905,"template":"","meta":[],"product_brand":[],"product_cat":[390,386,367],"product_tag":[505,528,518,524,510,865],"class_list":{"0":"post-47906","1":"product","2":"type-product","3":"status-publish","4":"has-post-thumbnail","6":"product_cat-wholesale-mesh-bustier","7":"product_cat-sexy-bustiers","8":"product_cat-sexy-lingerie","9":"product_tag-5-piece-lingerie-set","10":"product_tag-halter-lingerie","11":"product_tag-mesh-lingerie","12":"product_tag-metal-lingerie","13":"product_tag-ruffles-lingerie","14":"product_tag-sexy-skimpy-lingerie","15":"pa_color-pink-women-sexy-lingerie","16":"pa_size-wholesale-large-size-women-sexy-lingerie","17":"pa_size-wholesale-medium-size-women-sexy-lingerie","18":"pa_size-wholesale-small-size-sexy-lingerie","20":"first","21":"instock","22":"taxable","23":"shipping-taxable","24":"purchasable","25":"product-type-variable"},"tiered_pricing_type":"fixed","tiered_pricing_fixed_rules":[],"tiered_pricing_product_settings":{"layout":"table","base_unit_name":{"singular":null,"plural":null},"default_variation":null},"tiered_pricing_minimum_quantity":null,"tiered_pricing_roles_data":[],"tiered_pricing_percentage_rules":[],"tiered_pricing_maximum_quantity":null,"tiered_pricing_quantity_step":null,"_links":{"self":[{"href":"https:\/\/gretasexylingerie.com\/fi\/wp-json\/wp\/v2\/product\/47906","targetHints":{"allow":["GET"]}}],"collection":[{"href":"https:\/\/gretasexylingerie.com\/fi\/wp-json\/wp\/v2\/product"}],"about":[{"href":"https:\/\/gretasexylingerie.com\/fi\/wp-json\/wp\/v2\/types\/product"}],"wp:featuredmedia":[{"embeddable":true,"href":"https:\/\/gretasexylingerie.com\/fi\/wp-json\/wp\/v2\/media\/47905"}],"wp:attachment":[{"href":"https:\/\/gretasexylingerie.com\/fi\/wp-json\/wp\/v2\/media?parent=47906"}],"wp:term":[{"taxonomy":"product_brand","embeddable":true,"href":"https:\/\/gretasexylingerie.com\/fi\/wp-json\/wp\/v2\/product_brand?post=47906"},{"taxonomy":"product_cat","embeddable":true,"href":"https:\/\/gretasexylingerie.com\/fi\/wp-json\/wp\/v2\/product_cat?post=47906"},{"taxonomy":"product_tag","embeddable":true,"href":"https:\/\/gretasexylingerie.com\/fi\/wp-json\/wp\/v2\/product_tag?post=47906"}],"curies":[{"name":"wp","href":"https:\/\/api.w.org\/{rel}","templated":true}]}}