{"id":47889,"date":"2024-01-23T10:22:08","date_gmt":"2024-01-23T02:22:08","guid":{"rendered":"https:\/\/gretasexylingerie.com\/?post_type=product&#038;p=47889"},"modified":"2024-02-20T13:00:57","modified_gmt":"2024-02-20T05:00:57","slug":"tukkumyynti-romanttiset-rintaliivit-ja-pikkuhousut-pitsisella-sukkanauhalla","status":"publish","type":"product","link":"https:\/\/gretasexylingerie.com\/fi\/products\/wholesale-romantic-bra-and-panty-set-with-lace-garter\/","title":{"rendered":"Tukkumyynti romanttiset rintaliivit ja pikkuhousut pitsisell\u00e4 sukkanauhalla"},"content":{"rendered":"<p><strong>Ihonv\u00e4rinen l\u00e4pin\u00e4kyv\u00e4 verkko<\/strong>: Hieno, ihonv\u00e4rinen l\u00e4pin\u00e4kyv\u00e4 verkko tarjoaa h\u00e4din tuskin ulkon\u00e4\u00f6n ja tarjoaa houkuttelevan kankaan setin monimutkaisille yksityiskohdille.<\/p>\n\n\n\n<p><strong>Hienot mustat brodeeratut kukat<\/strong>: Jokainen kappale on korostettu kauniisti mustilla brodeeratuilla kukilla, mik\u00e4 lis\u00e4\u00e4 ripaus romanttista hienostuneisuutta <strong>romanttiset rintaliivit ja pikkuhousut<\/strong> aseta.<\/p>\n\n\n\n<p><strong>Pitsikukkakoristeet<\/strong>: Herk\u00e4t pitsikukat parantavat yleist\u00e4 muotoilua luoden harmonisen tasapainon eleganssin ja aistillisuuden v\u00e4lille.<\/p>\n\n\n\n<p><strong>Monipuolinen kokovalikoima<\/strong>: T\u00e4m\u00e4 setti sopii useille vartalotyypeille, ja se on saatavana S-, M- ja L-koossa, mik\u00e4 varmistaa t\u00e4ydellisen istuvuuden ja mukavuuden asiakaskunnallesi.<\/p>\n\n\n\n<p><strong>T\u00e4ydellinen kokonaisuus<\/strong>: T\u00e4m\u00e4 setti sis\u00e4lt\u00e4\u00e4 rinnat, pikkuhousut ja sukkanauhat, jotka tarjoavat t\u00e4ydellisen ja koordinoidun lookin, joka on sek\u00e4 ylellinen ett\u00e4 kiehtova.<\/p>\n\n\n\n<p>Astu maailmaan, jossa romantiikka ja eleganssi kietoutuvat upeiden pitsisten rintaliivit ja sukkanauhasettimme kanssa. T\u00e4ydellinen niille, jotka etsiv\u00e4t yhdistelm\u00e4\u00e4 hienostuneisuutta ja vieh\u00e4tyst\u00e4 alusvaatemallistossaan. Tilaa nyt ja lis\u00e4\u00e4 ripauksen runollista kauneutta tarjontaasi!<\/p>\n\n\n\n<figure class=\"wp-block-table\"><table><tbody><tr><td class=\"has-text-align-center\" data-align=\"center\" colspan=\"6\"><strong>Kokotaulukko (CM)<\/strong><\/td><\/tr><tr><td class=\"has-text-align-center\" data-align=\"center\"><strong>Koko<\/strong><\/td><td class=\"has-text-align-center\" data-align=\"center\"><strong>Pituus (cm)<\/strong><\/td><td class=\"has-text-align-center\" data-align=\"center\"><strong>rinnan alla (cm)<\/strong><\/td><td class=\"has-text-align-center\" data-align=\"center\"><strong>Vy\u00f6t\u00e4r\u00f6 (cm)<\/strong><\/td><td class=\"has-text-align-center\" data-align=\"center\"><strong>Vy\u00f6t\u00e4r\u00f6 (cm)<\/strong><\/td><td class=\"has-text-align-center\" data-align=\"center\"><strong>Pituus (cm)<\/strong><\/td><\/tr><tr><td class=\"has-text-align-center\" data-align=\"center\">S<\/td><td class=\"has-text-align-center\" data-align=\"center\">14<\/td><td class=\"has-text-align-center\" data-align=\"center\">67-95<\/td><td class=\"has-text-align-center\" data-align=\"center\">68-98<\/td><td class=\"has-text-align-center\" data-align=\"center\">60-70<\/td><td class=\"has-text-align-center\" data-align=\"center\">21<\/td><\/tr><tr><td class=\"has-text-align-center\" data-align=\"center\">M<\/td><td class=\"has-text-align-center\" data-align=\"center\">15<\/td><td class=\"has-text-align-center\" data-align=\"center\">71-99<\/td><td class=\"has-text-align-center\" data-align=\"center\">72-102<\/td><td class=\"has-text-align-center\" data-align=\"center\">64-74<\/td><td class=\"has-text-align-center\" data-align=\"center\">22<\/td><\/tr><tr><td class=\"has-text-align-center\" data-align=\"center\">L<\/td><td class=\"has-text-align-center\" data-align=\"center\">16<\/td><td class=\"has-text-align-center\" data-align=\"center\">75-103<\/td><td class=\"has-text-align-center\" data-align=\"center\">76-106<\/td><td class=\"has-text-align-center\" data-align=\"center\">68-78<\/td><td class=\"has-text-align-center\" data-align=\"center\">23<\/td><\/tr><tr><td class=\"has-text-align-center\" data-align=\"center\" colspan=\"6\"><strong>Kokotaulukko (TUUMA)<\/strong><\/td><\/tr><tr><td class=\"has-text-align-center\" data-align=\"center\"><strong>Koko<\/strong><\/td><td class=\"has-text-align-center\" data-align=\"center\"><strong>Pituus (in)<\/strong><\/td><td class=\"has-text-align-center\" data-align=\"center\"><strong>Rinnan alla (sis\u00e4\u00e4n)<\/strong><\/td><td class=\"has-text-align-center\" data-align=\"center\"><strong>Vy\u00f6t\u00e4r\u00f6 (sis\u00e4\u00e4n)<\/strong><\/td><td class=\"has-text-align-center\" data-align=\"center\"><strong>Vy\u00f6t\u00e4r\u00f6 (sis\u00e4\u00e4n)<\/strong><\/td><td class=\"has-text-align-center\" data-align=\"center\"><strong>Pituus (in)<\/strong><\/td><\/tr><tr><td class=\"has-text-align-center\" data-align=\"center\">S<\/td><td class=\"has-text-align-center\" data-align=\"center\">5.51<\/td><td class=\"has-text-align-center\" data-align=\"center\">26.38-37.40<\/td><td class=\"has-text-align-center\" data-align=\"center\">26.77-38.58<\/td><td class=\"has-text-align-center\" data-align=\"center\">23.62-27.56<\/td><td class=\"has-text-align-center\" data-align=\"center\">8.27<\/td><\/tr><tr><td class=\"has-text-align-center\" data-align=\"center\">M<\/td><td class=\"has-text-align-center\" data-align=\"center\">5.91<\/td><td class=\"has-text-align-center\" data-align=\"center\">27.95-38.98<\/td><td class=\"has-text-align-center\" data-align=\"center\">28.35-40.16<\/td><td class=\"has-text-align-center\" data-align=\"center\">25.20-29.13<\/td><td class=\"has-text-align-center\" data-align=\"center\">8.66<\/td><\/tr><tr><td class=\"has-text-align-center\" data-align=\"center\">L<\/td><td class=\"has-text-align-center\" data-align=\"center\">6.30<\/td><td class=\"has-text-align-center\" data-align=\"center\">29.53-40.55<\/td><td class=\"has-text-align-center\" data-align=\"center\">29.92-41.73<\/td><td class=\"has-text-align-center\" data-align=\"center\">26.77-30.71<\/td><td class=\"has-text-align-center\" data-align=\"center\">9.06<\/td><\/tr><\/tbody><\/table><\/figure>","protected":false},"excerpt":{"rendered":"<p>Paljasta romanssin ydin kanssamme <strong>pitsiset rintaliivit ja sukkanauhasetti<\/strong>, jossa on ihonv\u00e4rinen l\u00e4pin\u00e4kyv\u00e4 verkko, jota koristavat upeat mustat brodeeratut kukat. T\u00e4m\u00e4 setti on runollinen sekoitus eleganssia ja vieh\u00e4tyst\u00e4.<\/p>","protected":false},"featured_media":47878,"template":"","meta":[],"product_brand":[],"product_cat":[368,367,375],"product_tag":[507,861,454,446,865],"class_list":{"0":"post-47889","1":"product","2":"type-product","3":"status-publish","4":"has-post-thumbnail","6":"product_cat-bra-panty-set","7":"product_cat-sexy-lingerie","8":"product_cat-whoelsale-sheer-bra-and-panty-sets","9":"product_tag-three-pcs-set","10":"product_tag-brunette-lingerie","11":"product_tag-wholesale-sexy-embroidered-lingerie","12":"product_tag-wholesale-sexy-see-through-lingerie","13":"product_tag-sexy-skimpy-lingerie","14":"pa_color-black","15":"pa_size-wholesale-large-size-women-sexy-lingerie","16":"pa_size-wholesale-medium-size-women-sexy-lingerie","17":"pa_size-wholesale-small-size-sexy-lingerie","19":"first","20":"instock","21":"taxable","22":"shipping-taxable","23":"purchasable","24":"product-type-variable"},"tiered_pricing_type":"fixed","tiered_pricing_fixed_rules":[],"tiered_pricing_product_settings":{"layout":"table","base_unit_name":{"singular":null,"plural":null},"default_variation":null},"tiered_pricing_minimum_quantity":null,"tiered_pricing_roles_data":[],"tiered_pricing_percentage_rules":[],"tiered_pricing_maximum_quantity":null,"tiered_pricing_quantity_step":null,"_links":{"self":[{"href":"https:\/\/gretasexylingerie.com\/fi\/wp-json\/wp\/v2\/product\/47889","targetHints":{"allow":["GET"]}}],"collection":[{"href":"https:\/\/gretasexylingerie.com\/fi\/wp-json\/wp\/v2\/product"}],"about":[{"href":"https:\/\/gretasexylingerie.com\/fi\/wp-json\/wp\/v2\/types\/product"}],"wp:featuredmedia":[{"embeddable":true,"href":"https:\/\/gretasexylingerie.com\/fi\/wp-json\/wp\/v2\/media\/47878"}],"wp:attachment":[{"href":"https:\/\/gretasexylingerie.com\/fi\/wp-json\/wp\/v2\/media?parent=47889"}],"wp:term":[{"taxonomy":"product_brand","embeddable":true,"href":"https:\/\/gretasexylingerie.com\/fi\/wp-json\/wp\/v2\/product_brand?post=47889"},{"taxonomy":"product_cat","embeddable":true,"href":"https:\/\/gretasexylingerie.com\/fi\/wp-json\/wp\/v2\/product_cat?post=47889"},{"taxonomy":"product_tag","embeddable":true,"href":"https:\/\/gretasexylingerie.com\/fi\/wp-json\/wp\/v2\/product_tag?post=47889"}],"curies":[{"name":"wp","href":"https:\/\/api.w.org\/{rel}","templated":true}]}}