{"id":47837,"date":"2024-01-23T10:10:40","date_gmt":"2024-01-23T02:10:40","guid":{"rendered":"https:\/\/gretasexylingerie.com\/?post_type=product&#038;p=47837"},"modified":"2024-02-20T13:06:46","modified_gmt":"2024-02-20T05:06:46","slug":"tukkumyynti-valkoiset-rintaliivit-ja-housut","status":"publish","type":"product","link":"https:\/\/gretasexylingerie.com\/fi\/products\/wholesale-white-bra-and-knickers-set\/","title":{"rendered":"Tukkumyynti valkoiset rintaliivit ja pikkuhousut, joissa on kukkakirjonta"},"content":{"rendered":"<p><strong>Laadukas kirjonta<\/strong>: Vaaleansininen kirjontakuvio valkoisessa l\u00e4pin\u00e4kyv\u00e4ss\u00e4 verkossa tarjoaa herk\u00e4n ja hienostuneen ilmeen, joka on t\u00e4ydellinen <strong>verkkorintaliivit pikkuhousujen muotoilu<\/strong> tuntija.<\/p>\n\n\n\n<p><strong>Ylelliset pitsiyksityiskohdat<\/strong>: Jokainen t\u00e4m\u00e4n setin osa, mukaan lukien rintaliivit, pikkuhousut, sukkanauha, legring ja kaularengas, on paranneltu hienoilla pitsill\u00e4, jotka lis\u00e4\u00e4v\u00e4t ripauksen ylellisyytt\u00e4 <strong>hienot rintaliivit alusvaatteet<\/strong> kokoelma.<\/p>\n\n\n\n<p><strong>T\u00e4ydellinen viisiosainen setti<\/strong>: T\u00e4m\u00e4 kattava sarja tarjoaa t\u00e4ydellisen kokonaisuuden, mik\u00e4 takaa harmonisen ja t\u00e4ydellisen ulkon\u00e4\u00f6n mihin tahansa erikoistilaisuuteen tai ylelliseen alusvaatemallistoon.<\/p>\n\n\n\n<p><strong>Erilaisia kokoja<\/strong>: Saatavana S-, M- ja L-kokoisina, t\u00e4m\u00e4 setti sopii monenlaisille vartalotyypeille, joten se on monipuolinen valinta <strong>valkoiset rintaliivit ja housut<\/strong> kokoelma.<\/p>\n\n\n\n<p><strong>Tyylik\u00e4s v\u00e4riyhdistelm\u00e4<\/strong>: Vaaleansininen ja valkoinen v\u00e4rimaailma huokuu rauhallista ja eleganttia tunnelmaa, mik\u00e4 tekee t\u00e4st\u00e4 setist\u00e4 ainutlaatuisen ja houkuttelevan lis\u00e4yksen kaikkiin huippuluokan alusvaatteisiin.<\/p>\n\n\n\n<p>Paranna alusvaatteitasi t\u00e4ll\u00e4 kauniisti brodeeratulla rintaliivisarjalla. Sen monimutkainen muotoilu ja kattava viisiosainen kokoelma kiehtovat ja tyydytt\u00e4v\u00e4t vaativankin asiakaskuntasi. T\u00e4ydellinen niille, jotka etsiv\u00e4t yhdistelm\u00e4\u00e4 eleganssia ja hienostuneisuutta alusvaatevalinnassaan. Tilaa nyt ja tuo ripaus hienostunutta kauneutta kokoelmaasi!<\/p>\n\n\n\n<figure class=\"wp-block-table\"><table><tbody><tr><td class=\"has-text-align-center\" data-align=\"center\" colspan=\"6\"><strong>Kokotaulukko (CM)<\/strong><\/td><\/tr><tr><td class=\"has-text-align-center\" data-align=\"center\"><strong>Koko<\/strong><\/td><td class=\"has-text-align-center\" data-align=\"center\"><strong>Pituus (cm)<\/strong><\/td><td class=\"has-text-align-center\" data-align=\"center\"><strong>rinnan alla (cm)<\/strong><\/td><td class=\"has-text-align-center\" data-align=\"center\"><strong>Vy\u00f6t\u00e4r\u00f6 (cm)<\/strong><\/td><td class=\"has-text-align-center\" data-align=\"center\"><strong>Vy\u00f6t\u00e4r\u00f6 (cm)<\/strong><\/td><td class=\"has-text-align-center\" data-align=\"center\"><strong>Pituus (cm)<\/strong><\/td><\/tr><tr><td class=\"has-text-align-center\" data-align=\"center\">S<\/td><td class=\"has-text-align-center\" data-align=\"center\">14<\/td><td class=\"has-text-align-center\" data-align=\"center\">64-84<\/td><td class=\"has-text-align-center\" data-align=\"center\">68-98<\/td><td class=\"has-text-align-center\" data-align=\"center\">68-88<\/td><td class=\"has-text-align-center\" data-align=\"center\">19<\/td><\/tr><tr><td class=\"has-text-align-center\" data-align=\"center\">M<\/td><td class=\"has-text-align-center\" data-align=\"center\">15<\/td><td class=\"has-text-align-center\" data-align=\"center\">68-88<\/td><td class=\"has-text-align-center\" data-align=\"center\">72-102<\/td><td class=\"has-text-align-center\" data-align=\"center\">72-92<\/td><td class=\"has-text-align-center\" data-align=\"center\">20<\/td><\/tr><tr><td class=\"has-text-align-center\" data-align=\"center\">L<\/td><td class=\"has-text-align-center\" data-align=\"center\">16<\/td><td class=\"has-text-align-center\" data-align=\"center\">72-92<\/td><td class=\"has-text-align-center\" data-align=\"center\">76-106<\/td><td class=\"has-text-align-center\" data-align=\"center\">76-96<\/td><td class=\"has-text-align-center\" data-align=\"center\">21<\/td><\/tr><tr><td class=\"has-text-align-center\" data-align=\"center\" colspan=\"6\"><strong>Kokotaulukko (TUUMA)<\/strong><\/td><\/tr><tr><td class=\"has-text-align-center\" data-align=\"center\"><strong>Koko<\/strong><\/td><td class=\"has-text-align-center\" data-align=\"center\"><strong>Pituus (in)<\/strong><\/td><td class=\"has-text-align-center\" data-align=\"center\"><strong>Rinnan alla (sis\u00e4\u00e4n)<\/strong><\/td><td class=\"has-text-align-center\" data-align=\"center\"><strong>Vy\u00f6t\u00e4r\u00f6 (sis\u00e4\u00e4n)<\/strong><\/td><td class=\"has-text-align-center\" data-align=\"center\"><strong>Vy\u00f6t\u00e4r\u00f6 (sis\u00e4\u00e4n)<\/strong><\/td><td class=\"has-text-align-center\" data-align=\"center\"><strong>Pituus (in)<\/strong><\/td><\/tr><tr><td class=\"has-text-align-center\" data-align=\"center\">S<\/td><td class=\"has-text-align-center\" data-align=\"center\">5.51<\/td><td class=\"has-text-align-center\" data-align=\"center\">25.20-33.07<\/td><td class=\"has-text-align-center\" data-align=\"center\">26.77-38.58<\/td><td class=\"has-text-align-center\" data-align=\"center\">26.77-34.65<\/td><td class=\"has-text-align-center\" data-align=\"center\">7.48<\/td><\/tr><tr><td class=\"has-text-align-center\" data-align=\"center\">M<\/td><td class=\"has-text-align-center\" data-align=\"center\">5.91<\/td><td class=\"has-text-align-center\" data-align=\"center\">26.77-34.65<\/td><td class=\"has-text-align-center\" data-align=\"center\">28.35-40.16<\/td><td class=\"has-text-align-center\" data-align=\"center\">28.35-36.22<\/td><td class=\"has-text-align-center\" data-align=\"center\">7.87<\/td><\/tr><tr><td class=\"has-text-align-center\" data-align=\"center\">L<\/td><td class=\"has-text-align-center\" data-align=\"center\">6.30<\/td><td class=\"has-text-align-center\" data-align=\"center\">28.35-36.22<\/td><td class=\"has-text-align-center\" data-align=\"center\">29.92-41.73<\/td><td class=\"has-text-align-center\" data-align=\"center\">29.92-37.80<\/td><td class=\"has-text-align-center\" data-align=\"center\">8.27<\/td><\/tr><\/tbody><\/table><\/figure>\n\n\n\n<p><\/p>","protected":false},"excerpt":{"rendered":"<p>Tutustu meid\u00e4n lumoukseen <strong>valkoiset rintaliivit ja housut<\/strong> setti, koristeltu vaaleansinisell\u00e4 kirjontalla valkoisella l\u00e4pin\u00e4kyv\u00e4ll\u00e4 verkolla. T\u00e4m\u00e4 <strong>hienot rintaliivit alusvaatteet<\/strong> Ensemble on eleganssin ja vieh\u00e4tyksen sinfonia.<\/p>","protected":false},"featured_media":47828,"template":"","meta":[],"product_brand":[],"product_cat":[368,369,367],"product_tag":[505,454,875,518],"class_list":{"0":"post-47837","1":"product","2":"type-product","3":"status-publish","4":"has-post-thumbnail","6":"product_cat-bra-panty-set","7":"product_cat-wholesale-lace-bra-and-panty-sets","8":"product_cat-sexy-lingerie","9":"product_tag-5-piece-lingerie-set","10":"product_tag-wholesale-sexy-embroidered-lingerie","11":"product_tag-lace-sexy-lingerie","12":"product_tag-mesh-lingerie","13":"pa_color-white","14":"pa_size-wholesale-large-size-women-sexy-lingerie","15":"pa_size-wholesale-medium-size-women-sexy-lingerie","16":"pa_size-wholesale-small-size-sexy-lingerie","18":"first","19":"instock","20":"taxable","21":"shipping-taxable","22":"purchasable","23":"product-type-variable"},"tiered_pricing_type":"fixed","tiered_pricing_fixed_rules":[],"tiered_pricing_product_settings":{"layout":"table","base_unit_name":{"singular":null,"plural":null},"default_variation":{}},"tiered_pricing_minimum_quantity":null,"tiered_pricing_roles_data":[],"tiered_pricing_percentage_rules":[],"tiered_pricing_maximum_quantity":null,"tiered_pricing_quantity_step":null,"_links":{"self":[{"href":"https:\/\/gretasexylingerie.com\/fi\/wp-json\/wp\/v2\/product\/47837","targetHints":{"allow":["GET"]}}],"collection":[{"href":"https:\/\/gretasexylingerie.com\/fi\/wp-json\/wp\/v2\/product"}],"about":[{"href":"https:\/\/gretasexylingerie.com\/fi\/wp-json\/wp\/v2\/types\/product"}],"wp:featuredmedia":[{"embeddable":true,"href":"https:\/\/gretasexylingerie.com\/fi\/wp-json\/wp\/v2\/media\/47828"}],"wp:attachment":[{"href":"https:\/\/gretasexylingerie.com\/fi\/wp-json\/wp\/v2\/media?parent=47837"}],"wp:term":[{"taxonomy":"product_brand","embeddable":true,"href":"https:\/\/gretasexylingerie.com\/fi\/wp-json\/wp\/v2\/product_brand?post=47837"},{"taxonomy":"product_cat","embeddable":true,"href":"https:\/\/gretasexylingerie.com\/fi\/wp-json\/wp\/v2\/product_cat?post=47837"},{"taxonomy":"product_tag","embeddable":true,"href":"https:\/\/gretasexylingerie.com\/fi\/wp-json\/wp\/v2\/product_tag?post=47837"}],"curies":[{"name":"wp","href":"https:\/\/api.w.org\/{rel}","templated":true}]}}