{"id":47794,"date":"2024-01-20T22:28:54","date_gmt":"2024-01-20T14:28:54","guid":{"rendered":"https:\/\/gretasexylingerie.com\/?post_type=product&#038;p=47794"},"modified":"2024-02-20T13:08:37","modified_gmt":"2024-02-20T05:08:37","slug":"tukkumyynti-naisten-pikkuhousut-ja-rintaliivit-mustavalkoisia-pitsia","status":"publish","type":"product","link":"https:\/\/gretasexylingerie.com\/fi\/products\/wholesale-ladies-panties-and-bra-set-in-black-and-white-lace\/","title":{"rendered":"Naisten tukkuhousut ja rintaliivisetti mustavalkoista pitsi\u00e4"},"content":{"rendered":"<p><strong>Klassinen kontrasti: <\/strong>Mustavalkoinen kontrasti t\u00e4ss\u00e4 <strong>naisten alushousut ja rintaliivit setti<\/strong> tarjoaa ajattoman vetovoiman, joka on t\u00e4ydellinen niille, jotka arvostavat sek\u00e4 klassista eleganssia ett\u00e4 nykyaikaista muotoilua.<\/p>\n\n\n\n<p><strong>Pitsir\u00f6yhel\u00f6t:<\/strong> Herk\u00e4t pitsir\u00f6yhel\u00f6t lis\u00e4\u00e4v\u00e4t ripauksen hienostuneisuutta, mik\u00e4 tekee t\u00e4st\u00e4 <strong>rintaliivit ja pikkuhousut valkoiset<\/strong> mallisto on erinomainen valinta morsiusvaatteisiin tai erikoistilaisuuksiin.<\/p>\n\n\n\n<p><strong>Jousen koristelu: <\/strong>Vieh\u00e4tt\u00e4v\u00e4t jousikoristeet tarjoavat makean, romanttisen kosketuksen, mik\u00e4 lis\u00e4\u00e4 setin vetovoimaa ja tekee siit\u00e4 ihastuttavan valinnan asiakaskunnallesi.<\/p>\n\n\n\n<p><strong>Monipuolinen eleganssi: <\/strong>T\u00e4m\u00e4 setti on enemm\u00e4n kuin pelkk\u00e4 morsiamen v\u00e4ltt\u00e4m\u00e4tt\u00f6myys; Monipuolinen muotoilu tekee siit\u00e4 sopivan erilaisiin tilaisuuksiin ja houkuttelee laajaa asiakaskuntaa.<\/p>\n\n\n\n<p><strong>Mukavuus kohtaa tyylin: <\/strong>T\u00e4m\u00e4 setti on suunniteltu mukavuuteen tinkim\u00e4tt\u00e4 tyylist\u00e4, ja se takaa imartelevan istuvuuden, joten se on k\u00e4yt\u00e4nn\u00f6llinen mutta tyylik\u00e4s valinta jokap\u00e4iv\u00e4iseen ylellisyyteen.<\/p>\n\n\n\n<p>Lis\u00e4\u00e4 ripauksen ajatonta eleganssia kokoelmaasi mustavalkoisella pitsisetill\u00e4mme. T\u00e4ydellinen morsius- ja arjen ylellisyyteen, se on suunniteltu ilahduttamaan ja tekem\u00e4\u00e4n vaikutuksen. Tilaa nyt ja tarjoa asiakkaillesi t\u00e4ydellinen yhdistelm\u00e4 tyyli\u00e4 ja mukavuutta!<\/p>\n\n\n\n<figure class=\"wp-block-table aligncenter\"><table><tbody><tr><td class=\"has-text-align-center\" data-align=\"center\" colspan=\"7\"><strong>Kokotaulukko (CM)<\/strong><\/td><\/tr><tr><td class=\"has-text-align-center\" data-align=\"center\"><strong>Koko<\/strong><\/td><td class=\"has-text-align-center\" data-align=\"center\"><strong>Kupin korkeus (cm)<\/strong><\/td><td class=\"has-text-align-center\" data-align=\"center\"><strong>Pituus (cm)<\/strong><\/td><td class=\"has-text-align-center\" data-align=\"center\"><strong>Yl\u00e4rinta (cm)<\/strong><\/td><td class=\"has-text-align-center\" data-align=\"center\"><strong>Rinnan alaosa (cm)<\/strong><\/td><td class=\"has-text-align-center\" data-align=\"center\"><strong>Vy\u00f6t\u00e4r\u00f6nauha (cm)<\/strong><\/td><td class=\"has-text-align-center\" data-align=\"center\"><strong>Vy\u00f6t\u00e4r\u00f6linja (cm)<\/strong><\/td><\/tr><tr><td class=\"has-text-align-center\" data-align=\"center\">M<\/td><td class=\"has-text-align-center\" data-align=\"center\">13.5<\/td><td class=\"has-text-align-center\" data-align=\"center\">15<\/td><td class=\"has-text-align-center\" data-align=\"center\">64-88<\/td><td class=\"has-text-align-center\" data-align=\"center\">61-88<\/td><td class=\"has-text-align-center\" data-align=\"center\">57-92<\/td><td class=\"has-text-align-center\" data-align=\"center\">61-96<\/td><\/tr><tr><td class=\"has-text-align-center\" data-align=\"center\">M<\/td><td class=\"has-text-align-center\" data-align=\"center\">14.5<\/td><td class=\"has-text-align-center\" data-align=\"center\">16<\/td><td class=\"has-text-align-center\" data-align=\"center\">68-92<\/td><td class=\"has-text-align-center\" data-align=\"center\">65-92<\/td><td class=\"has-text-align-center\" data-align=\"center\">61-96<\/td><td class=\"has-text-align-center\" data-align=\"center\">65-100<\/td><\/tr><tr><td class=\"has-text-align-center\" data-align=\"center\">L<\/td><td class=\"has-text-align-center\" data-align=\"center\">15.5<\/td><td class=\"has-text-align-center\" data-align=\"center\">17<\/td><td class=\"has-text-align-center\" data-align=\"center\">72-96<\/td><td class=\"has-text-align-center\" data-align=\"center\">69-96<\/td><td class=\"has-text-align-center\" data-align=\"center\">65-100<\/td><td class=\"has-text-align-center\" data-align=\"center\">69-104<\/td><\/tr><tr><td class=\"has-text-align-center\" data-align=\"center\" colspan=\"7\"><strong>Kokotaulukko (TUUMA)<\/strong><\/td><\/tr><tr><td class=\"has-text-align-center\" data-align=\"center\"><strong>Koko<\/strong><\/td><td class=\"has-text-align-center\" data-align=\"center\"><strong>Kupin korkeus (tuumaa)<\/strong><\/td><td class=\"has-text-align-center\" data-align=\"center\"><strong>Pituus (in)<\/strong><\/td><td class=\"has-text-align-center\" data-align=\"center\"><strong>Yl\u00e4rinta (sis\u00e4\u00e4n)<\/strong><\/td><td class=\"has-text-align-center\" data-align=\"center\"><strong>Rinnan alaosa (sis\u00e4\u00e4n)<\/strong><\/td><td class=\"has-text-align-center\" data-align=\"center\"><strong>Vy\u00f6t\u00e4r\u00f6nauha (sis\u00e4\u00e4n)<\/strong><\/td><td class=\"has-text-align-center\" data-align=\"center\"><strong>Vy\u00f6t\u00e4r\u00f6 (sis\u00e4\u00e4n)<\/strong><\/td><\/tr><tr><td class=\"has-text-align-center\" data-align=\"center\">M<\/td><td class=\"has-text-align-center\" data-align=\"center\">5.31<\/td><td class=\"has-text-align-center\" data-align=\"center\">5.91<\/td><td class=\"has-text-align-center\" data-align=\"center\">25.20-34.65<\/td><td class=\"has-text-align-center\" data-align=\"center\">24.02-34.65<\/td><td class=\"has-text-align-center\" data-align=\"center\">22.44-36.22<\/td><td class=\"has-text-align-center\" data-align=\"center\">24.02-37.80<\/td><\/tr><tr><td class=\"has-text-align-center\" data-align=\"center\">M<\/td><td class=\"has-text-align-center\" data-align=\"center\">5.71<\/td><td class=\"has-text-align-center\" data-align=\"center\">6.30<\/td><td class=\"has-text-align-center\" data-align=\"center\">26.77-36.22<\/td><td class=\"has-text-align-center\" data-align=\"center\">25.59-36.22<\/td><td class=\"has-text-align-center\" data-align=\"center\">24.02-37.80<\/td><td class=\"has-text-align-center\" data-align=\"center\">25.59-39.37<\/td><\/tr><tr><td class=\"has-text-align-center\" data-align=\"center\">L<\/td><td class=\"has-text-align-center\" data-align=\"center\">6.10<\/td><td class=\"has-text-align-center\" data-align=\"center\">6.69<\/td><td class=\"has-text-align-center\" data-align=\"center\">28.35-37.80<\/td><td class=\"has-text-align-center\" data-align=\"center\">27.17-37.80<\/td><td class=\"has-text-align-center\" data-align=\"center\">25.59-39.37<\/td><td class=\"has-text-align-center\" data-align=\"center\">27.17-40.94<\/td><\/tr><\/tbody><\/table><\/figure>","protected":false},"excerpt":{"rendered":"<p>Ymm\u00e4rr\u00e4 klassista eleganssia meid\u00e4n kanssamme <strong>naisten alushousut ja rintaliivit setti<\/strong>, jossa on silmiinpist\u00e4v\u00e4 mustavalkoinen kontrasti ja herk\u00e4t pitsir\u00f6yhel\u00f6t. T\u00e4m\u00e4 <strong>rintaliivit pikkuhousut morsiamen<\/strong> on sekoitus perinteit\u00e4 ja modernia charmia.<\/p>","protected":false},"featured_media":47793,"template":"","meta":[],"product_brand":[],"product_cat":[368,369,367],"product_tag":[868,452,510],"class_list":{"0":"post-47794","1":"product","2":"type-product","3":"status-publish","4":"has-post-thumbnail","6":"product_cat-bra-panty-set","7":"product_cat-wholesale-lace-bra-and-panty-sets","8":"product_cat-sexy-lingerie","9":"product_tag-4-piece-lingerie-set","10":"product_tag-wholesale-boudoir-lingerie","11":"product_tag-ruffles-lingerie","12":"pa_color-black","13":"pa_size-wholesale-large-size-women-sexy-lingerie","14":"pa_size-wholesale-medium-size-women-sexy-lingerie","15":"pa_size-wholesale-small-size-sexy-lingerie","17":"first","18":"instock","19":"taxable","20":"shipping-taxable","21":"purchasable","22":"product-type-variable"},"tiered_pricing_type":"fixed","tiered_pricing_fixed_rules":[],"tiered_pricing_product_settings":{"layout":"table","base_unit_name":{"singular":null,"plural":null},"default_variation":null},"tiered_pricing_minimum_quantity":null,"tiered_pricing_roles_data":[],"tiered_pricing_percentage_rules":[],"tiered_pricing_maximum_quantity":null,"tiered_pricing_quantity_step":null,"_links":{"self":[{"href":"https:\/\/gretasexylingerie.com\/fi\/wp-json\/wp\/v2\/product\/47794","targetHints":{"allow":["GET"]}}],"collection":[{"href":"https:\/\/gretasexylingerie.com\/fi\/wp-json\/wp\/v2\/product"}],"about":[{"href":"https:\/\/gretasexylingerie.com\/fi\/wp-json\/wp\/v2\/types\/product"}],"wp:featuredmedia":[{"embeddable":true,"href":"https:\/\/gretasexylingerie.com\/fi\/wp-json\/wp\/v2\/media\/47793"}],"wp:attachment":[{"href":"https:\/\/gretasexylingerie.com\/fi\/wp-json\/wp\/v2\/media?parent=47794"}],"wp:term":[{"taxonomy":"product_brand","embeddable":true,"href":"https:\/\/gretasexylingerie.com\/fi\/wp-json\/wp\/v2\/product_brand?post=47794"},{"taxonomy":"product_cat","embeddable":true,"href":"https:\/\/gretasexylingerie.com\/fi\/wp-json\/wp\/v2\/product_cat?post=47794"},{"taxonomy":"product_tag","embeddable":true,"href":"https:\/\/gretasexylingerie.com\/fi\/wp-json\/wp\/v2\/product_tag?post=47794"}],"curies":[{"name":"wp","href":"https:\/\/api.w.org\/{rel}","templated":true}]}}