{"id":46776,"date":"2023-11-21T01:31:21","date_gmt":"2023-11-20T17:31:21","guid":{"rendered":"https:\/\/gretasexylingerie.com\/?post_type=product&#038;p=46776"},"modified":"2024-04-04T16:22:52","modified_gmt":"2024-04-04T08:22:52","slug":"tukku-sukkanauha-jossa-riimukaula-ja-verkkomalli","status":"publish","type":"product","link":"https:\/\/gretasexylingerie.com\/fi\/products\/wholesale-garter-bustier-with-halter-neck-and-fishnet-design\/","title":{"rendered":"Tukkusukkanauha, jossa riimukaula ja verkkomuotoilu"},"content":{"rendered":"<ol class=\"wp-block-list\">\n<li><strong>Sukkanauha Bustier<\/strong>: Koe t\u00e4ydellinen sekoitus tyyli\u00e4 ja viettely\u00e4 sukkanauhassamme. Se on suunniteltu tasoittamaan vartaloasi ja lis\u00e4\u00e4m\u00e4\u00e4n ripaus rohkeaa eleganssia alusvaatemallistoon.<\/li>\n\n\n\n<li><strong>Musta Bustier-setti<\/strong>: T\u00e4m\u00e4 sarja on ajaton lis\u00e4 mihin tahansa vaatekaappiin, ja se tarjoaa monipuolisuutta ja tyyli\u00e4. Ihanteellinen niille, jotka arvostavat klassista kauneutta nykyaikaisella reunalla.<\/li>\n\n\n\n<li><strong>Verkkomateriaali<\/strong>: T\u00e4m\u00e4n rinnakkaisemman setin verkkomateriaali ei ole vain houkuttelevaa; se on muotilause. Suunniteltu itsevarmalle ja tyylitietoiselle henkil\u00f6lle.<\/li>\n\n\n\n<li><strong>Riimu kaulan muotoilu<\/strong>: Riimukaula lis\u00e4\u00e4 tyylikk\u00e4\u00e4n ja tyylikk\u00e4\u00e4n elementin rinnalle tehden siit\u00e4 erottuvan kappaleen. T\u00e4ydellinen niille, jotka rakastavat yhdist\u00e4\u00e4 muodin ja aistillisuuden.<\/li>\n\n\n\n<li><strong>Taustaton muotoilu<\/strong>: Selk\u00e4nojaton ominaisuus lis\u00e4\u00e4 ylim\u00e4\u00e4r\u00e4isen vieh\u00e4tyskerroksen, joka on ihanteellinen erityistilaisuuksiin tai kun haluat tuntea olosi erityisen itsevarmaksi ja kiehtovaksi.<\/li>\n\n\n\n<li><strong>Mesh alusasusarja<\/strong>: T\u00e4m\u00e4 setti ei ole vain visuaalisesti houkutteleva, vaan my\u00f6s mukava, joten se on loistava valinta niille, jotka arvostavat sek\u00e4 tyyli\u00e4 ett\u00e4 mukavuutta.<\/li>\n<\/ol>\n\n\n\n<p>Korosta alusvaatemallistoasi tukkusukkanauhasarjamme avulla. T\u00e4m\u00e4 hieno kappale on osoitus rohkeasta eleganssista ja mukavuudesta. Ihanteellinen niille, jotka rakastavat ilmaisua, se on v\u00e4ltt\u00e4m\u00e4t\u00f6n ainutlaatuisen muotoilunsa ja mukavan istuvuuden vuoksi. Tilaa nyt ja ota itsest\u00e4si itsevarma, tyylik\u00e4s!<\/p>\n\n\n\n<figure class=\"wp-block-table\"><table><tbody><tr><td colspan=\"7\"><strong>Kokotaulukko (CM)<\/strong><\/td><\/tr><tr><td><strong>Koko<\/strong><\/td><td><strong>Yl\u00e4osan pituus (cm)<\/strong><\/td><td><strong>kaulus (cm)<\/strong><\/td><td><strong>rinnan alla (cm)<\/strong><\/td><td><strong>Vy\u00f6t\u00e4r\u00f6 (cm)<\/strong><\/td><td><strong>Alushousut vy\u00f6t\u00e4r\u00f6 (cm)<\/strong><\/td><td><strong>Etu keskimm\u00e4inen vy\u00f6t\u00e4r\u00f6 (cm)<\/strong><\/td><\/tr><tr><td>S<\/td><td>66<\/td><td>35.5<\/td><td>70-86<\/td><td>64-84<\/td><td>62-102<\/td><td>15.5<\/td><\/tr><tr><td>M<\/td><td>67<\/td><td>37<\/td><td>74-90<\/td><td>68-88<\/td><td>66-106<\/td><td>16<\/td><\/tr><tr><td>L<\/td><td>68<\/td><td>38.5<\/td><td>78-94<\/td><td>72-92<\/td><td>70-110<\/td><td>16.5<\/td><\/tr><\/tbody><\/table><\/figure>\n\n\n\n<figure class=\"wp-block-table\"><table><tbody><tr><td colspan=\"7\"><strong>Kokotaulukko (TUUMA)<\/strong><\/td><\/tr><tr><td><strong>Koko<\/strong><\/td><td><strong>Yl\u00e4osan pituus (in)<\/strong><\/td><td><strong>kaulus (sis\u00e4\u00e4n)<\/strong><\/td><td><strong>Rinnan alla (sis\u00e4\u00e4n)<\/strong><\/td><td><strong>Vy\u00f6t\u00e4r\u00f6 (sis\u00e4\u00e4n)<\/strong><\/td><td><strong>Alushousut vy\u00f6t\u00e4r\u00f6ll\u00e4 (sis\u00e4\u00e4n)<\/strong><\/td><td><strong>Etumainen keskivy\u00f6t\u00e4r\u00f6 (sis\u00e4\u00e4n)<\/strong><\/td><\/tr><tr><td>S<\/td><td>25.98<\/td><td>13.98<\/td><td>27.56-33.86<\/td><td>25.20-33.07<\/td><td>24.41-40.16<\/td><td>6.10<\/td><\/tr><tr><td>M<\/td><td>26.38<\/td><td>14.57<\/td><td>29.13-35.43<\/td><td>26.77-34.65<\/td><td>25.98-41.73<\/td><td>6.30<\/td><\/tr><tr><td>L<\/td><td>26.77<\/td><td>15.16<\/td><td>30.71-37.01<\/td><td>28.35-36.22<\/td><td>27.56-43.31<\/td><td>6.50<\/td><\/tr><\/tbody><\/table><\/figure>","protected":false},"excerpt":{"rendered":"<p>Tutustu meid\u00e4n vieh\u00e4tysvoimaan <strong>Tukku sukkanauha Bustier Set<\/strong>, upea kokonaisuus, jossa yhdistyv\u00e4t rohkeus <strong>verkkomateriaalia<\/strong> a:n eleganssilla <strong>musta bustier<\/strong>. T\u00e4ydellinen niille, jotka uskaltavat erottua joukosta.<\/p>","protected":false},"featured_media":46786,"template":"","meta":[],"product_brand":[],"product_cat":[387,390,367],"product_tag":[541,528,518,446],"class_list":{"0":"post-46776","1":"product","2":"type-product","3":"status-publish","4":"has-post-thumbnail","6":"product_cat-wholesale-bustier-bra-set","7":"product_cat-wholesale-mesh-bustier","8":"product_cat-sexy-lingerie","9":"product_tag-fishnet-lingerie","10":"product_tag-halter-lingerie","11":"product_tag-mesh-lingerie","12":"product_tag-wholesale-sexy-see-through-lingerie","13":"pa_color-black","14":"pa_color-blue-women-sexy-lingerie","15":"pa_color-grey","16":"pa_size-wholesale-large-size-women-sexy-lingerie","17":"pa_size-wholesale-medium-size-women-sexy-lingerie","18":"pa_size-wholesale-small-size-sexy-lingerie","20":"first","21":"instock","22":"taxable","23":"shipping-taxable","24":"purchasable","25":"product-type-variable"},"tiered_pricing_type":"fixed","tiered_pricing_fixed_rules":[],"tiered_pricing_product_settings":{"layout":"table","base_unit_name":{"singular":null,"plural":null},"default_variation":null},"tiered_pricing_minimum_quantity":null,"tiered_pricing_roles_data":[],"tiered_pricing_percentage_rules":[],"tiered_pricing_maximum_quantity":null,"tiered_pricing_quantity_step":null,"_links":{"self":[{"href":"https:\/\/gretasexylingerie.com\/fi\/wp-json\/wp\/v2\/product\/46776","targetHints":{"allow":["GET"]}}],"collection":[{"href":"https:\/\/gretasexylingerie.com\/fi\/wp-json\/wp\/v2\/product"}],"about":[{"href":"https:\/\/gretasexylingerie.com\/fi\/wp-json\/wp\/v2\/types\/product"}],"wp:featuredmedia":[{"embeddable":true,"href":"https:\/\/gretasexylingerie.com\/fi\/wp-json\/wp\/v2\/media\/46786"}],"wp:attachment":[{"href":"https:\/\/gretasexylingerie.com\/fi\/wp-json\/wp\/v2\/media?parent=46776"}],"wp:term":[{"taxonomy":"product_brand","embeddable":true,"href":"https:\/\/gretasexylingerie.com\/fi\/wp-json\/wp\/v2\/product_brand?post=46776"},{"taxonomy":"product_cat","embeddable":true,"href":"https:\/\/gretasexylingerie.com\/fi\/wp-json\/wp\/v2\/product_cat?post=46776"},{"taxonomy":"product_tag","embeddable":true,"href":"https:\/\/gretasexylingerie.com\/fi\/wp-json\/wp\/v2\/product_tag?post=46776"}],"curies":[{"name":"wp","href":"https:\/\/api.w.org\/{rel}","templated":true}]}}