{"id":46698,"date":"2023-11-13T21:53:20","date_gmt":"2023-11-13T13:53:20","guid":{"rendered":"https:\/\/gretasexylingerie.com\/?post_type=product&#038;p=46698"},"modified":"2024-02-15T22:18:25","modified_gmt":"2024-02-15T14:18:25","slug":"tukku-riimu-kaula-kukka-pitsi-bodystocking-body-6","status":"publish","type":"product","link":"https:\/\/gretasexylingerie.com\/fi\/products\/wholesale-long-sleeve-lace-bodysuit-stocking-with-deep-v-design\/","title":{"rendered":"Pitk\u00e4hihaiset pitsisukat tukkusukat Deep V -mallilla"},"content":{"rendered":"<ol class=\"wp-block-list\">\n<li><strong>Tyylik\u00e4s riimukaulan muotoilu<\/strong>: Riimukaula-tyyli lis\u00e4\u00e4 ripauksen hienostuneisuutta ja hienostuneisuutta, joka sopii t\u00e4ydellisesti erilaisiin tilaisuuksiin.<\/li>\n\n\n\n<li><strong>Vieh\u00e4tt\u00e4v\u00e4 Mesh Hollow Yksityiskohdat<\/strong>: Verkon ontto muotoilu luo houkuttelevan visuaalisen tehosteen, joka parantaa luonnollisia k\u00e4yri\u00e4si.<\/li>\n\n\n\n<li><strong>Pitk\u00e4hihainen eleganssi<\/strong>: Pitk\u00e4t hihat tuovat bodylle ainutlaatuisen ilmeen tarjoten sek\u00e4 tyyli\u00e4 ett\u00e4 mukavuutta.<\/li>\n\n\n\n<li><strong>Syv\u00e4 V-leikkaus lis\u00e4\u00e4 vieh\u00e4tyst\u00e4<\/strong>: Syv\u00e4 V-kaula-aukko on sek\u00e4 rohkea ett\u00e4 kaunis, ja se tekee vaikutuksen miss\u00e4 tahansa.<\/li>\n\n\n\n<li><strong>Pitsikoristeet vatsassa<\/strong>: Monimutkaiset pitsiyksityiskohdat tarjoavat ripauksen ylellisyytt\u00e4 ja nostavat sen yleist\u00e4 muotoilua <strong>pitsinen body sukkahousuilla<\/strong>.<\/li>\n<\/ol>\n\n\n\n<p>P\u00e4\u00e4st\u00e4 sis\u00e4inen jumalattaresi valloilleen pitk\u00e4hihaisilla pitsisukkasukkaillamme. Halusitpa sitten pirist\u00e4\u00e4 intiimej\u00e4 hetki\u00e4si tai lis\u00e4t\u00e4 asuisi rohkeutta, t\u00e4m\u00e4 body on t\u00e4ydellinen valinta. Koe t\u00e4ydellinen yhdistelm\u00e4 mukavuutta ja tyyli\u00e4. \u00c4l\u00e4 odota, vaan lis\u00e4\u00e4 t\u00e4m\u00e4 upea kappale kokoelmaasi jo t\u00e4n\u00e4\u00e4n!<\/p>","protected":false},"excerpt":{"rendered":"<p>Korosta tyyli\u00e4si meid\u00e4n avullamme <strong>pitk\u00e4hihaiset pitsiset bodysukat<\/strong>, jossa on upea riimukaulus ja syv\u00e4 V-leikkaus. T\u00e4m\u00e4 <strong>punaiset verkkosukkahousut<\/strong> on koristeltu tyylikk\u00e4ill\u00e4 pitsikoristeilla vatsassa, jotka yhdist\u00e4v\u00e4t aistillisuuden ja hienostuneisuuden.<\/p>","protected":false},"featured_media":46706,"template":"","meta":[],"product_brand":[],"product_cat":[405,404,409],"product_tag":[],"class_list":{"0":"post-46698","1":"product","2":"type-product","3":"status-publish","4":"has-post-thumbnail","6":"product_cat-wholesale-bodystocking","7":"product_cat-sexy-stocking","8":"product_cat-wholesale-stocking-bodysuit","9":"pa_color-black","10":"pa_size-free","12":"first","13":"instock","14":"taxable","15":"shipping-taxable","16":"purchasable","17":"product-type-variable"},"tiered_pricing_type":"fixed","tiered_pricing_fixed_rules":[],"tiered_pricing_product_settings":{"layout":"default","base_unit_name":{"singular":null,"plural":null},"default_variation":{}},"tiered_pricing_minimum_quantity":null,"tiered_pricing_roles_data":[],"tiered_pricing_percentage_rules":[],"tiered_pricing_maximum_quantity":null,"tiered_pricing_quantity_step":null,"_links":{"self":[{"href":"https:\/\/gretasexylingerie.com\/fi\/wp-json\/wp\/v2\/product\/46698","targetHints":{"allow":["GET"]}}],"collection":[{"href":"https:\/\/gretasexylingerie.com\/fi\/wp-json\/wp\/v2\/product"}],"about":[{"href":"https:\/\/gretasexylingerie.com\/fi\/wp-json\/wp\/v2\/types\/product"}],"wp:featuredmedia":[{"embeddable":true,"href":"https:\/\/gretasexylingerie.com\/fi\/wp-json\/wp\/v2\/media\/46706"}],"wp:attachment":[{"href":"https:\/\/gretasexylingerie.com\/fi\/wp-json\/wp\/v2\/media?parent=46698"}],"wp:term":[{"taxonomy":"product_brand","embeddable":true,"href":"https:\/\/gretasexylingerie.com\/fi\/wp-json\/wp\/v2\/product_brand?post=46698"},{"taxonomy":"product_cat","embeddable":true,"href":"https:\/\/gretasexylingerie.com\/fi\/wp-json\/wp\/v2\/product_cat?post=46698"},{"taxonomy":"product_tag","embeddable":true,"href":"https:\/\/gretasexylingerie.com\/fi\/wp-json\/wp\/v2\/product_tag?post=46698"}],"curies":[{"name":"wp","href":"https:\/\/api.w.org\/{rel}","templated":true}]}}