{"id":46678,"date":"2023-11-13T21:10:38","date_gmt":"2023-11-13T13:10:38","guid":{"rendered":"https:\/\/gretasexylingerie.com\/?post_type=product&#038;p=46678"},"modified":"2024-02-15T22:41:51","modified_gmt":"2024-02-15T14:41:51","slug":"tukku-riimu-kaula-kukka-pitsi-bodystocking-body-4","status":"publish","type":"product","link":"https:\/\/gretasexylingerie.com\/fi\/products\/wholesale-halter-neck-body-stocking-dress\/","title":{"rendered":"Tukkumyynti riimukaula-sukkamekko"},"content":{"rendered":"<ol class=\"wp-block-list\">\n<li><strong>Lantiopituinen lyhyt hame<\/strong>: T\u00e4m\u00e4 leikkis\u00e4, lyhyt hame lis\u00e4\u00e4 flirttailua alusvaatekokoelmaasi tehden siit\u00e4 erottuvan kappaleen.<\/li>\n\n\n\n<li><strong>Riimu kaulan muotoilu<\/strong>: Tyylik\u00e4s riimukaulan leikkaus parantaa p\u00e4\u00e4ntiet\u00e4si tarjoten sek\u00e4 hienostuneisuutta ett\u00e4 tukea.<\/li>\n\n\n\n<li><strong>Ontto vy\u00f6t\u00e4r\u00f6yksityiskohta<\/strong>: Ontto vy\u00f6t\u00e4r\u00f6malli t\u00e4ss\u00e4 <strong>vartalosukkaverkko<\/strong> pala korostaa vartaloasi ja luo silmiinpist\u00e4v\u00e4n siluetin.<\/li>\n\n\n\n<li><strong>Seksik\u00e4s avoin selk\u00e4<\/strong>: Rohkea avoin selk\u00e4ominaisuus lis\u00e4\u00e4 vieh\u00e4tysvoimaa, joka on t\u00e4ydellinen rohkean lausunnon antamiseen.<\/li>\n\n\n\n<li><strong>Monipuolinen ja ainutlaatuinen<\/strong>: Ihanteellinen erityisiin iltoihin tai rohkeaksi lis\u00e4ksi juhlaasuusi <strong>vartalosukkaasu<\/strong> on monipuolinen ja erottuva.<\/li>\n<\/ol>\n\n\n\n<p>Astu eleganssin ja vieh\u00e4tysvoiman maailmaan riimukauluksisella bodystocking-mekollamme. T\u00e4ydellinen niille, jotka rakastavat erottua joukosta, t\u00e4m\u00e4 vaatekappale on v\u00e4ltt\u00e4m\u00e4t\u00f6n lis\u00e4tt\u00e4ess\u00e4 ripauksen hienostuneisuutta ja viettely\u00e4 vaatekaappiisi. Hyv\u00e4ksy vartalosukkamekkomme ainutlaatuinen tyyli t\u00e4n\u00e4\u00e4n ja muuta alusvaatekokemustasi!<\/p>","protected":false},"excerpt":{"rendered":"<p>Tutustu meid\u00e4n vieh\u00e4tysvoimaan <strong>vartalosukkaasu<\/strong>, kiehtova riimukauluksinen bodystocking mekko. Sen ainutlaatuisessa muotoilussa on lantiolle ulottuva lyhyt hame ja ontto vy\u00f6t\u00e4r\u00f6, joita t\u00e4ydent\u00e4\u00e4 seksik\u00e4s avoin selk\u00e4 ja monimutkaiset yksityiskohdat. <strong>kalaverkkomekko<\/strong>.<\/p>","protected":false},"featured_media":46685,"template":"","meta":[],"product_brand":[],"product_cat":[405,406,404],"product_tag":[],"class_list":{"0":"post-46678","1":"product","2":"type-product","3":"status-publish","4":"has-post-thumbnail","6":"product_cat-wholesale-bodystocking","7":"product_cat-wholesale-fishnet-dress","8":"product_cat-sexy-stocking","9":"pa_color-black","10":"pa_size-free","12":"first","13":"instock","14":"taxable","15":"shipping-taxable","16":"purchasable","17":"product-type-variable"},"tiered_pricing_type":"fixed","tiered_pricing_fixed_rules":[],"tiered_pricing_product_settings":{"layout":"table","base_unit_name":{"singular":null,"plural":null},"default_variation":{}},"tiered_pricing_minimum_quantity":null,"tiered_pricing_roles_data":[],"tiered_pricing_percentage_rules":[],"tiered_pricing_maximum_quantity":null,"tiered_pricing_quantity_step":null,"_links":{"self":[{"href":"https:\/\/gretasexylingerie.com\/fi\/wp-json\/wp\/v2\/product\/46678","targetHints":{"allow":["GET"]}}],"collection":[{"href":"https:\/\/gretasexylingerie.com\/fi\/wp-json\/wp\/v2\/product"}],"about":[{"href":"https:\/\/gretasexylingerie.com\/fi\/wp-json\/wp\/v2\/types\/product"}],"wp:featuredmedia":[{"embeddable":true,"href":"https:\/\/gretasexylingerie.com\/fi\/wp-json\/wp\/v2\/media\/46685"}],"wp:attachment":[{"href":"https:\/\/gretasexylingerie.com\/fi\/wp-json\/wp\/v2\/media?parent=46678"}],"wp:term":[{"taxonomy":"product_brand","embeddable":true,"href":"https:\/\/gretasexylingerie.com\/fi\/wp-json\/wp\/v2\/product_brand?post=46678"},{"taxonomy":"product_cat","embeddable":true,"href":"https:\/\/gretasexylingerie.com\/fi\/wp-json\/wp\/v2\/product_cat?post=46678"},{"taxonomy":"product_tag","embeddable":true,"href":"https:\/\/gretasexylingerie.com\/fi\/wp-json\/wp\/v2\/product_tag?post=46678"}],"curies":[{"name":"wp","href":"https:\/\/api.w.org\/{rel}","templated":true}]}}