{"id":46665,"date":"2023-11-11T01:05:00","date_gmt":"2023-11-10T17:05:00","guid":{"rendered":"https:\/\/gretasexylingerie.com\/?post_type=product&#038;p=46665"},"modified":"2023-11-11T01:08:18","modified_gmt":"2023-11-10T17:08:18","slug":"tukku-riimu-kaula-kukka-pitsi-bodystocking-body-3","status":"publish","type":"product","link":"https:\/\/gretasexylingerie.com\/fi\/products\/wholesale-sexy-fishnet-full-body-stocking\/","title":{"rendered":"Tukkukaupan seksik\u00e4s verkkosukat kokovartalolle"},"content":{"rendered":"<ol class=\"wp-block-list\">\n<li><strong>Seksik\u00e4s verkkomuotoilu<\/strong>: Klassinen verkkokuvio tarjoaa ajattoman vieh\u00e4tyksen ja lis\u00e4\u00e4 ripauksen rohkeutta alusvaatemallistoon.<\/li>\n\n\n\n<li><strong>Riimukaula ja avoin selk\u00e4<\/strong>: Esittele vartaloasi riimukaulan ja avoimen selk\u00e4mallin avulla, mik\u00e4 luo houkuttelevan siluetin, jota on vaikea vastustaa.<\/li>\n\n\n\n<li><strong>Haaratottomat juonittelun lis\u00e4\u00e4miseksi<\/strong>: Kohota intiimej\u00e4 hetki\u00e4 haarattomalla toiminnolla, joka yhdist\u00e4\u00e4 mukavuuden ja ripauksen r\u00e4ike\u00e4\u00e4 charmia.<\/li>\n\n\n\n<li><strong>Punaisen nauhan keulayksityiskohta<\/strong>: Herkk\u00e4 punainen rusetti lis\u00e4\u00e4 t\u00e4h\u00e4n leikkis\u00e4\u00e4 ja naisellisuutta <strong>avohaaravartalohousut<\/strong>.<\/li>\n\n\n\n<li><strong>Ihanteellinen klubiasuihin<\/strong>: Ei vain intiimeiss\u00e4 ymp\u00e4rist\u00f6iss\u00e4, t\u00e4m\u00e4 vartalosukka toimii my\u00f6s rohkeana ilmeen\u00e4 <strong>verkkokerhoasut<\/strong>.<\/li>\n<\/ol>\n\n\n\n<p>P\u00e4\u00e4st\u00e4 sis\u00e4inen viettelij\u00e4si valloilleen kokovartaloisilla verkkosukillamme, jotka ovat t\u00e4ydellinen sekoitus eleganssia ja erotiikkaa. Olipa kyseess\u00e4 erityinen ilta tai rohkea lis\u00e4 klubivaatteeseesi, t\u00e4m\u00e4 kappale lupaa k\u00e4\u00e4nt\u00e4\u00e4 p\u00e4\u00e4t ja sytytt\u00e4\u00e4 intohimoja. Ota rohkea puolesi ja tilaa nyt!<\/p>","protected":false},"excerpt":{"rendered":"<p>Tutustu meid\u00e4n vieh\u00e4tysvoimaan <strong>seksikk\u00e4it\u00e4 alusvaatteita<\/strong>, kokovartaloinen verkkokappale, joka yhdist\u00e4\u00e4 mestarillisesti aistillisuuden ja tyylin. Siin\u00e4 on riimukaulus, avoin selk\u00e4 ja rohkea haaraton malli, ja sit\u00e4 korostaa vieh\u00e4tt\u00e4v\u00e4 punainen nauharusetti.<\/p>","protected":false},"featured_media":46673,"template":"","meta":[],"product_brand":[],"product_cat":[405,407,404],"product_tag":[],"class_list":{"0":"post-46665","1":"product","2":"type-product","3":"status-publish","4":"has-post-thumbnail","6":"product_cat-wholesale-bodystocking","7":"product_cat-wholesale-full-body-stocking","8":"product_cat-sexy-stocking","9":"pa_color-black","10":"pa_size-free","12":"first","13":"instock","14":"taxable","15":"shipping-taxable","16":"purchasable","17":"product-type-variable"},"tiered_pricing_type":"fixed","tiered_pricing_fixed_rules":[],"tiered_pricing_product_settings":{"layout":"default","base_unit_name":{"singular":null,"plural":null},"default_variation":{}},"tiered_pricing_minimum_quantity":null,"tiered_pricing_roles_data":[],"tiered_pricing_percentage_rules":[],"tiered_pricing_maximum_quantity":null,"tiered_pricing_quantity_step":null,"_links":{"self":[{"href":"https:\/\/gretasexylingerie.com\/fi\/wp-json\/wp\/v2\/product\/46665","targetHints":{"allow":["GET"]}}],"collection":[{"href":"https:\/\/gretasexylingerie.com\/fi\/wp-json\/wp\/v2\/product"}],"about":[{"href":"https:\/\/gretasexylingerie.com\/fi\/wp-json\/wp\/v2\/types\/product"}],"wp:featuredmedia":[{"embeddable":true,"href":"https:\/\/gretasexylingerie.com\/fi\/wp-json\/wp\/v2\/media\/46673"}],"wp:attachment":[{"href":"https:\/\/gretasexylingerie.com\/fi\/wp-json\/wp\/v2\/media?parent=46665"}],"wp:term":[{"taxonomy":"product_brand","embeddable":true,"href":"https:\/\/gretasexylingerie.com\/fi\/wp-json\/wp\/v2\/product_brand?post=46665"},{"taxonomy":"product_cat","embeddable":true,"href":"https:\/\/gretasexylingerie.com\/fi\/wp-json\/wp\/v2\/product_cat?post=46665"},{"taxonomy":"product_tag","embeddable":true,"href":"https:\/\/gretasexylingerie.com\/fi\/wp-json\/wp\/v2\/product_tag?post=46665"}],"curies":[{"name":"wp","href":"https:\/\/api.w.org\/{rel}","templated":true}]}}